{"id":824,"date":"2014-06-20T07:48:45","date_gmt":"2014-06-20T07:48:45","guid":{"rendered":"http:\/\/www.newslettercreator.com\/?page_id=824"},"modified":"2015-01-13T10:31:06","modified_gmt":"2015-01-13T10:31:06","slug":"logiciel-creation-newsletter","status":"publish","type":"page","link":"https:\/\/www.newslettercreator.com\/fr\/logiciel-creation-newsletter\/","title":{"rendered":"Pourquoi choisir un logiciel de cr\u00e9ation de newsletter"},"content":{"rendered":"<p><img decoding=\"async\" class=\"alignnone size-full wp-image-237\" src=\"http:\/\/www.newslettercreator.com\/wp-content\/uploads\/2014\/02\/newsletter-program.jpg\" alt=\"Pourquoi choisir un logiciel de cr\u00e9ation de newsletter\" width=\"649\" height=\"423\" \/><\/p>\n<p>Quand il s&rsquo;agit de <strong>construire un mod\u00e8le d&#8217;email<\/strong> ou configurer votre campagne de marketing par courriel, s&rsquo;appuyer sur <strong>logiciel professionnel de cr\u00e9ation de newsletter<\/strong> est certainement d&rsquo;une grande aide.<\/p>\n<p>En particulier, un bon programme pour composer une newsletter devrait:<\/p>\n<ul>\n<li>\u00eatre <strong>intuitif<\/strong> et tr\u00e8s facile \u00e0 utiliser;<\/li>\n<li>ne n\u00e9cessiter d&rsquo;aucune connaissance du langage <strong>HTML<\/strong>, afin d&rsquo;\u00eatre utile aussi pour les d\u00e9butants;<\/li>\n<li>vous faire gagner du temps, en rendant l&rsquo;ensemble du processus de cr\u00e9ation de la newsletter <strong>rapide et efficace<\/strong>;<\/li>\n<li>fournir des \u00e9l\u00e9ments pr\u00e9-faits qui peuvent \u00eatre assembl\u00e9s par des simple <strong>glisser-d\u00e9posers<\/strong> et de clics;<\/li>\n<li>vous donner de <strong>larges possibilit\u00e9s d&rsquo;\u00e9dition<\/strong> pour ajouter librement vos images et votre contenu, afin d&rsquo;obtenir un mod\u00e8le vraiment personnalis\u00e9;<\/li>\n<li>cr\u00e9\u00e9r des emails l\u00e9gers et bien cod\u00e9 qui soient <strong>affich\u00e9s correctement<\/strong> sur n&rsquo;importe quel client de messagerie ou dispositif.<\/li>\n<\/ul>\n<p><a title=\"Cr\u00e9ation newsletter\" href=\"http:\/\/www.newslettercreator.com\/fr\/essayer-gratuitement\/\">MailStyler<\/a>, le meilleur logiciel de cr\u00e9ation de newsletter, <strong>r\u00e9pond \u00e0 toutes ces exigences<\/strong>. Avec notre programme vous serez en mesure de construire un <strong>email parfait<\/strong> en quelques secondes. En \u00e9tant certains que votre template <strong>rendra toujours parfaitement<\/strong> sur chaque webmail ou client.<\/p>\n<p>Avec MailStyler vous pourrez donner <strong>libre cours \u00e0 votre cr\u00e9ativit\u00e9<\/strong> sans perdre du temps avec les aspects techniques g\u00eanants tels que le codage HTML: notre logiciel d&rsquo;\u00e9dition de newsletter prendra soin de cela, tandis que vous pourrez <strong>vous d\u00e9dier au pur design<\/strong>.<\/p>\n<p>&nbsp;<\/p>\n<p style=\"text-align: center;\"><a class=\"button large orange\" style=\"margin-top: 20px; width: 157px; margin-right: 30px;\" title=\"T\u00e9l\u00e9charger Demo\" href=\"http:\/\/www.newslettercreator.com\/fr\/essayer-gratuitement\/\" target=\"_self\">T\u00c9L\u00c9CHARGER DEMO<\/a><a class=\"button large darkgray\" style=\"margin-top: 20px; width: 175px;\" title=\"Acheter Mailstyler Pro\" href=\"http:\/\/www.newslettercreator.com\/fr\/prix\/\" target=\"_self\">ACHETER MAILSTYLER PRO<\/a><\/p>\n<p style=\"text-align: center; font-size: 11px; margin-bottom: 30px;\">Derni\u00e8re version: 2.24.01.17 | Date de sortie: 17\/01\/2024 | Taille: 114.9 MB<br \/>\n<a href=\"http:\/\/www.newslettercreator.com\/fr\/accord-de-licence\/\" target=\"_blank\">Contrat de licence<\/a> | <a href=\"http:\/\/www.newslettercreator.com\/fr\/comment-desinstaller\/\" target=\"_blank\">Comment d\u00e9sinstaller<\/a><\/p>\n","protected":false},"excerpt":{"rendered":"<p>Quand il s&rsquo;agit de construire un mod\u00e8le d&#8217;email ou configurer votre campagne de marketing par courriel, s&rsquo;appuyer sur logiciel professionnel de cr\u00e9ation de newsletter est certainement d&rsquo;une grande aide. En particulier, un bon programme pour composer une newsletter devrait: \u00eatre intuitif et tr\u00e8s facile \u00e0 utiliser; ne n\u00e9cessiter d&rsquo;aucune connaissance du langage HTML, afin d&rsquo;\u00eatre [&hellip;]<\/p>\n","protected":false},"author":1,"featured_media":0,"parent":0,"menu_order":0,"comment_status":"closed","ping_status":"closed","template":"g1_template_page_sidebar_right.php","meta":{"inline_featured_image":false,"_monsterinsights_skip_tracking":false,"_monsterinsights_sitenote_active":false,"_monsterinsights_sitenote_note":"","_monsterinsights_sitenote_category":0,"footnotes":""},"class_list":["post-824","page","type-page","status-publish"],"yoast_head":"<!-- This site is optimized with the Yoast SEO plugin v25.2 - https:\/\/yoast.com\/wordpress\/plugins\/seo\/ -->\n<title>Pourquoi choisir un logiciel de cr\u00e9ation de newsletter - Newsletter Creator<\/title>\n<meta name=\"robots\" content=\"index, follow, max-snippet:-1, max-image-preview:large, max-video-preview:-1\" \/>\n<link rel=\"canonical\" href=\"https:\/\/www.newslettercreator.com\/fr\/logiciel-creation-newsletter\/\" \/>\n<meta property=\"og:locale\" content=\"fr_FR\" \/>\n<meta property=\"og:type\" content=\"article\" \/>\n<meta property=\"og:title\" content=\"Pourquoi choisir un logiciel de cr\u00e9ation de newsletter - Newsletter Creator\" \/>\n<meta property=\"og:description\" content=\"Quand il s&rsquo;agit de construire un mod\u00e8le d&#8217;email ou configurer votre campagne de marketing par courriel, s&rsquo;appuyer sur logiciel professionnel de cr\u00e9ation de newsletter est certainement d&rsquo;une grande aide. En particulier, un bon programme pour composer une newsletter devrait: \u00eatre intuitif et tr\u00e8s facile \u00e0 utiliser; ne n\u00e9cessiter d&rsquo;aucune connaissance du langage HTML, afin d&rsquo;\u00eatre [&hellip;]\" \/>\n<meta property=\"og:url\" content=\"https:\/\/www.newslettercreator.com\/fr\/logiciel-creation-newsletter\/\" \/>\n<meta property=\"og:site_name\" content=\"Newsletter Creator\" \/>\n<meta property=\"article:modified_time\" content=\"2015-01-13T10:31:06+00:00\" \/>\n<meta property=\"og:image\" content=\"http:\/\/www.newslettercreator.com\/wp-content\/uploads\/2014\/02\/newsletter-program.jpg\" \/>\n<meta name=\"twitter:label1\" content=\"Dur\u00e9e de lecture estim\u00e9e\" \/>\n\t<meta name=\"twitter:data1\" content=\"1 minute\" \/>\n<script type=\"application\/ld+json\" class=\"yoast-schema-graph\">{\"@context\":\"https:\/\/schema.org\",\"@graph\":[{\"@type\":\"WebPage\",\"@id\":\"https:\/\/www.newslettercreator.com\/fr\/logiciel-creation-newsletter\/\",\"url\":\"https:\/\/www.newslettercreator.com\/fr\/logiciel-creation-newsletter\/\",\"name\":\"Pourquoi choisir un logiciel de cr\u00e9ation de newsletter - Newsletter Creator\",\"isPartOf\":{\"@id\":\"https:\/\/www.newslettercreator.com\/#website\"},\"primaryImageOfPage\":{\"@id\":\"https:\/\/www.newslettercreator.com\/fr\/logiciel-creation-newsletter\/#primaryimage\"},\"image\":{\"@id\":\"https:\/\/www.newslettercreator.com\/fr\/logiciel-creation-newsletter\/#primaryimage\"},\"thumbnailUrl\":\"http:\/\/www.newslettercreator.com\/wp-content\/uploads\/2014\/02\/newsletter-program.jpg\",\"datePublished\":\"2014-06-20T07:48:45+00:00\",\"dateModified\":\"2015-01-13T10:31:06+00:00\",\"breadcrumb\":{\"@id\":\"https:\/\/www.newslettercreator.com\/fr\/logiciel-creation-newsletter\/#breadcrumb\"},\"inLanguage\":\"fr-FR\",\"potentialAction\":[{\"@type\":\"ReadAction\",\"target\":[\"https:\/\/www.newslettercreator.com\/fr\/logiciel-creation-newsletter\/\"]}]},{\"@type\":\"ImageObject\",\"inLanguage\":\"fr-FR\",\"@id\":\"https:\/\/www.newslettercreator.com\/fr\/logiciel-creation-newsletter\/#primaryimage\",\"url\":\"http:\/\/www.newslettercreator.com\/wp-content\/uploads\/2014\/02\/newsletter-program.jpg\",\"contentUrl\":\"http:\/\/www.newslettercreator.com\/wp-content\/uploads\/2014\/02\/newsletter-program.jpg\"},{\"@type\":\"BreadcrumbList\",\"@id\":\"https:\/\/www.newslettercreator.com\/fr\/logiciel-creation-newsletter\/#breadcrumb\",\"itemListElement\":[{\"@type\":\"ListItem\",\"position\":1,\"name\":\"Home\",\"item\":\"https:\/\/www.newslettercreator.com\/fr\/\"},{\"@type\":\"ListItem\",\"position\":2,\"name\":\"Pourquoi choisir un logiciel de cr\u00e9ation de newsletter\"}]},{\"@type\":\"WebSite\",\"@id\":\"https:\/\/www.newslettercreator.com\/#website\",\"url\":\"https:\/\/www.newslettercreator.com\/\",\"name\":\"Newsletter Creator\",\"description\":\"Pay off\",\"potentialAction\":[{\"@type\":\"SearchAction\",\"target\":{\"@type\":\"EntryPoint\",\"urlTemplate\":\"https:\/\/www.newslettercreator.com\/?s={search_term_string}\"},\"query-input\":{\"@type\":\"PropertyValueSpecification\",\"valueRequired\":true,\"valueName\":\"search_term_string\"}}],\"inLanguage\":\"fr-FR\"}]}<\/script>\n<!-- \/ Yoast SEO plugin. -->","yoast_head_json":{"title":"Pourquoi choisir un logiciel de cr\u00e9ation de newsletter - Newsletter Creator","robots":{"index":"index","follow":"follow","max-snippet":"max-snippet:-1","max-image-preview":"max-image-preview:large","max-video-preview":"max-video-preview:-1"},"canonical":"https:\/\/www.newslettercreator.com\/fr\/logiciel-creation-newsletter\/","og_locale":"fr_FR","og_type":"article","og_title":"Pourquoi choisir un logiciel de cr\u00e9ation de newsletter - Newsletter Creator","og_description":"Quand il s&rsquo;agit de construire un mod\u00e8le d&#8217;email ou configurer votre campagne de marketing par courriel, s&rsquo;appuyer sur logiciel professionnel de cr\u00e9ation de newsletter est certainement d&rsquo;une grande aide. En particulier, un bon programme pour composer une newsletter devrait: \u00eatre intuitif et tr\u00e8s facile \u00e0 utiliser; ne n\u00e9cessiter d&rsquo;aucune connaissance du langage HTML, afin d&rsquo;\u00eatre [&hellip;]","og_url":"https:\/\/www.newslettercreator.com\/fr\/logiciel-creation-newsletter\/","og_site_name":"Newsletter Creator","article_modified_time":"2015-01-13T10:31:06+00:00","og_image":[{"url":"http:\/\/www.newslettercreator.com\/wp-content\/uploads\/2014\/02\/newsletter-program.jpg","type":"","width":"","height":""}],"twitter_misc":{"Dur\u00e9e de lecture estim\u00e9e":"1 minute"},"schema":{"@context":"https:\/\/schema.org","@graph":[{"@type":"WebPage","@id":"https:\/\/www.newslettercreator.com\/fr\/logiciel-creation-newsletter\/","url":"https:\/\/www.newslettercreator.com\/fr\/logiciel-creation-newsletter\/","name":"Pourquoi choisir un logiciel de cr\u00e9ation de newsletter - Newsletter Creator","isPartOf":{"@id":"https:\/\/www.newslettercreator.com\/#website"},"primaryImageOfPage":{"@id":"https:\/\/www.newslettercreator.com\/fr\/logiciel-creation-newsletter\/#primaryimage"},"image":{"@id":"https:\/\/www.newslettercreator.com\/fr\/logiciel-creation-newsletter\/#primaryimage"},"thumbnailUrl":"http:\/\/www.newslettercreator.com\/wp-content\/uploads\/2014\/02\/newsletter-program.jpg","datePublished":"2014-06-20T07:48:45+00:00","dateModified":"2015-01-13T10:31:06+00:00","breadcrumb":{"@id":"https:\/\/www.newslettercreator.com\/fr\/logiciel-creation-newsletter\/#breadcrumb"},"inLanguage":"fr-FR","potentialAction":[{"@type":"ReadAction","target":["https:\/\/www.newslettercreator.com\/fr\/logiciel-creation-newsletter\/"]}]},{"@type":"ImageObject","inLanguage":"fr-FR","@id":"https:\/\/www.newslettercreator.com\/fr\/logiciel-creation-newsletter\/#primaryimage","url":"http:\/\/www.newslettercreator.com\/wp-content\/uploads\/2014\/02\/newsletter-program.jpg","contentUrl":"http:\/\/www.newslettercreator.com\/wp-content\/uploads\/2014\/02\/newsletter-program.jpg"},{"@type":"BreadcrumbList","@id":"https:\/\/www.newslettercreator.com\/fr\/logiciel-creation-newsletter\/#breadcrumb","itemListElement":[{"@type":"ListItem","position":1,"name":"Home","item":"https:\/\/www.newslettercreator.com\/fr\/"},{"@type":"ListItem","position":2,"name":"Pourquoi choisir un logiciel de cr\u00e9ation de newsletter"}]},{"@type":"WebSite","@id":"https:\/\/www.newslettercreator.com\/#website","url":"https:\/\/www.newslettercreator.com\/","name":"Newsletter Creator","description":"Pay off","potentialAction":[{"@type":"SearchAction","target":{"@type":"EntryPoint","urlTemplate":"https:\/\/www.newslettercreator.com\/?s={search_term_string}"},"query-input":{"@type":"PropertyValueSpecification","valueRequired":true,"valueName":"search_term_string"}}],"inLanguage":"fr-FR"}]}},"_links":{"self":[{"href":"https:\/\/www.newslettercreator.com\/fr\/wp-json\/wp\/v2\/pages\/824","targetHints":{"allow":["GET"]}}],"collection":[{"href":"https:\/\/www.newslettercreator.com\/fr\/wp-json\/wp\/v2\/pages"}],"about":[{"href":"https:\/\/www.newslettercreator.com\/fr\/wp-json\/wp\/v2\/types\/page"}],"author":[{"embeddable":true,"href":"https:\/\/www.newslettercreator.com\/fr\/wp-json\/wp\/v2\/users\/1"}],"replies":[{"embeddable":true,"href":"https:\/\/www.newslettercreator.com\/fr\/wp-json\/wp\/v2\/comments?post=824"}],"version-history":[{"count":5,"href":"https:\/\/www.newslettercreator.com\/fr\/wp-json\/wp\/v2\/pages\/824\/revisions"}],"predecessor-version":[{"id":2902,"href":"https:\/\/www.newslettercreator.com\/fr\/wp-json\/wp\/v2\/pages\/824\/revisions\/2902"}],"wp:attachment":[{"href":"https:\/\/www.newslettercreator.com\/fr\/wp-json\/wp\/v2\/media?parent=824"}],"curies":[{"name":"wp","href":"https:\/\/api.w.org\/{rel}","templated":true}]}}