{"id":826,"date":"2014-06-20T07:50:17","date_gmt":"2014-06-20T07:50:17","guid":{"rendered":"http:\/\/www.newslettercreator.com\/?page_id=826"},"modified":"2015-01-13T10:49:23","modified_gmt":"2015-01-13T10:49:23","slug":"format-newsletter","status":"publish","type":"page","link":"https:\/\/www.newslettercreator.com\/fr\/format-newsletter\/","title":{"rendered":"Le format de la newsletter"},"content":{"rendered":"<p style=\"text-align: center;\"><img decoding=\"async\" class=\"alignnone size-full wp-image-237\" src=\"http:\/\/www.newslettercreator.com\/wp-content\/uploads\/2014\/03\/how-to-newsletter-layout.jpg\" alt=\"Le format de la newsletter\" width=\"457\" height=\"418\" \/><\/p>\n<p>Il est extr\u00eamement important de comprendre le correct <strong>format de la newsletter<\/strong> \u00e0 fin de construire une campagne d&#8217;email marketing efficace. C&rsquo;est-\u00e0- dire, vous devriez cr\u00e9er votre template de newsletter selon les <strong>meilleures pratiques du codage HTML<\/strong> et selon vos besoins personnels &#8211; ce qui est vraiment <strong>pertinent pour votre marque<\/strong>. Pas tous les mod\u00e8les de courriels sont cr\u00e9\u00e9s \u00e9gaux, comme nous aimons \u00e0 dire: vous avez \u00e0 penser \u00e0 v\u00f4tre et v\u00f4tre seulement.<\/p>\n<p>Et voici commencent les probl\u00e8mes.<\/p>\n<p>En fait, la cr\u00e9ation d&rsquo;un <strong>format de newsletter HTML de qualit\u00e9<\/strong> est une question d\u00e9licate, m\u00eame pour des experts du codage: en particulier parce-qu&rsquo;il est tr\u00e8s difficile de garantir un <strong>rendu correct<\/strong> sur tous les webmails et clients de messagerie. Ainsi les designers doivent faire beaucoup de tests sur des dizaines d&rsquo;entre eux (Gmail, Yahoo, AOL, Outlook, Thunderbird, etc. etc.). Cet effort d&rsquo;\u00e9quilibrer un design lisible et l\u00e9ger avec une efficacit\u00e9 en termes de marketing peut \u00eatre \u00e9puisant.<\/p>\n<p>Heureusement, il y a une solution: <a title=\"MailStyler\" href=\"http:\/\/www.newslettercreator.com\/fr\/essayer-gratuitement\/\"><strong>MailStyler<\/strong><\/a>.<\/p>\n<p>Notre logiciel de cr\u00e9ation de newsletter propose une approche compl\u00e8tement diff\u00e9rente: un <strong>\u00e9diteur WYSIWYG<\/strong> o\u00f9 il vous suffit de <strong>glisser-d\u00e9poser<\/strong> des \u00e9l\u00e9ments pr\u00e9-fabriqu\u00e9s tels que des en-t\u00eates, pieds de page, zones de texte, boutons, etc. &#8211; en cr\u00e9ant ainsi votre mod\u00e8le d&#8217;email \u00e9tape par \u00e9tape, <strong>sans avoir \u00e0 coder en HTML<\/strong>.<br \/>\nEt comme tous ces blocs pr\u00e9-con\u00e7us ont \u00e9t\u00e9 cr\u00e9\u00e9s par des experts afin de <strong>maximiser leur rendu sur n&rsquo;importe quel appareil<\/strong>, vous n&rsquo;aurez m\u00eame pas besoin de faire de tests. L&#8217;email final sera tout simplement parfait peu importe comment vous combinez les \u00e9l\u00e9ments, et peu importe o\u00f9 vos destinataires vont l&rsquo;ouvrir.<\/p>\n<p>En outre, utiliser MailStyler est <strong>extr\u00eamement facile<\/strong> et, bien, amusant aussi. Vous pourrez construire un <strong>nombre illimit\u00e9 de mod\u00e8les de courrier \u00e9lectronique<\/strong> (pr\u00eats \u00e0 \u00eatre import\u00e9s et utilis\u00e9s sur votre logiciel pr\u00e9f\u00e9r\u00e9) en profitant d&rsquo;un plus grand choix d&rsquo;\u00e9l\u00e9ments de base et de nombreuses possibilit\u00e9s d&rsquo;\u00e9dition.<\/p>\n<p>Donnez un nouveau d\u00e9part \u00e0 la conception de votre newsletter. Commencez \u00e0 utiliser MailStyler maintenant.<\/p>\n<p>&nbsp;<\/p>\n<p style=\"text-align: center;\"><a class=\"button large orange\" style=\"margin-top: 20px; width: 157px; margin-right: 30px;\" title=\"T\u00e9l\u00e9charger Demo\" href=\"http:\/\/www.newslettercreator.com\/fr\/essayer-gratuitement\/\" target=\"_self\">T\u00c9L\u00c9CHARGER DEMO<\/a><a class=\"button large darkgray\" style=\"margin-top: 20px; width: 175px;\" title=\"Acheter Mailstyler Pro\" href=\"http:\/\/www.newslettercreator.com\/fr\/prix\/\" target=\"_self\">ACHETER MAILSTYLER PRO<\/a><\/p>\n<p style=\"text-align: center; font-size: 11px; margin-bottom: 30px;\">Derni\u00e8re version: 2.24.01.17 | Date de sortie: 17\/01\/2024 | Taille: 114.9 MB<br \/>\n<a href=\"http:\/\/www.newslettercreator.com\/fr\/accord-de-licence\/\" target=\"_blank\">Contrat de licence<\/a> | <a href=\"http:\/\/www.newslettercreator.com\/fr\/comment-desinstaller\/\" target=\"_blank\">Comment d\u00e9sinstaller<\/a><\/p>\n","protected":false},"excerpt":{"rendered":"<p>Il est extr\u00eamement important de comprendre le correct format de la newsletter \u00e0 fin de construire une campagne d&#8217;email marketing efficace. C&rsquo;est-\u00e0- dire, vous devriez cr\u00e9er votre template de newsletter selon les meilleures pratiques du codage HTML et selon vos besoins personnels &#8211; ce qui est vraiment pertinent pour votre marque. Pas tous les mod\u00e8les [&hellip;]<\/p>\n","protected":false},"author":1,"featured_media":0,"parent":0,"menu_order":0,"comment_status":"closed","ping_status":"closed","template":"g1_template_page_sidebar_right.php","meta":{"inline_featured_image":false,"_monsterinsights_skip_tracking":false,"_monsterinsights_sitenote_active":false,"_monsterinsights_sitenote_note":"","_monsterinsights_sitenote_category":0,"footnotes":""},"class_list":["post-826","page","type-page","status-publish"],"yoast_head":"<!-- This site is optimized with the Yoast SEO plugin v25.2 - https:\/\/yoast.com\/wordpress\/plugins\/seo\/ -->\n<title>Le format de la newsletter - Newsletter Creator<\/title>\n<meta name=\"description\" content=\"Il est extr\u00eamement important de comprendre le correct format de la newsletter \u00e0 fin de construire une campagne d&#039;email marketing efficace.\" \/>\n<meta name=\"robots\" content=\"index, follow, max-snippet:-1, max-image-preview:large, max-video-preview:-1\" \/>\n<link rel=\"canonical\" href=\"https:\/\/www.newslettercreator.com\/fr\/format-newsletter\/\" \/>\n<meta property=\"og:locale\" content=\"fr_FR\" \/>\n<meta property=\"og:type\" content=\"article\" \/>\n<meta property=\"og:title\" content=\"Le format de la newsletter - Newsletter Creator\" \/>\n<meta property=\"og:description\" content=\"Il est extr\u00eamement important de comprendre le correct format de la newsletter \u00e0 fin de construire une campagne d&#039;email marketing efficace.\" \/>\n<meta property=\"og:url\" content=\"https:\/\/www.newslettercreator.com\/fr\/format-newsletter\/\" \/>\n<meta property=\"og:site_name\" content=\"Newsletter Creator\" \/>\n<meta property=\"article:modified_time\" content=\"2015-01-13T10:49:23+00:00\" \/>\n<meta property=\"og:image\" content=\"http:\/\/www.newslettercreator.com\/wp-content\/uploads\/2014\/03\/how-to-newsletter-layout.jpg\" \/>\n<meta name=\"twitter:label1\" content=\"Dur\u00e9e de lecture estim\u00e9e\" \/>\n\t<meta name=\"twitter:data1\" content=\"2 minutes\" \/>\n<script type=\"application\/ld+json\" class=\"yoast-schema-graph\">{\"@context\":\"https:\/\/schema.org\",\"@graph\":[{\"@type\":\"WebPage\",\"@id\":\"https:\/\/www.newslettercreator.com\/fr\/format-newsletter\/\",\"url\":\"https:\/\/www.newslettercreator.com\/fr\/format-newsletter\/\",\"name\":\"Le format de la newsletter - Newsletter Creator\",\"isPartOf\":{\"@id\":\"https:\/\/www.newslettercreator.com\/#website\"},\"primaryImageOfPage\":{\"@id\":\"https:\/\/www.newslettercreator.com\/fr\/format-newsletter\/#primaryimage\"},\"image\":{\"@id\":\"https:\/\/www.newslettercreator.com\/fr\/format-newsletter\/#primaryimage\"},\"thumbnailUrl\":\"http:\/\/www.newslettercreator.com\/wp-content\/uploads\/2014\/03\/how-to-newsletter-layout.jpg\",\"datePublished\":\"2014-06-20T07:50:17+00:00\",\"dateModified\":\"2015-01-13T10:49:23+00:00\",\"description\":\"Il est extr\u00eamement important de comprendre le correct format de la newsletter \u00e0 fin de construire une campagne d'email marketing efficace.\",\"breadcrumb\":{\"@id\":\"https:\/\/www.newslettercreator.com\/fr\/format-newsletter\/#breadcrumb\"},\"inLanguage\":\"fr-FR\",\"potentialAction\":[{\"@type\":\"ReadAction\",\"target\":[\"https:\/\/www.newslettercreator.com\/fr\/format-newsletter\/\"]}]},{\"@type\":\"ImageObject\",\"inLanguage\":\"fr-FR\",\"@id\":\"https:\/\/www.newslettercreator.com\/fr\/format-newsletter\/#primaryimage\",\"url\":\"http:\/\/www.newslettercreator.com\/wp-content\/uploads\/2014\/03\/how-to-newsletter-layout.jpg\",\"contentUrl\":\"http:\/\/www.newslettercreator.com\/wp-content\/uploads\/2014\/03\/how-to-newsletter-layout.jpg\"},{\"@type\":\"BreadcrumbList\",\"@id\":\"https:\/\/www.newslettercreator.com\/fr\/format-newsletter\/#breadcrumb\",\"itemListElement\":[{\"@type\":\"ListItem\",\"position\":1,\"name\":\"Home\",\"item\":\"https:\/\/www.newslettercreator.com\/fr\/\"},{\"@type\":\"ListItem\",\"position\":2,\"name\":\"Le format de la newsletter\"}]},{\"@type\":\"WebSite\",\"@id\":\"https:\/\/www.newslettercreator.com\/#website\",\"url\":\"https:\/\/www.newslettercreator.com\/\",\"name\":\"Newsletter Creator\",\"description\":\"Pay off\",\"potentialAction\":[{\"@type\":\"SearchAction\",\"target\":{\"@type\":\"EntryPoint\",\"urlTemplate\":\"https:\/\/www.newslettercreator.com\/?s={search_term_string}\"},\"query-input\":{\"@type\":\"PropertyValueSpecification\",\"valueRequired\":true,\"valueName\":\"search_term_string\"}}],\"inLanguage\":\"fr-FR\"}]}<\/script>\n<!-- \/ Yoast SEO plugin. -->","yoast_head_json":{"title":"Le format de la newsletter - Newsletter Creator","description":"Il est extr\u00eamement important de comprendre le correct format de la newsletter \u00e0 fin de construire une campagne d'email marketing efficace.","robots":{"index":"index","follow":"follow","max-snippet":"max-snippet:-1","max-image-preview":"max-image-preview:large","max-video-preview":"max-video-preview:-1"},"canonical":"https:\/\/www.newslettercreator.com\/fr\/format-newsletter\/","og_locale":"fr_FR","og_type":"article","og_title":"Le format de la newsletter - Newsletter Creator","og_description":"Il est extr\u00eamement important de comprendre le correct format de la newsletter \u00e0 fin de construire une campagne d'email marketing efficace.","og_url":"https:\/\/www.newslettercreator.com\/fr\/format-newsletter\/","og_site_name":"Newsletter Creator","article_modified_time":"2015-01-13T10:49:23+00:00","og_image":[{"url":"http:\/\/www.newslettercreator.com\/wp-content\/uploads\/2014\/03\/how-to-newsletter-layout.jpg","type":"","width":"","height":""}],"twitter_misc":{"Dur\u00e9e de lecture estim\u00e9e":"2 minutes"},"schema":{"@context":"https:\/\/schema.org","@graph":[{"@type":"WebPage","@id":"https:\/\/www.newslettercreator.com\/fr\/format-newsletter\/","url":"https:\/\/www.newslettercreator.com\/fr\/format-newsletter\/","name":"Le format de la newsletter - Newsletter Creator","isPartOf":{"@id":"https:\/\/www.newslettercreator.com\/#website"},"primaryImageOfPage":{"@id":"https:\/\/www.newslettercreator.com\/fr\/format-newsletter\/#primaryimage"},"image":{"@id":"https:\/\/www.newslettercreator.com\/fr\/format-newsletter\/#primaryimage"},"thumbnailUrl":"http:\/\/www.newslettercreator.com\/wp-content\/uploads\/2014\/03\/how-to-newsletter-layout.jpg","datePublished":"2014-06-20T07:50:17+00:00","dateModified":"2015-01-13T10:49:23+00:00","description":"Il est extr\u00eamement important de comprendre le correct format de la newsletter \u00e0 fin de construire une campagne d'email marketing efficace.","breadcrumb":{"@id":"https:\/\/www.newslettercreator.com\/fr\/format-newsletter\/#breadcrumb"},"inLanguage":"fr-FR","potentialAction":[{"@type":"ReadAction","target":["https:\/\/www.newslettercreator.com\/fr\/format-newsletter\/"]}]},{"@type":"ImageObject","inLanguage":"fr-FR","@id":"https:\/\/www.newslettercreator.com\/fr\/format-newsletter\/#primaryimage","url":"http:\/\/www.newslettercreator.com\/wp-content\/uploads\/2014\/03\/how-to-newsletter-layout.jpg","contentUrl":"http:\/\/www.newslettercreator.com\/wp-content\/uploads\/2014\/03\/how-to-newsletter-layout.jpg"},{"@type":"BreadcrumbList","@id":"https:\/\/www.newslettercreator.com\/fr\/format-newsletter\/#breadcrumb","itemListElement":[{"@type":"ListItem","position":1,"name":"Home","item":"https:\/\/www.newslettercreator.com\/fr\/"},{"@type":"ListItem","position":2,"name":"Le format de la newsletter"}]},{"@type":"WebSite","@id":"https:\/\/www.newslettercreator.com\/#website","url":"https:\/\/www.newslettercreator.com\/","name":"Newsletter Creator","description":"Pay off","potentialAction":[{"@type":"SearchAction","target":{"@type":"EntryPoint","urlTemplate":"https:\/\/www.newslettercreator.com\/?s={search_term_string}"},"query-input":{"@type":"PropertyValueSpecification","valueRequired":true,"valueName":"search_term_string"}}],"inLanguage":"fr-FR"}]}},"_links":{"self":[{"href":"https:\/\/www.newslettercreator.com\/fr\/wp-json\/wp\/v2\/pages\/826","targetHints":{"allow":["GET"]}}],"collection":[{"href":"https:\/\/www.newslettercreator.com\/fr\/wp-json\/wp\/v2\/pages"}],"about":[{"href":"https:\/\/www.newslettercreator.com\/fr\/wp-json\/wp\/v2\/types\/page"}],"author":[{"embeddable":true,"href":"https:\/\/www.newslettercreator.com\/fr\/wp-json\/wp\/v2\/users\/1"}],"replies":[{"embeddable":true,"href":"https:\/\/www.newslettercreator.com\/fr\/wp-json\/wp\/v2\/comments?post=826"}],"version-history":[{"count":5,"href":"https:\/\/www.newslettercreator.com\/fr\/wp-json\/wp\/v2\/pages\/826\/revisions"}],"predecessor-version":[{"id":2903,"href":"https:\/\/www.newslettercreator.com\/fr\/wp-json\/wp\/v2\/pages\/826\/revisions\/2903"}],"wp:attachment":[{"href":"https:\/\/www.newslettercreator.com\/fr\/wp-json\/wp\/v2\/media?parent=826"}],"curies":[{"name":"wp","href":"https:\/\/api.w.org\/{rel}","templated":true}]}}