{"id":829,"date":"2014-06-20T07:54:26","date_gmt":"2014-06-20T07:54:26","guid":{"rendered":"http:\/\/www.newslettercreator.com\/?page_id=829"},"modified":"2015-02-18T09:54:02","modified_gmt":"2015-02-18T09:54:02","slug":"creation-newsletter","status":"publish","type":"page","link":"https:\/\/www.newslettercreator.com\/fr\/creation-newsletter\/","title":{"rendered":"La cr\u00e9ation de la newsletter"},"content":{"rendered":"<p>L\u2019art de l\u2019email marketing a besoin d\u2019un flux constant de bonnes id\u00e9es pour produire des r\u00e9sultats de qualit\u00e9, quand il s\u2019agit de cr\u00e9er une newsletter. Ici vous en trouverez.<\/p>\n<p>&nbsp;<\/p>\n<div id=\"g1-box-counter-1\" class=\"g1-box g1-box--solid  g1-box--noicon\" ><div class=\"g1-box__inner\">\n<h3><a title='Comment cr\u00e9er une newsletter' href='\/fr\/creer-newsletter\/'>Comment cr\u00e9er une newsletter<\/a><\/h3>\n<p>Cr\u00e9er une newsletter est un moyenne extraordinaire de communication et de marketing, et l&rsquo;un des les meilleures fa\u00e7ons&#8230;<br \/>\n<\/div><\/div>\n<div id=\"g1-box-counter-2\" class=\"g1-box g1-box--solid  g1-box--noicon\" ><div class=\"g1-box__inner\">\n<h3><a title='Comment cr\u00e9er un template de email' href='\/fr\/creer-template-email\/'>Comment cr\u00e9er un template d&#8217;email<\/a><\/h3>\n<p>L&rsquo;une des t\u00e2ches les plus importantes et difficiles dans toute campagne d&#8217;email marketing est de cr\u00e9er&#8230;<br \/>\n<\/div><\/div>\n<div id=\"g1-box-counter-3\" class=\"g1-box g1-box--solid  g1-box--noicon\" ><div class=\"g1-box__inner\">\n<h3><a title='Cr\u00e9er une newsletter avec Microsoft Word: \u00e7a marche?' href='\/fr\/creer-newsletter-word\/'>Cr\u00e9er une newsletter avec Microsoft Word: \u00e7a marche?<\/a><\/h3>\n<p>C&rsquo;est certainement possible de cr\u00e9er votre newsletter avec Microsoft Word&#8230;<br \/>\n<\/div><\/div>\n<div id=\"g1-box-counter-4\" class=\"g1-box g1-box--solid  g1-box--noicon\" ><div class=\"g1-box__inner\">\n<h3><a title='Comment faire une newsletter efficace' href='\/fr\/faire-newsletter\/'>Comment faire une newsletter efficace<\/a><\/h3>\n<p>Faire une newsletter efficace n&rsquo;est pas facile: l&rsquo;art de construire un template de valeur n\u00e9cessite d&rsquo;une injection&#8230;<br \/>\n<\/div><\/div>\n<div id=\"g1-box-counter-5\" class=\"g1-box g1-box--solid  g1-box--noicon\" ><div class=\"g1-box__inner\">\n<h3><a title='Comment r\u00e9aliser une bonne newsletter' href='\/fr\/realiser-newsletter\/'>Comment r\u00e9aliser une bonne newsletter<\/a><\/h3>\n<p>R\u00e9aliser une newsletter belle et efficace est essentiel quand il s&rsquo;agit de nourrir la relation avec vos clients&#8230;<br \/>\n<\/div><\/div>\n<div id=\"g1-box-counter-6\" class=\"g1-box g1-box--solid  g1-box--noicon\" ><div class=\"g1-box__inner\">\n<h3><a title='Pourquoi choisir un logiciel de cr\u00e9ation de newsletter' href='\/fr\/logiciel-creation-newsletter\/'>Pourquoi choisir un logiciel de cr\u00e9ation de newsletter<\/a><\/h3>\n<p>Quand il s&rsquo;agit de cr\u00e9er un mod\u00e8le pour votre email, utiliser un logiciel professionnel de composition de newsletter est un grand aide.<br \/>\n<\/div><\/div>\n<div id=\"g1-box-counter-7\" class=\"g1-box g1-box--solid  g1-box--noicon\" ><div class=\"g1-box__inner\">\n<h3><a title='Le format de la newsletter' href='\/fr\/format-newsletter\/'>Le format de la newsletter<\/a><\/h3>\n<p>Il est extr\u00eamement important de comprendre le correct format de la newsletter \u00e0 fin de construire une campagne d\u2019email marketing efficace&#8230;<br \/>\n<\/div><\/div>\n","protected":false},"excerpt":{"rendered":"<p>L\u2019art de l\u2019email marketing a besoin d\u2019un flux constant de bonnes id\u00e9es pour produire des r\u00e9sultats de qualit\u00e9, quand il s\u2019agit de cr\u00e9er une newsletter. Ici vous en trouverez. &nbsp;<\/p>\n","protected":false},"author":1,"featured_media":0,"parent":0,"menu_order":0,"comment_status":"closed","ping_status":"closed","template":"g1_template_page_sidebar_right.php","meta":{"inline_featured_image":false,"_monsterinsights_skip_tracking":false,"_monsterinsights_sitenote_active":false,"_monsterinsights_sitenote_note":"","_monsterinsights_sitenote_category":0,"footnotes":""},"class_list":["post-829","page","type-page","status-publish"],"yoast_head":"<!-- This site is optimized with the Yoast SEO plugin v25.2 - https:\/\/yoast.com\/wordpress\/plugins\/seo\/ -->\n<title>La cr\u00e9ation de la newsletter - Newsletter Creator<\/title>\n<meta name=\"description\" content=\"Voici tous les conseils pour la cr\u00e9ation d&#039;une newsletter belle et efficace.\" \/>\n<meta name=\"robots\" content=\"index, follow, max-snippet:-1, max-image-preview:large, max-video-preview:-1\" \/>\n<link rel=\"canonical\" href=\"https:\/\/www.newslettercreator.com\/fr\/creation-newsletter\/\" \/>\n<meta property=\"og:locale\" content=\"fr_FR\" \/>\n<meta property=\"og:type\" content=\"article\" \/>\n<meta property=\"og:title\" content=\"La cr\u00e9ation de la newsletter - Newsletter Creator\" \/>\n<meta property=\"og:description\" content=\"Voici tous les conseils pour la cr\u00e9ation d&#039;une newsletter belle et efficace.\" \/>\n<meta property=\"og:url\" content=\"https:\/\/www.newslettercreator.com\/fr\/creation-newsletter\/\" \/>\n<meta property=\"og:site_name\" content=\"Newsletter Creator\" \/>\n<meta property=\"article:modified_time\" content=\"2015-02-18T09:54:02+00:00\" \/>\n<meta name=\"twitter:label1\" content=\"Dur\u00e9e de lecture estim\u00e9e\" \/>\n\t<meta name=\"twitter:data1\" content=\"1 minute\" \/>\n<script type=\"application\/ld+json\" class=\"yoast-schema-graph\">{\"@context\":\"https:\/\/schema.org\",\"@graph\":[{\"@type\":\"WebPage\",\"@id\":\"https:\/\/www.newslettercreator.com\/fr\/creation-newsletter\/\",\"url\":\"https:\/\/www.newslettercreator.com\/fr\/creation-newsletter\/\",\"name\":\"La cr\u00e9ation de la newsletter - Newsletter Creator\",\"isPartOf\":{\"@id\":\"https:\/\/www.newslettercreator.com\/#website\"},\"datePublished\":\"2014-06-20T07:54:26+00:00\",\"dateModified\":\"2015-02-18T09:54:02+00:00\",\"description\":\"Voici tous les conseils pour la cr\u00e9ation d'une newsletter belle et efficace.\",\"breadcrumb\":{\"@id\":\"https:\/\/www.newslettercreator.com\/fr\/creation-newsletter\/#breadcrumb\"},\"inLanguage\":\"fr-FR\",\"potentialAction\":[{\"@type\":\"ReadAction\",\"target\":[\"https:\/\/www.newslettercreator.com\/fr\/creation-newsletter\/\"]}]},{\"@type\":\"BreadcrumbList\",\"@id\":\"https:\/\/www.newslettercreator.com\/fr\/creation-newsletter\/#breadcrumb\",\"itemListElement\":[{\"@type\":\"ListItem\",\"position\":1,\"name\":\"Home\",\"item\":\"https:\/\/www.newslettercreator.com\/fr\/\"},{\"@type\":\"ListItem\",\"position\":2,\"name\":\"La cr\u00e9ation de la newsletter\"}]},{\"@type\":\"WebSite\",\"@id\":\"https:\/\/www.newslettercreator.com\/#website\",\"url\":\"https:\/\/www.newslettercreator.com\/\",\"name\":\"Newsletter Creator\",\"description\":\"Pay off\",\"potentialAction\":[{\"@type\":\"SearchAction\",\"target\":{\"@type\":\"EntryPoint\",\"urlTemplate\":\"https:\/\/www.newslettercreator.com\/?s={search_term_string}\"},\"query-input\":{\"@type\":\"PropertyValueSpecification\",\"valueRequired\":true,\"valueName\":\"search_term_string\"}}],\"inLanguage\":\"fr-FR\"}]}<\/script>\n<!-- \/ Yoast SEO plugin. -->","yoast_head_json":{"title":"La cr\u00e9ation de la newsletter - Newsletter Creator","description":"Voici tous les conseils pour la cr\u00e9ation d'une newsletter belle et efficace.","robots":{"index":"index","follow":"follow","max-snippet":"max-snippet:-1","max-image-preview":"max-image-preview:large","max-video-preview":"max-video-preview:-1"},"canonical":"https:\/\/www.newslettercreator.com\/fr\/creation-newsletter\/","og_locale":"fr_FR","og_type":"article","og_title":"La cr\u00e9ation de la newsletter - Newsletter Creator","og_description":"Voici tous les conseils pour la cr\u00e9ation d'une newsletter belle et efficace.","og_url":"https:\/\/www.newslettercreator.com\/fr\/creation-newsletter\/","og_site_name":"Newsletter Creator","article_modified_time":"2015-02-18T09:54:02+00:00","twitter_misc":{"Dur\u00e9e de lecture estim\u00e9e":"1 minute"},"schema":{"@context":"https:\/\/schema.org","@graph":[{"@type":"WebPage","@id":"https:\/\/www.newslettercreator.com\/fr\/creation-newsletter\/","url":"https:\/\/www.newslettercreator.com\/fr\/creation-newsletter\/","name":"La cr\u00e9ation de la newsletter - Newsletter Creator","isPartOf":{"@id":"https:\/\/www.newslettercreator.com\/#website"},"datePublished":"2014-06-20T07:54:26+00:00","dateModified":"2015-02-18T09:54:02+00:00","description":"Voici tous les conseils pour la cr\u00e9ation d'une newsletter belle et efficace.","breadcrumb":{"@id":"https:\/\/www.newslettercreator.com\/fr\/creation-newsletter\/#breadcrumb"},"inLanguage":"fr-FR","potentialAction":[{"@type":"ReadAction","target":["https:\/\/www.newslettercreator.com\/fr\/creation-newsletter\/"]}]},{"@type":"BreadcrumbList","@id":"https:\/\/www.newslettercreator.com\/fr\/creation-newsletter\/#breadcrumb","itemListElement":[{"@type":"ListItem","position":1,"name":"Home","item":"https:\/\/www.newslettercreator.com\/fr\/"},{"@type":"ListItem","position":2,"name":"La cr\u00e9ation de la newsletter"}]},{"@type":"WebSite","@id":"https:\/\/www.newslettercreator.com\/#website","url":"https:\/\/www.newslettercreator.com\/","name":"Newsletter Creator","description":"Pay off","potentialAction":[{"@type":"SearchAction","target":{"@type":"EntryPoint","urlTemplate":"https:\/\/www.newslettercreator.com\/?s={search_term_string}"},"query-input":{"@type":"PropertyValueSpecification","valueRequired":true,"valueName":"search_term_string"}}],"inLanguage":"fr-FR"}]}},"_links":{"self":[{"href":"https:\/\/www.newslettercreator.com\/fr\/wp-json\/wp\/v2\/pages\/829","targetHints":{"allow":["GET"]}}],"collection":[{"href":"https:\/\/www.newslettercreator.com\/fr\/wp-json\/wp\/v2\/pages"}],"about":[{"href":"https:\/\/www.newslettercreator.com\/fr\/wp-json\/wp\/v2\/types\/page"}],"author":[{"embeddable":true,"href":"https:\/\/www.newslettercreator.com\/fr\/wp-json\/wp\/v2\/users\/1"}],"replies":[{"embeddable":true,"href":"https:\/\/www.newslettercreator.com\/fr\/wp-json\/wp\/v2\/comments?post=829"}],"version-history":[{"count":8,"href":"https:\/\/www.newslettercreator.com\/fr\/wp-json\/wp\/v2\/pages\/829\/revisions"}],"predecessor-version":[{"id":3169,"href":"https:\/\/www.newslettercreator.com\/fr\/wp-json\/wp\/v2\/pages\/829\/revisions\/3169"}],"wp:attachment":[{"href":"https:\/\/www.newslettercreator.com\/fr\/wp-json\/wp\/v2\/media?parent=829"}],"curies":[{"name":"wp","href":"https:\/\/api.w.org\/{rel}","templated":true}]}}