{"id":841,"date":"2014-06-20T08:46:21","date_gmt":"2014-06-20T08:46:21","guid":{"rendered":"http:\/\/www.newslettercreator.com\/?page_id=841"},"modified":"2015-01-13T10:58:37","modified_gmt":"2015-01-13T10:58:37","slug":"email-en-hmtl","status":"publish","type":"page","link":"https:\/\/www.newslettercreator.com\/fr\/email-en-hmtl\/","title":{"rendered":"Email en HTML: comment faire"},"content":{"rendered":"<p><img decoding=\"async\" class=\"alignnone size-full wp-image-237\" src=\"http:\/\/www.newslettercreator.com\/wp-content\/uploads\/2014\/03\/best-design-newsletter.jpg\" alt=\"Email en HTML: comment faire\" width=\"649\" height=\"423\" \/><\/p>\n<p>Comment construire un <strong>efficace email en HTML<\/strong>? C&rsquo;est une question tr\u00e8s importante. Peu importe combien on jacasse sur les m\u00e9dias sociaux et le marketing viral, une <strong>bonne newsletter HTML<\/strong> est toujours l&rsquo;une des meilleures ressources pour <strong>promouvoir votre marque<\/strong> et rester en contact avec vos clients. En particulier, son <strong>ROI (Return On Investment)<\/strong> continue \u00e0 \u00eatre excellent.<\/p>\n<p>Ainsi, la cr\u00e9ation des emails HTML de haute qualit\u00e9 est essentielle pour tout brand digital. Et par \u00ab\u00a0de haute qualit\u00e9\u00a0\u00bb nous ne voulons pas seulement dire que <strong>son code doit \u00eatre parfait<\/strong>: il est \u00e9galement important que&rsquo;lle soit <strong>\u00e9l\u00e9gant et lisible<\/strong> (sur tous les clients et webmails), et que son design <strong>refl\u00e8te votre image de marque<\/strong>.<\/p>\n<p>Revenons donc \u00e0 la premi\u00e8re question: pour composer un email HTML efficace, vous devez <strong>coder tr\u00e8s bien<\/strong> &#8211; et conna\u00eetre les r\u00e8gles, notamment strictes, du codage relatif aux newsletters (qui est assez diff\u00e9rent de la conception web classique). Par exemple, vous devriez toujours <strong>utiliser des tableaux<\/strong>, mettre votre CSS en ligne (et l&rsquo;utiliser avec parcimonie) , <strong>\u00e9viter les \u00e9l\u00e9ments \u2039div\u203a<\/strong> si possible, etc.<\/p>\n<p>En outre, vous devez prendre soin de <strong>comment l&#8217;email va rendre<\/strong> sur des clients de messagerie differents. Donc, m\u00eame si vous \u00eates un programmeur expert, vous passerez de toute fa\u00e7on beaucoup de temps \u00e0 <strong>faire de tests<\/strong> et \u00e9crirer le code appropri\u00e9.<\/p>\n<p>Mais maintenant vous pouvez cr\u00e9er <strong>votre propre et unique newsletter<\/strong> \u00e0 l&rsquo;aide de MailStyler.<\/p>\n<p>L&rsquo;id\u00e9e cl\u00e9 de MailStyler est de fournir un <strong>cr\u00e9ateur d&#8217;email WYSIWYG<\/strong>, o\u00f9 vous pouvez choisir librement des ensembles d&rsquo;<strong>\u00e9l\u00e9ments pr\u00eats \u00e0 l&#8217;emploi<\/strong> et de blocs (colonnes, pieds de page, zones de texte, etc) en composant ainsi une newsletter \u00e0 partir de zero, <strong>sans coder<\/strong>.<\/p>\n<p>Et comme chacun de ces blocs a \u00e9t\u00e9 cr\u00e9\u00e9 en <strong>HTML impeccable<\/strong>, la newsletter finale sera <strong>toujours rendue parfaitement<\/strong> \u2013 qu&rsquo;elle soit ouverte sur Gmail, Thunderbird, Outlook, iPhone, etc. En assurant aussi la meilleure <strong>d\u00e9livrabilit\u00e9<\/strong>.<\/p>\n<p>Plus besoin d&rsquo;effectuer des tests, donc! Et pour vous inspirer, vous pouvez consulter nos <strong>examples de newsletter<\/strong> et commencer \u00e0 cr\u00e9er votre propre email en HTML imm\u00e9diatement.<\/p>\n<p>&nbsp;<\/p>\n<p style=\"text-align: center;\"><a class=\"button large orange\" style=\"margin-top: 20px; width: 157px; margin-right: 30px;\" title=\"T\u00e9l\u00e9charger Demo\" href=\"http:\/\/www.newslettercreator.com\/fr\/essayer-gratuitement\/\" target=\"_self\">T\u00c9L\u00c9CHARGER DEMO<\/a><a class=\"button large darkgray\" style=\"margin-top: 20px; width: 175px;\" title=\"Acheter Mailstyler Pro\" href=\"http:\/\/www.newslettercreator.com\/fr\/prix\/\" target=\"_self\">ACHETER MAILSTYLER PRO<\/a><\/p>\n<p style=\"text-align: center; font-size: 11px; margin-bottom: 30px;\">Derni\u00e8re version: 2.24.01.17 | Date de sortie: 17\/01\/2024 | Taille: 114.9 MB<br \/>\n<a href=\"http:\/\/www.newslettercreator.com\/fr\/accord-de-licence\/\" target=\"_blank\">Contrat de licence<\/a> | <a href=\"http:\/\/www.newslettercreator.com\/fr\/comment-desinstaller\/\" target=\"_blank\">Comment d\u00e9sinstaller<\/a><\/p>\n","protected":false},"excerpt":{"rendered":"<p>Comment construire un efficace email en HTML? C&rsquo;est une question tr\u00e8s importante. Peu importe combien on jacasse sur les m\u00e9dias sociaux et le marketing viral, une bonne newsletter HTML est toujours l&rsquo;une des meilleures ressources pour promouvoir votre marque et rester en contact avec vos clients. En particulier, son ROI (Return On Investment) continue \u00e0 [&hellip;]<\/p>\n","protected":false},"author":1,"featured_media":0,"parent":0,"menu_order":0,"comment_status":"closed","ping_status":"closed","template":"g1_template_page_sidebar_right.php","meta":{"inline_featured_image":false,"_monsterinsights_skip_tracking":false,"_monsterinsights_sitenote_active":false,"_monsterinsights_sitenote_note":"","_monsterinsights_sitenote_category":0,"footnotes":""},"class_list":["post-841","page","type-page","status-publish"],"yoast_head":"<!-- This site is optimized with the Yoast SEO plugin v25.2 - https:\/\/yoast.com\/wordpress\/plugins\/seo\/ -->\n<title>Email en HTML: comment faire - Newsletter Creator<\/title>\n<meta name=\"description\" content=\"Comment construire un efficace email en HTML? C&#039;est une question importante; et MailStyler - le meilleur logiciel de design de newsletter - est la r\u00e9ponse.\" \/>\n<meta name=\"robots\" content=\"index, follow, max-snippet:-1, max-image-preview:large, max-video-preview:-1\" \/>\n<link rel=\"canonical\" href=\"https:\/\/www.newslettercreator.com\/fr\/email-en-hmtl\/\" \/>\n<meta property=\"og:locale\" content=\"fr_FR\" \/>\n<meta property=\"og:type\" content=\"article\" \/>\n<meta property=\"og:title\" content=\"Email en HTML: comment faire - Newsletter Creator\" \/>\n<meta property=\"og:description\" content=\"Comment construire un efficace email en HTML? C&#039;est une question importante; et MailStyler - le meilleur logiciel de design de newsletter - est la r\u00e9ponse.\" \/>\n<meta property=\"og:url\" content=\"https:\/\/www.newslettercreator.com\/fr\/email-en-hmtl\/\" \/>\n<meta property=\"og:site_name\" content=\"Newsletter Creator\" \/>\n<meta property=\"article:modified_time\" content=\"2015-01-13T10:58:37+00:00\" \/>\n<meta property=\"og:image\" content=\"http:\/\/www.newslettercreator.com\/wp-content\/uploads\/2014\/03\/best-design-newsletter.jpg\" \/>\n<meta name=\"twitter:label1\" content=\"Dur\u00e9e de lecture estim\u00e9e\" \/>\n\t<meta name=\"twitter:data1\" content=\"2 minutes\" \/>\n<script type=\"application\/ld+json\" class=\"yoast-schema-graph\">{\"@context\":\"https:\/\/schema.org\",\"@graph\":[{\"@type\":\"WebPage\",\"@id\":\"https:\/\/www.newslettercreator.com\/fr\/email-en-hmtl\/\",\"url\":\"https:\/\/www.newslettercreator.com\/fr\/email-en-hmtl\/\",\"name\":\"Email en HTML: comment faire - Newsletter Creator\",\"isPartOf\":{\"@id\":\"https:\/\/www.newslettercreator.com\/#website\"},\"primaryImageOfPage\":{\"@id\":\"https:\/\/www.newslettercreator.com\/fr\/email-en-hmtl\/#primaryimage\"},\"image\":{\"@id\":\"https:\/\/www.newslettercreator.com\/fr\/email-en-hmtl\/#primaryimage\"},\"thumbnailUrl\":\"http:\/\/www.newslettercreator.com\/wp-content\/uploads\/2014\/03\/best-design-newsletter.jpg\",\"datePublished\":\"2014-06-20T08:46:21+00:00\",\"dateModified\":\"2015-01-13T10:58:37+00:00\",\"description\":\"Comment construire un efficace email en HTML? C'est une question importante; et MailStyler - le meilleur logiciel de design de newsletter - est la r\u00e9ponse.\",\"breadcrumb\":{\"@id\":\"https:\/\/www.newslettercreator.com\/fr\/email-en-hmtl\/#breadcrumb\"},\"inLanguage\":\"fr-FR\",\"potentialAction\":[{\"@type\":\"ReadAction\",\"target\":[\"https:\/\/www.newslettercreator.com\/fr\/email-en-hmtl\/\"]}]},{\"@type\":\"ImageObject\",\"inLanguage\":\"fr-FR\",\"@id\":\"https:\/\/www.newslettercreator.com\/fr\/email-en-hmtl\/#primaryimage\",\"url\":\"http:\/\/www.newslettercreator.com\/wp-content\/uploads\/2014\/03\/best-design-newsletter.jpg\",\"contentUrl\":\"http:\/\/www.newslettercreator.com\/wp-content\/uploads\/2014\/03\/best-design-newsletter.jpg\"},{\"@type\":\"BreadcrumbList\",\"@id\":\"https:\/\/www.newslettercreator.com\/fr\/email-en-hmtl\/#breadcrumb\",\"itemListElement\":[{\"@type\":\"ListItem\",\"position\":1,\"name\":\"Home\",\"item\":\"https:\/\/www.newslettercreator.com\/fr\/\"},{\"@type\":\"ListItem\",\"position\":2,\"name\":\"Email en HTML: comment faire\"}]},{\"@type\":\"WebSite\",\"@id\":\"https:\/\/www.newslettercreator.com\/#website\",\"url\":\"https:\/\/www.newslettercreator.com\/\",\"name\":\"Newsletter Creator\",\"description\":\"Pay off\",\"potentialAction\":[{\"@type\":\"SearchAction\",\"target\":{\"@type\":\"EntryPoint\",\"urlTemplate\":\"https:\/\/www.newslettercreator.com\/?s={search_term_string}\"},\"query-input\":{\"@type\":\"PropertyValueSpecification\",\"valueRequired\":true,\"valueName\":\"search_term_string\"}}],\"inLanguage\":\"fr-FR\"}]}<\/script>\n<!-- \/ Yoast SEO plugin. -->","yoast_head_json":{"title":"Email en HTML: comment faire - Newsletter Creator","description":"Comment construire un efficace email en HTML? C'est une question importante; et MailStyler - le meilleur logiciel de design de newsletter - est la r\u00e9ponse.","robots":{"index":"index","follow":"follow","max-snippet":"max-snippet:-1","max-image-preview":"max-image-preview:large","max-video-preview":"max-video-preview:-1"},"canonical":"https:\/\/www.newslettercreator.com\/fr\/email-en-hmtl\/","og_locale":"fr_FR","og_type":"article","og_title":"Email en HTML: comment faire - Newsletter Creator","og_description":"Comment construire un efficace email en HTML? C'est une question importante; et MailStyler - le meilleur logiciel de design de newsletter - est la r\u00e9ponse.","og_url":"https:\/\/www.newslettercreator.com\/fr\/email-en-hmtl\/","og_site_name":"Newsletter Creator","article_modified_time":"2015-01-13T10:58:37+00:00","og_image":[{"url":"http:\/\/www.newslettercreator.com\/wp-content\/uploads\/2014\/03\/best-design-newsletter.jpg","type":"","width":"","height":""}],"twitter_misc":{"Dur\u00e9e de lecture estim\u00e9e":"2 minutes"},"schema":{"@context":"https:\/\/schema.org","@graph":[{"@type":"WebPage","@id":"https:\/\/www.newslettercreator.com\/fr\/email-en-hmtl\/","url":"https:\/\/www.newslettercreator.com\/fr\/email-en-hmtl\/","name":"Email en HTML: comment faire - Newsletter Creator","isPartOf":{"@id":"https:\/\/www.newslettercreator.com\/#website"},"primaryImageOfPage":{"@id":"https:\/\/www.newslettercreator.com\/fr\/email-en-hmtl\/#primaryimage"},"image":{"@id":"https:\/\/www.newslettercreator.com\/fr\/email-en-hmtl\/#primaryimage"},"thumbnailUrl":"http:\/\/www.newslettercreator.com\/wp-content\/uploads\/2014\/03\/best-design-newsletter.jpg","datePublished":"2014-06-20T08:46:21+00:00","dateModified":"2015-01-13T10:58:37+00:00","description":"Comment construire un efficace email en HTML? C'est une question importante; et MailStyler - le meilleur logiciel de design de newsletter - est la r\u00e9ponse.","breadcrumb":{"@id":"https:\/\/www.newslettercreator.com\/fr\/email-en-hmtl\/#breadcrumb"},"inLanguage":"fr-FR","potentialAction":[{"@type":"ReadAction","target":["https:\/\/www.newslettercreator.com\/fr\/email-en-hmtl\/"]}]},{"@type":"ImageObject","inLanguage":"fr-FR","@id":"https:\/\/www.newslettercreator.com\/fr\/email-en-hmtl\/#primaryimage","url":"http:\/\/www.newslettercreator.com\/wp-content\/uploads\/2014\/03\/best-design-newsletter.jpg","contentUrl":"http:\/\/www.newslettercreator.com\/wp-content\/uploads\/2014\/03\/best-design-newsletter.jpg"},{"@type":"BreadcrumbList","@id":"https:\/\/www.newslettercreator.com\/fr\/email-en-hmtl\/#breadcrumb","itemListElement":[{"@type":"ListItem","position":1,"name":"Home","item":"https:\/\/www.newslettercreator.com\/fr\/"},{"@type":"ListItem","position":2,"name":"Email en HTML: comment faire"}]},{"@type":"WebSite","@id":"https:\/\/www.newslettercreator.com\/#website","url":"https:\/\/www.newslettercreator.com\/","name":"Newsletter Creator","description":"Pay off","potentialAction":[{"@type":"SearchAction","target":{"@type":"EntryPoint","urlTemplate":"https:\/\/www.newslettercreator.com\/?s={search_term_string}"},"query-input":{"@type":"PropertyValueSpecification","valueRequired":true,"valueName":"search_term_string"}}],"inLanguage":"fr-FR"}]}},"_links":{"self":[{"href":"https:\/\/www.newslettercreator.com\/fr\/wp-json\/wp\/v2\/pages\/841","targetHints":{"allow":["GET"]}}],"collection":[{"href":"https:\/\/www.newslettercreator.com\/fr\/wp-json\/wp\/v2\/pages"}],"about":[{"href":"https:\/\/www.newslettercreator.com\/fr\/wp-json\/wp\/v2\/types\/page"}],"author":[{"embeddable":true,"href":"https:\/\/www.newslettercreator.com\/fr\/wp-json\/wp\/v2\/users\/1"}],"replies":[{"embeddable":true,"href":"https:\/\/www.newslettercreator.com\/fr\/wp-json\/wp\/v2\/comments?post=841"}],"version-history":[{"count":5,"href":"https:\/\/www.newslettercreator.com\/fr\/wp-json\/wp\/v2\/pages\/841\/revisions"}],"predecessor-version":[{"id":2907,"href":"https:\/\/www.newslettercreator.com\/fr\/wp-json\/wp\/v2\/pages\/841\/revisions\/2907"}],"wp:attachment":[{"href":"https:\/\/www.newslettercreator.com\/fr\/wp-json\/wp\/v2\/media?parent=841"}],"curies":[{"name":"wp","href":"https:\/\/api.w.org\/{rel}","templated":true}]}}