{"id":843,"date":"2014-06-20T08:49:39","date_gmt":"2014-06-20T08:49:39","guid":{"rendered":"http:\/\/www.newslettercreator.com\/?page_id=843"},"modified":"2021-05-07T10:00:46","modified_gmt":"2021-05-07T08:00:46","slug":"creer-un-email-html","status":"publish","type":"page","link":"https:\/\/www.newslettercreator.com\/fr\/creer-un-email-html\/","title":{"rendered":"Comment faire pour cr\u00e9er un email en HTML"},"content":{"rendered":"<p><img decoding=\"async\" class=\"alignnone size-full wp-image-237\" src=\"http:\/\/www.newslettercreator.com\/wp-content\/uploads\/2014\/02\/email-newsletter-template-how-to.jpg\" alt=\"Comment faire pour cr\u00e9er un email en HTML\" width=\"649\" height=\"423\" srcset=\"https:\/\/www.newslettercreator.com\/wp-content\/uploads\/2014\/02\/email-newsletter-template-how-to.jpg 649w, https:\/\/www.newslettercreator.com\/wp-content\/uploads\/2014\/02\/email-newsletter-template-how-to-300x195.jpg 300w\" sizes=\"(max-width: 649px) 100vw, 649px\" \/><\/p>\n<p>Les <strong>emails en HTML<\/strong> sont toujours une fa\u00e7on exceptionelle de rester en contact avec vos clients et promouvoir votre brand. C&rsquo;est pourquoi il est tr\u00e8s important de <strong>cr\u00e9er le meilleur email HTML<\/strong> pour vos besoins: template de newsletter reconnaissable et sur mesure, qui garantit une <strong>exp\u00e9rience de lecture parfaite<\/strong> sur chaque plate-forme ou client de messagerie.<\/p>\n<p>Pour \u00e9laborer un tel email HTML, vous avez \u00e9videmment besoin de savoir <strong>comment coder<\/strong>, et en particulier, apprendre la fa\u00e7on de coder ce type particulier d&rsquo;objet num\u00e9rique. Et il peut \u00eatre tr\u00e8s difficile.<\/p>\n<p>En fait, pour les <strong>newsletter en HTML<\/strong> il y a des \u00ab\u00a0best practices\u00a0\u00bb tout \u00e0 fait diff\u00e9rentes par rapport \u00e0 la conception web normale. Par exemple, il est recommand\u00e9 de garder le code le plus simple possible et utiliser uniquement CSS en ligne; de structurer votre contenu le long des tables et d&rsquo;\u00e9viter les balises \u2039div\u203a positionn\u00e9es (Gmail les supprime); etc.<\/p>\n<p>Heureusement, il y a une <strong>solution facile<\/strong> \u00e0 la fois pour le webmaster experte et le d\u00e9butant absolu: MailStyler. Notre logiciel vous permettra de <strong>cr\u00e9er un email HTML parfaite sans \u00e9crire une seule ligne de code<\/strong>: nous offrons un editor WYSIWYG avec un choix \u00e9tendu de blocs et des \u00e9l\u00e9ments pre-faits (bo\u00eetes de contenu, pieds de page, en-t\u00eates, tous de styles diff\u00e9rents) pr\u00eats \u00e0 l&#8217;emploi.<\/p>\n<p>Tout ce que vous devrez faire est de choisir ceux que vous aimez et <strong>les glisser-d\u00e9poser dans la page<\/strong>. Ainsi la construction de votre propre newsletter se d\u00e9roule \u00e9tape par \u00e9tape: et une fois que termin\u00e9e, vous serez en mesure de l&rsquo;exporter et l&rsquo;utiliser sur votre logiciel d&#8217;email marketing favori.<\/p>\n<p>En outre &#8211; et c&rsquo;est la meilleure partie! &#8211; puisque tous les blocs pr\u00e9-con\u00e7us ont \u00e9t\u00e9s <strong>compos\u00e9s en parfait HTML<\/strong>, le r\u00e9sultat final sera toujours une newsletter magistralement cod\u00e9. Ce qui signifie qu&rsquo;elle sera <strong>toujours rendue de la m\u00eame mani\u00e8re<\/strong>, peu importe o\u00f9 vos utilisateurs l&rsquo;ouvrent: que ce soit un webmail comme Gmail ou Hotmail, un client de poste comme Thunderbird ou Outlook, une tablette ou une app pour smartphone.<\/p>\n<p>&nbsp;<\/p>\n<p style=\"text-align: center;\"><a class=\"button large orange\" style=\"margin-top: 20px; width: 157px; margin-right: 30px;\" title=\"T\u00e9l\u00e9charger Demo\" href=\"http:\/\/www.newslettercreator.com\/fr\/essayer-gratuitement\/\" target=\"_self\" rel=\"noopener noreferrer\">T\u00c9L\u00c9CHARGER DEMO<\/a><a class=\"button large darkgray\" style=\"margin-top: 20px; width: 175px;\" title=\"Acheter Mailstyler Pro\" href=\"http:\/\/www.newslettercreator.com\/fr\/prix\/\" target=\"_self\" rel=\"noopener noreferrer\">ACHETER MAILSTYLER PRO<\/a><\/p>\n<p style=\"text-align: center; font-size: 11px; margin-bottom: 30px;\">Derni\u00e8re version: 2.24.01.17 | Date de sortie: 17\/01\/2024 | Taille: 114.9 MB<br \/>\n<a href=\"http:\/\/www.newslettercreator.com\/fr\/accord-de-licence\/\" target=\"_blank\" rel=\"noopener noreferrer\">Contrat de licence<\/a> | <a href=\"http:\/\/www.newslettercreator.com\/fr\/comment-desinstaller\/\" target=\"_blank\" rel=\"noopener noreferrer\">Comment d\u00e9sinstaller<\/a><\/p>\n","protected":false},"excerpt":{"rendered":"<p>Les emails en HTML sont toujours une fa\u00e7on exceptionelle de rester en contact avec vos clients et promouvoir votre brand. C&rsquo;est pourquoi il est tr\u00e8s important de cr\u00e9er le meilleur email HTML pour vos besoins: template de newsletter reconnaissable et sur mesure, qui garantit une exp\u00e9rience de lecture parfaite sur chaque plate-forme ou client de [&hellip;]<\/p>\n","protected":false},"author":1,"featured_media":0,"parent":0,"menu_order":0,"comment_status":"closed","ping_status":"closed","template":"g1_template_page_sidebar_right.php","meta":{"inline_featured_image":false,"_monsterinsights_skip_tracking":false,"_monsterinsights_sitenote_active":false,"_monsterinsights_sitenote_note":"","_monsterinsights_sitenote_category":0,"footnotes":""},"class_list":["post-843","page","type-page","status-publish"],"yoast_head":"<!-- This site is optimized with the Yoast SEO plugin v25.2 - https:\/\/yoast.com\/wordpress\/plugins\/seo\/ -->\n<title>Comment faire pour cr\u00e9er un email en HTML - Newsletter Creator<\/title>\n<meta name=\"description\" content=\"Les emails en HTML sont toujours une fa\u00e7on exceptionelle de promouvoir votre brand. Avec MailStyler vous pouvez en cr\u00e9er des parfaites.\" \/>\n<meta name=\"robots\" content=\"index, follow, max-snippet:-1, max-image-preview:large, max-video-preview:-1\" \/>\n<link rel=\"canonical\" href=\"https:\/\/www.newslettercreator.com\/fr\/creer-un-email-html\/\" \/>\n<meta property=\"og:locale\" content=\"fr_FR\" \/>\n<meta property=\"og:type\" content=\"article\" \/>\n<meta property=\"og:title\" content=\"Comment faire pour cr\u00e9er un email en HTML - Newsletter Creator\" \/>\n<meta property=\"og:description\" content=\"Les emails en HTML sont toujours une fa\u00e7on exceptionelle de promouvoir votre brand. Avec MailStyler vous pouvez en cr\u00e9er des parfaites.\" \/>\n<meta property=\"og:url\" content=\"https:\/\/www.newslettercreator.com\/fr\/creer-un-email-html\/\" \/>\n<meta property=\"og:site_name\" content=\"Newsletter Creator\" \/>\n<meta property=\"article:modified_time\" content=\"2021-05-07T08:00:46+00:00\" \/>\n<meta property=\"og:image\" content=\"http:\/\/www.newslettercreator.com\/wp-content\/uploads\/2014\/02\/email-newsletter-template-how-to.jpg\" \/>\n<meta name=\"twitter:label1\" content=\"Dur\u00e9e de lecture estim\u00e9e\" \/>\n\t<meta name=\"twitter:data1\" content=\"2 minutes\" \/>\n<script type=\"application\/ld+json\" class=\"yoast-schema-graph\">{\"@context\":\"https:\/\/schema.org\",\"@graph\":[{\"@type\":\"WebPage\",\"@id\":\"https:\/\/www.newslettercreator.com\/fr\/creer-un-email-html\/\",\"url\":\"https:\/\/www.newslettercreator.com\/fr\/creer-un-email-html\/\",\"name\":\"Comment faire pour cr\u00e9er un email en HTML - Newsletter Creator\",\"isPartOf\":{\"@id\":\"https:\/\/www.newslettercreator.com\/#website\"},\"primaryImageOfPage\":{\"@id\":\"https:\/\/www.newslettercreator.com\/fr\/creer-un-email-html\/#primaryimage\"},\"image\":{\"@id\":\"https:\/\/www.newslettercreator.com\/fr\/creer-un-email-html\/#primaryimage\"},\"thumbnailUrl\":\"http:\/\/www.newslettercreator.com\/wp-content\/uploads\/2014\/02\/email-newsletter-template-how-to.jpg\",\"datePublished\":\"2014-06-20T08:49:39+00:00\",\"dateModified\":\"2021-05-07T08:00:46+00:00\",\"description\":\"Les emails en HTML sont toujours une fa\u00e7on exceptionelle de promouvoir votre brand. Avec MailStyler vous pouvez en cr\u00e9er des parfaites.\",\"breadcrumb\":{\"@id\":\"https:\/\/www.newslettercreator.com\/fr\/creer-un-email-html\/#breadcrumb\"},\"inLanguage\":\"fr-FR\",\"potentialAction\":[{\"@type\":\"ReadAction\",\"target\":[\"https:\/\/www.newslettercreator.com\/fr\/creer-un-email-html\/\"]}]},{\"@type\":\"ImageObject\",\"inLanguage\":\"fr-FR\",\"@id\":\"https:\/\/www.newslettercreator.com\/fr\/creer-un-email-html\/#primaryimage\",\"url\":\"http:\/\/www.newslettercreator.com\/wp-content\/uploads\/2014\/02\/email-newsletter-template-how-to.jpg\",\"contentUrl\":\"http:\/\/www.newslettercreator.com\/wp-content\/uploads\/2014\/02\/email-newsletter-template-how-to.jpg\"},{\"@type\":\"BreadcrumbList\",\"@id\":\"https:\/\/www.newslettercreator.com\/fr\/creer-un-email-html\/#breadcrumb\",\"itemListElement\":[{\"@type\":\"ListItem\",\"position\":1,\"name\":\"Home\",\"item\":\"https:\/\/www.newslettercreator.com\/fr\/\"},{\"@type\":\"ListItem\",\"position\":2,\"name\":\"Comment faire pour cr\u00e9er un email en HTML\"}]},{\"@type\":\"WebSite\",\"@id\":\"https:\/\/www.newslettercreator.com\/#website\",\"url\":\"https:\/\/www.newslettercreator.com\/\",\"name\":\"Newsletter Creator\",\"description\":\"Pay off\",\"potentialAction\":[{\"@type\":\"SearchAction\",\"target\":{\"@type\":\"EntryPoint\",\"urlTemplate\":\"https:\/\/www.newslettercreator.com\/?s={search_term_string}\"},\"query-input\":{\"@type\":\"PropertyValueSpecification\",\"valueRequired\":true,\"valueName\":\"search_term_string\"}}],\"inLanguage\":\"fr-FR\"}]}<\/script>\n<!-- \/ Yoast SEO plugin. -->","yoast_head_json":{"title":"Comment faire pour cr\u00e9er un email en HTML - Newsletter Creator","description":"Les emails en HTML sont toujours une fa\u00e7on exceptionelle de promouvoir votre brand. Avec MailStyler vous pouvez en cr\u00e9er des parfaites.","robots":{"index":"index","follow":"follow","max-snippet":"max-snippet:-1","max-image-preview":"max-image-preview:large","max-video-preview":"max-video-preview:-1"},"canonical":"https:\/\/www.newslettercreator.com\/fr\/creer-un-email-html\/","og_locale":"fr_FR","og_type":"article","og_title":"Comment faire pour cr\u00e9er un email en HTML - Newsletter Creator","og_description":"Les emails en HTML sont toujours une fa\u00e7on exceptionelle de promouvoir votre brand. Avec MailStyler vous pouvez en cr\u00e9er des parfaites.","og_url":"https:\/\/www.newslettercreator.com\/fr\/creer-un-email-html\/","og_site_name":"Newsletter Creator","article_modified_time":"2021-05-07T08:00:46+00:00","og_image":[{"url":"http:\/\/www.newslettercreator.com\/wp-content\/uploads\/2014\/02\/email-newsletter-template-how-to.jpg","type":"","width":"","height":""}],"twitter_misc":{"Dur\u00e9e de lecture estim\u00e9e":"2 minutes"},"schema":{"@context":"https:\/\/schema.org","@graph":[{"@type":"WebPage","@id":"https:\/\/www.newslettercreator.com\/fr\/creer-un-email-html\/","url":"https:\/\/www.newslettercreator.com\/fr\/creer-un-email-html\/","name":"Comment faire pour cr\u00e9er un email en HTML - Newsletter Creator","isPartOf":{"@id":"https:\/\/www.newslettercreator.com\/#website"},"primaryImageOfPage":{"@id":"https:\/\/www.newslettercreator.com\/fr\/creer-un-email-html\/#primaryimage"},"image":{"@id":"https:\/\/www.newslettercreator.com\/fr\/creer-un-email-html\/#primaryimage"},"thumbnailUrl":"http:\/\/www.newslettercreator.com\/wp-content\/uploads\/2014\/02\/email-newsletter-template-how-to.jpg","datePublished":"2014-06-20T08:49:39+00:00","dateModified":"2021-05-07T08:00:46+00:00","description":"Les emails en HTML sont toujours une fa\u00e7on exceptionelle de promouvoir votre brand. Avec MailStyler vous pouvez en cr\u00e9er des parfaites.","breadcrumb":{"@id":"https:\/\/www.newslettercreator.com\/fr\/creer-un-email-html\/#breadcrumb"},"inLanguage":"fr-FR","potentialAction":[{"@type":"ReadAction","target":["https:\/\/www.newslettercreator.com\/fr\/creer-un-email-html\/"]}]},{"@type":"ImageObject","inLanguage":"fr-FR","@id":"https:\/\/www.newslettercreator.com\/fr\/creer-un-email-html\/#primaryimage","url":"http:\/\/www.newslettercreator.com\/wp-content\/uploads\/2014\/02\/email-newsletter-template-how-to.jpg","contentUrl":"http:\/\/www.newslettercreator.com\/wp-content\/uploads\/2014\/02\/email-newsletter-template-how-to.jpg"},{"@type":"BreadcrumbList","@id":"https:\/\/www.newslettercreator.com\/fr\/creer-un-email-html\/#breadcrumb","itemListElement":[{"@type":"ListItem","position":1,"name":"Home","item":"https:\/\/www.newslettercreator.com\/fr\/"},{"@type":"ListItem","position":2,"name":"Comment faire pour cr\u00e9er un email en HTML"}]},{"@type":"WebSite","@id":"https:\/\/www.newslettercreator.com\/#website","url":"https:\/\/www.newslettercreator.com\/","name":"Newsletter Creator","description":"Pay off","potentialAction":[{"@type":"SearchAction","target":{"@type":"EntryPoint","urlTemplate":"https:\/\/www.newslettercreator.com\/?s={search_term_string}"},"query-input":{"@type":"PropertyValueSpecification","valueRequired":true,"valueName":"search_term_string"}}],"inLanguage":"fr-FR"}]}},"_links":{"self":[{"href":"https:\/\/www.newslettercreator.com\/fr\/wp-json\/wp\/v2\/pages\/843","targetHints":{"allow":["GET"]}}],"collection":[{"href":"https:\/\/www.newslettercreator.com\/fr\/wp-json\/wp\/v2\/pages"}],"about":[{"href":"https:\/\/www.newslettercreator.com\/fr\/wp-json\/wp\/v2\/types\/page"}],"author":[{"embeddable":true,"href":"https:\/\/www.newslettercreator.com\/fr\/wp-json\/wp\/v2\/users\/1"}],"replies":[{"embeddable":true,"href":"https:\/\/www.newslettercreator.com\/fr\/wp-json\/wp\/v2\/comments?post=843"}],"version-history":[{"count":8,"href":"https:\/\/www.newslettercreator.com\/fr\/wp-json\/wp\/v2\/pages\/843\/revisions"}],"predecessor-version":[{"id":10103,"href":"https:\/\/www.newslettercreator.com\/fr\/wp-json\/wp\/v2\/pages\/843\/revisions\/10103"}],"wp:attachment":[{"href":"https:\/\/www.newslettercreator.com\/fr\/wp-json\/wp\/v2\/media?parent=843"}],"curies":[{"name":"wp","href":"https:\/\/api.w.org\/{rel}","templated":true}]}}