{"id":860,"date":"2014-06-20T09:16:51","date_gmt":"2014-06-20T09:16:51","guid":{"rendered":"http:\/\/www.newslettercreator.com\/?page_id=860"},"modified":"2021-05-07T09:55:42","modified_gmt":"2021-05-07T07:55:42","slug":"creer-template-email-thunderbird","status":"publish","type":"page","link":"https:\/\/www.newslettercreator.com\/fr\/creer-template-email-thunderbird\/","title":{"rendered":"Comment cr\u00e9er un template email pour Thunderbird"},"content":{"rendered":"<p><img decoding=\"async\" class=\"alignnone size-full wp-image-237\" src=\"http:\/\/www.newslettercreator.com\/wp-content\/uploads\/2014\/06\/email-template-thunderbird.jpg\" alt=\"Comment cr\u00e9er un template email pour Thunderbird\" width=\"649\" height=\"423\" \/><\/p>\n<p>Il est assez facile de cr\u00e9er un <strong>template email sur Mozilla Thunderbird<\/strong> pour les<strong> messages r\u00e9currents<\/strong>: il vous suffit de composer et enregistrer un email comme <strong>mod\u00e8le<\/strong>, et il sera disponible pour \u00eatre r\u00e9utilis\u00e9 et format\u00e9 comme vous souhaitez avec du nouveau contenu.<\/p>\n<p>C&rsquo;est une fa\u00e7on pratique pour gagner du temps: malheureusement, Thunderbird est extr\u00eamement limit\u00e9 en tant que <strong>constructeur de templates<\/strong> (ce qui est logique, \u00e9tant avant tout un client de messagerie). Cela s&rsquo;av\u00e8re \u00eatre un probl\u00e8me, surtout quand il s&rsquo;agit d&rsquo;envoyer des <strong>newsletters ou d&rsquo;autres emails HTML<\/strong>: les construire directement dans Thunderbird peut conduire \u00e0 des <strong>r\u00e9sultats tr\u00e8s m\u00e9diocres<\/strong>.<\/p>\n<p>Donc, si vous voulez composer un email plus \u00e9l\u00e9gant (et efficace), vous devriez opter pour un <strong>logiciel professionnel de construction de newsletter<\/strong> comme <a title=\"logiciel newsletter\" href=\"http:\/\/www.newslettercreator.com\/fr\/essayer-gratuitement\/\">MailStyler<\/a>, et seulement ensuite importer et envoyer l&#8217;email avec Thunderbird.<\/p>\n<p>En fait, MailStyler rend incroyablement facile de cr\u00e9er des <strong>mod\u00e8les de courriels parfaits<\/strong>: vous choisissez des blocs (zones de texte, bo\u00eetes \u00e0 images, colonnes, pieds de page, etc.) parmi un vaste choix d&rsquo;\u00e9l\u00e9ments soigneusement cod\u00e9 en bon HTML, et vous les <strong>glissez et d\u00e9posez sur la page<\/strong>. De cette fa\u00e7on, gr\u00e2ce \u00e0 notre \u00e9diteur WYSIWYG, vous pourrez construire votre bulletin \u00e9tape par \u00e9tape \u2013 <strong>sans \u00e0voir a coder<\/strong>.<\/p>\n<p>Le r\u00e9sultat final? Un <strong>template 100% compatible<\/strong> et qui rendra \u00e0 la perfection sur chaque webmail ou client de poste. Et, naturellement, qui fonctionne \u00e0 la perfection sur Mozilla Thunderbird.<\/p>\n<p>&nbsp;<\/p>\n<p style=\"text-align: center;\"><a class=\"button large orange\" style=\"margin-top: 20px; width: 157px; margin-right: 30px;\" title=\"T\u00e9l\u00e9charger Demo\" href=\"http:\/\/www.newslettercreator.com\/fr\/essayer-gratuitement\/\" target=\"_self\" rel=\"noopener noreferrer\">T\u00c9L\u00c9CHARGER DEMO<\/a><a class=\"button large darkgray\" style=\"margin-top: 20px; width: 175px;\" title=\"Acheter Mailstyler Pro\" href=\"http:\/\/www.newslettercreator.com\/fr\/prix\/\" target=\"_self\" rel=\"noopener noreferrer\">ACHETER MAILSTYLER PRO<\/a><\/p>\n<p style=\"text-align: center; font-size: 11px; margin-bottom: 30px;\">Derni\u00e8re version: 2.24.01.17 | Date de sortie: 17\/01\/2024 | Taille: 114.9 MB<br \/>\n<a href=\"http:\/\/www.newslettercreator.com\/fr\/accord-de-licence\/\" target=\"_blank\" rel=\"noopener noreferrer\">Contrat de licence<\/a> | <a href=\"http:\/\/www.newslettercreator.com\/fr\/comment-desinstaller\/\" target=\"_blank\" rel=\"noopener noreferrer\">Comment d\u00e9sinstaller<\/a><\/p>\n","protected":false},"excerpt":{"rendered":"<p>Il est assez facile de cr\u00e9er un template email sur Mozilla Thunderbird pour les messages r\u00e9currents: il vous suffit de composer et enregistrer un email comme mod\u00e8le, et il sera disponible pour \u00eatre r\u00e9utilis\u00e9 et format\u00e9 comme vous souhaitez avec du nouveau contenu. C&rsquo;est une fa\u00e7on pratique pour gagner du temps: malheureusement, Thunderbird est extr\u00eamement [&hellip;]<\/p>\n","protected":false},"author":1,"featured_media":0,"parent":0,"menu_order":0,"comment_status":"closed","ping_status":"closed","template":"g1_template_page_sidebar_right.php","meta":{"inline_featured_image":false,"_monsterinsights_skip_tracking":false,"_monsterinsights_sitenote_active":false,"_monsterinsights_sitenote_note":"","_monsterinsights_sitenote_category":0,"footnotes":""},"class_list":["post-860","page","type-page","status-publish"],"yoast_head":"<!-- This site is optimized with the Yoast SEO plugin v25.2 - https:\/\/yoast.com\/wordpress\/plugins\/seo\/ -->\n<title>Comment cr\u00e9er un template email pour Thunderbird - Newsletter Creator<\/title>\n<meta name=\"description\" content=\"Avec MailStyler, il est facile de cr\u00e9er un template email pour Mozilla Thunderbird pour les messages r\u00e9currents.\" \/>\n<meta name=\"robots\" content=\"index, follow, max-snippet:-1, max-image-preview:large, max-video-preview:-1\" \/>\n<link rel=\"canonical\" href=\"https:\/\/www.newslettercreator.com\/fr\/creer-template-email-thunderbird\/\" \/>\n<meta property=\"og:locale\" content=\"fr_FR\" \/>\n<meta property=\"og:type\" content=\"article\" \/>\n<meta property=\"og:title\" content=\"Comment cr\u00e9er un template email pour Thunderbird - Newsletter Creator\" \/>\n<meta property=\"og:description\" content=\"Avec MailStyler, il est facile de cr\u00e9er un template email pour Mozilla Thunderbird pour les messages r\u00e9currents.\" \/>\n<meta property=\"og:url\" content=\"https:\/\/www.newslettercreator.com\/fr\/creer-template-email-thunderbird\/\" \/>\n<meta property=\"og:site_name\" content=\"Newsletter Creator\" \/>\n<meta property=\"article:modified_time\" content=\"2021-05-07T07:55:42+00:00\" \/>\n<meta property=\"og:image\" content=\"http:\/\/www.newslettercreator.com\/wp-content\/uploads\/2014\/06\/email-template-thunderbird.jpg\" \/>\n<meta name=\"twitter:label1\" content=\"Dur\u00e9e de lecture estim\u00e9e\" \/>\n\t<meta name=\"twitter:data1\" content=\"1 minute\" \/>\n<script type=\"application\/ld+json\" class=\"yoast-schema-graph\">{\"@context\":\"https:\/\/schema.org\",\"@graph\":[{\"@type\":\"WebPage\",\"@id\":\"https:\/\/www.newslettercreator.com\/fr\/creer-template-email-thunderbird\/\",\"url\":\"https:\/\/www.newslettercreator.com\/fr\/creer-template-email-thunderbird\/\",\"name\":\"Comment cr\u00e9er un template email pour Thunderbird - Newsletter Creator\",\"isPartOf\":{\"@id\":\"https:\/\/www.newslettercreator.com\/#website\"},\"primaryImageOfPage\":{\"@id\":\"https:\/\/www.newslettercreator.com\/fr\/creer-template-email-thunderbird\/#primaryimage\"},\"image\":{\"@id\":\"https:\/\/www.newslettercreator.com\/fr\/creer-template-email-thunderbird\/#primaryimage\"},\"thumbnailUrl\":\"http:\/\/www.newslettercreator.com\/wp-content\/uploads\/2014\/06\/email-template-thunderbird.jpg\",\"datePublished\":\"2014-06-20T09:16:51+00:00\",\"dateModified\":\"2021-05-07T07:55:42+00:00\",\"description\":\"Avec MailStyler, il est facile de cr\u00e9er un template email pour Mozilla Thunderbird pour les messages r\u00e9currents.\",\"breadcrumb\":{\"@id\":\"https:\/\/www.newslettercreator.com\/fr\/creer-template-email-thunderbird\/#breadcrumb\"},\"inLanguage\":\"fr-FR\",\"potentialAction\":[{\"@type\":\"ReadAction\",\"target\":[\"https:\/\/www.newslettercreator.com\/fr\/creer-template-email-thunderbird\/\"]}]},{\"@type\":\"ImageObject\",\"inLanguage\":\"fr-FR\",\"@id\":\"https:\/\/www.newslettercreator.com\/fr\/creer-template-email-thunderbird\/#primaryimage\",\"url\":\"http:\/\/www.newslettercreator.com\/wp-content\/uploads\/2014\/06\/email-template-thunderbird.jpg\",\"contentUrl\":\"http:\/\/www.newslettercreator.com\/wp-content\/uploads\/2014\/06\/email-template-thunderbird.jpg\"},{\"@type\":\"BreadcrumbList\",\"@id\":\"https:\/\/www.newslettercreator.com\/fr\/creer-template-email-thunderbird\/#breadcrumb\",\"itemListElement\":[{\"@type\":\"ListItem\",\"position\":1,\"name\":\"Home\",\"item\":\"https:\/\/www.newslettercreator.com\/fr\/\"},{\"@type\":\"ListItem\",\"position\":2,\"name\":\"Comment cr\u00e9er un template email pour Thunderbird\"}]},{\"@type\":\"WebSite\",\"@id\":\"https:\/\/www.newslettercreator.com\/#website\",\"url\":\"https:\/\/www.newslettercreator.com\/\",\"name\":\"Newsletter Creator\",\"description\":\"Pay off\",\"potentialAction\":[{\"@type\":\"SearchAction\",\"target\":{\"@type\":\"EntryPoint\",\"urlTemplate\":\"https:\/\/www.newslettercreator.com\/?s={search_term_string}\"},\"query-input\":{\"@type\":\"PropertyValueSpecification\",\"valueRequired\":true,\"valueName\":\"search_term_string\"}}],\"inLanguage\":\"fr-FR\"}]}<\/script>\n<!-- \/ Yoast SEO plugin. -->","yoast_head_json":{"title":"Comment cr\u00e9er un template email pour Thunderbird - Newsletter Creator","description":"Avec MailStyler, il est facile de cr\u00e9er un template email pour Mozilla Thunderbird pour les messages r\u00e9currents.","robots":{"index":"index","follow":"follow","max-snippet":"max-snippet:-1","max-image-preview":"max-image-preview:large","max-video-preview":"max-video-preview:-1"},"canonical":"https:\/\/www.newslettercreator.com\/fr\/creer-template-email-thunderbird\/","og_locale":"fr_FR","og_type":"article","og_title":"Comment cr\u00e9er un template email pour Thunderbird - Newsletter Creator","og_description":"Avec MailStyler, il est facile de cr\u00e9er un template email pour Mozilla Thunderbird pour les messages r\u00e9currents.","og_url":"https:\/\/www.newslettercreator.com\/fr\/creer-template-email-thunderbird\/","og_site_name":"Newsletter Creator","article_modified_time":"2021-05-07T07:55:42+00:00","og_image":[{"url":"http:\/\/www.newslettercreator.com\/wp-content\/uploads\/2014\/06\/email-template-thunderbird.jpg","type":"","width":"","height":""}],"twitter_misc":{"Dur\u00e9e de lecture estim\u00e9e":"1 minute"},"schema":{"@context":"https:\/\/schema.org","@graph":[{"@type":"WebPage","@id":"https:\/\/www.newslettercreator.com\/fr\/creer-template-email-thunderbird\/","url":"https:\/\/www.newslettercreator.com\/fr\/creer-template-email-thunderbird\/","name":"Comment cr\u00e9er un template email pour Thunderbird - Newsletter Creator","isPartOf":{"@id":"https:\/\/www.newslettercreator.com\/#website"},"primaryImageOfPage":{"@id":"https:\/\/www.newslettercreator.com\/fr\/creer-template-email-thunderbird\/#primaryimage"},"image":{"@id":"https:\/\/www.newslettercreator.com\/fr\/creer-template-email-thunderbird\/#primaryimage"},"thumbnailUrl":"http:\/\/www.newslettercreator.com\/wp-content\/uploads\/2014\/06\/email-template-thunderbird.jpg","datePublished":"2014-06-20T09:16:51+00:00","dateModified":"2021-05-07T07:55:42+00:00","description":"Avec MailStyler, il est facile de cr\u00e9er un template email pour Mozilla Thunderbird pour les messages r\u00e9currents.","breadcrumb":{"@id":"https:\/\/www.newslettercreator.com\/fr\/creer-template-email-thunderbird\/#breadcrumb"},"inLanguage":"fr-FR","potentialAction":[{"@type":"ReadAction","target":["https:\/\/www.newslettercreator.com\/fr\/creer-template-email-thunderbird\/"]}]},{"@type":"ImageObject","inLanguage":"fr-FR","@id":"https:\/\/www.newslettercreator.com\/fr\/creer-template-email-thunderbird\/#primaryimage","url":"http:\/\/www.newslettercreator.com\/wp-content\/uploads\/2014\/06\/email-template-thunderbird.jpg","contentUrl":"http:\/\/www.newslettercreator.com\/wp-content\/uploads\/2014\/06\/email-template-thunderbird.jpg"},{"@type":"BreadcrumbList","@id":"https:\/\/www.newslettercreator.com\/fr\/creer-template-email-thunderbird\/#breadcrumb","itemListElement":[{"@type":"ListItem","position":1,"name":"Home","item":"https:\/\/www.newslettercreator.com\/fr\/"},{"@type":"ListItem","position":2,"name":"Comment cr\u00e9er un template email pour Thunderbird"}]},{"@type":"WebSite","@id":"https:\/\/www.newslettercreator.com\/#website","url":"https:\/\/www.newslettercreator.com\/","name":"Newsletter Creator","description":"Pay off","potentialAction":[{"@type":"SearchAction","target":{"@type":"EntryPoint","urlTemplate":"https:\/\/www.newslettercreator.com\/?s={search_term_string}"},"query-input":{"@type":"PropertyValueSpecification","valueRequired":true,"valueName":"search_term_string"}}],"inLanguage":"fr-FR"}]}},"_links":{"self":[{"href":"https:\/\/www.newslettercreator.com\/fr\/wp-json\/wp\/v2\/pages\/860","targetHints":{"allow":["GET"]}}],"collection":[{"href":"https:\/\/www.newslettercreator.com\/fr\/wp-json\/wp\/v2\/pages"}],"about":[{"href":"https:\/\/www.newslettercreator.com\/fr\/wp-json\/wp\/v2\/types\/page"}],"author":[{"embeddable":true,"href":"https:\/\/www.newslettercreator.com\/fr\/wp-json\/wp\/v2\/users\/1"}],"replies":[{"embeddable":true,"href":"https:\/\/www.newslettercreator.com\/fr\/wp-json\/wp\/v2\/comments?post=860"}],"version-history":[{"count":5,"href":"https:\/\/www.newslettercreator.com\/fr\/wp-json\/wp\/v2\/pages\/860\/revisions"}],"predecessor-version":[{"id":10100,"href":"https:\/\/www.newslettercreator.com\/fr\/wp-json\/wp\/v2\/pages\/860\/revisions\/10100"}],"wp:attachment":[{"href":"https:\/\/www.newslettercreator.com\/fr\/wp-json\/wp\/v2\/media?parent=860"}],"curies":[{"name":"wp","href":"https:\/\/api.w.org\/{rel}","templated":true}]}}