{"id":864,"date":"2014-06-20T09:25:04","date_gmt":"2014-06-20T09:25:04","guid":{"rendered":"http:\/\/www.newslettercreator.com\/?page_id=864"},"modified":"2015-01-13T11:13:24","modified_gmt":"2015-01-13T11:13:24","slug":"templates-plateformes-email-marketing","status":"publish","type":"page","link":"https:\/\/www.newslettercreator.com\/fr\/templates-plateformes-email-marketing\/","title":{"rendered":"Templates pour plate-forms d&#8217;email marketing"},"content":{"rendered":"<p>Tout ce que vous devez savoir pour construire une mise en page de newsletter efficace et utilisable avec tous les services de marketing par courriel.<\/p>\n<p>&nbsp;<\/p>\n<div id=\"g1-box-counter-1\" class=\"g1-box g1-box--solid  g1-box--noicon\" ><div class=\"g1-box__inner\">\n<h3><a title='Comment cr\u00e9er un template email pour MailChimp' href='\/fr\/creer-template-email-mailchimp\/'>Comment cr\u00e9er un template email pour MailChimp<\/a><\/h3>\n<p>MailChimp est l&rsquo;une des plateformes les plus populaires et les plus fiables pour l&#8217;email marketing et l&rsquo;envoi&#8230;<br \/>\n<\/div><\/div>\n<div id=\"g1-box-counter-2\" class=\"g1-box g1-box--solid  g1-box--noicon\" ><div class=\"g1-box__inner\">\n<h3><a title='Logiciel pour newsletter' href='\/fr\/logiciel-newsletter\/'>Logiciel pour newsletter<\/a><\/h3>\n<p>Tout bon logiciel pour newsletter fournit un outil de cr\u00e9ation d&#8217;email, \u00e0 c\u00f4t\u00e9 de l&rsquo;outil d&rsquo;envoi..<br \/>\n<\/div><\/div>\n","protected":false},"excerpt":{"rendered":"<p>Tout ce que vous devez savoir pour construire une mise en page de newsletter efficace et utilisable avec tous les services de marketing par courriel. &nbsp;<\/p>\n","protected":false},"author":1,"featured_media":0,"parent":0,"menu_order":0,"comment_status":"closed","ping_status":"closed","template":"g1_template_page_sidebar_right.php","meta":{"inline_featured_image":false,"_monsterinsights_skip_tracking":false,"_monsterinsights_sitenote_active":false,"_monsterinsights_sitenote_note":"","_monsterinsights_sitenote_category":0,"footnotes":""},"class_list":["post-864","page","type-page","status-publish"],"yoast_head":"<!-- This site is optimized with the Yoast SEO plugin v25.2 - https:\/\/yoast.com\/wordpress\/plugins\/seo\/ -->\n<title>Templates pour plate-forms d&#039;email marketing - Newsletter Creator<\/title>\n<meta name=\"robots\" content=\"index, follow, max-snippet:-1, max-image-preview:large, max-video-preview:-1\" \/>\n<link rel=\"canonical\" href=\"https:\/\/www.newslettercreator.com\/fr\/templates-plateformes-email-marketing\/\" \/>\n<meta property=\"og:locale\" content=\"fr_FR\" \/>\n<meta property=\"og:type\" content=\"article\" \/>\n<meta property=\"og:title\" content=\"Templates pour plate-forms d&#039;email marketing - Newsletter Creator\" \/>\n<meta property=\"og:description\" content=\"Tout ce que vous devez savoir pour construire une mise en page de newsletter efficace et utilisable avec tous les services de marketing par courriel. &nbsp;\" \/>\n<meta property=\"og:url\" content=\"https:\/\/www.newslettercreator.com\/fr\/templates-plateformes-email-marketing\/\" \/>\n<meta property=\"og:site_name\" content=\"Newsletter Creator\" \/>\n<meta property=\"article:modified_time\" content=\"2015-01-13T11:13:24+00:00\" \/>\n<script type=\"application\/ld+json\" class=\"yoast-schema-graph\">{\"@context\":\"https:\/\/schema.org\",\"@graph\":[{\"@type\":\"WebPage\",\"@id\":\"https:\/\/www.newslettercreator.com\/fr\/templates-plateformes-email-marketing\/\",\"url\":\"https:\/\/www.newslettercreator.com\/fr\/templates-plateformes-email-marketing\/\",\"name\":\"Templates pour plate-forms d'email marketing - Newsletter Creator\",\"isPartOf\":{\"@id\":\"https:\/\/www.newslettercreator.com\/#website\"},\"datePublished\":\"2014-06-20T09:25:04+00:00\",\"dateModified\":\"2015-01-13T11:13:24+00:00\",\"breadcrumb\":{\"@id\":\"https:\/\/www.newslettercreator.com\/fr\/templates-plateformes-email-marketing\/#breadcrumb\"},\"inLanguage\":\"fr-FR\",\"potentialAction\":[{\"@type\":\"ReadAction\",\"target\":[\"https:\/\/www.newslettercreator.com\/fr\/templates-plateformes-email-marketing\/\"]}]},{\"@type\":\"BreadcrumbList\",\"@id\":\"https:\/\/www.newslettercreator.com\/fr\/templates-plateformes-email-marketing\/#breadcrumb\",\"itemListElement\":[{\"@type\":\"ListItem\",\"position\":1,\"name\":\"Home\",\"item\":\"https:\/\/www.newslettercreator.com\/fr\/\"},{\"@type\":\"ListItem\",\"position\":2,\"name\":\"Templates pour plate-forms d&#8217;email marketing\"}]},{\"@type\":\"WebSite\",\"@id\":\"https:\/\/www.newslettercreator.com\/#website\",\"url\":\"https:\/\/www.newslettercreator.com\/\",\"name\":\"Newsletter Creator\",\"description\":\"Pay off\",\"potentialAction\":[{\"@type\":\"SearchAction\",\"target\":{\"@type\":\"EntryPoint\",\"urlTemplate\":\"https:\/\/www.newslettercreator.com\/?s={search_term_string}\"},\"query-input\":{\"@type\":\"PropertyValueSpecification\",\"valueRequired\":true,\"valueName\":\"search_term_string\"}}],\"inLanguage\":\"fr-FR\"}]}<\/script>\n<!-- \/ Yoast SEO plugin. -->","yoast_head_json":{"title":"Templates pour plate-forms d'email marketing - Newsletter Creator","robots":{"index":"index","follow":"follow","max-snippet":"max-snippet:-1","max-image-preview":"max-image-preview:large","max-video-preview":"max-video-preview:-1"},"canonical":"https:\/\/www.newslettercreator.com\/fr\/templates-plateformes-email-marketing\/","og_locale":"fr_FR","og_type":"article","og_title":"Templates pour plate-forms d'email marketing - Newsletter Creator","og_description":"Tout ce que vous devez savoir pour construire une mise en page de newsletter efficace et utilisable avec tous les services de marketing par courriel. &nbsp;","og_url":"https:\/\/www.newslettercreator.com\/fr\/templates-plateformes-email-marketing\/","og_site_name":"Newsletter Creator","article_modified_time":"2015-01-13T11:13:24+00:00","schema":{"@context":"https:\/\/schema.org","@graph":[{"@type":"WebPage","@id":"https:\/\/www.newslettercreator.com\/fr\/templates-plateformes-email-marketing\/","url":"https:\/\/www.newslettercreator.com\/fr\/templates-plateformes-email-marketing\/","name":"Templates pour plate-forms d'email marketing - Newsletter Creator","isPartOf":{"@id":"https:\/\/www.newslettercreator.com\/#website"},"datePublished":"2014-06-20T09:25:04+00:00","dateModified":"2015-01-13T11:13:24+00:00","breadcrumb":{"@id":"https:\/\/www.newslettercreator.com\/fr\/templates-plateformes-email-marketing\/#breadcrumb"},"inLanguage":"fr-FR","potentialAction":[{"@type":"ReadAction","target":["https:\/\/www.newslettercreator.com\/fr\/templates-plateformes-email-marketing\/"]}]},{"@type":"BreadcrumbList","@id":"https:\/\/www.newslettercreator.com\/fr\/templates-plateformes-email-marketing\/#breadcrumb","itemListElement":[{"@type":"ListItem","position":1,"name":"Home","item":"https:\/\/www.newslettercreator.com\/fr\/"},{"@type":"ListItem","position":2,"name":"Templates pour plate-forms d&#8217;email marketing"}]},{"@type":"WebSite","@id":"https:\/\/www.newslettercreator.com\/#website","url":"https:\/\/www.newslettercreator.com\/","name":"Newsletter Creator","description":"Pay off","potentialAction":[{"@type":"SearchAction","target":{"@type":"EntryPoint","urlTemplate":"https:\/\/www.newslettercreator.com\/?s={search_term_string}"},"query-input":{"@type":"PropertyValueSpecification","valueRequired":true,"valueName":"search_term_string"}}],"inLanguage":"fr-FR"}]}},"_links":{"self":[{"href":"https:\/\/www.newslettercreator.com\/fr\/wp-json\/wp\/v2\/pages\/864","targetHints":{"allow":["GET"]}}],"collection":[{"href":"https:\/\/www.newslettercreator.com\/fr\/wp-json\/wp\/v2\/pages"}],"about":[{"href":"https:\/\/www.newslettercreator.com\/fr\/wp-json\/wp\/v2\/types\/page"}],"author":[{"embeddable":true,"href":"https:\/\/www.newslettercreator.com\/fr\/wp-json\/wp\/v2\/users\/1"}],"replies":[{"embeddable":true,"href":"https:\/\/www.newslettercreator.com\/fr\/wp-json\/wp\/v2\/comments?post=864"}],"version-history":[{"count":2,"href":"https:\/\/www.newslettercreator.com\/fr\/wp-json\/wp\/v2\/pages\/864\/revisions"}],"predecessor-version":[{"id":2912,"href":"https:\/\/www.newslettercreator.com\/fr\/wp-json\/wp\/v2\/pages\/864\/revisions\/2912"}],"wp:attachment":[{"href":"https:\/\/www.newslettercreator.com\/fr\/wp-json\/wp\/v2\/media?parent=864"}],"curies":[{"name":"wp","href":"https:\/\/api.w.org\/{rel}","templated":true}]}}