{"id":871,"date":"2014-06-20T09:30:25","date_gmt":"2014-06-20T09:30:25","guid":{"rendered":"http:\/\/www.newslettercreator.com\/?page_id=871"},"modified":"2015-03-31T13:00:32","modified_gmt":"2015-03-31T13:00:32","slug":"creer-template-email-mailchimp","status":"publish","type":"page","link":"https:\/\/www.newslettercreator.com\/fr\/creer-template-email-mailchimp\/","title":{"rendered":"Comment cr\u00e9er un template email pour MailChimp"},"content":{"rendered":"<p><img decoding=\"async\" class=\"alignnone size-full wp-image-237\" src=\"http:\/\/www.newslettercreator.com\/wp-content\/uploads\/2014\/02\/email-newsletter-template-how-to.jpg\" alt=\"Comment cr\u00e9er un template email pour MailChimp\" width=\"649\" height=\"423\" srcset=\"https:\/\/www.newslettercreator.com\/wp-content\/uploads\/2014\/02\/email-newsletter-template-how-to.jpg 649w, https:\/\/www.newslettercreator.com\/wp-content\/uploads\/2014\/02\/email-newsletter-template-how-to-300x195.jpg 300w\" sizes=\"(max-width: 649px) 100vw, 649px\" \/><\/p>\n<p><strong>MailChimp<\/strong> est l&rsquo;une des plateformes les plus populaires et les plus fiables pour <strong>l&#8217;email marketing<\/strong> et l&rsquo;envoi de newsletter. Bien s\u00fbr, votre campagne sur MailChimp fonctionnera le mieux si vous employez un <strong>template email soigneusement cod\u00e9 en HTML<\/strong> et all\u00e9chant. Ceci pour trois raisons :<\/p>\n<ol>\n<li>Aider MailChimp \u00e0 am\u00e9liorer votre <strong>d\u00e9livrabilit\u00e9<\/strong> (un code propre facilite l&#8217;email \u00e0 acc\u00e9der \u00e0 la bo\u00eete de r\u00e9ception des destinataires);<\/li>\n<li>Assurer un <strong>flux de contenu coh\u00e9rent<\/strong> et une structure ad\u00e9quate pour vos nouvelles ou vos offres;<\/li>\n<li>Garantir une <strong>lisibilit\u00e9 parfaite<\/strong> sur tous les appareils.<\/li>\n<\/ol>\n<p>Cela dit, le meilleur choix pour cr\u00e9er une newsletter HTML efficace pour MailChimp est certainement <a title=\"Cr\u00e9ation template newsletter\" href=\"http:\/\/www.newslettercreator.com\/fr\/essayer-gratuitement\/\"><strong>MailStyler<\/strong><\/a>.<\/p>\n<p>Notre \u00e9diteur WYSIWYG vous permet de cr\u00e9er de mod\u00e8les pour email parfaits pour MailChimp en quelques minutes: vous aurez simplement besoin de faire <strong>glisser et d\u00e9poser<\/strong> des \u00e9l\u00e9ments pr\u00e9-fabriqu\u00e9s \u2013 zones de texte, bo\u00eetes \u00e0 images, colonnes, etc. \u2013 sur la page et construire votre newsletter \u00ab\u00a0live\u00a0\u00bb. <strong>Pas une seule ligne de code n&rsquo;est n\u00e9cessaire<\/strong>!<\/p>\n<p>Et comme tous ces \u00e9l\u00e9ments ont \u00e9t\u00e9 con\u00e7us pour \u00eatre compatibles avec tous les clients et les webmails, la <strong>newsletter finale sera rendue parfaitement<\/strong>, peu importe o\u00f9 elle est ouverte. La m\u00eame chose vaut pour la d\u00e9livrabilit\u00e9: un poids l\u00e9ger et un HTML impeccable seront d&rsquo;une grande aide pour MailChimp dans le processus de livraison d&#8217;email.<\/p>\n<p>Une fois termin\u00e9 la construction de l&#8217;email, tout ce que vous avez \u00e0 faire est d&rsquo;<strong>importer votre mod\u00e8le dans l&rsquo;\u00e9diteur de MailChimp<\/strong> et ajouter la derni\u00e8re touche \u00e0 votre newsletter \u2013 la ligne d&rsquo;objet, le contenu mise \u00e0 jour etc. Ensuite, vous pouvez l&rsquo;envoyer comme d&rsquo;habitude, en profitant de la plate-forme d&rsquo;exp\u00e9dition offert par MailChimp.<\/p>\n<p>&nbsp;<\/p>\n<p style=\"text-align: center;\"><a class=\"button large orange\" style=\"margin-top: 20px; width: 157px; margin-right: 30px;\" title=\"T\u00e9l\u00e9charger Demo\" href=\"http:\/\/www.newslettercreator.com\/fr\/essayer-gratuitement\/\" target=\"_self\">T\u00c9L\u00c9CHARGER DEMO<\/a><a class=\"button large darkgray\" style=\"margin-top: 20px; width: 175px;\" title=\"Acheter Mailstyler Pro\" href=\"http:\/\/www.newslettercreator.com\/fr\/prix\/\" target=\"_self\">ACHETER MAILSTYLER PRO<\/a><\/p>\n<p style=\"text-align: center; font-size: 11px; margin-bottom: 30px;\">Derni\u00e8re version: 2.24.01.17 | Date de sortie: 17\/01\/2024 | Taille: 114.9 MB<br \/>\n<a href=\"http:\/\/www.newslettercreator.com\/fr\/accord-de-licence\/\" target=\"_blank\">Contrat de licence<\/a> | <a href=\"http:\/\/www.newslettercreator.com\/fr\/comment-desinstaller\/\" target=\"_blank\">Comment d\u00e9sinstaller<\/a><\/p>\n","protected":false},"excerpt":{"rendered":"<p>MailChimp est l&rsquo;une des plateformes les plus populaires et les plus fiables pour l&#8217;email marketing et l&rsquo;envoi de newsletter. Bien s\u00fbr, votre campagne sur MailChimp fonctionnera le mieux si vous employez un template email soigneusement cod\u00e9 en HTML et all\u00e9chant. Ceci pour trois raisons : Aider MailChimp \u00e0 am\u00e9liorer votre d\u00e9livrabilit\u00e9 (un code propre facilite [&hellip;]<\/p>\n","protected":false},"author":1,"featured_media":0,"parent":0,"menu_order":0,"comment_status":"closed","ping_status":"closed","template":"g1_template_page_sidebar_right.php","meta":{"inline_featured_image":false,"_monsterinsights_skip_tracking":false,"_monsterinsights_sitenote_active":false,"_monsterinsights_sitenote_note":"","_monsterinsights_sitenote_category":0,"footnotes":""},"class_list":["post-871","page","type-page","status-publish"],"yoast_head":"<!-- This site is optimized with the Yoast SEO plugin v25.2 - https:\/\/yoast.com\/wordpress\/plugins\/seo\/ -->\n<title>Comment cr\u00e9er un template email pour MailChimp - Newsletter Creator<\/title>\n<meta name=\"description\" content=\"MailChimp est l&#039;une des plateformes les plus fiables pour l&#039;email marketing et l&#039;envoi de newsletter: voici comment cr\u00e9er un template \u00e0 y utiliser.\" \/>\n<meta name=\"robots\" content=\"index, follow, max-snippet:-1, max-image-preview:large, max-video-preview:-1\" \/>\n<link rel=\"canonical\" href=\"https:\/\/www.newslettercreator.com\/fr\/creer-template-email-mailchimp\/\" \/>\n<meta property=\"og:locale\" content=\"fr_FR\" \/>\n<meta property=\"og:type\" content=\"article\" \/>\n<meta property=\"og:title\" content=\"Comment cr\u00e9er un template email pour MailChimp - Newsletter Creator\" \/>\n<meta property=\"og:description\" content=\"MailChimp est l&#039;une des plateformes les plus fiables pour l&#039;email marketing et l&#039;envoi de newsletter: voici comment cr\u00e9er un template \u00e0 y utiliser.\" \/>\n<meta property=\"og:url\" content=\"https:\/\/www.newslettercreator.com\/fr\/creer-template-email-mailchimp\/\" \/>\n<meta property=\"og:site_name\" content=\"Newsletter Creator\" \/>\n<meta property=\"article:modified_time\" content=\"2015-03-31T13:00:32+00:00\" \/>\n<meta property=\"og:image\" content=\"http:\/\/www.newslettercreator.com\/wp-content\/uploads\/2014\/02\/email-newsletter-template-how-to.jpg\" \/>\n<meta name=\"twitter:label1\" content=\"Dur\u00e9e de lecture estim\u00e9e\" \/>\n\t<meta name=\"twitter:data1\" content=\"2 minutes\" \/>\n<script type=\"application\/ld+json\" class=\"yoast-schema-graph\">{\"@context\":\"https:\/\/schema.org\",\"@graph\":[{\"@type\":\"WebPage\",\"@id\":\"https:\/\/www.newslettercreator.com\/fr\/creer-template-email-mailchimp\/\",\"url\":\"https:\/\/www.newslettercreator.com\/fr\/creer-template-email-mailchimp\/\",\"name\":\"Comment cr\u00e9er un template email pour MailChimp - Newsletter Creator\",\"isPartOf\":{\"@id\":\"https:\/\/www.newslettercreator.com\/#website\"},\"primaryImageOfPage\":{\"@id\":\"https:\/\/www.newslettercreator.com\/fr\/creer-template-email-mailchimp\/#primaryimage\"},\"image\":{\"@id\":\"https:\/\/www.newslettercreator.com\/fr\/creer-template-email-mailchimp\/#primaryimage\"},\"thumbnailUrl\":\"http:\/\/www.newslettercreator.com\/wp-content\/uploads\/2014\/02\/email-newsletter-template-how-to.jpg\",\"datePublished\":\"2014-06-20T09:30:25+00:00\",\"dateModified\":\"2015-03-31T13:00:32+00:00\",\"description\":\"MailChimp est l'une des plateformes les plus fiables pour l'email marketing et l'envoi de newsletter: voici comment cr\u00e9er un template \u00e0 y utiliser.\",\"breadcrumb\":{\"@id\":\"https:\/\/www.newslettercreator.com\/fr\/creer-template-email-mailchimp\/#breadcrumb\"},\"inLanguage\":\"fr-FR\",\"potentialAction\":[{\"@type\":\"ReadAction\",\"target\":[\"https:\/\/www.newslettercreator.com\/fr\/creer-template-email-mailchimp\/\"]}]},{\"@type\":\"ImageObject\",\"inLanguage\":\"fr-FR\",\"@id\":\"https:\/\/www.newslettercreator.com\/fr\/creer-template-email-mailchimp\/#primaryimage\",\"url\":\"http:\/\/www.newslettercreator.com\/wp-content\/uploads\/2014\/02\/email-newsletter-template-how-to.jpg\",\"contentUrl\":\"http:\/\/www.newslettercreator.com\/wp-content\/uploads\/2014\/02\/email-newsletter-template-how-to.jpg\"},{\"@type\":\"BreadcrumbList\",\"@id\":\"https:\/\/www.newslettercreator.com\/fr\/creer-template-email-mailchimp\/#breadcrumb\",\"itemListElement\":[{\"@type\":\"ListItem\",\"position\":1,\"name\":\"Home\",\"item\":\"https:\/\/www.newslettercreator.com\/fr\/\"},{\"@type\":\"ListItem\",\"position\":2,\"name\":\"Comment cr\u00e9er un template email pour MailChimp\"}]},{\"@type\":\"WebSite\",\"@id\":\"https:\/\/www.newslettercreator.com\/#website\",\"url\":\"https:\/\/www.newslettercreator.com\/\",\"name\":\"Newsletter Creator\",\"description\":\"Pay off\",\"potentialAction\":[{\"@type\":\"SearchAction\",\"target\":{\"@type\":\"EntryPoint\",\"urlTemplate\":\"https:\/\/www.newslettercreator.com\/?s={search_term_string}\"},\"query-input\":{\"@type\":\"PropertyValueSpecification\",\"valueRequired\":true,\"valueName\":\"search_term_string\"}}],\"inLanguage\":\"fr-FR\"}]}<\/script>\n<!-- \/ Yoast SEO plugin. -->","yoast_head_json":{"title":"Comment cr\u00e9er un template email pour MailChimp - Newsletter Creator","description":"MailChimp est l'une des plateformes les plus fiables pour l'email marketing et l'envoi de newsletter: voici comment cr\u00e9er un template \u00e0 y utiliser.","robots":{"index":"index","follow":"follow","max-snippet":"max-snippet:-1","max-image-preview":"max-image-preview:large","max-video-preview":"max-video-preview:-1"},"canonical":"https:\/\/www.newslettercreator.com\/fr\/creer-template-email-mailchimp\/","og_locale":"fr_FR","og_type":"article","og_title":"Comment cr\u00e9er un template email pour MailChimp - Newsletter Creator","og_description":"MailChimp est l'une des plateformes les plus fiables pour l'email marketing et l'envoi de newsletter: voici comment cr\u00e9er un template \u00e0 y utiliser.","og_url":"https:\/\/www.newslettercreator.com\/fr\/creer-template-email-mailchimp\/","og_site_name":"Newsletter Creator","article_modified_time":"2015-03-31T13:00:32+00:00","og_image":[{"url":"http:\/\/www.newslettercreator.com\/wp-content\/uploads\/2014\/02\/email-newsletter-template-how-to.jpg","type":"","width":"","height":""}],"twitter_misc":{"Dur\u00e9e de lecture estim\u00e9e":"2 minutes"},"schema":{"@context":"https:\/\/schema.org","@graph":[{"@type":"WebPage","@id":"https:\/\/www.newslettercreator.com\/fr\/creer-template-email-mailchimp\/","url":"https:\/\/www.newslettercreator.com\/fr\/creer-template-email-mailchimp\/","name":"Comment cr\u00e9er un template email pour MailChimp - Newsletter Creator","isPartOf":{"@id":"https:\/\/www.newslettercreator.com\/#website"},"primaryImageOfPage":{"@id":"https:\/\/www.newslettercreator.com\/fr\/creer-template-email-mailchimp\/#primaryimage"},"image":{"@id":"https:\/\/www.newslettercreator.com\/fr\/creer-template-email-mailchimp\/#primaryimage"},"thumbnailUrl":"http:\/\/www.newslettercreator.com\/wp-content\/uploads\/2014\/02\/email-newsletter-template-how-to.jpg","datePublished":"2014-06-20T09:30:25+00:00","dateModified":"2015-03-31T13:00:32+00:00","description":"MailChimp est l'une des plateformes les plus fiables pour l'email marketing et l'envoi de newsletter: voici comment cr\u00e9er un template \u00e0 y utiliser.","breadcrumb":{"@id":"https:\/\/www.newslettercreator.com\/fr\/creer-template-email-mailchimp\/#breadcrumb"},"inLanguage":"fr-FR","potentialAction":[{"@type":"ReadAction","target":["https:\/\/www.newslettercreator.com\/fr\/creer-template-email-mailchimp\/"]}]},{"@type":"ImageObject","inLanguage":"fr-FR","@id":"https:\/\/www.newslettercreator.com\/fr\/creer-template-email-mailchimp\/#primaryimage","url":"http:\/\/www.newslettercreator.com\/wp-content\/uploads\/2014\/02\/email-newsletter-template-how-to.jpg","contentUrl":"http:\/\/www.newslettercreator.com\/wp-content\/uploads\/2014\/02\/email-newsletter-template-how-to.jpg"},{"@type":"BreadcrumbList","@id":"https:\/\/www.newslettercreator.com\/fr\/creer-template-email-mailchimp\/#breadcrumb","itemListElement":[{"@type":"ListItem","position":1,"name":"Home","item":"https:\/\/www.newslettercreator.com\/fr\/"},{"@type":"ListItem","position":2,"name":"Comment cr\u00e9er un template email pour MailChimp"}]},{"@type":"WebSite","@id":"https:\/\/www.newslettercreator.com\/#website","url":"https:\/\/www.newslettercreator.com\/","name":"Newsletter Creator","description":"Pay off","potentialAction":[{"@type":"SearchAction","target":{"@type":"EntryPoint","urlTemplate":"https:\/\/www.newslettercreator.com\/?s={search_term_string}"},"query-input":{"@type":"PropertyValueSpecification","valueRequired":true,"valueName":"search_term_string"}}],"inLanguage":"fr-FR"}]}},"_links":{"self":[{"href":"https:\/\/www.newslettercreator.com\/fr\/wp-json\/wp\/v2\/pages\/871","targetHints":{"allow":["GET"]}}],"collection":[{"href":"https:\/\/www.newslettercreator.com\/fr\/wp-json\/wp\/v2\/pages"}],"about":[{"href":"https:\/\/www.newslettercreator.com\/fr\/wp-json\/wp\/v2\/types\/page"}],"author":[{"embeddable":true,"href":"https:\/\/www.newslettercreator.com\/fr\/wp-json\/wp\/v2\/users\/1"}],"replies":[{"embeddable":true,"href":"https:\/\/www.newslettercreator.com\/fr\/wp-json\/wp\/v2\/comments?post=871"}],"version-history":[{"count":6,"href":"https:\/\/www.newslettercreator.com\/fr\/wp-json\/wp\/v2\/pages\/871\/revisions"}],"predecessor-version":[{"id":3259,"href":"https:\/\/www.newslettercreator.com\/fr\/wp-json\/wp\/v2\/pages\/871\/revisions\/3259"}],"wp:attachment":[{"href":"https:\/\/www.newslettercreator.com\/fr\/wp-json\/wp\/v2\/media?parent=871"}],"curies":[{"name":"wp","href":"https:\/\/api.w.org\/{rel}","templated":true}]}}