{"id":873,"date":"2014-06-20T09:32:53","date_gmt":"2014-06-20T09:32:53","guid":{"rendered":"http:\/\/www.newslettercreator.com\/?page_id=873"},"modified":"2015-01-13T11:15:09","modified_gmt":"2015-01-13T11:15:09","slug":"logiciel-newsletter","status":"publish","type":"page","link":"https:\/\/www.newslettercreator.com\/fr\/logiciel-newsletter\/","title":{"rendered":"Logiciel pour newsletter"},"content":{"rendered":"<p>Tout bon <strong>logiciel pour newsletter<\/strong> fournit un outil de cr\u00e9ation d&#8217;email, \u00e0 c\u00f4t\u00e9 de l&rsquo;outil d&rsquo;envoi et d&rsquo;analyse typiques de ces plate-forms. Malheureusement, m\u00eame le logiciel de marketing par courriel le plus raffin\u00e9 a souvent un <strong>\u00e9diteur de newsletter interne assez limit\u00e9<\/strong>. Certains sont mieux que d&rsquo;autres, bien s\u00fbr, mais comme un logiciel de bulletin doit combiner diff\u00e9rents outils, la partie de la cr\u00e9ation des templates et emails est souvent sacrifi\u00e9e.<br \/>\nCe qui est dommage, car une <strong>campagne d&#8217;email marketing professionnelle<\/strong> n\u00e9cessite d&rsquo;un mod\u00e8le v\u00e9ritablement professionnel.<\/p>\n<p><img decoding=\"async\" src=\"http:\/\/www.newslettercreator.com\/wp-content\/uploads\/2014\/03\/how-to-design-html-newsletter.jpg\" alt=\"Logiciel pour newsletter\" width=\"649\" height=\"423\" class=\"alignnone size-full wp-image-237\" \/><\/p>\n<p>Donc, soit vous codez votre propre email HTML \u00e0 partir de z\u00e9ro &#8211; ce qui peut \u00eatre assez d\u00e9licat, m\u00eame si vous \u00eates un concepteur de sites web &#8211; ou vous choisissez un <strong>logiciel de cr\u00e9ation de newsletter d\u00e9di\u00e9<\/strong> comme MailStyler.<\/p>\n<p>Parmi tous les concurrents, MailStyler offre une combinaison unique de <strong>flexibilit\u00e9, facilit\u00e9 d&rsquo;utilisation et efficacit\u00e9<\/strong>. Construire un mod\u00e8le de newsletter n&rsquo;a jamais \u00e9t\u00e9 aussi simple: il suffit de glisser-d\u00e9poser des \u00e9l\u00e9ments pr\u00eats \u00e0 l&#8217;emploi (bo\u00eetes pour texte et images, colonnes, footers, boutons, etc.) sur une page blanche.<br \/>\nEnsuite, <strong>vous pouvez les modifier librement<\/strong>, par example changer la couleur et la police, \u00e9tirer ou recadrer vos images, ajouter votre contenu, ou inverser la position des bo\u00eetes. C&rsquo;est tellement facile que c&rsquo;est impossible de le faire mal; <strong>vous ne pourrez&rsquo; qu&rsquo;am\u00e9liorer votre email<\/strong>.<\/p>\n<p>\u00c0 la fin, vous obtiendrez donc une <strong>newsletter belle et efficace<\/strong> dont le codage HTML a d\u00e9j\u00e0 \u00e9t\u00e9 test\u00e9 pour \u00eatre <strong>compatible avec tous les clients de messagerie<\/strong> &#8211; et, bien s\u00fbr, rapidement importable sur votre logiciel d&rsquo;envoi pr\u00e9f\u00e9r\u00e9.<\/p>\n<p>&nbsp;<\/p>\n<p style=\"text-align: center;\"><a class=\"button large orange\" style=\"margin-top: 20px; width: 157px; margin-right: 30px;\" title=\"T\u00e9l\u00e9charger Demo\" href=\"http:\/\/www.newslettercreator.com\/fr\/essayer-gratuitement\/\" target=\"_self\">T\u00c9L\u00c9CHARGER DEMO<\/a><a class=\"button large darkgray\" style=\"margin-top: 20px; width: 175px;\" title=\"Acheter Mailstyler Pro\" href=\"http:\/\/www.newslettercreator.com\/fr\/prix\/\" target=\"_self\">ACHETER MAILSTYLER PRO<\/a><\/p>\n<p style=\"text-align: center; font-size: 11px; margin-bottom: 30px;\">Derni\u00e8re version: 2.24.01.17 | Date de sortie: 17\/01\/2024 | Taille: 114.9 MB<br \/>\n<a href=\"http:\/\/www.newslettercreator.com\/fr\/accord-de-licence\/\" target=\"_blank\">Contrat de licence<\/a> | <a href=\"http:\/\/www.newslettercreator.com\/fr\/comment-desinstaller\/\" target=\"_blank\">Comment d\u00e9sinstaller<\/a><\/p>\n","protected":false},"excerpt":{"rendered":"<p>Tout bon logiciel pour newsletter fournit un outil de cr\u00e9ation d&#8217;email, \u00e0 c\u00f4t\u00e9 de l&rsquo;outil d&rsquo;envoi et d&rsquo;analyse typiques de ces plate-forms. Malheureusement, m\u00eame le logiciel de marketing par courriel le plus raffin\u00e9 a souvent un \u00e9diteur de newsletter interne assez limit\u00e9. Certains sont mieux que d&rsquo;autres, bien s\u00fbr, mais comme un logiciel de bulletin [&hellip;]<\/p>\n","protected":false},"author":1,"featured_media":0,"parent":0,"menu_order":0,"comment_status":"closed","ping_status":"closed","template":"g1_template_page_sidebar_right.php","meta":{"inline_featured_image":false,"_monsterinsights_skip_tracking":false,"_monsterinsights_sitenote_active":false,"_monsterinsights_sitenote_note":"","_monsterinsights_sitenote_category":0,"footnotes":""},"class_list":["post-873","page","type-page","status-publish"],"yoast_head":"<!-- This site is optimized with the Yoast SEO plugin v25.2 - https:\/\/yoast.com\/wordpress\/plugins\/seo\/ -->\n<title>Logiciel pour newsletter - Newsletter Creator<\/title>\n<meta name=\"robots\" content=\"index, follow, max-snippet:-1, max-image-preview:large, max-video-preview:-1\" \/>\n<link rel=\"canonical\" href=\"https:\/\/www.newslettercreator.com\/fr\/logiciel-newsletter\/\" \/>\n<meta property=\"og:locale\" content=\"fr_FR\" \/>\n<meta property=\"og:type\" content=\"article\" \/>\n<meta property=\"og:title\" content=\"Logiciel pour newsletter - Newsletter Creator\" \/>\n<meta property=\"og:description\" content=\"Tout bon logiciel pour newsletter fournit un outil de cr\u00e9ation d&#8217;email, \u00e0 c\u00f4t\u00e9 de l&rsquo;outil d&rsquo;envoi et d&rsquo;analyse typiques de ces plate-forms. Malheureusement, m\u00eame le logiciel de marketing par courriel le plus raffin\u00e9 a souvent un \u00e9diteur de newsletter interne assez limit\u00e9. Certains sont mieux que d&rsquo;autres, bien s\u00fbr, mais comme un logiciel de bulletin [&hellip;]\" \/>\n<meta property=\"og:url\" content=\"https:\/\/www.newslettercreator.com\/fr\/logiciel-newsletter\/\" \/>\n<meta property=\"og:site_name\" content=\"Newsletter Creator\" \/>\n<meta property=\"article:modified_time\" content=\"2015-01-13T11:15:09+00:00\" \/>\n<meta property=\"og:image\" content=\"http:\/\/www.newslettercreator.com\/wp-content\/uploads\/2014\/03\/how-to-design-html-newsletter.jpg\" \/>\n<meta name=\"twitter:label1\" content=\"Dur\u00e9e de lecture estim\u00e9e\" \/>\n\t<meta name=\"twitter:data1\" content=\"2 minutes\" \/>\n<script type=\"application\/ld+json\" class=\"yoast-schema-graph\">{\"@context\":\"https:\/\/schema.org\",\"@graph\":[{\"@type\":\"WebPage\",\"@id\":\"https:\/\/www.newslettercreator.com\/fr\/logiciel-newsletter\/\",\"url\":\"https:\/\/www.newslettercreator.com\/fr\/logiciel-newsletter\/\",\"name\":\"Logiciel pour newsletter - Newsletter Creator\",\"isPartOf\":{\"@id\":\"https:\/\/www.newslettercreator.com\/#website\"},\"primaryImageOfPage\":{\"@id\":\"https:\/\/www.newslettercreator.com\/fr\/logiciel-newsletter\/#primaryimage\"},\"image\":{\"@id\":\"https:\/\/www.newslettercreator.com\/fr\/logiciel-newsletter\/#primaryimage\"},\"thumbnailUrl\":\"http:\/\/www.newslettercreator.com\/wp-content\/uploads\/2014\/03\/how-to-design-html-newsletter.jpg\",\"datePublished\":\"2014-06-20T09:32:53+00:00\",\"dateModified\":\"2015-01-13T11:15:09+00:00\",\"breadcrumb\":{\"@id\":\"https:\/\/www.newslettercreator.com\/fr\/logiciel-newsletter\/#breadcrumb\"},\"inLanguage\":\"fr-FR\",\"potentialAction\":[{\"@type\":\"ReadAction\",\"target\":[\"https:\/\/www.newslettercreator.com\/fr\/logiciel-newsletter\/\"]}]},{\"@type\":\"ImageObject\",\"inLanguage\":\"fr-FR\",\"@id\":\"https:\/\/www.newslettercreator.com\/fr\/logiciel-newsletter\/#primaryimage\",\"url\":\"http:\/\/www.newslettercreator.com\/wp-content\/uploads\/2014\/03\/how-to-design-html-newsletter.jpg\",\"contentUrl\":\"http:\/\/www.newslettercreator.com\/wp-content\/uploads\/2014\/03\/how-to-design-html-newsletter.jpg\"},{\"@type\":\"BreadcrumbList\",\"@id\":\"https:\/\/www.newslettercreator.com\/fr\/logiciel-newsletter\/#breadcrumb\",\"itemListElement\":[{\"@type\":\"ListItem\",\"position\":1,\"name\":\"Home\",\"item\":\"https:\/\/www.newslettercreator.com\/fr\/\"},{\"@type\":\"ListItem\",\"position\":2,\"name\":\"Logiciel pour newsletter\"}]},{\"@type\":\"WebSite\",\"@id\":\"https:\/\/www.newslettercreator.com\/#website\",\"url\":\"https:\/\/www.newslettercreator.com\/\",\"name\":\"Newsletter Creator\",\"description\":\"Pay off\",\"potentialAction\":[{\"@type\":\"SearchAction\",\"target\":{\"@type\":\"EntryPoint\",\"urlTemplate\":\"https:\/\/www.newslettercreator.com\/?s={search_term_string}\"},\"query-input\":{\"@type\":\"PropertyValueSpecification\",\"valueRequired\":true,\"valueName\":\"search_term_string\"}}],\"inLanguage\":\"fr-FR\"}]}<\/script>\n<!-- \/ Yoast SEO plugin. -->","yoast_head_json":{"title":"Logiciel pour newsletter - Newsletter Creator","robots":{"index":"index","follow":"follow","max-snippet":"max-snippet:-1","max-image-preview":"max-image-preview:large","max-video-preview":"max-video-preview:-1"},"canonical":"https:\/\/www.newslettercreator.com\/fr\/logiciel-newsletter\/","og_locale":"fr_FR","og_type":"article","og_title":"Logiciel pour newsletter - Newsletter Creator","og_description":"Tout bon logiciel pour newsletter fournit un outil de cr\u00e9ation d&#8217;email, \u00e0 c\u00f4t\u00e9 de l&rsquo;outil d&rsquo;envoi et d&rsquo;analyse typiques de ces plate-forms. Malheureusement, m\u00eame le logiciel de marketing par courriel le plus raffin\u00e9 a souvent un \u00e9diteur de newsletter interne assez limit\u00e9. Certains sont mieux que d&rsquo;autres, bien s\u00fbr, mais comme un logiciel de bulletin [&hellip;]","og_url":"https:\/\/www.newslettercreator.com\/fr\/logiciel-newsletter\/","og_site_name":"Newsletter Creator","article_modified_time":"2015-01-13T11:15:09+00:00","og_image":[{"url":"http:\/\/www.newslettercreator.com\/wp-content\/uploads\/2014\/03\/how-to-design-html-newsletter.jpg","type":"","width":"","height":""}],"twitter_misc":{"Dur\u00e9e de lecture estim\u00e9e":"2 minutes"},"schema":{"@context":"https:\/\/schema.org","@graph":[{"@type":"WebPage","@id":"https:\/\/www.newslettercreator.com\/fr\/logiciel-newsletter\/","url":"https:\/\/www.newslettercreator.com\/fr\/logiciel-newsletter\/","name":"Logiciel pour newsletter - Newsletter Creator","isPartOf":{"@id":"https:\/\/www.newslettercreator.com\/#website"},"primaryImageOfPage":{"@id":"https:\/\/www.newslettercreator.com\/fr\/logiciel-newsletter\/#primaryimage"},"image":{"@id":"https:\/\/www.newslettercreator.com\/fr\/logiciel-newsletter\/#primaryimage"},"thumbnailUrl":"http:\/\/www.newslettercreator.com\/wp-content\/uploads\/2014\/03\/how-to-design-html-newsletter.jpg","datePublished":"2014-06-20T09:32:53+00:00","dateModified":"2015-01-13T11:15:09+00:00","breadcrumb":{"@id":"https:\/\/www.newslettercreator.com\/fr\/logiciel-newsletter\/#breadcrumb"},"inLanguage":"fr-FR","potentialAction":[{"@type":"ReadAction","target":["https:\/\/www.newslettercreator.com\/fr\/logiciel-newsletter\/"]}]},{"@type":"ImageObject","inLanguage":"fr-FR","@id":"https:\/\/www.newslettercreator.com\/fr\/logiciel-newsletter\/#primaryimage","url":"http:\/\/www.newslettercreator.com\/wp-content\/uploads\/2014\/03\/how-to-design-html-newsletter.jpg","contentUrl":"http:\/\/www.newslettercreator.com\/wp-content\/uploads\/2014\/03\/how-to-design-html-newsletter.jpg"},{"@type":"BreadcrumbList","@id":"https:\/\/www.newslettercreator.com\/fr\/logiciel-newsletter\/#breadcrumb","itemListElement":[{"@type":"ListItem","position":1,"name":"Home","item":"https:\/\/www.newslettercreator.com\/fr\/"},{"@type":"ListItem","position":2,"name":"Logiciel pour newsletter"}]},{"@type":"WebSite","@id":"https:\/\/www.newslettercreator.com\/#website","url":"https:\/\/www.newslettercreator.com\/","name":"Newsletter Creator","description":"Pay off","potentialAction":[{"@type":"SearchAction","target":{"@type":"EntryPoint","urlTemplate":"https:\/\/www.newslettercreator.com\/?s={search_term_string}"},"query-input":{"@type":"PropertyValueSpecification","valueRequired":true,"valueName":"search_term_string"}}],"inLanguage":"fr-FR"}]}},"_links":{"self":[{"href":"https:\/\/www.newslettercreator.com\/fr\/wp-json\/wp\/v2\/pages\/873","targetHints":{"allow":["GET"]}}],"collection":[{"href":"https:\/\/www.newslettercreator.com\/fr\/wp-json\/wp\/v2\/pages"}],"about":[{"href":"https:\/\/www.newslettercreator.com\/fr\/wp-json\/wp\/v2\/types\/page"}],"author":[{"embeddable":true,"href":"https:\/\/www.newslettercreator.com\/fr\/wp-json\/wp\/v2\/users\/1"}],"replies":[{"embeddable":true,"href":"https:\/\/www.newslettercreator.com\/fr\/wp-json\/wp\/v2\/comments?post=873"}],"version-history":[{"count":3,"href":"https:\/\/www.newslettercreator.com\/fr\/wp-json\/wp\/v2\/pages\/873\/revisions"}],"predecessor-version":[{"id":2914,"href":"https:\/\/www.newslettercreator.com\/fr\/wp-json\/wp\/v2\/pages\/873\/revisions\/2914"}],"wp:attachment":[{"href":"https:\/\/www.newslettercreator.com\/fr\/wp-json\/wp\/v2\/media?parent=873"}],"curies":[{"name":"wp","href":"https:\/\/api.w.org\/{rel}","templated":true}]}}