{"id":1227,"date":"2014-09-03T09:00:08","date_gmt":"2014-09-03T09:00:08","guid":{"rendered":"http:\/\/www.newslettercreator.com\/?page_id=1227"},"modified":"2015-11-03T14:13:26","modified_gmt":"2015-11-03T14:13:26","slug":"probalja-ki-ingyen","status":"publish","type":"page","link":"https:\/\/www.newslettercreator.com\/hu\/probalja-ki-ingyen\/","title":{"rendered":"Pr\u00f3b\u00e1lja ki ingyen"},"content":{"rendered":"<ul class=\"g1-grid\"><li class=\"g1-column g1-one-half g1-valign-top\">\n<p><img decoding=\"async\" width=\"457\" height=\"418\" alt=\"Ingyenes v\u00e1ltozat let\u00f6lt\u00e9se\" src=\"http:\/\/www.newslettercreator.com\/wp-content\/uploads\/2014\/09\/monitor.jpg\" \/><\/p>\n<\/li><!-- -->\n<li class=\"g1-column g1-one-half g1-valign-top\">\n<p style=\"text-align: left;\">\n<h1 style=\"line-height:38px !important;\">Pr\u00f3b\u00e1lja ki h\u00edrlev\u00e9l-k\u00e9sz\u00edt\u0151<br \/>szoftver\u00fcnket<br \/>ingyen!<\/h1>\n<\/p>\n<p style=\"text-align: left;\"><a class=\"button large orange\" title=\"Let\u00f6lt\u00e9s Demo\" href=\"http:\/\/www.newslettercreator.com\/utils\/download\/pre-download.php\" target=\"_blank\">LET\u00d6LT\u00c9S DEMO<\/a><\/p>\n<p style=\"text-align: left; font-size: 11px;\">A legfrissebb verzi\u00f3: 2.24.01.17 | Kiad\u00e1s d\u00e1tuma: 17\/01\/2024 | M\u00e9ret: 114.9 MB<br \/>\n<a href=\"http:\/\/www.newslettercreator.com\/license-agreement\/\" target=\"_blank\">Licencmeg\u00e1llapod\u00e1s<\/a> | <a href=\"http:\/\/www.newslettercreator.com\/how-to-uninstall\/\" target=\"_blank\">Elt\u00e1vol\u00edt\u00e1s<\/a><\/p>\n<p><img decoding=\"async\" width=\"196\" height=\"24\" src=\"http:\/\/www.newslettercreator.com\/wp-content\/uploads\/2015\/07\/windows-10-ready.jpg\" alt=\"MailStyler k\u00e9sz a Windows 10\"><\/p>\n<\/li><!-- --><\/ul>\n<p>Az <strong>ingyenes<\/strong> v\u00e1ltozat 20 export\u00e1l\u00e1si lehet\u0151s\u00e9get biztos\u00edt HTML form\u00e1tumba, melyet b\u00e1rmely levelez\u0151programban vagy e-mail marketing platformon haszn\u00e1lhat.<\/p>\n<p>Ezen fel\u00fcl hozz\u00e1f\u00e9r\u00e9st kap <strong>alap k\u00e9pgy\u0171jtem\u00e9ny\u00fcnkh\u00f6z<\/strong> (t\u00f6bb mint 200 v\u00edzjel n\u00e9lk\u00fcli, \u00e9s t\u00f6bb mint 2000 v\u00edzjellel ell\u00e1tott k\u00e9p).<\/p>\n","protected":false},"excerpt":{"rendered":"<p>Az ingyenes v\u00e1ltozat 20 export\u00e1l\u00e1si lehet\u0151s\u00e9get biztos\u00edt HTML form\u00e1tumba, melyet b\u00e1rmely levelez\u0151programban vagy e-mail marketing platformon haszn\u00e1lhat. Ezen fel\u00fcl hozz\u00e1f\u00e9r\u00e9st kap alap k\u00e9pgy\u0171jtem\u00e9ny\u00fcnkh\u00f6z (t\u00f6bb mint 200 v\u00edzjel n\u00e9lk\u00fcli, \u00e9s t\u00f6bb mint 2000 v\u00edzjellel ell\u00e1tott k\u00e9p).<\/p>\n","protected":false},"author":1,"featured_media":0,"parent":0,"menu_order":0,"comment_status":"closed","ping_status":"closed","template":"","meta":{"inline_featured_image":false,"_monsterinsights_skip_tracking":false,"_monsterinsights_sitenote_active":false,"_monsterinsights_sitenote_note":"","_monsterinsights_sitenote_category":0,"footnotes":""},"class_list":["post-1227","page","type-page","status-publish"],"yoast_head":"<!-- This site is optimized with the Yoast SEO plugin v25.2 - https:\/\/yoast.com\/wordpress\/plugins\/seo\/ -->\n<title>Pr\u00f3b\u00e1lja ki ingyen - Newsletter Creator<\/title>\n<meta name=\"robots\" content=\"index, follow, max-snippet:-1, max-image-preview:large, max-video-preview:-1\" \/>\n<link rel=\"canonical\" href=\"https:\/\/www.newslettercreator.com\/hu\/probalja-ki-ingyen\/\" \/>\n<meta property=\"og:locale\" content=\"hu_HU\" \/>\n<meta property=\"og:type\" content=\"article\" \/>\n<meta property=\"og:title\" content=\"Pr\u00f3b\u00e1lja ki ingyen - Newsletter Creator\" \/>\n<meta property=\"og:description\" content=\"Az ingyenes v\u00e1ltozat 20 export\u00e1l\u00e1si lehet\u0151s\u00e9get biztos\u00edt HTML form\u00e1tumba, melyet b\u00e1rmely levelez\u0151programban vagy e-mail marketing platformon haszn\u00e1lhat. Ezen fel\u00fcl hozz\u00e1f\u00e9r\u00e9st kap alap k\u00e9pgy\u0171jtem\u00e9ny\u00fcnkh\u00f6z (t\u00f6bb mint 200 v\u00edzjel n\u00e9lk\u00fcli, \u00e9s t\u00f6bb mint 2000 v\u00edzjellel ell\u00e1tott k\u00e9p).\" \/>\n<meta property=\"og:url\" content=\"https:\/\/www.newslettercreator.com\/hu\/probalja-ki-ingyen\/\" \/>\n<meta property=\"og:site_name\" content=\"Newsletter Creator\" \/>\n<meta property=\"article:modified_time\" content=\"2015-11-03T14:13:26+00:00\" \/>\n<meta property=\"og:image\" content=\"http:\/\/www.newslettercreator.com\/wp-content\/uploads\/2014\/09\/monitor.jpg\" \/>\n<meta name=\"twitter:label1\" content=\"Becs\u00fclt olvas\u00e1si id\u0151\" \/>\n\t<meta name=\"twitter:data1\" content=\"1 perc\" \/>\n<script type=\"application\/ld+json\" class=\"yoast-schema-graph\">{\"@context\":\"https:\/\/schema.org\",\"@graph\":[{\"@type\":\"WebPage\",\"@id\":\"https:\/\/www.newslettercreator.com\/hu\/probalja-ki-ingyen\/\",\"url\":\"https:\/\/www.newslettercreator.com\/hu\/probalja-ki-ingyen\/\",\"name\":\"Pr\u00f3b\u00e1lja ki ingyen - Newsletter Creator\",\"isPartOf\":{\"@id\":\"https:\/\/www.newslettercreator.com\/#website\"},\"primaryImageOfPage\":{\"@id\":\"https:\/\/www.newslettercreator.com\/hu\/probalja-ki-ingyen\/#primaryimage\"},\"image\":{\"@id\":\"https:\/\/www.newslettercreator.com\/hu\/probalja-ki-ingyen\/#primaryimage\"},\"thumbnailUrl\":\"http:\/\/www.newslettercreator.com\/wp-content\/uploads\/2014\/09\/monitor.jpg\",\"datePublished\":\"2014-09-03T09:00:08+00:00\",\"dateModified\":\"2015-11-03T14:13:26+00:00\",\"breadcrumb\":{\"@id\":\"https:\/\/www.newslettercreator.com\/hu\/probalja-ki-ingyen\/#breadcrumb\"},\"inLanguage\":\"hu\",\"potentialAction\":[{\"@type\":\"ReadAction\",\"target\":[\"https:\/\/www.newslettercreator.com\/hu\/probalja-ki-ingyen\/\"]}]},{\"@type\":\"ImageObject\",\"inLanguage\":\"hu\",\"@id\":\"https:\/\/www.newslettercreator.com\/hu\/probalja-ki-ingyen\/#primaryimage\",\"url\":\"http:\/\/www.newslettercreator.com\/wp-content\/uploads\/2014\/09\/monitor.jpg\",\"contentUrl\":\"http:\/\/www.newslettercreator.com\/wp-content\/uploads\/2014\/09\/monitor.jpg\"},{\"@type\":\"BreadcrumbList\",\"@id\":\"https:\/\/www.newslettercreator.com\/hu\/probalja-ki-ingyen\/#breadcrumb\",\"itemListElement\":[{\"@type\":\"ListItem\",\"position\":1,\"name\":\"Home\",\"item\":\"https:\/\/www.newslettercreator.com\/hu\/\"},{\"@type\":\"ListItem\",\"position\":2,\"name\":\"Pr\u00f3b\u00e1lja ki ingyen\"}]},{\"@type\":\"WebSite\",\"@id\":\"https:\/\/www.newslettercreator.com\/#website\",\"url\":\"https:\/\/www.newslettercreator.com\/\",\"name\":\"Newsletter Creator\",\"description\":\"Pay off\",\"potentialAction\":[{\"@type\":\"SearchAction\",\"target\":{\"@type\":\"EntryPoint\",\"urlTemplate\":\"https:\/\/www.newslettercreator.com\/?s={search_term_string}\"},\"query-input\":{\"@type\":\"PropertyValueSpecification\",\"valueRequired\":true,\"valueName\":\"search_term_string\"}}],\"inLanguage\":\"hu\"}]}<\/script>\n<!-- \/ Yoast SEO plugin. -->","yoast_head_json":{"title":"Pr\u00f3b\u00e1lja ki ingyen - Newsletter Creator","robots":{"index":"index","follow":"follow","max-snippet":"max-snippet:-1","max-image-preview":"max-image-preview:large","max-video-preview":"max-video-preview:-1"},"canonical":"https:\/\/www.newslettercreator.com\/hu\/probalja-ki-ingyen\/","og_locale":"hu_HU","og_type":"article","og_title":"Pr\u00f3b\u00e1lja ki ingyen - Newsletter Creator","og_description":"Az ingyenes v\u00e1ltozat 20 export\u00e1l\u00e1si lehet\u0151s\u00e9get biztos\u00edt HTML form\u00e1tumba, melyet b\u00e1rmely levelez\u0151programban vagy e-mail marketing platformon haszn\u00e1lhat. Ezen fel\u00fcl hozz\u00e1f\u00e9r\u00e9st kap alap k\u00e9pgy\u0171jtem\u00e9ny\u00fcnkh\u00f6z (t\u00f6bb mint 200 v\u00edzjel n\u00e9lk\u00fcli, \u00e9s t\u00f6bb mint 2000 v\u00edzjellel ell\u00e1tott k\u00e9p).","og_url":"https:\/\/www.newslettercreator.com\/hu\/probalja-ki-ingyen\/","og_site_name":"Newsletter Creator","article_modified_time":"2015-11-03T14:13:26+00:00","og_image":[{"url":"http:\/\/www.newslettercreator.com\/wp-content\/uploads\/2014\/09\/monitor.jpg","type":"","width":"","height":""}],"twitter_misc":{"Becs\u00fclt olvas\u00e1si id\u0151":"1 perc"},"schema":{"@context":"https:\/\/schema.org","@graph":[{"@type":"WebPage","@id":"https:\/\/www.newslettercreator.com\/hu\/probalja-ki-ingyen\/","url":"https:\/\/www.newslettercreator.com\/hu\/probalja-ki-ingyen\/","name":"Pr\u00f3b\u00e1lja ki ingyen - Newsletter Creator","isPartOf":{"@id":"https:\/\/www.newslettercreator.com\/#website"},"primaryImageOfPage":{"@id":"https:\/\/www.newslettercreator.com\/hu\/probalja-ki-ingyen\/#primaryimage"},"image":{"@id":"https:\/\/www.newslettercreator.com\/hu\/probalja-ki-ingyen\/#primaryimage"},"thumbnailUrl":"http:\/\/www.newslettercreator.com\/wp-content\/uploads\/2014\/09\/monitor.jpg","datePublished":"2014-09-03T09:00:08+00:00","dateModified":"2015-11-03T14:13:26+00:00","breadcrumb":{"@id":"https:\/\/www.newslettercreator.com\/hu\/probalja-ki-ingyen\/#breadcrumb"},"inLanguage":"hu","potentialAction":[{"@type":"ReadAction","target":["https:\/\/www.newslettercreator.com\/hu\/probalja-ki-ingyen\/"]}]},{"@type":"ImageObject","inLanguage":"hu","@id":"https:\/\/www.newslettercreator.com\/hu\/probalja-ki-ingyen\/#primaryimage","url":"http:\/\/www.newslettercreator.com\/wp-content\/uploads\/2014\/09\/monitor.jpg","contentUrl":"http:\/\/www.newslettercreator.com\/wp-content\/uploads\/2014\/09\/monitor.jpg"},{"@type":"BreadcrumbList","@id":"https:\/\/www.newslettercreator.com\/hu\/probalja-ki-ingyen\/#breadcrumb","itemListElement":[{"@type":"ListItem","position":1,"name":"Home","item":"https:\/\/www.newslettercreator.com\/hu\/"},{"@type":"ListItem","position":2,"name":"Pr\u00f3b\u00e1lja ki ingyen"}]},{"@type":"WebSite","@id":"https:\/\/www.newslettercreator.com\/#website","url":"https:\/\/www.newslettercreator.com\/","name":"Newsletter Creator","description":"Pay off","potentialAction":[{"@type":"SearchAction","target":{"@type":"EntryPoint","urlTemplate":"https:\/\/www.newslettercreator.com\/?s={search_term_string}"},"query-input":{"@type":"PropertyValueSpecification","valueRequired":true,"valueName":"search_term_string"}}],"inLanguage":"hu"}]}},"_links":{"self":[{"href":"https:\/\/www.newslettercreator.com\/hu\/wp-json\/wp\/v2\/pages\/1227","targetHints":{"allow":["GET"]}}],"collection":[{"href":"https:\/\/www.newslettercreator.com\/hu\/wp-json\/wp\/v2\/pages"}],"about":[{"href":"https:\/\/www.newslettercreator.com\/hu\/wp-json\/wp\/v2\/types\/page"}],"author":[{"embeddable":true,"href":"https:\/\/www.newslettercreator.com\/hu\/wp-json\/wp\/v2\/users\/1"}],"replies":[{"embeddable":true,"href":"https:\/\/www.newslettercreator.com\/hu\/wp-json\/wp\/v2\/comments?post=1227"}],"version-history":[{"count":6,"href":"https:\/\/www.newslettercreator.com\/hu\/wp-json\/wp\/v2\/pages\/1227\/revisions"}],"predecessor-version":[{"id":3963,"href":"https:\/\/www.newslettercreator.com\/hu\/wp-json\/wp\/v2\/pages\/1227\/revisions\/3963"}],"wp:attachment":[{"href":"https:\/\/www.newslettercreator.com\/hu\/wp-json\/wp\/v2\/media?parent=1227"}],"curies":[{"name":"wp","href":"https:\/\/api.w.org\/{rel}","templated":true}]}}