{"id":1229,"date":"2014-09-03T09:01:10","date_gmt":"2014-09-03T09:01:10","guid":{"rendered":"http:\/\/www.newslettercreator.com\/?page_id=1229"},"modified":"2022-03-03T14:14:44","modified_gmt":"2022-03-03T13:14:44","slug":"araink","status":"publish","type":"page","link":"https:\/\/www.newslettercreator.com\/hu\/araink\/","title":{"rendered":"\u00c1raink"},"content":{"rendered":"<style type=\"text\/css\" scoped=\"scoped\">#g1-section-1.g1-section {background-color: #ffffff; background-repeat:no-repeat; background-position:left top; background-attachment:static; padding-top:0px;}<\/style><div id=\"g1-section-1\" class=\"g1-section \"><div class=\"g1-layout-inner\"><br \/>\nBecause each company has a different structure and different needs, MailStyler lets you choose from <strong>different types of licenses<\/strong>.<br \/>\nThe <strong>Demo version<\/strong> will give you full access to the software forever to create your own templates and newsletters without exporting them.<br \/>\nThe <strong>Basic version<\/strong> gives you an unlimited license, a library of high-resolution images, and 12 months of updates and assistance.<\/p>\n<p>If you are looking for a <strong>license with no limits<\/strong>, <strong>MailStyler Pro is the right choice<\/strong>. You\u2019ll get a dedicated cloud space to upload your images, a library of 2,000 high-resolution images and integrated support service. It\u2019s <strong>the perfect solution to create professional newsletters<\/strong>.<\/p>\n<\/div><\/div>\n<style type=\"text\/css\" scoped=\"scoped\">#g1-section-2.g1-section {background-color: #ffffff; background-repeat:no-repeat; background-position:left top; background-attachment:static; padding-bottom:40px; padding-top:10px;}<\/style><div id=\"g1-section-2\" class=\"g1-section pricingLists\"><div class=\"g1-layout-inner\">\n<ul class=\"g1-grid\"><li class=\"g1-column g1-one-fourth g1-valign-top\">\n<div id=\"g1-box-counter-1\" class=\"g1-box g1-box--simple  g1-box--icon\" ><i class=\"fa fa-star-o g1-box__icon\"><\/i><div class=\"g1-box__inner\">\n<h2 style=\"text-align: center;\">MailStyler<\/h2>\n<h4 style=\"text-align: center;\">Free Demo<\/h4>\n<div id=\"g1-divider-1\" class=\"g1-divider g1-divider--none g1-divider--noicon \"><\/div>\n\n<ul id=\"g1-list-1\" class=\"g1-list--empty g1-list--simple setHeight\">\n<li>Lifetime license<\/li>\n<li>Trial exportations<br \/>\n<span style=\"font-size: 11px;\"><em>(all exported HTML emails are scrambled)<br \/>\n<\/em><\/span><\/li>\n<li>Unlimited cloud space<\/li>\n<li><a title=\"Basic image library \" href=\"http:\/\/www.newslettercreator.com\/basic-image-library\/\">Basic image library <\/a><br \/>\n<span style=\"font-size: 11px;\"><em>(Limited access to the MailStyler library)<br \/>\n<\/em><\/span><\/li>\n<li>Limited template gallery<\/li>\n<li>No license required<br \/>\n<span style=\"font-size: 11px;\"><em>(The software can be downloaded freely)<\/em><\/span><\/li>\n<li>Compatible with Windows 10, Windows 11<\/li>\n<li>Technical support<\/li>\n<\/ul>\n\n<div id=\"g1-divider-2\" class=\"g1-divider g1-divider--none g1-divider--noicon \"><\/div>\n<h1 style=\"text-align: center;\">$0<!-- USD --><sup>00<\/sup><\/h1>\n<div id=\"g1-divider-3\" class=\"g1-divider g1-divider--none g1-divider--noicon \"><\/div>\n<div class=\"pricingPrice\">\n<p style=\"text-align: center;\"><a class=\"button large orange\" style=\"margin-bottom: 10px;\" title=\"Download Demo\" href=\"http:\/\/www.newslettercreator.com\/utils\/download\/pre-download.php\" target=\"_self\" rel=\"noopener noreferrer\">Get Free Demo<\/a><\/p>\n<p style=\"margin-top: 29px;\">\n<\/div>\n<\/div><\/div>\n<\/li><!-- -->\n<li class=\"g1-column g1-one-fourth g1-valign-top\">\n<div id=\"g1-box-counter-2\" class=\"g1-box g1-box--simple  g1-box--icon\" ><i class=\"fa fa-star-half-o g1-box__icon\"><\/i><div class=\"g1-box__inner\">\n<h2 style=\"text-align: center;\">MailStyler<\/h2>\n<h4 style=\"text-align: center;\">Basic<\/h4>\n<div id=\"g1-divider-4\" class=\"g1-divider g1-divider--none g1-divider--noicon \"><\/div>\n\n<ul id=\"g1-list-2\" class=\"g1-list--empty g1-list--simple setHeight\">\n<li>Lifetime license<\/li>\n<li>Unlimited exportations<br \/>\n<span style=\"font-size: 11px;\"><em>(for any email marketing platforms and email clients)<\/em><\/span><\/li>\n<li>No cloud space<\/li>\n<li><a title=\"Basic image library\" href=\"http:\/\/www.newslettercreator.com\/basic-image-library\/\">Basic image library<\/a><br \/>\n<span style=\"font-size: 11px;\"><em>(Limited access to the MailStyler library)<br \/>\n<\/em><\/span><\/li>\n<li>Limited template gallery<\/li>\n<li>1 installation<br \/>\n<span style=\"font-size: 11px;\"><em>(on 1 computer)<\/em><\/span><\/li>\n<li>Compatible with Windows 10, Windows 11<\/li>\n<li>Assistance and updates<br \/>\nfor 1 year<\/li>\n<\/ul>\n\n<div id=\"g1-divider-5\" class=\"g1-divider g1-divider--none g1-divider--noicon \"><\/div>\n<h1 style=\"text-align: center;\">$99<!-- USD --><sup>00<\/sup><\/h1>\n<div id=\"g1-divider-6\" class=\"g1-divider g1-divider--none g1-divider--noicon \"><\/div>\n<div  class=\"pricingPrice\">\n<p style=\"text-align: center;\" ><a class=\"button large orange\" style=\"margin-bottom: 10px;\" title=\"Buy MailStyler Basic\" href=\"http:\/\/www.newslettercreator.com\/utils\/buy\/?lang=en&amp;prod=base\" target=\"_self\" rel=\"noopener noreferrer\">Buy now MailStyler Basic<\/a><\/p>\n<\/div>\n<\/div><\/div>\n<\/li><!-- -->\n<li class=\"g1-column g1-one-fourth g1-valign-top\">\n<div id=\"g1-box-counter-3\" class=\"g1-box g1-box--simple  g1-box--icon\" ><i class=\"fa fa-star g1-box__icon\"><\/i><div class=\"g1-box__inner\">\n<h2 style=\"text-align: center;\">MailStyler<\/h2>\n<h4 style=\"text-align: center;\">Pro<\/h4>\n<div id=\"g1-divider-7\" class=\"g1-divider g1-divider--none g1-divider--noicon \"><\/div>\n\n<ul id=\"g1-list-3\" class=\"g1-list--empty g1-list--simple setHeight\">\n<li><strong>Lifetime license<\/strong><\/li>\n<li><strong>Unlimited exportations<\/strong><br \/>\n<span style=\"font-size: 11px;\"><em>(for any email marketing platforms and email clients)<\/em><\/span><\/li>\n<li><strong><a title=\"Unlimited cloud space\" href=\"http:\/\/www.newslettercreator.com\/unlimited-free-cloud-space\/\">Unlimited cloud space<\/a><\/strong><\/li>\n<li><a title=\"Advanced image library\" href=\"http:\/\/www.newslettercreator.com\/advanced-image-library\/\"><strong>Advanced image library<\/strong><\/a><br \/>\n<span style=\"font-size: 11px;\"><em>More than <strong>3.5 million images<\/strong>.<br \/>Full MailStyler library plus<br \/><img decoding=\"async\" src=\"https:\/\/www.newslettercreator.com\/wp-content\/uploads\/2022\/03\/unsplash-18x79-1.svg\" width=\"79\" height=\"18\" style=\"margin-bottom: -3px; opacity: 0.8;\"> &#038; <img decoding=\"async\" src=\"https:\/\/www.newslettercreator.com\/wp-content\/uploads\/2022\/03\/pixabay-18x93-1.svg\" width=\"93\" height=\"18\" style=\"margin-bottom: -3px;\"><\/em><\/span><\/li>\n<li><strong>Full template gallery<\/strong><\/li>\n<li><strong>1 installation<\/strong><br \/>\n<span style=\"font-size: 11px;\"><em>(on 1 computer)<\/em><\/span><\/li>\n<li><strong>Compatible with Windows 10, Windows 11<\/strong><\/li>\n<li><strong>Assistance and updates<br \/>\nfor 1 year<\/strong><\/li>\n<\/ul>\n\n<div id=\"g1-divider-8\" class=\"g1-divider g1-divider--none g1-divider--noicon \"><\/div>\n<h1 style=\"text-align: center;\">$199<!-- USD --><sup>00<\/sup><\/h1>\n<div id=\"g1-divider-9\" class=\"g1-divider g1-divider--none g1-divider--noicon \"><\/div>\n<div class=\"pricingPrice\">\n<p style=\"text-align: center;\"><a class=\"button large orange\" style=\"margin-bottom: 10px; width: 157px;\" title=\"Buy Mailstyler Pro\" href=\"http:\/\/www.newslettercreator.com\/utils\/buy\/?lang=en&amp;prod=pro\" target=\"_self\" rel=\"noopener noreferrer\">Buy now MailStyler pro<\/a><br \/>\n<a class=\"button large darkgray\" style=\"margin-bottom: 10px;\" title=\"Upgrade to MailStyler PRO\" href=\"http:\/\/www.newslettercreator.com\/upgrade\/\" target=\"_self\" rel=\"noopener noreferrer\">Upgrade Basic to Pro<\/a><br \/>\n<a title=\"Why upgrade MailStyler?\" href=\"http:\/\/www.newslettercreator.com\/why-upgrade\/\">Why upgrade?<\/a><\/p>\n<\/div>\n<\/div><\/div>\n<\/li><!-- -->\n<li class=\"g1-column g1-one-fourth g1-valign-top\">\n<div id=\"g1-box-counter-4\" class=\"g1-box g1-box--simple  g1-box--icon\" ><i class=\"fa fa-server g1-box__icon\"><\/i><div class=\"g1-box__inner\">\n<h2 style=\"text-align: center;\">MailStyler<\/h2>\n<h4 style=\"text-align: center;\">Server<\/h4>\n<div id=\"g1-divider-10\" class=\"g1-divider g1-divider--none g1-divider--noicon \"><\/div>\n\n<ul id=\"g1-list-4\" class=\"g1-list--empty g1-list--simple setHeight\">\n<li>Lifetime license<\/li>\n<li>Unlimited exportations<br \/>\n<span style=\"font-size: 11px;\"><em>(for any email marketing platforms and email clients)<\/em><\/span><\/li>\n<li><a title=\"Unlimited cloud space\" href=\"http:\/\/www.newslettercreator.com\/unlimited-free-cloud-space\/\">Unlimited cloud space<\/a><\/li>\n<li><a title=\"Advanced image library\" href=\"http:\/\/www.newslettercreator.com\/advanced-image-library\/\">Advanced image library<\/a><br \/>\n<span style=\"font-size: 11px;\"><em>More than <strong>3.5 million images<\/strong>.<br \/>Full MailStyler library plus<br \/><img decoding=\"async\" src=\"https:\/\/www.newslettercreator.com\/wp-content\/uploads\/2022\/03\/unsplash-18x79-1.svg\" width=\"79\" height=\"18\" style=\"margin-bottom: -3px; opacity: 0.8;\"> &#038; <img decoding=\"async\" src=\"https:\/\/www.newslettercreator.com\/wp-content\/uploads\/2022\/03\/pixabay-18x93-1.svg\" width=\"93\" height=\"18\" style=\"margin-bottom: -3px;\"><\/em><\/span><\/li>\n<li>Full template gallery<\/li>\n<li>1 installation<br \/>\n<span style=\"font-size: 11px;\"><em>(available on 1 Windows Server and up to 25 clients)<\/em><\/span><\/li>\n<li>Compatible with Windows 10, Windows 11, Windows Server<\/li>\n<li>Assistance and updates<br \/>\nfor 1 year<\/li>\n<\/ul>\n\n<div id=\"g1-divider-11\" class=\"g1-divider g1-divider--none g1-divider--noicon \"><\/div>\n<h1 style=\"text-align: center;\">$1499<!-- USD --><sup>00<\/sup><\/h1>\n<div id=\"g1-divider-12\" class=\"g1-divider g1-divider--none g1-divider--noicon \"><\/div>\n<div class=\"pricingPrice\">\n<p style=\"text-align: center;\"><a class=\"button large orange\" style=\"margin-bottom: 10px; width: 157px;\" title=\"Buy Mailstyler Server\" href=\"http:\/\/www.newslettercreator.com\/utils\/buy\/?lang=en&amp;prod=server\" target=\"_self\" rel=\"noopener noreferrer\">Buy now MailStyler Server<\/a>\n<\/div>\n<\/div><\/div>\n<\/li><!-- --><\/ul>\n<p style=\"background-color: #f4f4f4; text-align: center; padding: 7px; border-radius: 5px;\"><i id=\"icon-1\" class=\"g1-icon g1-icon--none g1-icon--small g1-icon--inherit  fa fa-info-circle\"><\/i> <strong>You already have MailStyler 1<\/strong> and would like to upgrade to the new version? <a title=\"Upgrade to MailStyler\" href=\"http:\/\/www.newslettercreator.com\/upgrade-mailstyler-2\/\">Click here<\/a><\/p>\n<\/div><\/div>\n<style type=\"text\/css\" scoped=\"scoped\">#g1-section-3.g1-section {background-color: #f4f4f4; background-repeat:no-repeat; background-position:left top; background-attachment:static; padding-bottom:30px; padding-top:40px;}<\/style><div id=\"g1-section-3\" class=\"g1-section \"><div class=\"g1-layout-inner\">\n<ul class=\"g1-grid\"><li class=\"g1-column g1-one-third g1-valign-top\">\n<h2>Assistance<\/h2>\n<p>Our <strong>technical support<\/strong> is always at your disposal to guide you through the installation process and help you if you run into problems.<\/p>\n<p><a href=\"http:\/\/support.newslettercreator.com\/?&amp;lang=en\">Contact one of our consultants<\/a><\/p>\n<\/li><!-- -->\n<li class=\"g1-column g1-one-third g1-valign-top\">\n<h2>Updates<\/h2>\n<p>To answer to our customers\u2019 changing needs, MailStyler is <strong>always evolving<\/strong>. That&#8217;s why our experts are constantly working to improve the software and <strong>releasing regular updates<\/strong> with new tools and functionalities. MailStyler is always up to date.<\/p>\n<p><a href=\"http:\/\/www.newslettercreator.com\/help-mailstyler2\/updates-history\/\">Learn more about updates.<\/a><\/p>\n<\/li><!-- -->\n<li class=\"g1-column g1-one-third g1-valign-top\">\n<h2>After the first year<\/h2>\n<p>All updates released during the first 12 months of your purchase <strong>are included<\/strong> in your license together with our Assistance service. After that period, MailStyler will <strong>continue to operate<\/strong>, maintaining the same functionalities, while updates and Assistance may be extended for a fee.<\/p>\n<p><!--<a href=\"http:\/\/www.newslettercreator.com\/it\/rinnovi-aggiornamenti\">Scopri come rinnovare i servizi<\/a>--><\/p>\n<\/li><!-- --><\/ul>\n<\/div><\/div>\n<style type=\"text\/css\" scoped=\"scoped\">#g1-section-4.g1-section {background-color: #ffffff; background-repeat:no-repeat; background-position:left top; background-attachment:static; padding-bottom:30px; padding-top:40px;}<\/style><div id=\"g1-section-4\" class=\"g1-section \"><div class=\"g1-layout-inner\">\n<h2>Do you need multiple licences?<\/h2>\n<p>If you need to purchase <strong>multiple licenses<\/strong>, MailStyler can offer <strong>special prices and discounts<\/strong>. Choose between the double multi-license with a <strong>20% discount<\/strong> or the 5-license pack with an immediate discount of 30%. Plus, if you purchase a multi-license pack you can join our <strong>Reseller Program<\/strong>: find out all the benefits of becoming a MailStyler partner.<\/p>\n<p style=\"text-align: center;\"><a class=\"button large orange-empty no-margin-mobile\" style=\"margin-bottom: 10px; min-width: 190px;\" title=\"Buy multi-licenses\" href=\"http:\/\/www.newslettercreator.com\/utils\/buy\/?lang=en&amp;prod=multipro\" target=\"_self\" rel=\"noopener noreferrer\">Buy multi-licenses<\/a> \u00a0 <a class=\"button large darkgray-empty\" style=\"margin-bottom: 10px; min-width: 190px;\" title=\"Become a MailStyler partner\" href=\"http:\/\/www.newslettercreator.com\/partnership\/\" target=\"_self\" rel=\"noopener noreferrer\">Become a MailStyler partner<\/a><\/p>\n<\/div><\/div>\n","protected":false},"excerpt":{"rendered":"","protected":false},"author":1,"featured_media":0,"parent":0,"menu_order":0,"comment_status":"closed","ping_status":"closed","template":"g1_template_page_full_sections.php","meta":{"inline_featured_image":false,"_monsterinsights_skip_tracking":false,"_monsterinsights_sitenote_active":false,"_monsterinsights_sitenote_note":"","_monsterinsights_sitenote_category":0,"footnotes":""},"class_list":["post-1229","page","type-page","status-publish"],"yoast_head":"<!-- This site is optimized with the Yoast SEO plugin v25.2 - https:\/\/yoast.com\/wordpress\/plugins\/seo\/ -->\n<title>\u00c1raink - Newsletter Creator<\/title>\n<meta name=\"robots\" content=\"index, follow, max-snippet:-1, max-image-preview:large, max-video-preview:-1\" \/>\n<link rel=\"canonical\" href=\"https:\/\/www.newslettercreator.com\/hu\/araink\/\" \/>\n<meta property=\"og:locale\" content=\"hu_HU\" \/>\n<meta property=\"og:type\" content=\"article\" \/>\n<meta property=\"og:title\" content=\"\u00c1raink - Newsletter Creator\" \/>\n<meta property=\"og:url\" content=\"https:\/\/www.newslettercreator.com\/hu\/araink\/\" \/>\n<meta property=\"og:site_name\" content=\"Newsletter Creator\" \/>\n<meta property=\"article:modified_time\" content=\"2022-03-03T13:14:44+00:00\" \/>\n<meta property=\"og:image\" content=\"https:\/\/www.newslettercreator.com\/wp-content\/uploads\/2022\/03\/unsplash-18x79-1.svg\" \/>\n<meta name=\"twitter:label1\" content=\"Becs\u00fclt olvas\u00e1si id\u0151\" \/>\n\t<meta name=\"twitter:data1\" content=\"4 perc\" \/>\n<script type=\"application\/ld+json\" class=\"yoast-schema-graph\">{\"@context\":\"https:\/\/schema.org\",\"@graph\":[{\"@type\":\"WebPage\",\"@id\":\"https:\/\/www.newslettercreator.com\/hu\/araink\/\",\"url\":\"https:\/\/www.newslettercreator.com\/hu\/araink\/\",\"name\":\"\u00c1raink - Newsletter Creator\",\"isPartOf\":{\"@id\":\"https:\/\/www.newslettercreator.com\/#website\"},\"primaryImageOfPage\":{\"@id\":\"https:\/\/www.newslettercreator.com\/hu\/araink\/#primaryimage\"},\"image\":{\"@id\":\"https:\/\/www.newslettercreator.com\/hu\/araink\/#primaryimage\"},\"thumbnailUrl\":\"https:\/\/www.newslettercreator.com\/wp-content\/uploads\/2022\/03\/unsplash-18x79-1.svg\",\"datePublished\":\"2014-09-03T09:01:10+00:00\",\"dateModified\":\"2022-03-03T13:14:44+00:00\",\"breadcrumb\":{\"@id\":\"https:\/\/www.newslettercreator.com\/hu\/araink\/#breadcrumb\"},\"inLanguage\":\"hu\",\"potentialAction\":[{\"@type\":\"ReadAction\",\"target\":[\"https:\/\/www.newslettercreator.com\/hu\/araink\/\"]}]},{\"@type\":\"ImageObject\",\"inLanguage\":\"hu\",\"@id\":\"https:\/\/www.newslettercreator.com\/hu\/araink\/#primaryimage\",\"url\":\"https:\/\/www.newslettercreator.com\/wp-content\/uploads\/2022\/03\/unsplash-18x79-1.svg\",\"contentUrl\":\"https:\/\/www.newslettercreator.com\/wp-content\/uploads\/2022\/03\/unsplash-18x79-1.svg\"},{\"@type\":\"BreadcrumbList\",\"@id\":\"https:\/\/www.newslettercreator.com\/hu\/araink\/#breadcrumb\",\"itemListElement\":[{\"@type\":\"ListItem\",\"position\":1,\"name\":\"Home\",\"item\":\"https:\/\/www.newslettercreator.com\/hu\/\"},{\"@type\":\"ListItem\",\"position\":2,\"name\":\"\u00c1raink\"}]},{\"@type\":\"WebSite\",\"@id\":\"https:\/\/www.newslettercreator.com\/#website\",\"url\":\"https:\/\/www.newslettercreator.com\/\",\"name\":\"Newsletter Creator\",\"description\":\"Pay off\",\"potentialAction\":[{\"@type\":\"SearchAction\",\"target\":{\"@type\":\"EntryPoint\",\"urlTemplate\":\"https:\/\/www.newslettercreator.com\/?s={search_term_string}\"},\"query-input\":{\"@type\":\"PropertyValueSpecification\",\"valueRequired\":true,\"valueName\":\"search_term_string\"}}],\"inLanguage\":\"hu\"}]}<\/script>\n<!-- \/ Yoast SEO plugin. -->","yoast_head_json":{"title":"\u00c1raink - Newsletter Creator","robots":{"index":"index","follow":"follow","max-snippet":"max-snippet:-1","max-image-preview":"max-image-preview:large","max-video-preview":"max-video-preview:-1"},"canonical":"https:\/\/www.newslettercreator.com\/hu\/araink\/","og_locale":"hu_HU","og_type":"article","og_title":"\u00c1raink - Newsletter Creator","og_url":"https:\/\/www.newslettercreator.com\/hu\/araink\/","og_site_name":"Newsletter Creator","article_modified_time":"2022-03-03T13:14:44+00:00","og_image":[{"url":"https:\/\/www.newslettercreator.com\/wp-content\/uploads\/2022\/03\/unsplash-18x79-1.svg","type":"","width":"","height":""}],"twitter_misc":{"Becs\u00fclt olvas\u00e1si id\u0151":"4 perc"},"schema":{"@context":"https:\/\/schema.org","@graph":[{"@type":"WebPage","@id":"https:\/\/www.newslettercreator.com\/hu\/araink\/","url":"https:\/\/www.newslettercreator.com\/hu\/araink\/","name":"\u00c1raink - Newsletter Creator","isPartOf":{"@id":"https:\/\/www.newslettercreator.com\/#website"},"primaryImageOfPage":{"@id":"https:\/\/www.newslettercreator.com\/hu\/araink\/#primaryimage"},"image":{"@id":"https:\/\/www.newslettercreator.com\/hu\/araink\/#primaryimage"},"thumbnailUrl":"https:\/\/www.newslettercreator.com\/wp-content\/uploads\/2022\/03\/unsplash-18x79-1.svg","datePublished":"2014-09-03T09:01:10+00:00","dateModified":"2022-03-03T13:14:44+00:00","breadcrumb":{"@id":"https:\/\/www.newslettercreator.com\/hu\/araink\/#breadcrumb"},"inLanguage":"hu","potentialAction":[{"@type":"ReadAction","target":["https:\/\/www.newslettercreator.com\/hu\/araink\/"]}]},{"@type":"ImageObject","inLanguage":"hu","@id":"https:\/\/www.newslettercreator.com\/hu\/araink\/#primaryimage","url":"https:\/\/www.newslettercreator.com\/wp-content\/uploads\/2022\/03\/unsplash-18x79-1.svg","contentUrl":"https:\/\/www.newslettercreator.com\/wp-content\/uploads\/2022\/03\/unsplash-18x79-1.svg"},{"@type":"BreadcrumbList","@id":"https:\/\/www.newslettercreator.com\/hu\/araink\/#breadcrumb","itemListElement":[{"@type":"ListItem","position":1,"name":"Home","item":"https:\/\/www.newslettercreator.com\/hu\/"},{"@type":"ListItem","position":2,"name":"\u00c1raink"}]},{"@type":"WebSite","@id":"https:\/\/www.newslettercreator.com\/#website","url":"https:\/\/www.newslettercreator.com\/","name":"Newsletter Creator","description":"Pay off","potentialAction":[{"@type":"SearchAction","target":{"@type":"EntryPoint","urlTemplate":"https:\/\/www.newslettercreator.com\/?s={search_term_string}"},"query-input":{"@type":"PropertyValueSpecification","valueRequired":true,"valueName":"search_term_string"}}],"inLanguage":"hu"}]}},"_links":{"self":[{"href":"https:\/\/www.newslettercreator.com\/hu\/wp-json\/wp\/v2\/pages\/1229","targetHints":{"allow":["GET"]}}],"collection":[{"href":"https:\/\/www.newslettercreator.com\/hu\/wp-json\/wp\/v2\/pages"}],"about":[{"href":"https:\/\/www.newslettercreator.com\/hu\/wp-json\/wp\/v2\/types\/page"}],"author":[{"embeddable":true,"href":"https:\/\/www.newslettercreator.com\/hu\/wp-json\/wp\/v2\/users\/1"}],"replies":[{"embeddable":true,"href":"https:\/\/www.newslettercreator.com\/hu\/wp-json\/wp\/v2\/comments?post=1229"}],"version-history":[{"count":21,"href":"https:\/\/www.newslettercreator.com\/hu\/wp-json\/wp\/v2\/pages\/1229\/revisions"}],"predecessor-version":[{"id":11719,"href":"https:\/\/www.newslettercreator.com\/hu\/wp-json\/wp\/v2\/pages\/1229\/revisions\/11719"}],"wp:attachment":[{"href":"https:\/\/www.newslettercreator.com\/hu\/wp-json\/wp\/v2\/media?parent=1229"}],"curies":[{"name":"wp","href":"https:\/\/api.w.org\/{rel}","templated":true}]}}