{"id":1233,"date":"2014-09-03T09:53:17","date_gmt":"2014-09-03T09:53:17","guid":{"rendered":"http:\/\/www.newslettercreator.com\/?page_id=1233"},"modified":"2021-05-26T14:20:50","modified_gmt":"2021-05-26T12:20:50","slug":"miert-valassza-mailstylert","status":"publish","type":"page","link":"https:\/\/www.newslettercreator.com\/hu\/miert-valassza-mailstylert\/","title":{"rendered":"Mi\u00e9rt v\u00e1lassza a MailStylert?"},"content":{"rendered":"<ul class=\"g1-grid\"><li class=\"g1-column g1-one-half g1-valign-top\">\n<p>A MailStyler a leghat\u00e9konyabb <strong>e-mail tervez\u0151 szoftver<\/strong> a piacon. Leny\u0171g\u00f6z\u0151, \u00e9s mindennel kompatibilis h\u00edrleveleket tervezhet, egyszer\u0171 <strong>fogd \u00e9s vidd<\/strong> m\u0171veletekkel.<\/p>\n<p>Az e-mail marketingesek leggyakoribb k\u00e9rd\u00e9se, hogy <strong>milyen sablont alkalmazzanak<\/strong>, illetve hogyan tervezz\u00e9k meg azokat, hogy n\u00f6velj\u00e9k a rekl\u00e1mkamp\u00e1ny hat\u00e9konys\u00e1g\u00e1t. A leggyakoribb megold\u00e1s pedig az, hogy az Interneten tal\u00e1lt, k\u00e9sz sablonokat vesznek alapul, vagy az e-mail k\u00fcld\u0151 alkalmaz\u00e1ssal szerkesztenek egyet.<br \/>\nEgyik megold\u00e1s sem szerencs\u00e9s: el\u0151sz\u00f6r is, egyik sem eredm\u00e9nyez <strong>val\u00f3ban szem\u00e9lyre szabott sablont<\/strong>, m\u00e1sr\u00e9szt pedig a felh\u0151 alap\u00fa alkalmaz\u00e1sok \u00e9s a \u201chagyom\u00e1nyos\u201d levelez\u0151programok <strong>bosszant\u00f3 korl\u00e1tokat<\/strong> \u00e1ll\u00edtanak el\u00e9nk. Ezen fel\u00fcl mindk\u00e9t esetben azzal is sz\u00e1molni kell, hogy a fogad\u00f3 f\u00e9l sz\u00e1m\u00edt\u00f3g\u00e9p\u00e9n nem felt\u00e9tlen\u00fcl <strong>helyesen jelenik meg<\/strong> az e-mail. <\/p>\n<p>Haszn\u00e1lja a MailStylert, \u00e9s <strong>minden megv\u00e1ltozik<\/strong>.<\/p>\n<p>\u00d6nnek csup\u00e1n v\u00e1lasztania kell a sz\u00e1mos, el\u0151re megtervezett \u00e9p\u00edt\u0151elem k\u00f6z\u00fcl (sz\u00f6vegdobozok, has\u00e1bok, l\u00e1bl\u00e9cek, fejl\u00e9cek\u2026), \u00e9s \u201cazt kapom, amit l\u00e1tok\u201d szerkeszt\u0151nkben fogd \u00e9s vidd m\u00f3dszerrel a k\u00edv\u00e1nt helyre h\u00faznia \u0151ket. Nincs sz\u00fcks\u00e9g HTML ismeretekre: csak n\u00e9h\u00e1ny eg\u00e9rmozdulatra\u2026 \u00c9s az \u00d6n kreativit\u00e1s\u00e1ra!<br \/>\nA t\u00f6k\u00e9letes k\u00f3dot a program elk\u00e9sz\u00edti \u00d6n helyett, \u00edgy sablonja minden levelez\u0151programmal, webmail szolg\u00e1ltat\u00e1ssal, illetve a legn\u00e9pszer\u0171bb e-mail marketing platformokkal (MailChimp, VerticalResponse, SendBlaster stb.) kompatibilis lesz.<\/p>\n<\/li><!-- -->\n<li class=\"g1-column g1-one-half g1-valign-top\">\n<p style=\"text-align: center;\"><img decoding=\"async\" src=\"http:\/\/www.newslettercreator.com\/wp-content\/uploads\/2014\/09\/monitor.jpg\" alt=\"Mi\u00e9rt v\u00e1lassza a MailStylert?\" width=\"423\" height=\"311\" \/><\/p>\n<p style=\"text-align: center;\"><a class=\"button large orange\" style=\"margin-top: 20px; width: 157px; margin-right: 30px;\" title=\"Let\u00f6lt\u00e9s Demo\" href=\"http:\/\/www.newslettercreator.com\/hu\/probalja-ki-ingyen\/\" target=\"_self\" rel=\"noopener\">LET\u00d6LT\u00c9S DEMO<\/a><a class=\"button large darkgray\" style=\"margin-top: 20px; width: 157px;\" title=\"Pro v\u00e1ltozat megv\u00e1s\u00e1rl\u00e1sa\" href=\"http:\/\/www.newslettercreator.com\/hu\/araink\/\" target=\"_self\" rel=\"noopener\">PRO MEGV\u00c1S\u00c1RL\u00c1SA<\/a><\/p>\n<p style=\"text-align: center; font-size: 11px;\">A legfrissebb verzi\u00f3: 2.24.01.17 | Kiad\u00e1s d\u00e1tuma: 17\/01\/2024 | M\u00e9ret: 114.9 MB<br \/>\n<a href=\"http:\/\/www.newslettercreator.com\/license-agreement\/\" target=\"_blank\" rel=\"noopener\">Licencmeg\u00e1llapod\u00e1s<\/a> | <a href=\"http:\/\/www.newslettercreator.com\/how-to-uninstall\/\" target=\"_blank\" rel=\"noopener\">Elt\u00e1vol\u00edt\u00e1s<\/a><\/p>\n<\/li><!-- --><\/ul>\n<p>&nbsp;<\/p>\n<h2>Kinek el\u0151ny\u00f6s?<\/h2>\n<p>Alapvet\u0151en <strong>mindenkinek, aki gyakran k\u00fcld e-mailt<\/strong> \u00e9s szeretn\u00e9 k\u00f6nnyed\u00e9n szebb\u00e9 var\u00e1zsolni \u00fczeneteit, illetve hat\u00e9konys\u00e1gukat n\u00f6velni. K\u00fcl\u00f6n\u00f6sen pedig:<\/p>\n<p><div id=\"g1-toggle-counter-1\" class=\"g1-toggle g1-toggle--off g1-toggle--simple g1-toggle--noicon \" ><div class=\"g1-toggle__title\">V\u00e1llalkoz\u00e1soknak<\/div><div class=\"g1-toggle__content\"><div class=\"g1-block\"><br \/>\nLegyen egyedi e-mailje, mint a profiknak, mik\u00f6zben a tervez\u00e9si feladat kiszervez\u00e9s\u00e9vel j\u00e1r\u00f3 id\u0151t \u00e9s k\u00f6lts\u00e9geket is megtakar\u00edthatja.<br \/>\n<\/div><\/div><\/div><br \/>\n<div id=\"g1-toggle-counter-2\" class=\"g1-toggle g1-toggle--off g1-toggle--simple g1-toggle--noicon \" ><div class=\"g1-toggle__title\">Szabad\u00fasz\u00f3 tervez\u0151knek<\/div><div class=\"g1-toggle__content\"><div class=\"g1-block\"><br \/>\nT\u00f6bb \u00f3r\u00e1s f\u00e1raszt\u00f3 k\u00f3dol\u00e1s helyett t\u00f6r\u0151dj\u00f6n csak a l\u00e9nyeggel \u2013 a tervez\u00e9ssel. A piszkos munk\u00e1t a MailStyler elv\u00e9gzi \u00d6n helyett.<br \/>\n<\/div><\/div><\/div><br \/>\n<div id=\"g1-toggle-counter-3\" class=\"g1-toggle g1-toggle--off g1-toggle--simple g1-toggle--noicon \" ><div class=\"g1-toggle__title\">Marketing szakemberek<\/div><div class=\"g1-toggle__content\"><div class=\"g1-block\"><br \/>\nSz\u00fcks\u00e9gtelen hangs\u00falyoznunk, hogy mi\u00e9rt is k\u00e9pvisel a MailStyler felbecs\u00fclhetetlen \u00e9rt\u00e9ket mindazok sz\u00e1m\u00e1ra, akik digit\u00e1lis \u00e9s e-mail marketinggel foglalkoznak.<br \/>\n<\/div><\/div><\/div><br \/>\n<div id=\"g1-toggle-counter-4\" class=\"g1-toggle g1-toggle--off g1-toggle--simple g1-toggle--noicon \" ><div class=\"g1-toggle__title\">Webmesterek<\/div><div class=\"g1-toggle__content\"><div class=\"g1-block\"><br \/>\nHozzon l\u00e9tre \u00e9s \u00e9rt\u00e9kes\u00edtsen t\u00f6bb \u00e9s jobb HTML sablont kevesebb id\u0151 alatt. Van enn\u00e9l jobb?<br \/>\n<\/div><\/div><\/div><br \/>\n<div id=\"g1-toggle-counter-5\" class=\"g1-toggle g1-toggle--off g1-toggle--simple g1-toggle--noicon \" ><div class=\"g1-toggle__title\">Statupok<\/div><div class=\"g1-toggle__content\"><div class=\"g1-block\"><br \/>\nA hat\u00e9kony kommunik\u00e1ci\u00f3 n\u00e9lk\u00fcl\u00f6zhetetlen, hogy indul\u00f3 v\u00e1llalkoz\u00e1sa megkapja a sz\u00fcks\u00e9ges kezd\u0151l\u00f6k\u00e9st: h\u00e1la a MailStylernek, ezent\u00fal az \u00d6n levelei m\u00e1r biztosan megkapj\u00e1k.<br \/>\n<\/div><\/div><\/div><\/p>\n","protected":false},"excerpt":{"rendered":"<p>&nbsp; Kinek el\u0151ny\u00f6s? Alapvet\u0151en mindenkinek, aki gyakran k\u00fcld e-mailt \u00e9s szeretn\u00e9 k\u00f6nnyed\u00e9n szebb\u00e9 var\u00e1zsolni \u00fczeneteit, illetve hat\u00e9konys\u00e1gukat n\u00f6velni. K\u00fcl\u00f6n\u00f6sen pedig:<\/p>\n","protected":false},"author":1,"featured_media":0,"parent":0,"menu_order":0,"comment_status":"closed","ping_status":"closed","template":"","meta":{"inline_featured_image":false,"_monsterinsights_skip_tracking":false,"_monsterinsights_sitenote_active":false,"_monsterinsights_sitenote_note":"","_monsterinsights_sitenote_category":0,"footnotes":""},"class_list":["post-1233","page","type-page","status-publish"],"yoast_head":"<!-- This site is optimized with the Yoast SEO plugin v25.2 - https:\/\/yoast.com\/wordpress\/plugins\/seo\/ -->\n<title>Mi\u00e9rt v\u00e1lassza a MailStylert? - Newsletter Creator<\/title>\n<meta name=\"robots\" content=\"index, follow, max-snippet:-1, max-image-preview:large, max-video-preview:-1\" \/>\n<link rel=\"canonical\" href=\"https:\/\/www.newslettercreator.com\/hu\/miert-valassza-mailstylert\/\" \/>\n<meta property=\"og:locale\" content=\"hu_HU\" \/>\n<meta property=\"og:type\" content=\"article\" \/>\n<meta property=\"og:title\" content=\"Mi\u00e9rt v\u00e1lassza a MailStylert? - Newsletter Creator\" \/>\n<meta property=\"og:description\" content=\"&nbsp; Kinek el\u0151ny\u00f6s? Alapvet\u0151en mindenkinek, aki gyakran k\u00fcld e-mailt \u00e9s szeretn\u00e9 k\u00f6nnyed\u00e9n szebb\u00e9 var\u00e1zsolni \u00fczeneteit, illetve hat\u00e9konys\u00e1gukat n\u00f6velni. K\u00fcl\u00f6n\u00f6sen pedig:\" \/>\n<meta property=\"og:url\" content=\"https:\/\/www.newslettercreator.com\/hu\/miert-valassza-mailstylert\/\" \/>\n<meta property=\"og:site_name\" content=\"Newsletter Creator\" \/>\n<meta property=\"article:modified_time\" content=\"2021-05-26T12:20:50+00:00\" \/>\n<meta property=\"og:image\" content=\"http:\/\/www.newslettercreator.com\/wp-content\/uploads\/2014\/09\/monitor.jpg\" \/>\n<meta name=\"twitter:label1\" content=\"Becs\u00fclt olvas\u00e1si id\u0151\" \/>\n\t<meta name=\"twitter:data1\" content=\"3 perc\" \/>\n<script type=\"application\/ld+json\" class=\"yoast-schema-graph\">{\"@context\":\"https:\/\/schema.org\",\"@graph\":[{\"@type\":\"WebPage\",\"@id\":\"https:\/\/www.newslettercreator.com\/hu\/miert-valassza-mailstylert\/\",\"url\":\"https:\/\/www.newslettercreator.com\/hu\/miert-valassza-mailstylert\/\",\"name\":\"Mi\u00e9rt v\u00e1lassza a MailStylert? - Newsletter Creator\",\"isPartOf\":{\"@id\":\"https:\/\/www.newslettercreator.com\/#website\"},\"primaryImageOfPage\":{\"@id\":\"https:\/\/www.newslettercreator.com\/hu\/miert-valassza-mailstylert\/#primaryimage\"},\"image\":{\"@id\":\"https:\/\/www.newslettercreator.com\/hu\/miert-valassza-mailstylert\/#primaryimage\"},\"thumbnailUrl\":\"http:\/\/www.newslettercreator.com\/wp-content\/uploads\/2014\/09\/monitor.jpg\",\"datePublished\":\"2014-09-03T09:53:17+00:00\",\"dateModified\":\"2021-05-26T12:20:50+00:00\",\"breadcrumb\":{\"@id\":\"https:\/\/www.newslettercreator.com\/hu\/miert-valassza-mailstylert\/#breadcrumb\"},\"inLanguage\":\"hu\",\"potentialAction\":[{\"@type\":\"ReadAction\",\"target\":[\"https:\/\/www.newslettercreator.com\/hu\/miert-valassza-mailstylert\/\"]}]},{\"@type\":\"ImageObject\",\"inLanguage\":\"hu\",\"@id\":\"https:\/\/www.newslettercreator.com\/hu\/miert-valassza-mailstylert\/#primaryimage\",\"url\":\"http:\/\/www.newslettercreator.com\/wp-content\/uploads\/2014\/09\/monitor.jpg\",\"contentUrl\":\"http:\/\/www.newslettercreator.com\/wp-content\/uploads\/2014\/09\/monitor.jpg\"},{\"@type\":\"BreadcrumbList\",\"@id\":\"https:\/\/www.newslettercreator.com\/hu\/miert-valassza-mailstylert\/#breadcrumb\",\"itemListElement\":[{\"@type\":\"ListItem\",\"position\":1,\"name\":\"Home\",\"item\":\"https:\/\/www.newslettercreator.com\/hu\/\"},{\"@type\":\"ListItem\",\"position\":2,\"name\":\"Mi\u00e9rt v\u00e1lassza a MailStylert?\"}]},{\"@type\":\"WebSite\",\"@id\":\"https:\/\/www.newslettercreator.com\/#website\",\"url\":\"https:\/\/www.newslettercreator.com\/\",\"name\":\"Newsletter Creator\",\"description\":\"Pay off\",\"potentialAction\":[{\"@type\":\"SearchAction\",\"target\":{\"@type\":\"EntryPoint\",\"urlTemplate\":\"https:\/\/www.newslettercreator.com\/?s={search_term_string}\"},\"query-input\":{\"@type\":\"PropertyValueSpecification\",\"valueRequired\":true,\"valueName\":\"search_term_string\"}}],\"inLanguage\":\"hu\"}]}<\/script>\n<!-- \/ Yoast SEO plugin. -->","yoast_head_json":{"title":"Mi\u00e9rt v\u00e1lassza a MailStylert? - Newsletter Creator","robots":{"index":"index","follow":"follow","max-snippet":"max-snippet:-1","max-image-preview":"max-image-preview:large","max-video-preview":"max-video-preview:-1"},"canonical":"https:\/\/www.newslettercreator.com\/hu\/miert-valassza-mailstylert\/","og_locale":"hu_HU","og_type":"article","og_title":"Mi\u00e9rt v\u00e1lassza a MailStylert? - Newsletter Creator","og_description":"&nbsp; Kinek el\u0151ny\u00f6s? Alapvet\u0151en mindenkinek, aki gyakran k\u00fcld e-mailt \u00e9s szeretn\u00e9 k\u00f6nnyed\u00e9n szebb\u00e9 var\u00e1zsolni \u00fczeneteit, illetve hat\u00e9konys\u00e1gukat n\u00f6velni. K\u00fcl\u00f6n\u00f6sen pedig:","og_url":"https:\/\/www.newslettercreator.com\/hu\/miert-valassza-mailstylert\/","og_site_name":"Newsletter Creator","article_modified_time":"2021-05-26T12:20:50+00:00","og_image":[{"url":"http:\/\/www.newslettercreator.com\/wp-content\/uploads\/2014\/09\/monitor.jpg","type":"","width":"","height":""}],"twitter_misc":{"Becs\u00fclt olvas\u00e1si id\u0151":"3 perc"},"schema":{"@context":"https:\/\/schema.org","@graph":[{"@type":"WebPage","@id":"https:\/\/www.newslettercreator.com\/hu\/miert-valassza-mailstylert\/","url":"https:\/\/www.newslettercreator.com\/hu\/miert-valassza-mailstylert\/","name":"Mi\u00e9rt v\u00e1lassza a MailStylert? - Newsletter Creator","isPartOf":{"@id":"https:\/\/www.newslettercreator.com\/#website"},"primaryImageOfPage":{"@id":"https:\/\/www.newslettercreator.com\/hu\/miert-valassza-mailstylert\/#primaryimage"},"image":{"@id":"https:\/\/www.newslettercreator.com\/hu\/miert-valassza-mailstylert\/#primaryimage"},"thumbnailUrl":"http:\/\/www.newslettercreator.com\/wp-content\/uploads\/2014\/09\/monitor.jpg","datePublished":"2014-09-03T09:53:17+00:00","dateModified":"2021-05-26T12:20:50+00:00","breadcrumb":{"@id":"https:\/\/www.newslettercreator.com\/hu\/miert-valassza-mailstylert\/#breadcrumb"},"inLanguage":"hu","potentialAction":[{"@type":"ReadAction","target":["https:\/\/www.newslettercreator.com\/hu\/miert-valassza-mailstylert\/"]}]},{"@type":"ImageObject","inLanguage":"hu","@id":"https:\/\/www.newslettercreator.com\/hu\/miert-valassza-mailstylert\/#primaryimage","url":"http:\/\/www.newslettercreator.com\/wp-content\/uploads\/2014\/09\/monitor.jpg","contentUrl":"http:\/\/www.newslettercreator.com\/wp-content\/uploads\/2014\/09\/monitor.jpg"},{"@type":"BreadcrumbList","@id":"https:\/\/www.newslettercreator.com\/hu\/miert-valassza-mailstylert\/#breadcrumb","itemListElement":[{"@type":"ListItem","position":1,"name":"Home","item":"https:\/\/www.newslettercreator.com\/hu\/"},{"@type":"ListItem","position":2,"name":"Mi\u00e9rt v\u00e1lassza a MailStylert?"}]},{"@type":"WebSite","@id":"https:\/\/www.newslettercreator.com\/#website","url":"https:\/\/www.newslettercreator.com\/","name":"Newsletter Creator","description":"Pay off","potentialAction":[{"@type":"SearchAction","target":{"@type":"EntryPoint","urlTemplate":"https:\/\/www.newslettercreator.com\/?s={search_term_string}"},"query-input":{"@type":"PropertyValueSpecification","valueRequired":true,"valueName":"search_term_string"}}],"inLanguage":"hu"}]}},"_links":{"self":[{"href":"https:\/\/www.newslettercreator.com\/hu\/wp-json\/wp\/v2\/pages\/1233","targetHints":{"allow":["GET"]}}],"collection":[{"href":"https:\/\/www.newslettercreator.com\/hu\/wp-json\/wp\/v2\/pages"}],"about":[{"href":"https:\/\/www.newslettercreator.com\/hu\/wp-json\/wp\/v2\/types\/page"}],"author":[{"embeddable":true,"href":"https:\/\/www.newslettercreator.com\/hu\/wp-json\/wp\/v2\/users\/1"}],"replies":[{"embeddable":true,"href":"https:\/\/www.newslettercreator.com\/hu\/wp-json\/wp\/v2\/comments?post=1233"}],"version-history":[{"count":7,"href":"https:\/\/www.newslettercreator.com\/hu\/wp-json\/wp\/v2\/pages\/1233\/revisions"}],"predecessor-version":[{"id":10205,"href":"https:\/\/www.newslettercreator.com\/hu\/wp-json\/wp\/v2\/pages\/1233\/revisions\/10205"}],"wp:attachment":[{"href":"https:\/\/www.newslettercreator.com\/hu\/wp-json\/wp\/v2\/media?parent=1233"}],"curies":[{"name":"wp","href":"https:\/\/api.w.org\/{rel}","templated":true}]}}