{"id":1236,"date":"2014-09-03T09:59:23","date_gmt":"2014-09-03T09:59:23","guid":{"rendered":"http:\/\/www.newslettercreator.com\/?page_id=1236"},"modified":"2015-01-12T09:47:21","modified_gmt":"2015-01-12T09:47:21","slug":"jellemzok","status":"publish","type":"page","link":"https:\/\/www.newslettercreator.com\/hu\/jellemzok\/","title":{"rendered":"Jellemz\u0151k"},"content":{"rendered":"<p>\u00cdzel\u00edt\u0151 abb\u00f3l, ami a <strong>MailStylert<\/strong> a legjobb e-mailtervez\u0151 alkalmaz\u00e1ss\u00e1 teszi.<\/p>\n<p>&nbsp;<\/p>\n<p><img decoding=\"async\" class=\"alignleft\" src=\"http:\/\/www.newslettercreator.com\/wp-content\/uploads\/2014\/04\/drag-drop.jpg\" alt=\"\" width=\"175\" height=\"115\" \/><\/p>\n<h3 style=\"text-align: left; line-height: 18px !important; font-size: 16px !important; font-weight: bold !important;\">Sablonok l\u00e9trehoz\u00e1sa \u201efogd \u00e9s vidd\u201d m\u00f3dszerrel<\/h3>\n<p style=\"text-align: left; min-height: 75px;\">A MailStyler a \u201efogd \u00e9s vidd\u201d m\u00f3dszerre \u00e9p\u00edt\u0151, \u201eazt kapom, amit l\u00e1tok\u201d e-mail szerkeszt\u0151je oly egyszer\u0171 \u00e9s intuit\u00edv, hogy szinte lehetetlen benne b\u00e1rmit is elrontani.<\/p>\n<div id=\"g1-divider-1\" class=\"g1-divider g1-divider--none g1-divider--noicon \"><\/div>\n<p><img decoding=\"async\" class=\"alignleft\" src=\"http:\/\/www.newslettercreator.com\/wp-content\/uploads\/2014\/04\/client.jpg\" alt=\"\" width=\"175\" height=\"115\" \/><\/p>\n<h3 style=\"text-align: left; line-height: 18px !important; font-size: 16px !important; font-weight: bold !important;\">Szabv\u00e1nyos k\u00f3d, mely minden esetben kifog\u00e1stalan eredm\u00e9nyt produk\u00e1l<\/h3>\n<p style=\"text-align: left; min-height: 75px;\">Att\u00f3l tart, hogy \u00fczenete nem jelenik meg rendesen? A MailStyler haszn\u00e1lata eset\u00e9n mindez m\u00e1r a m\u00falt\u00e9: minden sablon kompatibilis az \u00f6sszes levelez\u0151programmal \u00e9s webmail megold\u00e1ssal (pl. Hotmail, Gmail, Outlook, Yahoo Mail stb.). \u00c9ppen ez\u00e9rt \u00d6nnek nem kell ismernie a HTML programoz\u00e1s rejtelmeit.<\/p>\n<div id=\"g1-divider-2\" class=\"g1-divider g1-divider--none g1-divider--noicon \"><\/div>\n<p><img decoding=\"async\" class=\"alignleft\" src=\"http:\/\/www.newslettercreator.com\/wp-content\/uploads\/2014\/04\/no-code.jpg\" alt=\"\" width=\"175\" height=\"115\" \/><\/p>\n<h3 style=\"text-align: left; line-height: 18px !important; font-size: 16px !important; font-weight: bold !important;\">Nincs sz\u00fcks\u00e9g HTML\/CSS ismeretekre<\/h3>\n<p style=\"text-align: left; min-height: 75px;\">T\u00f6bb\u00e9 nem kell a k\u00f3ddal t\u00f6r\u0151dnie. \u00d6n az el\u0151re elk\u00e9sz\u00edtett HTML \u00f6sszetev\u0151kb\u0151l, mintegy \u00e9p\u00edt\u0151kock\u00e1kb\u00f3l, szerkesztheti meg h\u00edrlevel\u00e9t. A k\u00f3d \u00edr\u00e1s\u00e1t a MailStyler elv\u00e9gzi \u00d6n helyett.<\/p>\n<div id=\"g1-divider-3\" class=\"g1-divider g1-divider--none g1-divider--noicon \"><\/div>\n<p><img decoding=\"async\" class=\"alignleft\" src=\"http:\/\/www.newslettercreator.com\/wp-content\/uploads\/2014\/04\/unl-edit.jpg\" alt=\"\" width=\"175\" height=\"115\" \/><\/p>\n<h3 style=\"text-align: left; line-height: 18px !important; font-size: 16px !important; font-weight: bold !important;\">V\u00e9gtelen szerkeszt\u00e9si lehet\u0151s\u00e9gek<\/h3>\n<p style=\"text-align: left; min-height: 75px;\">A MailStylerrel sokkal t\u00f6bb jellemz\u0151t szerkeszthet, mint a konkurens term\u00e9kekkel: bet\u0171t\u00edpus, -m\u00e9ret \u00e9s -st\u00edlus, marg\u00f3, sz\u00f6vegdobozok, k\u00e9pek&#8230; Mindent m\u00f3dos\u00edthat n\u00e9h\u00e1ny kattint\u00e1ssal, hogy h\u00edrlevele val\u00f3ban egyedi legyen, \u00e9s illeszkedjen a c\u00e9g arculat\u00e1hoz.<\/p>\n<div id=\"g1-divider-4\" class=\"g1-divider g1-divider--none g1-divider--noicon \"><\/div>\n<p><img decoding=\"async\" class=\"alignleft\" src=\"http:\/\/www.newslettercreator.com\/wp-content\/uploads\/2014\/04\/library.jpg\" alt=\"\" width=\"175\" height=\"115\" \/><\/p>\n<h3 style=\"text-align: left; line-height: 18px !important; font-size: 16px !important; font-weight: bold !important;\">Van k\u00e9p\u00fcnk hozz\u00e1<\/h3>\n<p style=\"text-align: left; min-height: 75px;\">A MailStyler t\u00f6bb mint 2000 be\u00e9p\u00edtett k\u00e9ppel \u00e9rkezik, hogy ihletet adjon, \u00e9s seg\u00edtsen \u00d6nnek egy t\u00e9nyleg egyedi alkot\u00e1s l\u00e9trehoz\u00e1s\u00e1ban.<\/p>\n<div id=\"g1-divider-5\" class=\"g1-divider g1-divider--none g1-divider--noicon \"><\/div>\n<p><img decoding=\"async\" class=\"alignleft\" src=\"http:\/\/www.newslettercreator.com\/wp-content\/uploads\/2014\/04\/client2.jpg\" alt=\"\" width=\"175\" height=\"115\" \/><\/p>\n<h3 style=\"text-align: left; line-height: 18px !important; font-size: 16px !important; font-weight: bold !important;\">Kompatibilis minden levelez\u0151programmal, egy\u00e9b szoftverrel \u00e9s webes fel\u00fclettel<\/h3>\n<p style=\"text-align: left; min-height: 75px;\">A MailStyler seg\u00edts\u00e9g\u00e9vel l\u00e9trehozott h\u00edrlevelek minden jelent\u0151s platformmal kompatibilisek, legyen az ingyenes levelez\u0151program (pl. Outlook, Thunderbird stb.), professzion\u00e1lis marketingszoftver vagy szolg\u00e1ltat\u00e1s (pl. SendBlaster, MailChimp stb.).<\/p>\n<div id=\"g1-divider-6\" class=\"g1-divider g1-divider--none g1-divider--noicon \"><\/div>\n<p><img decoding=\"async\" class=\"alignleft\" src=\"http:\/\/www.newslettercreator.com\/wp-content\/uploads\/2014\/04\/crop.jpg\" alt=\"\" width=\"175\" height=\"115\" \/><\/p>\n<h3 style=\"text-align: left; line-height: 18px !important; font-size: 16px !important; font-weight: bold !important;\">K\u00e9pek automatikus \u00e1tm\u00e9retez\u00e9se \u00e9s lev\u00e1g\u00e1sa<\/h3>\n<p style=\"text-align: left; min-height: 75px;\">Egy meghat\u00e1rozott helyre kell bepr\u00e9selnie egy k\u00e9pet? A mi \u00e1tm\u00e9retez\u0151 \u00e9s v\u00e1g\u00f3eszk\u00f6zeinkkel ez csak p\u00e1r pillanat. Nincs t\u00f6bb torz\u00edtott k\u00e9p!<\/p>\n<div id=\"g1-divider-7\" class=\"g1-divider g1-divider--none g1-divider--noicon \"><\/div>\n<p><img decoding=\"async\" class=\"alignleft\" src=\"http:\/\/www.newslettercreator.com\/wp-content\/uploads\/2014\/04\/responsive.jpg\" alt=\"\" width=\"175\" height=\"115\" \/><\/p>\n<h3 style=\"text-align: left; line-height: 18px !important; font-size: 16px !important; font-weight: bold !important;\">Alkalmazkod\u00f3 \u00e9p\u00edt\u0151elemek<\/h3>\n<p style=\"text-align: left; min-height: 75px;\">Arra az esetre, ha az \u00d6n c\u00e9lk\u00f6z\u00f6ns\u00e9ge legink\u00e1bb mobilon olvas e-mailt (pl. tin\u00e9dzserek), rendelkez\u00e9sre \u00e1llnak alkalmazkod\u00f3 \u00e9p\u00edt\u0151elemeink, melyek m\u00e9rete alkalmazkodik a megtekint\u00e9sre haszn\u00e1lt kijelz\u0151 m\u00e9ret\u00e9hez, hogy a kism\u00e9ret\u0171 kijelz\u0151vel szerelt k\u00e9sz\u00fcl\u00e9keken is j\u00f3l olvashat\u00f3 legyen.<\/p>\n<div id=\"g1-divider-8\" class=\"g1-divider g1-divider--none g1-divider--noicon \"><\/div>\n<p><img decoding=\"async\" class=\"alignleft\" src=\"http:\/\/www.newslettercreator.com\/wp-content\/uploads\/2014\/04\/palette.jpg\" alt=\"\" width=\"175\" height=\"115\" \/><\/p>\n<h3 style=\"text-align: left; line-height: 18px !important; font-size: 16px !important; font-weight: bold !important;\">Haszn\u00e1latra k\u00e9sz st\u00edlusok \u00e9s sz\u00ednpalett\u00e1k<\/h3>\n<p style=\"text-align: left; min-height: 75px;\">A MailStyler sz\u00e1mos be\u00e9p\u00edtett sz\u00edn\u00f6ssze\u00e1ll\u00edt\u00e1st k\u00edn\u00e1l, hogy \u00d6nt seg\u00edtse a megfelel\u0151 sz\u00ednek kiv\u00e1laszt\u00e1s\u00e1ban.<\/p>\n<div id=\"g1-divider-9\" class=\"g1-divider g1-divider--none g1-divider--noicon \"><\/div>\n<p><img decoding=\"async\" class=\"alignleft\" src=\"http:\/\/www.newslettercreator.com\/wp-content\/uploads\/2014\/04\/export.jpg\" alt=\"\" width=\"175\" height=\"115\" \/><\/p>\n<h3 style=\"text-align: left; line-height: 18px !important; font-size: 16px !important; font-weight: bold !important;\">Egy kattint\u00e1s, \u00e9s k\u00e9sz<\/h3>\n<p style=\"text-align: left; min-height: 75px;\">Ha v\u00e9gzett a tervez\u00e9ssel, sz\u00f3 szerint egyetlen kattint\u00e1ssal export\u00e1lhatja a v\u00e9geredm\u00e9nyt eml vagy html form\u00e1tumba, \u00e9s m\u00e1r haszn\u00e1lhatja is kedvenc marketingszoftver\u00e9ben vagy levelez\u0151programj\u00e1ban.<\/p>\n","protected":false},"excerpt":{"rendered":"<p>\u00cdzel\u00edt\u0151 abb\u00f3l, ami a MailStylert a legjobb e-mailtervez\u0151 alkalmaz\u00e1ss\u00e1 teszi. &nbsp; Sablonok l\u00e9trehoz\u00e1sa \u201efogd \u00e9s vidd\u201d m\u00f3dszerrel A MailStyler a \u201efogd \u00e9s vidd\u201d m\u00f3dszerre \u00e9p\u00edt\u0151, \u201eazt kapom, amit l\u00e1tok\u201d e-mail szerkeszt\u0151je oly egyszer\u0171 \u00e9s intuit\u00edv, hogy szinte lehetetlen benne b\u00e1rmit is elrontani. Szabv\u00e1nyos k\u00f3d, mely minden esetben kifog\u00e1stalan eredm\u00e9nyt produk\u00e1l Att\u00f3l tart, hogy \u00fczenete nem [&hellip;]<\/p>\n","protected":false},"author":1,"featured_media":0,"parent":0,"menu_order":0,"comment_status":"closed","ping_status":"closed","template":"g1_template_page_full_sections.php","meta":{"inline_featured_image":false,"_monsterinsights_skip_tracking":false,"_monsterinsights_sitenote_active":false,"_monsterinsights_sitenote_note":"","_monsterinsights_sitenote_category":0,"footnotes":""},"class_list":["post-1236","page","type-page","status-publish"],"yoast_head":"<!-- This site is optimized with the Yoast SEO plugin v25.2 - https:\/\/yoast.com\/wordpress\/plugins\/seo\/ -->\n<title>Jellemz\u0151k - Newsletter Creator<\/title>\n<meta name=\"robots\" content=\"index, follow, max-snippet:-1, max-image-preview:large, max-video-preview:-1\" \/>\n<link rel=\"canonical\" href=\"https:\/\/www.newslettercreator.com\/hu\/jellemzok\/\" \/>\n<meta property=\"og:locale\" content=\"hu_HU\" \/>\n<meta property=\"og:type\" content=\"article\" \/>\n<meta property=\"og:title\" content=\"Jellemz\u0151k - Newsletter Creator\" \/>\n<meta property=\"og:description\" content=\"\u00cdzel\u00edt\u0151 abb\u00f3l, ami a MailStylert a legjobb e-mailtervez\u0151 alkalmaz\u00e1ss\u00e1 teszi. &nbsp; Sablonok l\u00e9trehoz\u00e1sa \u201efogd \u00e9s vidd\u201d m\u00f3dszerrel A MailStyler a \u201efogd \u00e9s vidd\u201d m\u00f3dszerre \u00e9p\u00edt\u0151, \u201eazt kapom, amit l\u00e1tok\u201d e-mail szerkeszt\u0151je oly egyszer\u0171 \u00e9s intuit\u00edv, hogy szinte lehetetlen benne b\u00e1rmit is elrontani. Szabv\u00e1nyos k\u00f3d, mely minden esetben kifog\u00e1stalan eredm\u00e9nyt produk\u00e1l Att\u00f3l tart, hogy \u00fczenete nem [&hellip;]\" \/>\n<meta property=\"og:url\" content=\"https:\/\/www.newslettercreator.com\/hu\/jellemzok\/\" \/>\n<meta property=\"og:site_name\" content=\"Newsletter Creator\" \/>\n<meta property=\"article:modified_time\" content=\"2015-01-12T09:47:21+00:00\" \/>\n<meta property=\"og:image\" content=\"http:\/\/www.newslettercreator.com\/wp-content\/uploads\/2014\/04\/drag-drop.jpg\" \/>\n<meta name=\"twitter:label1\" content=\"Becs\u00fclt olvas\u00e1si id\u0151\" \/>\n\t<meta name=\"twitter:data1\" content=\"2 perc\" \/>\n<script type=\"application\/ld+json\" class=\"yoast-schema-graph\">{\"@context\":\"https:\/\/schema.org\",\"@graph\":[{\"@type\":\"WebPage\",\"@id\":\"https:\/\/www.newslettercreator.com\/hu\/jellemzok\/\",\"url\":\"https:\/\/www.newslettercreator.com\/hu\/jellemzok\/\",\"name\":\"Jellemz\u0151k - Newsletter Creator\",\"isPartOf\":{\"@id\":\"https:\/\/www.newslettercreator.com\/#website\"},\"primaryImageOfPage\":{\"@id\":\"https:\/\/www.newslettercreator.com\/hu\/jellemzok\/#primaryimage\"},\"image\":{\"@id\":\"https:\/\/www.newslettercreator.com\/hu\/jellemzok\/#primaryimage\"},\"thumbnailUrl\":\"http:\/\/www.newslettercreator.com\/wp-content\/uploads\/2014\/04\/drag-drop.jpg\",\"datePublished\":\"2014-09-03T09:59:23+00:00\",\"dateModified\":\"2015-01-12T09:47:21+00:00\",\"breadcrumb\":{\"@id\":\"https:\/\/www.newslettercreator.com\/hu\/jellemzok\/#breadcrumb\"},\"inLanguage\":\"hu\",\"potentialAction\":[{\"@type\":\"ReadAction\",\"target\":[\"https:\/\/www.newslettercreator.com\/hu\/jellemzok\/\"]}]},{\"@type\":\"ImageObject\",\"inLanguage\":\"hu\",\"@id\":\"https:\/\/www.newslettercreator.com\/hu\/jellemzok\/#primaryimage\",\"url\":\"http:\/\/www.newslettercreator.com\/wp-content\/uploads\/2014\/04\/drag-drop.jpg\",\"contentUrl\":\"http:\/\/www.newslettercreator.com\/wp-content\/uploads\/2014\/04\/drag-drop.jpg\"},{\"@type\":\"BreadcrumbList\",\"@id\":\"https:\/\/www.newslettercreator.com\/hu\/jellemzok\/#breadcrumb\",\"itemListElement\":[{\"@type\":\"ListItem\",\"position\":1,\"name\":\"Home\",\"item\":\"https:\/\/www.newslettercreator.com\/hu\/\"},{\"@type\":\"ListItem\",\"position\":2,\"name\":\"Jellemz\u0151k\"}]},{\"@type\":\"WebSite\",\"@id\":\"https:\/\/www.newslettercreator.com\/#website\",\"url\":\"https:\/\/www.newslettercreator.com\/\",\"name\":\"Newsletter Creator\",\"description\":\"Pay off\",\"potentialAction\":[{\"@type\":\"SearchAction\",\"target\":{\"@type\":\"EntryPoint\",\"urlTemplate\":\"https:\/\/www.newslettercreator.com\/?s={search_term_string}\"},\"query-input\":{\"@type\":\"PropertyValueSpecification\",\"valueRequired\":true,\"valueName\":\"search_term_string\"}}],\"inLanguage\":\"hu\"}]}<\/script>\n<!-- \/ Yoast SEO plugin. -->","yoast_head_json":{"title":"Jellemz\u0151k - Newsletter Creator","robots":{"index":"index","follow":"follow","max-snippet":"max-snippet:-1","max-image-preview":"max-image-preview:large","max-video-preview":"max-video-preview:-1"},"canonical":"https:\/\/www.newslettercreator.com\/hu\/jellemzok\/","og_locale":"hu_HU","og_type":"article","og_title":"Jellemz\u0151k - Newsletter Creator","og_description":"\u00cdzel\u00edt\u0151 abb\u00f3l, ami a MailStylert a legjobb e-mailtervez\u0151 alkalmaz\u00e1ss\u00e1 teszi. &nbsp; Sablonok l\u00e9trehoz\u00e1sa \u201efogd \u00e9s vidd\u201d m\u00f3dszerrel A MailStyler a \u201efogd \u00e9s vidd\u201d m\u00f3dszerre \u00e9p\u00edt\u0151, \u201eazt kapom, amit l\u00e1tok\u201d e-mail szerkeszt\u0151je oly egyszer\u0171 \u00e9s intuit\u00edv, hogy szinte lehetetlen benne b\u00e1rmit is elrontani. Szabv\u00e1nyos k\u00f3d, mely minden esetben kifog\u00e1stalan eredm\u00e9nyt produk\u00e1l Att\u00f3l tart, hogy \u00fczenete nem [&hellip;]","og_url":"https:\/\/www.newslettercreator.com\/hu\/jellemzok\/","og_site_name":"Newsletter Creator","article_modified_time":"2015-01-12T09:47:21+00:00","og_image":[{"url":"http:\/\/www.newslettercreator.com\/wp-content\/uploads\/2014\/04\/drag-drop.jpg","type":"","width":"","height":""}],"twitter_misc":{"Becs\u00fclt olvas\u00e1si id\u0151":"2 perc"},"schema":{"@context":"https:\/\/schema.org","@graph":[{"@type":"WebPage","@id":"https:\/\/www.newslettercreator.com\/hu\/jellemzok\/","url":"https:\/\/www.newslettercreator.com\/hu\/jellemzok\/","name":"Jellemz\u0151k - Newsletter Creator","isPartOf":{"@id":"https:\/\/www.newslettercreator.com\/#website"},"primaryImageOfPage":{"@id":"https:\/\/www.newslettercreator.com\/hu\/jellemzok\/#primaryimage"},"image":{"@id":"https:\/\/www.newslettercreator.com\/hu\/jellemzok\/#primaryimage"},"thumbnailUrl":"http:\/\/www.newslettercreator.com\/wp-content\/uploads\/2014\/04\/drag-drop.jpg","datePublished":"2014-09-03T09:59:23+00:00","dateModified":"2015-01-12T09:47:21+00:00","breadcrumb":{"@id":"https:\/\/www.newslettercreator.com\/hu\/jellemzok\/#breadcrumb"},"inLanguage":"hu","potentialAction":[{"@type":"ReadAction","target":["https:\/\/www.newslettercreator.com\/hu\/jellemzok\/"]}]},{"@type":"ImageObject","inLanguage":"hu","@id":"https:\/\/www.newslettercreator.com\/hu\/jellemzok\/#primaryimage","url":"http:\/\/www.newslettercreator.com\/wp-content\/uploads\/2014\/04\/drag-drop.jpg","contentUrl":"http:\/\/www.newslettercreator.com\/wp-content\/uploads\/2014\/04\/drag-drop.jpg"},{"@type":"BreadcrumbList","@id":"https:\/\/www.newslettercreator.com\/hu\/jellemzok\/#breadcrumb","itemListElement":[{"@type":"ListItem","position":1,"name":"Home","item":"https:\/\/www.newslettercreator.com\/hu\/"},{"@type":"ListItem","position":2,"name":"Jellemz\u0151k"}]},{"@type":"WebSite","@id":"https:\/\/www.newslettercreator.com\/#website","url":"https:\/\/www.newslettercreator.com\/","name":"Newsletter Creator","description":"Pay off","potentialAction":[{"@type":"SearchAction","target":{"@type":"EntryPoint","urlTemplate":"https:\/\/www.newslettercreator.com\/?s={search_term_string}"},"query-input":{"@type":"PropertyValueSpecification","valueRequired":true,"valueName":"search_term_string"}}],"inLanguage":"hu"}]}},"_links":{"self":[{"href":"https:\/\/www.newslettercreator.com\/hu\/wp-json\/wp\/v2\/pages\/1236","targetHints":{"allow":["GET"]}}],"collection":[{"href":"https:\/\/www.newslettercreator.com\/hu\/wp-json\/wp\/v2\/pages"}],"about":[{"href":"https:\/\/www.newslettercreator.com\/hu\/wp-json\/wp\/v2\/types\/page"}],"author":[{"embeddable":true,"href":"https:\/\/www.newslettercreator.com\/hu\/wp-json\/wp\/v2\/users\/1"}],"replies":[{"embeddable":true,"href":"https:\/\/www.newslettercreator.com\/hu\/wp-json\/wp\/v2\/comments?post=1236"}],"version-history":[{"count":2,"href":"https:\/\/www.newslettercreator.com\/hu\/wp-json\/wp\/v2\/pages\/1236\/revisions"}],"predecessor-version":[{"id":2778,"href":"https:\/\/www.newslettercreator.com\/hu\/wp-json\/wp\/v2\/pages\/1236\/revisions\/2778"}],"wp:attachment":[{"href":"https:\/\/www.newslettercreator.com\/hu\/wp-json\/wp\/v2\/media?parent=1236"}],"curies":[{"name":"wp","href":"https:\/\/api.w.org\/{rel}","templated":true}]}}