{"id":1241,"date":"2014-09-03T10:29:28","date_gmt":"2014-09-03T10:29:28","guid":{"rendered":"http:\/\/www.newslettercreator.com\/?page_id=1241"},"modified":"2014-09-03T11:44:34","modified_gmt":"2014-09-03T11:44:34","slug":"alap-kepgyujtemeny","status":"publish","type":"page","link":"https:\/\/www.newslettercreator.com\/hu\/alap-kepgyujtemeny\/","title":{"rendered":"Alap k\u00e9pgy\u0171jtem\u00e9ny"},"content":{"rendered":"<p><img decoding=\"async\" class=\"alignnone size-full wp-image-387\" src=\"http:\/\/www.newslettercreator.com\/wp-content\/uploads\/2014\/04\/library-base.jpg\" alt=\"Alap k\u00e9pgy\u0171jtem\u00e9ny\" width=\"649\" height=\"423\" srcset=\"https:\/\/www.newslettercreator.com\/wp-content\/uploads\/2014\/04\/library-base.jpg 649w, https:\/\/www.newslettercreator.com\/wp-content\/uploads\/2014\/04\/library-base-300x195.jpg 300w\" sizes=\"(max-width: 649px) 100vw, 649px\" \/><\/p>\n<p>A professzion\u00e1lis min\u0151s\u00e9g\u0171 fot\u00f3k \u00e9s k\u00e9pek sz\u00e9les v\u00e1laszt\u00e9ka ma m\u00e1r elengedhetetlen egy hat\u00e9kony h\u00edrlev\u00e9l \u00f6ssze\u00e1ll\u00edt\u00e1s\u00e1hoz. \u00c9ppen ez\u00e9rt a MailStyler t\u00f6bb mint <strong>2000, min\u0151s\u00e9gi \u00e9s eredeti k\u00e9pet<\/strong> tartalmaz.<br \/>\nA k\u00e9pgy\u0171jtem\u00e9ny elemeit <strong>51 kateg\u00f3ri\u00e1ba<\/strong> rendezt\u00fck \u2013 mint pl. m\u0171v\u00e9szet, aut\u00f3k, elektronika, divat, j\u00e1t\u00e9kok, sport stb. \u2013  valamint egy k\u00fcl\u00f6n gy\u0171jtem\u00e9nyben mell\u00e9kelt\u00fck a n\u00e9pszer\u0171 <strong>k\u00f6z\u00f6ss\u00e9gi oldalak ikonjait<\/strong>. \u00cdgy \u00d6n k\u00f6nnyed\u00e9n megtal\u00e1lhatja a t\u00e9m\u00e1nak megfelel\u0151 k\u00e9pet, s mindig biztos lehet afel\u0151l, hogy <strong>cs\u00facsmin\u0151s\u00e9g\u0171 k\u00e9panyagb\u00f3l<\/strong> v\u00e1logathat.<\/p>\n<p>Az <strong>ingyenes \u00e9s az Alap v\u00e1ltozat<\/strong> kateg\u00f3ri\u00e1nk\u00e9nt h\u00e1rom v\u00edzjel n\u00e9lk\u00fcli k\u00e9p haszn\u00e1lat\u00e1t teszi lehet\u0151v\u00e9 (ez \u00f6sszesen t\u00f6bb mint 200 k\u00e9p), a t\u00f6bbit pedig a log\u00f3nkat \u00e1br\u00e1zol\u00f3 v\u00edzjel haszn\u00e1lata mellett. Minden k\u00e9p 800&#215;600 k\u00e9ppont felbont\u00e1s\u00fa.<\/p>\n","protected":false},"excerpt":{"rendered":"<p>A professzion\u00e1lis min\u0151s\u00e9g\u0171 fot\u00f3k \u00e9s k\u00e9pek sz\u00e9les v\u00e1laszt\u00e9ka ma m\u00e1r elengedhetetlen egy hat\u00e9kony h\u00edrlev\u00e9l \u00f6ssze\u00e1ll\u00edt\u00e1s\u00e1hoz. \u00c9ppen ez\u00e9rt a MailStyler t\u00f6bb mint 2000, min\u0151s\u00e9gi \u00e9s eredeti k\u00e9pet tartalmaz. A k\u00e9pgy\u0171jtem\u00e9ny elemeit 51 kateg\u00f3ri\u00e1ba rendezt\u00fck \u2013 mint pl. m\u0171v\u00e9szet, aut\u00f3k, elektronika, divat, j\u00e1t\u00e9kok, sport stb. \u2013 valamint egy k\u00fcl\u00f6n gy\u0171jtem\u00e9nyben mell\u00e9kelt\u00fck a n\u00e9pszer\u0171 k\u00f6z\u00f6ss\u00e9gi oldalak ikonjait. \u00cdgy [&hellip;]<\/p>\n","protected":false},"author":1,"featured_media":0,"parent":0,"menu_order":0,"comment_status":"closed","ping_status":"closed","template":"g1_template_page_sidebar_right.php","meta":{"inline_featured_image":false,"_monsterinsights_skip_tracking":false,"_monsterinsights_sitenote_active":false,"_monsterinsights_sitenote_note":"","_monsterinsights_sitenote_category":0,"footnotes":""},"class_list":["post-1241","page","type-page","status-publish"],"yoast_head":"<!-- This site is optimized with the Yoast SEO plugin v25.2 - https:\/\/yoast.com\/wordpress\/plugins\/seo\/ -->\n<title>Alap k\u00e9pgy\u0171jtem\u00e9ny - Newsletter Creator<\/title>\n<meta name=\"robots\" content=\"index, follow, max-snippet:-1, max-image-preview:large, max-video-preview:-1\" \/>\n<link rel=\"canonical\" href=\"https:\/\/www.newslettercreator.com\/hu\/alap-kepgyujtemeny\/\" \/>\n<meta property=\"og:locale\" content=\"hu_HU\" \/>\n<meta property=\"og:type\" content=\"article\" \/>\n<meta property=\"og:title\" content=\"Alap k\u00e9pgy\u0171jtem\u00e9ny - Newsletter Creator\" \/>\n<meta property=\"og:description\" content=\"A professzion\u00e1lis min\u0151s\u00e9g\u0171 fot\u00f3k \u00e9s k\u00e9pek sz\u00e9les v\u00e1laszt\u00e9ka ma m\u00e1r elengedhetetlen egy hat\u00e9kony h\u00edrlev\u00e9l \u00f6ssze\u00e1ll\u00edt\u00e1s\u00e1hoz. \u00c9ppen ez\u00e9rt a MailStyler t\u00f6bb mint 2000, min\u0151s\u00e9gi \u00e9s eredeti k\u00e9pet tartalmaz. A k\u00e9pgy\u0171jtem\u00e9ny elemeit 51 kateg\u00f3ri\u00e1ba rendezt\u00fck \u2013 mint pl. m\u0171v\u00e9szet, aut\u00f3k, elektronika, divat, j\u00e1t\u00e9kok, sport stb. \u2013 valamint egy k\u00fcl\u00f6n gy\u0171jtem\u00e9nyben mell\u00e9kelt\u00fck a n\u00e9pszer\u0171 k\u00f6z\u00f6ss\u00e9gi oldalak ikonjait. \u00cdgy [&hellip;]\" \/>\n<meta property=\"og:url\" content=\"https:\/\/www.newslettercreator.com\/hu\/alap-kepgyujtemeny\/\" \/>\n<meta property=\"og:site_name\" content=\"Newsletter Creator\" \/>\n<meta property=\"article:modified_time\" content=\"2014-09-03T11:44:34+00:00\" \/>\n<meta property=\"og:image\" content=\"http:\/\/www.newslettercreator.com\/wp-content\/uploads\/2014\/04\/library-base.jpg\" \/>\n<meta name=\"twitter:label1\" content=\"Becs\u00fclt olvas\u00e1si id\u0151\" \/>\n\t<meta name=\"twitter:data1\" content=\"1 perc\" \/>\n<script type=\"application\/ld+json\" class=\"yoast-schema-graph\">{\"@context\":\"https:\/\/schema.org\",\"@graph\":[{\"@type\":\"WebPage\",\"@id\":\"https:\/\/www.newslettercreator.com\/hu\/alap-kepgyujtemeny\/\",\"url\":\"https:\/\/www.newslettercreator.com\/hu\/alap-kepgyujtemeny\/\",\"name\":\"Alap k\u00e9pgy\u0171jtem\u00e9ny - Newsletter Creator\",\"isPartOf\":{\"@id\":\"https:\/\/www.newslettercreator.com\/#website\"},\"primaryImageOfPage\":{\"@id\":\"https:\/\/www.newslettercreator.com\/hu\/alap-kepgyujtemeny\/#primaryimage\"},\"image\":{\"@id\":\"https:\/\/www.newslettercreator.com\/hu\/alap-kepgyujtemeny\/#primaryimage\"},\"thumbnailUrl\":\"http:\/\/www.newslettercreator.com\/wp-content\/uploads\/2014\/04\/library-base.jpg\",\"datePublished\":\"2014-09-03T10:29:28+00:00\",\"dateModified\":\"2014-09-03T11:44:34+00:00\",\"breadcrumb\":{\"@id\":\"https:\/\/www.newslettercreator.com\/hu\/alap-kepgyujtemeny\/#breadcrumb\"},\"inLanguage\":\"hu\",\"potentialAction\":[{\"@type\":\"ReadAction\",\"target\":[\"https:\/\/www.newslettercreator.com\/hu\/alap-kepgyujtemeny\/\"]}]},{\"@type\":\"ImageObject\",\"inLanguage\":\"hu\",\"@id\":\"https:\/\/www.newslettercreator.com\/hu\/alap-kepgyujtemeny\/#primaryimage\",\"url\":\"http:\/\/www.newslettercreator.com\/wp-content\/uploads\/2014\/04\/library-base.jpg\",\"contentUrl\":\"http:\/\/www.newslettercreator.com\/wp-content\/uploads\/2014\/04\/library-base.jpg\"},{\"@type\":\"BreadcrumbList\",\"@id\":\"https:\/\/www.newslettercreator.com\/hu\/alap-kepgyujtemeny\/#breadcrumb\",\"itemListElement\":[{\"@type\":\"ListItem\",\"position\":1,\"name\":\"Home\",\"item\":\"https:\/\/www.newslettercreator.com\/hu\/\"},{\"@type\":\"ListItem\",\"position\":2,\"name\":\"Alap k\u00e9pgy\u0171jtem\u00e9ny\"}]},{\"@type\":\"WebSite\",\"@id\":\"https:\/\/www.newslettercreator.com\/#website\",\"url\":\"https:\/\/www.newslettercreator.com\/\",\"name\":\"Newsletter Creator\",\"description\":\"Pay off\",\"potentialAction\":[{\"@type\":\"SearchAction\",\"target\":{\"@type\":\"EntryPoint\",\"urlTemplate\":\"https:\/\/www.newslettercreator.com\/?s={search_term_string}\"},\"query-input\":{\"@type\":\"PropertyValueSpecification\",\"valueRequired\":true,\"valueName\":\"search_term_string\"}}],\"inLanguage\":\"hu\"}]}<\/script>\n<!-- \/ Yoast SEO plugin. -->","yoast_head_json":{"title":"Alap k\u00e9pgy\u0171jtem\u00e9ny - Newsletter Creator","robots":{"index":"index","follow":"follow","max-snippet":"max-snippet:-1","max-image-preview":"max-image-preview:large","max-video-preview":"max-video-preview:-1"},"canonical":"https:\/\/www.newslettercreator.com\/hu\/alap-kepgyujtemeny\/","og_locale":"hu_HU","og_type":"article","og_title":"Alap k\u00e9pgy\u0171jtem\u00e9ny - Newsletter Creator","og_description":"A professzion\u00e1lis min\u0151s\u00e9g\u0171 fot\u00f3k \u00e9s k\u00e9pek sz\u00e9les v\u00e1laszt\u00e9ka ma m\u00e1r elengedhetetlen egy hat\u00e9kony h\u00edrlev\u00e9l \u00f6ssze\u00e1ll\u00edt\u00e1s\u00e1hoz. \u00c9ppen ez\u00e9rt a MailStyler t\u00f6bb mint 2000, min\u0151s\u00e9gi \u00e9s eredeti k\u00e9pet tartalmaz. A k\u00e9pgy\u0171jtem\u00e9ny elemeit 51 kateg\u00f3ri\u00e1ba rendezt\u00fck \u2013 mint pl. m\u0171v\u00e9szet, aut\u00f3k, elektronika, divat, j\u00e1t\u00e9kok, sport stb. \u2013 valamint egy k\u00fcl\u00f6n gy\u0171jtem\u00e9nyben mell\u00e9kelt\u00fck a n\u00e9pszer\u0171 k\u00f6z\u00f6ss\u00e9gi oldalak ikonjait. \u00cdgy [&hellip;]","og_url":"https:\/\/www.newslettercreator.com\/hu\/alap-kepgyujtemeny\/","og_site_name":"Newsletter Creator","article_modified_time":"2014-09-03T11:44:34+00:00","og_image":[{"url":"http:\/\/www.newslettercreator.com\/wp-content\/uploads\/2014\/04\/library-base.jpg","type":"","width":"","height":""}],"twitter_misc":{"Becs\u00fclt olvas\u00e1si id\u0151":"1 perc"},"schema":{"@context":"https:\/\/schema.org","@graph":[{"@type":"WebPage","@id":"https:\/\/www.newslettercreator.com\/hu\/alap-kepgyujtemeny\/","url":"https:\/\/www.newslettercreator.com\/hu\/alap-kepgyujtemeny\/","name":"Alap k\u00e9pgy\u0171jtem\u00e9ny - Newsletter Creator","isPartOf":{"@id":"https:\/\/www.newslettercreator.com\/#website"},"primaryImageOfPage":{"@id":"https:\/\/www.newslettercreator.com\/hu\/alap-kepgyujtemeny\/#primaryimage"},"image":{"@id":"https:\/\/www.newslettercreator.com\/hu\/alap-kepgyujtemeny\/#primaryimage"},"thumbnailUrl":"http:\/\/www.newslettercreator.com\/wp-content\/uploads\/2014\/04\/library-base.jpg","datePublished":"2014-09-03T10:29:28+00:00","dateModified":"2014-09-03T11:44:34+00:00","breadcrumb":{"@id":"https:\/\/www.newslettercreator.com\/hu\/alap-kepgyujtemeny\/#breadcrumb"},"inLanguage":"hu","potentialAction":[{"@type":"ReadAction","target":["https:\/\/www.newslettercreator.com\/hu\/alap-kepgyujtemeny\/"]}]},{"@type":"ImageObject","inLanguage":"hu","@id":"https:\/\/www.newslettercreator.com\/hu\/alap-kepgyujtemeny\/#primaryimage","url":"http:\/\/www.newslettercreator.com\/wp-content\/uploads\/2014\/04\/library-base.jpg","contentUrl":"http:\/\/www.newslettercreator.com\/wp-content\/uploads\/2014\/04\/library-base.jpg"},{"@type":"BreadcrumbList","@id":"https:\/\/www.newslettercreator.com\/hu\/alap-kepgyujtemeny\/#breadcrumb","itemListElement":[{"@type":"ListItem","position":1,"name":"Home","item":"https:\/\/www.newslettercreator.com\/hu\/"},{"@type":"ListItem","position":2,"name":"Alap k\u00e9pgy\u0171jtem\u00e9ny"}]},{"@type":"WebSite","@id":"https:\/\/www.newslettercreator.com\/#website","url":"https:\/\/www.newslettercreator.com\/","name":"Newsletter Creator","description":"Pay off","potentialAction":[{"@type":"SearchAction","target":{"@type":"EntryPoint","urlTemplate":"https:\/\/www.newslettercreator.com\/?s={search_term_string}"},"query-input":{"@type":"PropertyValueSpecification","valueRequired":true,"valueName":"search_term_string"}}],"inLanguage":"hu"}]}},"_links":{"self":[{"href":"https:\/\/www.newslettercreator.com\/hu\/wp-json\/wp\/v2\/pages\/1241","targetHints":{"allow":["GET"]}}],"collection":[{"href":"https:\/\/www.newslettercreator.com\/hu\/wp-json\/wp\/v2\/pages"}],"about":[{"href":"https:\/\/www.newslettercreator.com\/hu\/wp-json\/wp\/v2\/types\/page"}],"author":[{"embeddable":true,"href":"https:\/\/www.newslettercreator.com\/hu\/wp-json\/wp\/v2\/users\/1"}],"replies":[{"embeddable":true,"href":"https:\/\/www.newslettercreator.com\/hu\/wp-json\/wp\/v2\/comments?post=1241"}],"version-history":[{"count":2,"href":"https:\/\/www.newslettercreator.com\/hu\/wp-json\/wp\/v2\/pages\/1241\/revisions"}],"predecessor-version":[{"id":1248,"href":"https:\/\/www.newslettercreator.com\/hu\/wp-json\/wp\/v2\/pages\/1241\/revisions\/1248"}],"wp:attachment":[{"href":"https:\/\/www.newslettercreator.com\/hu\/wp-json\/wp\/v2\/media?parent=1241"}],"curies":[{"name":"wp","href":"https:\/\/api.w.org\/{rel}","templated":true}]}}