{"id":1732,"date":"2014-10-15T10:50:19","date_gmt":"2014-10-15T10:50:19","guid":{"rendered":"http:\/\/www.newslettercreator.com\/?page_id=1732"},"modified":"2017-06-23T07:35:01","modified_gmt":"2017-06-23T07:35:01","slug":"cegunk","status":"publish","type":"page","link":"https:\/\/www.newslettercreator.com\/hu\/cegunk\/","title":{"rendered":"C\u00e9g\u00fcnk"},"content":{"rendered":"<p>MailStyler j\u00f6n l\u00e9tre <strong>Delivery Tech<\/strong>, a kaliforniai sz\u00e9khely\u0171 c\u00e9g szakosodott term\u00e9kek az e-mail \u00e9s a digit\u00e1lis marketing.<\/p>\n<p>&nbsp;<\/p>\n<p><a href=\"http:\/\/www.newslettercreator.com\/wp-content\/uploads\/2014\/02\/deliverytech.png\"><img decoding=\"async\" src=\"http:\/\/www.newslettercreator.com\/wp-content\/uploads\/2014\/02\/deliverytech.png\" alt=\"deliverytech\" width=\"334\" height=\"34\" class=\"alignnone size-full wp-image-1522\" srcset=\"https:\/\/www.newslettercreator.com\/wp-content\/uploads\/2014\/02\/deliverytech.png 334w, https:\/\/www.newslettercreator.com\/wp-content\/uploads\/2014\/02\/deliverytech-300x30.png 300w, https:\/\/www.newslettercreator.com\/wp-content\/uploads\/2014\/02\/deliverytech-320x34.png 320w\" sizes=\"(max-width: 334px) 100vw, 334px\" \/><\/a><\/p>\n<p><strong>Delivery Tech Corp.<\/strong><br \/>\n4411 Morena Blvd #230<br \/>\nSan Diego, CA 92117<br \/>\n24\/7 phone: +1 (646) 963-6059<\/p>\n<p>&nbsp;<\/p>\n<p>&nbsp;<\/p>\n<p>&nbsp;<\/p>\n<p>&nbsp;<\/p>\n<p>&nbsp;<\/p>\n","protected":false},"excerpt":{"rendered":"<p>MailStyler j\u00f6n l\u00e9tre Delivery Tech, a kaliforniai sz\u00e9khely\u0171 c\u00e9g szakosodott term\u00e9kek az e-mail \u00e9s a digit\u00e1lis marketing. &nbsp; Delivery Tech Corp. 4411 Morena Blvd #230 San Diego, CA 92117 24\/7 phone: +1 (646) 963-6059 &nbsp; &nbsp; &nbsp; &nbsp; &nbsp;<\/p>\n","protected":false},"author":1,"featured_media":0,"parent":0,"menu_order":0,"comment_status":"closed","ping_status":"closed","template":"g1_template_page_sidebar_right.php","meta":{"inline_featured_image":false,"_monsterinsights_skip_tracking":false,"_monsterinsights_sitenote_active":false,"_monsterinsights_sitenote_note":"","_monsterinsights_sitenote_category":0,"footnotes":""},"class_list":["post-1732","page","type-page","status-publish"],"yoast_head":"<!-- This site is optimized with the Yoast SEO plugin v25.2 - https:\/\/yoast.com\/wordpress\/plugins\/seo\/ -->\n<title>C\u00e9g\u00fcnk - Newsletter Creator<\/title>\n<meta name=\"robots\" content=\"index, follow, max-snippet:-1, max-image-preview:large, max-video-preview:-1\" \/>\n<link rel=\"canonical\" href=\"https:\/\/www.newslettercreator.com\/hu\/cegunk\/\" \/>\n<meta property=\"og:locale\" content=\"hu_HU\" \/>\n<meta property=\"og:type\" content=\"article\" \/>\n<meta property=\"og:title\" content=\"C\u00e9g\u00fcnk - Newsletter Creator\" \/>\n<meta property=\"og:description\" content=\"MailStyler j\u00f6n l\u00e9tre Delivery Tech, a kaliforniai sz\u00e9khely\u0171 c\u00e9g szakosodott term\u00e9kek az e-mail \u00e9s a digit\u00e1lis marketing. &nbsp; Delivery Tech Corp. 4411 Morena Blvd #230 San Diego, CA 92117 24\/7 phone: +1 (646) 963-6059 &nbsp; &nbsp; &nbsp; &nbsp; &nbsp;\" \/>\n<meta property=\"og:url\" content=\"https:\/\/www.newslettercreator.com\/hu\/cegunk\/\" \/>\n<meta property=\"og:site_name\" content=\"Newsletter Creator\" \/>\n<meta property=\"article:modified_time\" content=\"2017-06-23T07:35:01+00:00\" \/>\n<meta property=\"og:image\" content=\"http:\/\/www.newslettercreator.com\/wp-content\/uploads\/2014\/02\/deliverytech.png\" \/>\n<script type=\"application\/ld+json\" class=\"yoast-schema-graph\">{\"@context\":\"https:\/\/schema.org\",\"@graph\":[{\"@type\":\"WebPage\",\"@id\":\"https:\/\/www.newslettercreator.com\/hu\/cegunk\/\",\"url\":\"https:\/\/www.newslettercreator.com\/hu\/cegunk\/\",\"name\":\"C\u00e9g\u00fcnk - Newsletter Creator\",\"isPartOf\":{\"@id\":\"https:\/\/www.newslettercreator.com\/#website\"},\"primaryImageOfPage\":{\"@id\":\"https:\/\/www.newslettercreator.com\/hu\/cegunk\/#primaryimage\"},\"image\":{\"@id\":\"https:\/\/www.newslettercreator.com\/hu\/cegunk\/#primaryimage\"},\"thumbnailUrl\":\"http:\/\/www.newslettercreator.com\/wp-content\/uploads\/2014\/02\/deliverytech.png\",\"datePublished\":\"2014-10-15T10:50:19+00:00\",\"dateModified\":\"2017-06-23T07:35:01+00:00\",\"breadcrumb\":{\"@id\":\"https:\/\/www.newslettercreator.com\/hu\/cegunk\/#breadcrumb\"},\"inLanguage\":\"hu\",\"potentialAction\":[{\"@type\":\"ReadAction\",\"target\":[\"https:\/\/www.newslettercreator.com\/hu\/cegunk\/\"]}]},{\"@type\":\"ImageObject\",\"inLanguage\":\"hu\",\"@id\":\"https:\/\/www.newslettercreator.com\/hu\/cegunk\/#primaryimage\",\"url\":\"http:\/\/www.newslettercreator.com\/wp-content\/uploads\/2014\/02\/deliverytech.png\",\"contentUrl\":\"http:\/\/www.newslettercreator.com\/wp-content\/uploads\/2014\/02\/deliverytech.png\"},{\"@type\":\"BreadcrumbList\",\"@id\":\"https:\/\/www.newslettercreator.com\/hu\/cegunk\/#breadcrumb\",\"itemListElement\":[{\"@type\":\"ListItem\",\"position\":1,\"name\":\"Home\",\"item\":\"https:\/\/www.newslettercreator.com\/hu\/\"},{\"@type\":\"ListItem\",\"position\":2,\"name\":\"C\u00e9g\u00fcnk\"}]},{\"@type\":\"WebSite\",\"@id\":\"https:\/\/www.newslettercreator.com\/#website\",\"url\":\"https:\/\/www.newslettercreator.com\/\",\"name\":\"Newsletter Creator\",\"description\":\"Pay off\",\"potentialAction\":[{\"@type\":\"SearchAction\",\"target\":{\"@type\":\"EntryPoint\",\"urlTemplate\":\"https:\/\/www.newslettercreator.com\/?s={search_term_string}\"},\"query-input\":{\"@type\":\"PropertyValueSpecification\",\"valueRequired\":true,\"valueName\":\"search_term_string\"}}],\"inLanguage\":\"hu\"}]}<\/script>\n<!-- \/ Yoast SEO plugin. -->","yoast_head_json":{"title":"C\u00e9g\u00fcnk - Newsletter Creator","robots":{"index":"index","follow":"follow","max-snippet":"max-snippet:-1","max-image-preview":"max-image-preview:large","max-video-preview":"max-video-preview:-1"},"canonical":"https:\/\/www.newslettercreator.com\/hu\/cegunk\/","og_locale":"hu_HU","og_type":"article","og_title":"C\u00e9g\u00fcnk - Newsletter Creator","og_description":"MailStyler j\u00f6n l\u00e9tre Delivery Tech, a kaliforniai sz\u00e9khely\u0171 c\u00e9g szakosodott term\u00e9kek az e-mail \u00e9s a digit\u00e1lis marketing. &nbsp; Delivery Tech Corp. 4411 Morena Blvd #230 San Diego, CA 92117 24\/7 phone: +1 (646) 963-6059 &nbsp; &nbsp; &nbsp; &nbsp; &nbsp;","og_url":"https:\/\/www.newslettercreator.com\/hu\/cegunk\/","og_site_name":"Newsletter Creator","article_modified_time":"2017-06-23T07:35:01+00:00","og_image":[{"url":"http:\/\/www.newslettercreator.com\/wp-content\/uploads\/2014\/02\/deliverytech.png","type":"","width":"","height":""}],"schema":{"@context":"https:\/\/schema.org","@graph":[{"@type":"WebPage","@id":"https:\/\/www.newslettercreator.com\/hu\/cegunk\/","url":"https:\/\/www.newslettercreator.com\/hu\/cegunk\/","name":"C\u00e9g\u00fcnk - Newsletter Creator","isPartOf":{"@id":"https:\/\/www.newslettercreator.com\/#website"},"primaryImageOfPage":{"@id":"https:\/\/www.newslettercreator.com\/hu\/cegunk\/#primaryimage"},"image":{"@id":"https:\/\/www.newslettercreator.com\/hu\/cegunk\/#primaryimage"},"thumbnailUrl":"http:\/\/www.newslettercreator.com\/wp-content\/uploads\/2014\/02\/deliverytech.png","datePublished":"2014-10-15T10:50:19+00:00","dateModified":"2017-06-23T07:35:01+00:00","breadcrumb":{"@id":"https:\/\/www.newslettercreator.com\/hu\/cegunk\/#breadcrumb"},"inLanguage":"hu","potentialAction":[{"@type":"ReadAction","target":["https:\/\/www.newslettercreator.com\/hu\/cegunk\/"]}]},{"@type":"ImageObject","inLanguage":"hu","@id":"https:\/\/www.newslettercreator.com\/hu\/cegunk\/#primaryimage","url":"http:\/\/www.newslettercreator.com\/wp-content\/uploads\/2014\/02\/deliverytech.png","contentUrl":"http:\/\/www.newslettercreator.com\/wp-content\/uploads\/2014\/02\/deliverytech.png"},{"@type":"BreadcrumbList","@id":"https:\/\/www.newslettercreator.com\/hu\/cegunk\/#breadcrumb","itemListElement":[{"@type":"ListItem","position":1,"name":"Home","item":"https:\/\/www.newslettercreator.com\/hu\/"},{"@type":"ListItem","position":2,"name":"C\u00e9g\u00fcnk"}]},{"@type":"WebSite","@id":"https:\/\/www.newslettercreator.com\/#website","url":"https:\/\/www.newslettercreator.com\/","name":"Newsletter Creator","description":"Pay off","potentialAction":[{"@type":"SearchAction","target":{"@type":"EntryPoint","urlTemplate":"https:\/\/www.newslettercreator.com\/?s={search_term_string}"},"query-input":{"@type":"PropertyValueSpecification","valueRequired":true,"valueName":"search_term_string"}}],"inLanguage":"hu"}]}},"_links":{"self":[{"href":"https:\/\/www.newslettercreator.com\/hu\/wp-json\/wp\/v2\/pages\/1732","targetHints":{"allow":["GET"]}}],"collection":[{"href":"https:\/\/www.newslettercreator.com\/hu\/wp-json\/wp\/v2\/pages"}],"about":[{"href":"https:\/\/www.newslettercreator.com\/hu\/wp-json\/wp\/v2\/types\/page"}],"author":[{"embeddable":true,"href":"https:\/\/www.newslettercreator.com\/hu\/wp-json\/wp\/v2\/users\/1"}],"replies":[{"embeddable":true,"href":"https:\/\/www.newslettercreator.com\/hu\/wp-json\/wp\/v2\/comments?post=1732"}],"version-history":[{"count":5,"href":"https:\/\/www.newslettercreator.com\/hu\/wp-json\/wp\/v2\/pages\/1732\/revisions"}],"predecessor-version":[{"id":6091,"href":"https:\/\/www.newslettercreator.com\/hu\/wp-json\/wp\/v2\/pages\/1732\/revisions\/6091"}],"wp:attachment":[{"href":"https:\/\/www.newslettercreator.com\/hu\/wp-json\/wp\/v2\/media?parent=1732"}],"curies":[{"name":"wp","href":"https:\/\/api.w.org\/{rel}","templated":true}]}}