{"id":1988,"date":"2014-10-30T08:14:36","date_gmt":"2014-10-30T08:14:36","guid":{"rendered":"http:\/\/www.newslettercreator.com\/?page_id=1988"},"modified":"2014-10-30T08:14:45","modified_gmt":"2014-10-30T08:14:45","slug":"sitemap-hu","status":"publish","type":"page","link":"https:\/\/www.newslettercreator.com\/hu\/sitemap-hu\/","title":{"rendered":"Sitemap"},"content":{"rendered":"<p>Itt megtal\u00e1lja a sitemap:<\/p>\n<ul><li><a href=\"https:\/\/www.newslettercreator.com\/hu\/probalja-ki-ingyen\/\">Pr\u00f3b\u00e1lja ki ingyen<\/a><\/li>\n<li><a href=\"https:\/\/www.newslettercreator.com\/hu\/araink\/\">\u00c1raink<\/a><\/li>\n<li><a href=\"https:\/\/www.newslettercreator.com\/hu\/\">MailStyler Newsletter Creator<\/a><\/li>\n<li><a href=\"https:\/\/www.newslettercreator.com\/hu\/miert-valassza-mailstylert\/\">Mi\u00e9rt v\u00e1lassza a MailStylert?<\/a><\/li>\n<li><a href=\"https:\/\/www.newslettercreator.com\/hu\/jellemzok\/\">Jellemz\u0151k<\/a><\/li>\n<li><a href=\"https:\/\/www.newslettercreator.com\/hu\/alap-kepgyujtemeny\/\">Alap k\u00e9pgy\u0171jtem\u00e9ny<\/a><\/li>\n<li><a href=\"https:\/\/www.newslettercreator.com\/hu\/teljes-kepgyujtemeny\/\">Teljes k\u00e9pgy\u0171jtem\u00e9ny<\/a><\/li>\n<li><a href=\"https:\/\/www.newslettercreator.com\/hu\/adatvedelmi-nyilatkozat\/\">Adatv\u00e9delmi nyilatkozat<\/a><\/li>\n<li><a href=\"https:\/\/www.newslettercreator.com\/hu\/pillanatkepek\/\">Pillanatk\u00e9pek<\/a><\/li>\n<li><a href=\"https:\/\/www.newslettercreator.com\/hu\/cegunk\/\">C\u00e9g\u00fcnk<\/a><\/li>\n<li><a href=\"https:\/\/www.newslettercreator.com\/hu\/sitemap-hu\/\">Sitemap<\/a><\/li>\n<li><a href=\"https:\/\/www.newslettercreator.com\/hu\/videok\/\">Vide\u00f3k<\/a><\/li>\n<\/ul>\n","protected":false},"excerpt":{"rendered":"<p>Itt megtal\u00e1lja a sitemap:<\/p>\n","protected":false},"author":1,"featured_media":0,"parent":0,"menu_order":0,"comment_status":"closed","ping_status":"closed","template":"g1_template_page_sidebar_right.php","meta":{"inline_featured_image":false,"_monsterinsights_skip_tracking":false,"_monsterinsights_sitenote_active":false,"_monsterinsights_sitenote_note":"","_monsterinsights_sitenote_category":0,"footnotes":""},"class_list":["post-1988","page","type-page","status-publish"],"yoast_head":"<!-- This site is optimized with the Yoast SEO plugin v25.2 - https:\/\/yoast.com\/wordpress\/plugins\/seo\/ -->\n<title>Sitemap - Newsletter Creator<\/title>\n<meta name=\"robots\" content=\"index, follow, max-snippet:-1, max-image-preview:large, max-video-preview:-1\" \/>\n<link rel=\"canonical\" href=\"https:\/\/www.newslettercreator.com\/hu\/sitemap-hu\/\" \/>\n<meta property=\"og:locale\" content=\"hu_HU\" \/>\n<meta property=\"og:type\" content=\"article\" \/>\n<meta property=\"og:title\" content=\"Sitemap - Newsletter Creator\" \/>\n<meta property=\"og:description\" content=\"Itt megtal\u00e1lja a sitemap:\" \/>\n<meta property=\"og:url\" content=\"https:\/\/www.newslettercreator.com\/hu\/sitemap-hu\/\" \/>\n<meta property=\"og:site_name\" content=\"Newsletter Creator\" \/>\n<meta property=\"article:modified_time\" content=\"2014-10-30T08:14:45+00:00\" \/>\n<script type=\"application\/ld+json\" class=\"yoast-schema-graph\">{\"@context\":\"https:\/\/schema.org\",\"@graph\":[{\"@type\":\"WebPage\",\"@id\":\"https:\/\/www.newslettercreator.com\/hu\/sitemap-hu\/\",\"url\":\"https:\/\/www.newslettercreator.com\/hu\/sitemap-hu\/\",\"name\":\"Sitemap - Newsletter Creator\",\"isPartOf\":{\"@id\":\"https:\/\/www.newslettercreator.com\/#website\"},\"datePublished\":\"2014-10-30T08:14:36+00:00\",\"dateModified\":\"2014-10-30T08:14:45+00:00\",\"breadcrumb\":{\"@id\":\"https:\/\/www.newslettercreator.com\/hu\/sitemap-hu\/#breadcrumb\"},\"inLanguage\":\"hu\",\"potentialAction\":[{\"@type\":\"ReadAction\",\"target\":[\"https:\/\/www.newslettercreator.com\/hu\/sitemap-hu\/\"]}]},{\"@type\":\"BreadcrumbList\",\"@id\":\"https:\/\/www.newslettercreator.com\/hu\/sitemap-hu\/#breadcrumb\",\"itemListElement\":[{\"@type\":\"ListItem\",\"position\":1,\"name\":\"Home\",\"item\":\"https:\/\/www.newslettercreator.com\/hu\/\"},{\"@type\":\"ListItem\",\"position\":2,\"name\":\"Sitemap\"}]},{\"@type\":\"WebSite\",\"@id\":\"https:\/\/www.newslettercreator.com\/#website\",\"url\":\"https:\/\/www.newslettercreator.com\/\",\"name\":\"Newsletter Creator\",\"description\":\"Pay off\",\"potentialAction\":[{\"@type\":\"SearchAction\",\"target\":{\"@type\":\"EntryPoint\",\"urlTemplate\":\"https:\/\/www.newslettercreator.com\/?s={search_term_string}\"},\"query-input\":{\"@type\":\"PropertyValueSpecification\",\"valueRequired\":true,\"valueName\":\"search_term_string\"}}],\"inLanguage\":\"hu\"}]}<\/script>\n<!-- \/ Yoast SEO plugin. -->","yoast_head_json":{"title":"Sitemap - Newsletter Creator","robots":{"index":"index","follow":"follow","max-snippet":"max-snippet:-1","max-image-preview":"max-image-preview:large","max-video-preview":"max-video-preview:-1"},"canonical":"https:\/\/www.newslettercreator.com\/hu\/sitemap-hu\/","og_locale":"hu_HU","og_type":"article","og_title":"Sitemap - Newsletter Creator","og_description":"Itt megtal\u00e1lja a sitemap:","og_url":"https:\/\/www.newslettercreator.com\/hu\/sitemap-hu\/","og_site_name":"Newsletter Creator","article_modified_time":"2014-10-30T08:14:45+00:00","schema":{"@context":"https:\/\/schema.org","@graph":[{"@type":"WebPage","@id":"https:\/\/www.newslettercreator.com\/hu\/sitemap-hu\/","url":"https:\/\/www.newslettercreator.com\/hu\/sitemap-hu\/","name":"Sitemap - Newsletter Creator","isPartOf":{"@id":"https:\/\/www.newslettercreator.com\/#website"},"datePublished":"2014-10-30T08:14:36+00:00","dateModified":"2014-10-30T08:14:45+00:00","breadcrumb":{"@id":"https:\/\/www.newslettercreator.com\/hu\/sitemap-hu\/#breadcrumb"},"inLanguage":"hu","potentialAction":[{"@type":"ReadAction","target":["https:\/\/www.newslettercreator.com\/hu\/sitemap-hu\/"]}]},{"@type":"BreadcrumbList","@id":"https:\/\/www.newslettercreator.com\/hu\/sitemap-hu\/#breadcrumb","itemListElement":[{"@type":"ListItem","position":1,"name":"Home","item":"https:\/\/www.newslettercreator.com\/hu\/"},{"@type":"ListItem","position":2,"name":"Sitemap"}]},{"@type":"WebSite","@id":"https:\/\/www.newslettercreator.com\/#website","url":"https:\/\/www.newslettercreator.com\/","name":"Newsletter Creator","description":"Pay off","potentialAction":[{"@type":"SearchAction","target":{"@type":"EntryPoint","urlTemplate":"https:\/\/www.newslettercreator.com\/?s={search_term_string}"},"query-input":{"@type":"PropertyValueSpecification","valueRequired":true,"valueName":"search_term_string"}}],"inLanguage":"hu"}]}},"_links":{"self":[{"href":"https:\/\/www.newslettercreator.com\/hu\/wp-json\/wp\/v2\/pages\/1988","targetHints":{"allow":["GET"]}}],"collection":[{"href":"https:\/\/www.newslettercreator.com\/hu\/wp-json\/wp\/v2\/pages"}],"about":[{"href":"https:\/\/www.newslettercreator.com\/hu\/wp-json\/wp\/v2\/types\/page"}],"author":[{"embeddable":true,"href":"https:\/\/www.newslettercreator.com\/hu\/wp-json\/wp\/v2\/users\/1"}],"replies":[{"embeddable":true,"href":"https:\/\/www.newslettercreator.com\/hu\/wp-json\/wp\/v2\/comments?post=1988"}],"version-history":[{"count":2,"href":"https:\/\/www.newslettercreator.com\/hu\/wp-json\/wp\/v2\/pages\/1988\/revisions"}],"predecessor-version":[{"id":1990,"href":"https:\/\/www.newslettercreator.com\/hu\/wp-json\/wp\/v2\/pages\/1988\/revisions\/1990"}],"wp:attachment":[{"href":"https:\/\/www.newslettercreator.com\/hu\/wp-json\/wp\/v2\/media?parent=1988"}],"curies":[{"name":"wp","href":"https:\/\/api.w.org\/{rel}","templated":true}]}}