{"id":1149,"date":"2014-09-01T09:25:31","date_gmt":"2014-09-01T09:25:31","guid":{"rendered":"http:\/\/www.newslettercreator.com\/?page_id=1149"},"modified":"2021-05-26T13:46:37","modified_gmt":"2021-05-26T11:46:37","slug":"perche-scegliere-mailstyler","status":"publish","type":"page","link":"https:\/\/www.newslettercreator.com\/it\/perche-scegliere-mailstyler\/","title":{"rendered":"Perch\u00e9 scegliere Mailstyler?"},"content":{"rendered":"<ul class=\"g1-grid\"><li class=\"g1-column g1-one-half g1-valign-top\">\n<p>Perch\u00e8 le newsletter prodotte con altri editor non sempre vengono visualizzate correttamente su <strong>client di posta come Gmail o Outlook<\/strong> e non \u00e8 scontato che siano <strong>responsive<\/strong>, ovvero visualizzabili anche da cellulare e tablet. Inoltre gli altri editor, se di buona qualit\u00e0, spesso sono costruiti per professionisti gi\u00e0 dentro questo mondo e non per chi crea una newsletter per la prima volta.<\/p>\n<p><strong>Mailstyler \u00e8 diverso<\/strong>.<\/p>\n<p>Perch\u00e8 Mailstyler \u00e8 l\u2019unico vero programma desktop <strong>facile da usare ma professionale<\/strong>, specializzato nella creazione di contenuti specifici per email. Ti permette di <strong>creare newsletter in pochi minuti<\/strong> grazie al sistema del drag&#038;drop e di salvare i tuoi lavori sul PC. Non \u00e8 un servizio online e non soffre di instabilit\u00e0, lentezza e incompatibilit\u00e0 come i sistemi che girano sul browser, dandoti cos\u00ec la certezza di <strong>non rallentare mai il tuo lavoro<\/strong>.<\/p>\n<\/li><!-- -->\n<li class=\"g1-column g1-one-half g1-valign-top\">\n<p class=\"middle-align-no-mobile center-align-no-mobile\"><img decoding=\"async\" src=\"http:\/\/www.newslettercreator.com\/wp-content\/uploads\/2015\/09\/why-ms2-ita.png\" alt=\"Perch\u00e8 scegliere Mailstyler\" width=\"423\" height=\"311\" \/><\/p>\n<\/li><!-- --><\/ul>\n<p style=\"text-align: center;\"><a class=\"button large orange no-margin-mobile\" style=\"margin-top: 20px; margin-right: 30px;\" title=\"Prova la Demo MailStyler\" href=\"http:\/\/www.newslettercreator.com\/utils\/download\/pre-download.php\" target=\"_self\" rel=\"noopener\">Prova ora gratis<br \/>la versione demo<\/a><a class=\"button large darkgray\" style=\"margin-top: 20px;\" title=\"Acquista MailStyler 2 Pro\" href=\"http:\/\/www.newslettercreator.com\/it\/prezzi\/\" target=\"_self\" rel=\"noopener\">Ottieni il massimo:<br \/>Acquista MailStyler 2 PRO<\/a><\/p>\n<p>&nbsp;<\/p>\n<h2 style=\"margin-bottom: 25px;\">Ecco cosa rende unico Mailstyler:<\/h2>\n<style type=\"text\/css\" scoped=\"scoped\">#g1-section-1.g1-section {background-color: #ffffff; background-repeat:no-repeat; background-position:left top; background-attachment:static; padding-bottom:30px; padding-top:20px;}<\/style><div id=\"g1-section-1\" class=\"g1-section \"><div class=\"g1-layout-inner\">\n<ul class=\"g1-grid\"><li class=\"g1-column g1-one-half g1-valign-top\">\n<p class=\"center-align-no-mobile\"><img decoding=\"async\" src=\"http:\/\/www.newslettercreator.com\/wp-content\/uploads\/2015\/09\/client-compatibility.png\" width=\"420\" height=\"254\"><\/p>\n<\/li><!-- -->\n<li class=\"g1-column g1-one-half g1-valign-top\">\n<h2 style=\"margin-bottom: 10px !important;\">Email visualizzate da<br \/>qualsiasi client di posta<\/h2>\n<p>I nostri sviluppatori aggiornano costantemente il motore del programma per seguire le novit\u00e0 introdotte dai client di posta come Gmail, Outlook, Aruba, etc, regalandovi la certezza di email senza errori, visualizzate sempre correttamente su qualsiasi gestore di posta elettronica. <\/p>\n<\/li><!-- --><\/ul>\n<\/div><\/div>\n<style type=\"text\/css\" scoped=\"scoped\">#reverse.g1-section {background-color: #ffffff; background-repeat:no-repeat; background-position:left top; background-attachment:static; padding-bottom:30px; padding-top:30px;}<\/style><div id=\"reverse\" class=\"g1-section \"><div class=\"g1-layout-inner\">\n<ul class=\"g1-grid\"><li class=\"g1-column g1-one-half g1-valign-top reverse\">\n<h2 class=\"right-align-no-mobile\">Newsletter sempre<br \/>100% responsive<\/h2>\n<p class=\"right-align-no-mobile\">MailStyler2 crea automaticamente newsletter 100% responsive, cio\u00e8 garantisce che si adattino automaticamente ai dispositivi sulle quali vengono aperte, sia che si tratti dello schermo di un PC, di un tablet o di uno smartphone. Le tue newsletter saranno leggibili ovunque ed aumenterai il tuo bacino d\u2019utenza.<\/p>\n<\/li><!-- -->\n<li class=\"g1-column g1-one-half g1-valign-top reverse\">\n<p class=\"center-align-no-mobile\"><img decoding=\"async\" src=\"http:\/\/www.newslettercreator.com\/wp-content\/uploads\/2015\/09\/responsive-newsletter-template.png\" width=\"314\" height=\"243\"><\/p>\n<\/li><!-- --><\/ul>\n<\/div><\/div>\n<style type=\"text\/css\" scoped=\"scoped\">#g1-section-3.g1-section {background-color: #ffffff; background-repeat:no-repeat; background-position:left top; background-attachment:static; padding-bottom:30px; padding-top:30px;}<\/style><div id=\"g1-section-3\" class=\"g1-section \"><div class=\"g1-layout-inner\">\n<ul class=\"g1-grid\"><li class=\"g1-column g1-one-half g1-valign-top\">\n<p class=\"center-align-no-mobile\"><img decoding=\"async\" src=\"http:\/\/www.newslettercreator.com\/wp-content\/uploads\/2015\/09\/drag-and-drop-newsletter-creator.png\" width=\"420\" height=\"254\"><\/p>\n<\/li><!-- -->\n<li class=\"g1-column g1-one-half g1-valign-top\">\n<h2 style=\"margin-bottom: 10px !important;\">Un programma<br \/>adatto a tutti<\/h2>\n<p>Una vasta gamma di blocchi totalmente personalizzabili, un editor per la gestione delle immagini integrato, stili grafici, font e palette colori, una galleria di foto ad alta definizione e tanto altro. MailStyler \u00e8 ricco di strumenti per creare bellissime newsletter in maniera semplice e veloce, anche per i meno esperti.<\/p>\n<\/li><!-- --><\/ul>\n<\/div><\/div>\n<style type=\"text\/css\" scoped=\"scoped\">#reverse.g1-section {background-color: #ffffff; background-repeat:no-repeat; background-position:left top; background-attachment:static; padding-bottom:30px; padding-top:30px;}<\/style><div id=\"reverse\" class=\"g1-section \"><div class=\"g1-layout-inner\">\n<ul class=\"g1-grid\"><li class=\"g1-column g1-one-half g1-valign-top reverse\">\n<h2 class=\"right-align-no-mobile\">Un servizio di consulenza<br \/>a tua disposizione<\/h2>\n<p class=\"right-align-no-mobile\">MailStyler ti offre un servizio di consulenza ed assistenza in italiano sempre disponibile per aiutarti nella creazione delle tue newsletter. Grazie all\u2019esperienza e ai nostri numerosi <strong>software dedicati all\u2019Email Marketing<\/strong> potrai ricevere utili consigli non solo per la creazione, ma anche per l\u2019invio delle tue newsletter.<\/p>\n<\/li><!-- -->\n<li class=\"g1-column g1-one-half g1-valign-top reverse\">\n<p class=\"center-align-no-mobile\"><img decoding=\"async\" src=\"http:\/\/www.newslettercreator.com\/wp-content\/uploads\/2015\/09\/marketing-expert.png\" width=\"420\" height=\"254\"><\/p>\n<\/li><!-- --><\/ul>\n<\/div><\/div>\n","protected":false},"excerpt":{"rendered":"<p>Prova ora gratisla versione demoOttieni il massimo:Acquista MailStyler 2 PRO &nbsp; Ecco cosa rende unico Mailstyler:<\/p>\n","protected":false},"author":1,"featured_media":0,"parent":0,"menu_order":0,"comment_status":"closed","ping_status":"closed","template":"","meta":{"inline_featured_image":false,"_monsterinsights_skip_tracking":false,"_monsterinsights_sitenote_active":false,"_monsterinsights_sitenote_note":"","_monsterinsights_sitenote_category":0,"footnotes":""},"class_list":["post-1149","page","type-page","status-publish"],"yoast_head":"<!-- This site is optimized with the Yoast SEO plugin v25.2 - https:\/\/yoast.com\/wordpress\/plugins\/seo\/ -->\n<title>Perch\u00e9 scegliere Mailstyler? - Newsletter Creator<\/title>\n<meta name=\"robots\" content=\"index, follow, max-snippet:-1, max-image-preview:large, max-video-preview:-1\" \/>\n<link rel=\"canonical\" href=\"https:\/\/www.newslettercreator.com\/it\/perche-scegliere-mailstyler\/\" \/>\n<meta property=\"og:locale\" content=\"it_IT\" \/>\n<meta property=\"og:type\" content=\"article\" \/>\n<meta property=\"og:title\" content=\"Perch\u00e9 scegliere Mailstyler? - Newsletter Creator\" \/>\n<meta property=\"og:description\" content=\"Prova ora gratisla versione demoOttieni il massimo:Acquista MailStyler 2 PRO &nbsp; Ecco cosa rende unico Mailstyler:\" \/>\n<meta property=\"og:url\" content=\"https:\/\/www.newslettercreator.com\/it\/perche-scegliere-mailstyler\/\" \/>\n<meta property=\"og:site_name\" content=\"Newsletter Creator\" \/>\n<meta property=\"article:modified_time\" content=\"2021-05-26T11:46:37+00:00\" \/>\n<meta property=\"og:image\" content=\"http:\/\/www.newslettercreator.com\/wp-content\/uploads\/2015\/09\/why-ms2-ita.png\" \/>\n<meta name=\"twitter:label1\" content=\"Tempo di lettura stimato\" \/>\n\t<meta name=\"twitter:data1\" content=\"3 minuti\" \/>\n<script type=\"application\/ld+json\" class=\"yoast-schema-graph\">{\"@context\":\"https:\/\/schema.org\",\"@graph\":[{\"@type\":\"WebPage\",\"@id\":\"https:\/\/www.newslettercreator.com\/it\/perche-scegliere-mailstyler\/\",\"url\":\"https:\/\/www.newslettercreator.com\/it\/perche-scegliere-mailstyler\/\",\"name\":\"Perch\u00e9 scegliere Mailstyler? - Newsletter Creator\",\"isPartOf\":{\"@id\":\"https:\/\/www.newslettercreator.com\/#website\"},\"primaryImageOfPage\":{\"@id\":\"https:\/\/www.newslettercreator.com\/it\/perche-scegliere-mailstyler\/#primaryimage\"},\"image\":{\"@id\":\"https:\/\/www.newslettercreator.com\/it\/perche-scegliere-mailstyler\/#primaryimage\"},\"thumbnailUrl\":\"http:\/\/www.newslettercreator.com\/wp-content\/uploads\/2015\/09\/why-ms2-ita.png\",\"datePublished\":\"2014-09-01T09:25:31+00:00\",\"dateModified\":\"2021-05-26T11:46:37+00:00\",\"breadcrumb\":{\"@id\":\"https:\/\/www.newslettercreator.com\/it\/perche-scegliere-mailstyler\/#breadcrumb\"},\"inLanguage\":\"it-IT\",\"potentialAction\":[{\"@type\":\"ReadAction\",\"target\":[\"https:\/\/www.newslettercreator.com\/it\/perche-scegliere-mailstyler\/\"]}]},{\"@type\":\"ImageObject\",\"inLanguage\":\"it-IT\",\"@id\":\"https:\/\/www.newslettercreator.com\/it\/perche-scegliere-mailstyler\/#primaryimage\",\"url\":\"http:\/\/www.newslettercreator.com\/wp-content\/uploads\/2015\/09\/why-ms2-ita.png\",\"contentUrl\":\"http:\/\/www.newslettercreator.com\/wp-content\/uploads\/2015\/09\/why-ms2-ita.png\"},{\"@type\":\"BreadcrumbList\",\"@id\":\"https:\/\/www.newslettercreator.com\/it\/perche-scegliere-mailstyler\/#breadcrumb\",\"itemListElement\":[{\"@type\":\"ListItem\",\"position\":1,\"name\":\"Home\",\"item\":\"https:\/\/www.newslettercreator.com\/it\/\"},{\"@type\":\"ListItem\",\"position\":2,\"name\":\"Perch\u00e9 scegliere Mailstyler?\"}]},{\"@type\":\"WebSite\",\"@id\":\"https:\/\/www.newslettercreator.com\/#website\",\"url\":\"https:\/\/www.newslettercreator.com\/\",\"name\":\"Newsletter Creator\",\"description\":\"Pay off\",\"potentialAction\":[{\"@type\":\"SearchAction\",\"target\":{\"@type\":\"EntryPoint\",\"urlTemplate\":\"https:\/\/www.newslettercreator.com\/?s={search_term_string}\"},\"query-input\":{\"@type\":\"PropertyValueSpecification\",\"valueRequired\":true,\"valueName\":\"search_term_string\"}}],\"inLanguage\":\"it-IT\"}]}<\/script>\n<!-- \/ Yoast SEO plugin. -->","yoast_head_json":{"title":"Perch\u00e9 scegliere Mailstyler? - Newsletter Creator","robots":{"index":"index","follow":"follow","max-snippet":"max-snippet:-1","max-image-preview":"max-image-preview:large","max-video-preview":"max-video-preview:-1"},"canonical":"https:\/\/www.newslettercreator.com\/it\/perche-scegliere-mailstyler\/","og_locale":"it_IT","og_type":"article","og_title":"Perch\u00e9 scegliere Mailstyler? - Newsletter Creator","og_description":"Prova ora gratisla versione demoOttieni il massimo:Acquista MailStyler 2 PRO &nbsp; Ecco cosa rende unico Mailstyler:","og_url":"https:\/\/www.newslettercreator.com\/it\/perche-scegliere-mailstyler\/","og_site_name":"Newsletter Creator","article_modified_time":"2021-05-26T11:46:37+00:00","og_image":[{"url":"http:\/\/www.newslettercreator.com\/wp-content\/uploads\/2015\/09\/why-ms2-ita.png","type":"","width":"","height":""}],"twitter_misc":{"Tempo di lettura stimato":"3 minuti"},"schema":{"@context":"https:\/\/schema.org","@graph":[{"@type":"WebPage","@id":"https:\/\/www.newslettercreator.com\/it\/perche-scegliere-mailstyler\/","url":"https:\/\/www.newslettercreator.com\/it\/perche-scegliere-mailstyler\/","name":"Perch\u00e9 scegliere Mailstyler? - Newsletter Creator","isPartOf":{"@id":"https:\/\/www.newslettercreator.com\/#website"},"primaryImageOfPage":{"@id":"https:\/\/www.newslettercreator.com\/it\/perche-scegliere-mailstyler\/#primaryimage"},"image":{"@id":"https:\/\/www.newslettercreator.com\/it\/perche-scegliere-mailstyler\/#primaryimage"},"thumbnailUrl":"http:\/\/www.newslettercreator.com\/wp-content\/uploads\/2015\/09\/why-ms2-ita.png","datePublished":"2014-09-01T09:25:31+00:00","dateModified":"2021-05-26T11:46:37+00:00","breadcrumb":{"@id":"https:\/\/www.newslettercreator.com\/it\/perche-scegliere-mailstyler\/#breadcrumb"},"inLanguage":"it-IT","potentialAction":[{"@type":"ReadAction","target":["https:\/\/www.newslettercreator.com\/it\/perche-scegliere-mailstyler\/"]}]},{"@type":"ImageObject","inLanguage":"it-IT","@id":"https:\/\/www.newslettercreator.com\/it\/perche-scegliere-mailstyler\/#primaryimage","url":"http:\/\/www.newslettercreator.com\/wp-content\/uploads\/2015\/09\/why-ms2-ita.png","contentUrl":"http:\/\/www.newslettercreator.com\/wp-content\/uploads\/2015\/09\/why-ms2-ita.png"},{"@type":"BreadcrumbList","@id":"https:\/\/www.newslettercreator.com\/it\/perche-scegliere-mailstyler\/#breadcrumb","itemListElement":[{"@type":"ListItem","position":1,"name":"Home","item":"https:\/\/www.newslettercreator.com\/it\/"},{"@type":"ListItem","position":2,"name":"Perch\u00e9 scegliere Mailstyler?"}]},{"@type":"WebSite","@id":"https:\/\/www.newslettercreator.com\/#website","url":"https:\/\/www.newslettercreator.com\/","name":"Newsletter Creator","description":"Pay off","potentialAction":[{"@type":"SearchAction","target":{"@type":"EntryPoint","urlTemplate":"https:\/\/www.newslettercreator.com\/?s={search_term_string}"},"query-input":{"@type":"PropertyValueSpecification","valueRequired":true,"valueName":"search_term_string"}}],"inLanguage":"it-IT"}]}},"_links":{"self":[{"href":"https:\/\/www.newslettercreator.com\/it\/wp-json\/wp\/v2\/pages\/1149","targetHints":{"allow":["GET"]}}],"collection":[{"href":"https:\/\/www.newslettercreator.com\/it\/wp-json\/wp\/v2\/pages"}],"about":[{"href":"https:\/\/www.newslettercreator.com\/it\/wp-json\/wp\/v2\/types\/page"}],"author":[{"embeddable":true,"href":"https:\/\/www.newslettercreator.com\/it\/wp-json\/wp\/v2\/users\/1"}],"replies":[{"embeddable":true,"href":"https:\/\/www.newslettercreator.com\/it\/wp-json\/wp\/v2\/comments?post=1149"}],"version-history":[{"count":17,"href":"https:\/\/www.newslettercreator.com\/it\/wp-json\/wp\/v2\/pages\/1149\/revisions"}],"predecessor-version":[{"id":10193,"href":"https:\/\/www.newslettercreator.com\/it\/wp-json\/wp\/v2\/pages\/1149\/revisions\/10193"}],"wp:attachment":[{"href":"https:\/\/www.newslettercreator.com\/it\/wp-json\/wp\/v2\/media?parent=1149"}],"curies":[{"name":"wp","href":"https:\/\/api.w.org\/{rel}","templated":true}]}}