{"id":1162,"date":"2014-09-01T12:29:02","date_gmt":"2014-09-01T12:29:02","guid":{"rendered":"http:\/\/www.newslettercreator.com\/?page_id=1162"},"modified":"2022-03-04T10:31:15","modified_gmt":"2022-03-04T09:31:15","slug":"libreria-immagini-di-base","status":"publish","type":"page","link":"https:\/\/www.newslettercreator.com\/it\/libreria-immagini-di-base\/","title":{"rendered":"Libreria immagini di base"},"content":{"rendered":"<p><img decoding=\"async\" class=\"alignnone size-full wp-image-387\" src=\"http:\/\/www.newslettercreator.com\/wp-content\/uploads\/2014\/04\/library-base.jpg\" alt=\"Libreria immagini di base\" width=\"649\" height=\"423\" srcset=\"https:\/\/www.newslettercreator.com\/wp-content\/uploads\/2014\/04\/library-base.jpg 649w, https:\/\/www.newslettercreator.com\/wp-content\/uploads\/2014\/04\/library-base-300x195.jpg 300w\" sizes=\"(max-width: 649px) 100vw, 649px\" \/><\/p>\n<p>Le versioni <strong>Demo <\/strong>e <strong>Basic <\/strong>consentono di accedere alla <strong>sola libreria MailStyler<\/strong> e utilizzare fino a tre immagini per ogni categoria senza watermark (per un totale di <strong>pi\u00f9 di 200 immagini<\/strong>), e tutte le altre con il nostro logo in filigrana. Ogni immagine \u00e8 in risoluzione 800&#215;600.<\/p>\n<h2>Vuoi di pi\u00f9?<\/h2>\n<p>Avere a disposizione una vasta scelta di <strong>foto e immagini professionali<\/strong> \u00e8 essenziale per costruire una newsletter efficace. Ecco perch\u00e9 <strong>MailStyler Pro<\/strong> fornisce una <strong>libreria avanzata di immagini di alta qualit\u00e0<\/strong>:<\/p>\n<ul>\n<li><strong>pi\u00f9 di 3.5 milioni<\/strong> di immagini di alta qualit\u00e0;<\/li>\n<li>libreria MailStyler (2.000+ immagini);<\/li>\n<li>libreria <img decoding=\"async\" src=\"https:\/\/www.newslettercreator.com\/wp-content\/uploads\/2022\/03\/unsplash-18x79-1.svg\" width=\"79\" height=\"18\" style=\"margin-bottom: -3px; opacity: 0.8;\"> (1 milione di immagini);<\/li>\n<li>libreria <img decoding=\"async\" src=\"https:\/\/www.newslettercreator.com\/wp-content\/uploads\/2022\/03\/pixabay-18x93-1.svg\" width=\"93\" height=\"18\" style=\"margin-bottom: -3px;\"> (2.5 milioni di immagini).<\/li>\n<\/ul>\n<p>La libreria \u00e8 organizzata in <strong>57 categorie<\/strong> \u2014 dall&#8217;arte alle auto, dall&#8217;elettronica alla moda, dai giochi allo sport e cos\u00ec via \u2014 pi\u00f9 una raccolta di <strong>icone di social media<\/strong> e un <strong>motore di ricerca<\/strong> libera. In questo modo sar\u00e0 pi\u00f9 facile trovare le immagini giuste per la vostra area di business, con la certezza di utilizzare sempre materiali grafici di prima scelta.<\/p>\n<p>Se vuoi accedere alla libreria completa di <strong>3,5 milioni di immagini<\/strong> in alta risoluzione e senza watermark, puoi passare alla <strong>versione Pro<\/strong> di MailStyler ed ottenere la <a href=\"https:\/\/www.newslettercreator.com\/it\/libreria-immagini-avanzata\/\" title=\"Libreria immagini avanzata\">Libreria immagini avanzata<\/a>.<\/p>\n","protected":false},"excerpt":{"rendered":"<p>Le versioni Demo e Basic consentono di accedere alla sola libreria MailStyler e utilizzare fino a tre immagini per ogni categoria senza watermark (per un totale di pi\u00f9 di 200 immagini), e tutte le altre con il nostro logo in filigrana. Ogni immagine \u00e8 in risoluzione 800&#215;600. Vuoi di pi\u00f9? Avere a disposizione una vasta [&hellip;]<\/p>\n","protected":false},"author":1,"featured_media":0,"parent":0,"menu_order":0,"comment_status":"closed","ping_status":"closed","template":"g1_template_page_sidebar_right.php","meta":{"inline_featured_image":false,"_monsterinsights_skip_tracking":false,"_monsterinsights_sitenote_active":false,"_monsterinsights_sitenote_note":"","_monsterinsights_sitenote_category":0,"footnotes":""},"class_list":["post-1162","page","type-page","status-publish"],"yoast_head":"<!-- This site is optimized with the Yoast SEO plugin v25.2 - https:\/\/yoast.com\/wordpress\/plugins\/seo\/ -->\n<title>Libreria immagini di base - Newsletter Creator<\/title>\n<meta name=\"robots\" content=\"index, follow, max-snippet:-1, max-image-preview:large, max-video-preview:-1\" \/>\n<link rel=\"canonical\" href=\"https:\/\/www.newslettercreator.com\/it\/libreria-immagini-di-base\/\" \/>\n<meta property=\"og:locale\" content=\"it_IT\" \/>\n<meta property=\"og:type\" content=\"article\" \/>\n<meta property=\"og:title\" content=\"Libreria immagini di base - Newsletter Creator\" \/>\n<meta property=\"og:description\" content=\"Le versioni Demo e Basic consentono di accedere alla sola libreria MailStyler e utilizzare fino a tre immagini per ogni categoria senza watermark (per un totale di pi\u00f9 di 200 immagini), e tutte le altre con il nostro logo in filigrana. Ogni immagine \u00e8 in risoluzione 800&#215;600. Vuoi di pi\u00f9? Avere a disposizione una vasta [&hellip;]\" \/>\n<meta property=\"og:url\" content=\"https:\/\/www.newslettercreator.com\/it\/libreria-immagini-di-base\/\" \/>\n<meta property=\"og:site_name\" content=\"Newsletter Creator\" \/>\n<meta property=\"article:modified_time\" content=\"2022-03-04T09:31:15+00:00\" \/>\n<meta property=\"og:image\" content=\"http:\/\/www.newslettercreator.com\/wp-content\/uploads\/2014\/04\/library-base.jpg\" \/>\n<meta name=\"twitter:label1\" content=\"Tempo di lettura stimato\" \/>\n\t<meta name=\"twitter:data1\" content=\"1 minuto\" \/>\n<script type=\"application\/ld+json\" class=\"yoast-schema-graph\">{\"@context\":\"https:\/\/schema.org\",\"@graph\":[{\"@type\":\"WebPage\",\"@id\":\"https:\/\/www.newslettercreator.com\/it\/libreria-immagini-di-base\/\",\"url\":\"https:\/\/www.newslettercreator.com\/it\/libreria-immagini-di-base\/\",\"name\":\"Libreria immagini di base - Newsletter Creator\",\"isPartOf\":{\"@id\":\"https:\/\/www.newslettercreator.com\/#website\"},\"primaryImageOfPage\":{\"@id\":\"https:\/\/www.newslettercreator.com\/it\/libreria-immagini-di-base\/#primaryimage\"},\"image\":{\"@id\":\"https:\/\/www.newslettercreator.com\/it\/libreria-immagini-di-base\/#primaryimage\"},\"thumbnailUrl\":\"http:\/\/www.newslettercreator.com\/wp-content\/uploads\/2014\/04\/library-base.jpg\",\"datePublished\":\"2014-09-01T12:29:02+00:00\",\"dateModified\":\"2022-03-04T09:31:15+00:00\",\"breadcrumb\":{\"@id\":\"https:\/\/www.newslettercreator.com\/it\/libreria-immagini-di-base\/#breadcrumb\"},\"inLanguage\":\"it-IT\",\"potentialAction\":[{\"@type\":\"ReadAction\",\"target\":[\"https:\/\/www.newslettercreator.com\/it\/libreria-immagini-di-base\/\"]}]},{\"@type\":\"ImageObject\",\"inLanguage\":\"it-IT\",\"@id\":\"https:\/\/www.newslettercreator.com\/it\/libreria-immagini-di-base\/#primaryimage\",\"url\":\"http:\/\/www.newslettercreator.com\/wp-content\/uploads\/2014\/04\/library-base.jpg\",\"contentUrl\":\"http:\/\/www.newslettercreator.com\/wp-content\/uploads\/2014\/04\/library-base.jpg\"},{\"@type\":\"BreadcrumbList\",\"@id\":\"https:\/\/www.newslettercreator.com\/it\/libreria-immagini-di-base\/#breadcrumb\",\"itemListElement\":[{\"@type\":\"ListItem\",\"position\":1,\"name\":\"Home\",\"item\":\"https:\/\/www.newslettercreator.com\/it\/\"},{\"@type\":\"ListItem\",\"position\":2,\"name\":\"Libreria immagini di base\"}]},{\"@type\":\"WebSite\",\"@id\":\"https:\/\/www.newslettercreator.com\/#website\",\"url\":\"https:\/\/www.newslettercreator.com\/\",\"name\":\"Newsletter Creator\",\"description\":\"Pay off\",\"potentialAction\":[{\"@type\":\"SearchAction\",\"target\":{\"@type\":\"EntryPoint\",\"urlTemplate\":\"https:\/\/www.newslettercreator.com\/?s={search_term_string}\"},\"query-input\":{\"@type\":\"PropertyValueSpecification\",\"valueRequired\":true,\"valueName\":\"search_term_string\"}}],\"inLanguage\":\"it-IT\"}]}<\/script>\n<!-- \/ Yoast SEO plugin. -->","yoast_head_json":{"title":"Libreria immagini di base - Newsletter Creator","robots":{"index":"index","follow":"follow","max-snippet":"max-snippet:-1","max-image-preview":"max-image-preview:large","max-video-preview":"max-video-preview:-1"},"canonical":"https:\/\/www.newslettercreator.com\/it\/libreria-immagini-di-base\/","og_locale":"it_IT","og_type":"article","og_title":"Libreria immagini di base - Newsletter Creator","og_description":"Le versioni Demo e Basic consentono di accedere alla sola libreria MailStyler e utilizzare fino a tre immagini per ogni categoria senza watermark (per un totale di pi\u00f9 di 200 immagini), e tutte le altre con il nostro logo in filigrana. Ogni immagine \u00e8 in risoluzione 800&#215;600. Vuoi di pi\u00f9? Avere a disposizione una vasta [&hellip;]","og_url":"https:\/\/www.newslettercreator.com\/it\/libreria-immagini-di-base\/","og_site_name":"Newsletter Creator","article_modified_time":"2022-03-04T09:31:15+00:00","og_image":[{"url":"http:\/\/www.newslettercreator.com\/wp-content\/uploads\/2014\/04\/library-base.jpg","type":"","width":"","height":""}],"twitter_misc":{"Tempo di lettura stimato":"1 minuto"},"schema":{"@context":"https:\/\/schema.org","@graph":[{"@type":"WebPage","@id":"https:\/\/www.newslettercreator.com\/it\/libreria-immagini-di-base\/","url":"https:\/\/www.newslettercreator.com\/it\/libreria-immagini-di-base\/","name":"Libreria immagini di base - Newsletter Creator","isPartOf":{"@id":"https:\/\/www.newslettercreator.com\/#website"},"primaryImageOfPage":{"@id":"https:\/\/www.newslettercreator.com\/it\/libreria-immagini-di-base\/#primaryimage"},"image":{"@id":"https:\/\/www.newslettercreator.com\/it\/libreria-immagini-di-base\/#primaryimage"},"thumbnailUrl":"http:\/\/www.newslettercreator.com\/wp-content\/uploads\/2014\/04\/library-base.jpg","datePublished":"2014-09-01T12:29:02+00:00","dateModified":"2022-03-04T09:31:15+00:00","breadcrumb":{"@id":"https:\/\/www.newslettercreator.com\/it\/libreria-immagini-di-base\/#breadcrumb"},"inLanguage":"it-IT","potentialAction":[{"@type":"ReadAction","target":["https:\/\/www.newslettercreator.com\/it\/libreria-immagini-di-base\/"]}]},{"@type":"ImageObject","inLanguage":"it-IT","@id":"https:\/\/www.newslettercreator.com\/it\/libreria-immagini-di-base\/#primaryimage","url":"http:\/\/www.newslettercreator.com\/wp-content\/uploads\/2014\/04\/library-base.jpg","contentUrl":"http:\/\/www.newslettercreator.com\/wp-content\/uploads\/2014\/04\/library-base.jpg"},{"@type":"BreadcrumbList","@id":"https:\/\/www.newslettercreator.com\/it\/libreria-immagini-di-base\/#breadcrumb","itemListElement":[{"@type":"ListItem","position":1,"name":"Home","item":"https:\/\/www.newslettercreator.com\/it\/"},{"@type":"ListItem","position":2,"name":"Libreria immagini di base"}]},{"@type":"WebSite","@id":"https:\/\/www.newslettercreator.com\/#website","url":"https:\/\/www.newslettercreator.com\/","name":"Newsletter Creator","description":"Pay off","potentialAction":[{"@type":"SearchAction","target":{"@type":"EntryPoint","urlTemplate":"https:\/\/www.newslettercreator.com\/?s={search_term_string}"},"query-input":{"@type":"PropertyValueSpecification","valueRequired":true,"valueName":"search_term_string"}}],"inLanguage":"it-IT"}]}},"_links":{"self":[{"href":"https:\/\/www.newslettercreator.com\/it\/wp-json\/wp\/v2\/pages\/1162","targetHints":{"allow":["GET"]}}],"collection":[{"href":"https:\/\/www.newslettercreator.com\/it\/wp-json\/wp\/v2\/pages"}],"about":[{"href":"https:\/\/www.newslettercreator.com\/it\/wp-json\/wp\/v2\/types\/page"}],"author":[{"embeddable":true,"href":"https:\/\/www.newslettercreator.com\/it\/wp-json\/wp\/v2\/users\/1"}],"replies":[{"embeddable":true,"href":"https:\/\/www.newslettercreator.com\/it\/wp-json\/wp\/v2\/comments?post=1162"}],"version-history":[{"count":3,"href":"https:\/\/www.newslettercreator.com\/it\/wp-json\/wp\/v2\/pages\/1162\/revisions"}],"predecessor-version":[{"id":11773,"href":"https:\/\/www.newslettercreator.com\/it\/wp-json\/wp\/v2\/pages\/1162\/revisions\/11773"}],"wp:attachment":[{"href":"https:\/\/www.newslettercreator.com\/it\/wp-json\/wp\/v2\/media?parent=1162"}],"curies":[{"name":"wp","href":"https:\/\/api.w.org\/{rel}","templated":true}]}}