{"id":1164,"date":"2014-09-01T12:30:43","date_gmt":"2014-09-01T12:30:43","guid":{"rendered":"http:\/\/www.newslettercreator.com\/?page_id=1164"},"modified":"2022-03-03T14:59:20","modified_gmt":"2022-03-03T13:59:20","slug":"libreria-immagini-avanzata","status":"publish","type":"page","link":"https:\/\/www.newslettercreator.com\/it\/libreria-immagini-avanzata\/","title":{"rendered":"Libreria immagini avanzata"},"content":{"rendered":"<p><img decoding=\"async\" class=\"alignnone size-full wp-image-387\" src=\"http:\/\/www.newslettercreator.com\/wp-content\/uploads\/2014\/04\/library-adv.jpg\" alt=\"Libreria immagini avanzata\" width=\"649\" height=\"423\" \/><\/p>\n<p>Avere a disposizione una vasta scelta di <strong>foto e immagini professionali<\/strong> \u00e8 essenziale per costruire una newsletter efficace. Ecco perch\u00e9 MailStyler fornisce una <strong>libreria avanzata di immagini di alta qualit\u00e0<\/strong>:<\/p>\n<ul>\n<li><strong>pi\u00f9 di 3.5 milioni<\/strong> di immagini di alta qualit\u00e0;<\/li>\n<li>libreria MailStyler (2.000+ immagini);<\/li>\n<li>libreria <img decoding=\"async\" src=\"https:\/\/www.newslettercreator.com\/wp-content\/uploads\/2022\/03\/unsplash-18x79-1.svg\" width=\"79\" height=\"18\" style=\"margin-bottom: -3px; opacity: 0.8;\"> (1 milione di immagini);<\/li>\n<li>libreria <img decoding=\"async\" src=\"https:\/\/www.newslettercreator.com\/wp-content\/uploads\/2022\/03\/pixabay-18x93-1.svg\" width=\"93\" height=\"18\" style=\"margin-bottom: -3px;\"> (2.5 milioni di immagini).<\/li>\n<\/ul>\n<p>Nessun altro software fornisce una cos\u00ec vasta libreria di immagini.<\/p>\n<p>La libreria \u00e8 organizzata in <strong>57 categorie<\/strong> \u2014 dall&#8217;arte alle auto, dall&#8217;elettronica alla moda, dai giochi allo sport e cos\u00ec via \u2014 pi\u00f9 una raccolta di <strong>icone di social media<\/strong> e un <strong>motore di ricerca<\/strong> libera. In questo modo sar\u00e0 pi\u00f9 facile trovare le immagini giuste per la vostra area di business, con la certezza di utilizzare sempre materiali grafici di prima scelta.<\/p>\n","protected":false},"excerpt":{"rendered":"<p>Avere a disposizione una vasta scelta di foto e immagini professionali \u00e8 essenziale per costruire una newsletter efficace. Ecco perch\u00e9 MailStyler fornisce una libreria avanzata di immagini di alta qualit\u00e0: pi\u00f9 di 3.5 milioni di immagini di alta qualit\u00e0; libreria MailStyler (2.000+ immagini); libreria (1 milione di immagini); libreria (2.5 milioni di immagini). Nessun altro [&hellip;]<\/p>\n","protected":false},"author":1,"featured_media":0,"parent":0,"menu_order":0,"comment_status":"closed","ping_status":"closed","template":"g1_template_page_sidebar_right.php","meta":{"inline_featured_image":false,"_monsterinsights_skip_tracking":false,"_monsterinsights_sitenote_active":false,"_monsterinsights_sitenote_note":"","_monsterinsights_sitenote_category":0,"footnotes":""},"class_list":["post-1164","page","type-page","status-publish"],"yoast_head":"<!-- This site is optimized with the Yoast SEO plugin v25.2 - https:\/\/yoast.com\/wordpress\/plugins\/seo\/ -->\n<title>Libreria immagini avanzata - Newsletter Creator<\/title>\n<meta name=\"robots\" content=\"index, follow, max-snippet:-1, max-image-preview:large, max-video-preview:-1\" \/>\n<link rel=\"canonical\" href=\"https:\/\/www.newslettercreator.com\/it\/libreria-immagini-avanzata\/\" \/>\n<meta property=\"og:locale\" content=\"it_IT\" \/>\n<meta property=\"og:type\" content=\"article\" \/>\n<meta property=\"og:title\" content=\"Libreria immagini avanzata - Newsletter Creator\" \/>\n<meta property=\"og:description\" content=\"Avere a disposizione una vasta scelta di foto e immagini professionali \u00e8 essenziale per costruire una newsletter efficace. Ecco perch\u00e9 MailStyler fornisce una libreria avanzata di immagini di alta qualit\u00e0: pi\u00f9 di 3.5 milioni di immagini di alta qualit\u00e0; libreria MailStyler (2.000+ immagini); libreria (1 milione di immagini); libreria (2.5 milioni di immagini). Nessun altro [&hellip;]\" \/>\n<meta property=\"og:url\" content=\"https:\/\/www.newslettercreator.com\/it\/libreria-immagini-avanzata\/\" \/>\n<meta property=\"og:site_name\" content=\"Newsletter Creator\" \/>\n<meta property=\"article:modified_time\" content=\"2022-03-03T13:59:20+00:00\" \/>\n<meta property=\"og:image\" content=\"http:\/\/www.newslettercreator.com\/wp-content\/uploads\/2014\/04\/library-adv.jpg\" \/>\n<meta name=\"twitter:label1\" content=\"Tempo di lettura stimato\" \/>\n\t<meta name=\"twitter:data1\" content=\"1 minuto\" \/>\n<script type=\"application\/ld+json\" class=\"yoast-schema-graph\">{\"@context\":\"https:\/\/schema.org\",\"@graph\":[{\"@type\":\"WebPage\",\"@id\":\"https:\/\/www.newslettercreator.com\/it\/libreria-immagini-avanzata\/\",\"url\":\"https:\/\/www.newslettercreator.com\/it\/libreria-immagini-avanzata\/\",\"name\":\"Libreria immagini avanzata - Newsletter Creator\",\"isPartOf\":{\"@id\":\"https:\/\/www.newslettercreator.com\/#website\"},\"primaryImageOfPage\":{\"@id\":\"https:\/\/www.newslettercreator.com\/it\/libreria-immagini-avanzata\/#primaryimage\"},\"image\":{\"@id\":\"https:\/\/www.newslettercreator.com\/it\/libreria-immagini-avanzata\/#primaryimage\"},\"thumbnailUrl\":\"http:\/\/www.newslettercreator.com\/wp-content\/uploads\/2014\/04\/library-adv.jpg\",\"datePublished\":\"2014-09-01T12:30:43+00:00\",\"dateModified\":\"2022-03-03T13:59:20+00:00\",\"breadcrumb\":{\"@id\":\"https:\/\/www.newslettercreator.com\/it\/libreria-immagini-avanzata\/#breadcrumb\"},\"inLanguage\":\"it-IT\",\"potentialAction\":[{\"@type\":\"ReadAction\",\"target\":[\"https:\/\/www.newslettercreator.com\/it\/libreria-immagini-avanzata\/\"]}]},{\"@type\":\"ImageObject\",\"inLanguage\":\"it-IT\",\"@id\":\"https:\/\/www.newslettercreator.com\/it\/libreria-immagini-avanzata\/#primaryimage\",\"url\":\"http:\/\/www.newslettercreator.com\/wp-content\/uploads\/2014\/04\/library-adv.jpg\",\"contentUrl\":\"http:\/\/www.newslettercreator.com\/wp-content\/uploads\/2014\/04\/library-adv.jpg\"},{\"@type\":\"BreadcrumbList\",\"@id\":\"https:\/\/www.newslettercreator.com\/it\/libreria-immagini-avanzata\/#breadcrumb\",\"itemListElement\":[{\"@type\":\"ListItem\",\"position\":1,\"name\":\"Home\",\"item\":\"https:\/\/www.newslettercreator.com\/it\/\"},{\"@type\":\"ListItem\",\"position\":2,\"name\":\"Libreria immagini avanzata\"}]},{\"@type\":\"WebSite\",\"@id\":\"https:\/\/www.newslettercreator.com\/#website\",\"url\":\"https:\/\/www.newslettercreator.com\/\",\"name\":\"Newsletter Creator\",\"description\":\"Pay off\",\"potentialAction\":[{\"@type\":\"SearchAction\",\"target\":{\"@type\":\"EntryPoint\",\"urlTemplate\":\"https:\/\/www.newslettercreator.com\/?s={search_term_string}\"},\"query-input\":{\"@type\":\"PropertyValueSpecification\",\"valueRequired\":true,\"valueName\":\"search_term_string\"}}],\"inLanguage\":\"it-IT\"}]}<\/script>\n<!-- \/ Yoast SEO plugin. -->","yoast_head_json":{"title":"Libreria immagini avanzata - Newsletter Creator","robots":{"index":"index","follow":"follow","max-snippet":"max-snippet:-1","max-image-preview":"max-image-preview:large","max-video-preview":"max-video-preview:-1"},"canonical":"https:\/\/www.newslettercreator.com\/it\/libreria-immagini-avanzata\/","og_locale":"it_IT","og_type":"article","og_title":"Libreria immagini avanzata - Newsletter Creator","og_description":"Avere a disposizione una vasta scelta di foto e immagini professionali \u00e8 essenziale per costruire una newsletter efficace. Ecco perch\u00e9 MailStyler fornisce una libreria avanzata di immagini di alta qualit\u00e0: pi\u00f9 di 3.5 milioni di immagini di alta qualit\u00e0; libreria MailStyler (2.000+ immagini); libreria (1 milione di immagini); libreria (2.5 milioni di immagini). Nessun altro [&hellip;]","og_url":"https:\/\/www.newslettercreator.com\/it\/libreria-immagini-avanzata\/","og_site_name":"Newsletter Creator","article_modified_time":"2022-03-03T13:59:20+00:00","og_image":[{"url":"http:\/\/www.newslettercreator.com\/wp-content\/uploads\/2014\/04\/library-adv.jpg","type":"","width":"","height":""}],"twitter_misc":{"Tempo di lettura stimato":"1 minuto"},"schema":{"@context":"https:\/\/schema.org","@graph":[{"@type":"WebPage","@id":"https:\/\/www.newslettercreator.com\/it\/libreria-immagini-avanzata\/","url":"https:\/\/www.newslettercreator.com\/it\/libreria-immagini-avanzata\/","name":"Libreria immagini avanzata - Newsletter Creator","isPartOf":{"@id":"https:\/\/www.newslettercreator.com\/#website"},"primaryImageOfPage":{"@id":"https:\/\/www.newslettercreator.com\/it\/libreria-immagini-avanzata\/#primaryimage"},"image":{"@id":"https:\/\/www.newslettercreator.com\/it\/libreria-immagini-avanzata\/#primaryimage"},"thumbnailUrl":"http:\/\/www.newslettercreator.com\/wp-content\/uploads\/2014\/04\/library-adv.jpg","datePublished":"2014-09-01T12:30:43+00:00","dateModified":"2022-03-03T13:59:20+00:00","breadcrumb":{"@id":"https:\/\/www.newslettercreator.com\/it\/libreria-immagini-avanzata\/#breadcrumb"},"inLanguage":"it-IT","potentialAction":[{"@type":"ReadAction","target":["https:\/\/www.newslettercreator.com\/it\/libreria-immagini-avanzata\/"]}]},{"@type":"ImageObject","inLanguage":"it-IT","@id":"https:\/\/www.newslettercreator.com\/it\/libreria-immagini-avanzata\/#primaryimage","url":"http:\/\/www.newslettercreator.com\/wp-content\/uploads\/2014\/04\/library-adv.jpg","contentUrl":"http:\/\/www.newslettercreator.com\/wp-content\/uploads\/2014\/04\/library-adv.jpg"},{"@type":"BreadcrumbList","@id":"https:\/\/www.newslettercreator.com\/it\/libreria-immagini-avanzata\/#breadcrumb","itemListElement":[{"@type":"ListItem","position":1,"name":"Home","item":"https:\/\/www.newslettercreator.com\/it\/"},{"@type":"ListItem","position":2,"name":"Libreria immagini avanzata"}]},{"@type":"WebSite","@id":"https:\/\/www.newslettercreator.com\/#website","url":"https:\/\/www.newslettercreator.com\/","name":"Newsletter Creator","description":"Pay off","potentialAction":[{"@type":"SearchAction","target":{"@type":"EntryPoint","urlTemplate":"https:\/\/www.newslettercreator.com\/?s={search_term_string}"},"query-input":{"@type":"PropertyValueSpecification","valueRequired":true,"valueName":"search_term_string"}}],"inLanguage":"it-IT"}]}},"_links":{"self":[{"href":"https:\/\/www.newslettercreator.com\/it\/wp-json\/wp\/v2\/pages\/1164","targetHints":{"allow":["GET"]}}],"collection":[{"href":"https:\/\/www.newslettercreator.com\/it\/wp-json\/wp\/v2\/pages"}],"about":[{"href":"https:\/\/www.newslettercreator.com\/it\/wp-json\/wp\/v2\/types\/page"}],"author":[{"embeddable":true,"href":"https:\/\/www.newslettercreator.com\/it\/wp-json\/wp\/v2\/users\/1"}],"replies":[{"embeddable":true,"href":"https:\/\/www.newslettercreator.com\/it\/wp-json\/wp\/v2\/comments?post=1164"}],"version-history":[{"count":4,"href":"https:\/\/www.newslettercreator.com\/it\/wp-json\/wp\/v2\/pages\/1164\/revisions"}],"predecessor-version":[{"id":11729,"href":"https:\/\/www.newslettercreator.com\/it\/wp-json\/wp\/v2\/pages\/1164\/revisions\/11729"}],"wp:attachment":[{"href":"https:\/\/www.newslettercreator.com\/it\/wp-json\/wp\/v2\/media?parent=1164"}],"curies":[{"name":"wp","href":"https:\/\/api.w.org\/{rel}","templated":true}]}}