{"id":1283,"date":"2014-09-04T09:44:42","date_gmt":"2014-09-04T09:44:42","guid":{"rendered":"http:\/\/www.newslettercreator.com\/?page_id=1283"},"modified":"2015-09-01T09:26:10","modified_gmt":"2015-09-01T09:26:10","slug":"faq","status":"publish","type":"page","link":"https:\/\/www.newslettercreator.com\/it\/faq\/","title":{"rendered":"FAQ"},"content":{"rendered":"<p>Abbiamo raccolto una serie di domande frequenti per aiutarvi a trarre il massimo dal nostro software. Per ulteriori informazioni potete consultare la <a href=\"http:\/\/www.newslettercreator.com\/help\/\" title=\"Guida\">guida online<\/a>, o <a href=\"http:\/\/www.newslettercreator.com\/contact\/\">contattarci<\/a>.<\/p>\n<p>&nbsp;<\/p>\n<h3>INSTALLAZIONE E LICENZA <\/h3>\n<p><div id=\"g1-toggle-counter-1\" class=\"g1-toggle g1-toggle--off g1-toggle--simple g1-toggle--noicon \" ><div class=\"g1-toggle__title\">La licenza di MailStyler ha durata a vita?<\/div><div class=\"g1-toggle__content\"><div class=\"g1-block\">Certo; dopo il download potete usare il software per sempre. Tutte le informazioni sulla licenza sono <a href=\"http:\/\/www.newslettercreator.com\/it\/accordo-di-licenza-per-mailstyler\/\">qui<\/a>.<\/div><\/div><\/div><br \/>\n<div id=\"g1-toggle-counter-2\" class=\"g1-toggle g1-toggle--off g1-toggle--simple g1-toggle--noicon \" ><div class=\"g1-toggle__title\">Come disinstallare MailStyler?<\/div><div class=\"g1-toggle__content\"><div class=\"g1-block\">Semplicissimo: seguite le istruzioni indicate <a href=\"http:\/\/www.newslettercreator.com\/it\/come-disinstallare-mailstyler\/\">nella pagina relativa<\/a>.<\/div><\/div><\/div><br \/>\n<div id=\"g1-toggle-counter-3\" class=\"g1-toggle g1-toggle--off g1-toggle--simple g1-toggle--noicon \" ><div class=\"g1-toggle__title\">Posso usare MailStyler su Mac OS X?<\/div><div class=\"g1-toggle__content\"><div class=\"g1-block\">Certo, anche se non esiste una versione specifica per Mac, \u00e8 molto facile: leggete la nostra pagina riguardo <a href=\"http:\/\/www.newslettercreator.com\/it\/usare-mailstyler-su-mac\/\">MailStyler su OS X<\/a>.<\/div><\/div><\/div><\/p>\n<div id=\"g1-divider-1\" class=\"g1-divider g1-divider--none g1-divider--noicon \"><\/div>\n<h3>CREAZIONE DELL&#8217;EMAIL<\/h3>\n<p><div id=\"g1-toggle-counter-4\" class=\"g1-toggle g1-toggle--off g1-toggle--simple g1-toggle--noicon \" ><div class=\"g1-toggle__title\">Come creare un'email?<\/div><div class=\"g1-toggle__content\"><div class=\"g1-block\">MailStyler \u00e8 interamente basato sul &#8220;drag&#038;drop&#8221;. Per creare un&#8217;email basta scegliere un tipo di elemento dal menu &#8220;Blocchi&#8221;, scegliere il singolo blocco che preferite, trascinarlo sulla pagina e rilasciarlo con un solo movimento del mouse (cliccare, trascinare e rilasciare). Semplicissimo: in meno di un minuto vi troverete perfettamente a vostro agio.<\/p>\n<p>Una precisazione. L&#8217;architettura di ogni newsletter su MailStyler si basa su <em>blocchi<\/em> e <em>celle<\/em>. Un blocco \u00e8 un tipo di elemento strutturale come un body, un footer o un header: ne forniamo diversi tipi, con design differenti (una o pi\u00f9 colonne, solo testo, con immagini, eccetera). Una cella, al contrario, \u00e8 una parte del blocco stesso &#8211; una colonna o una riga. Cos\u00ec nella figura seguente,<\/p>\n<p><img decoding=\"async\" src=\"http:\/\/www.newslettercreator.com\/wp-content\/uploads\/2014\/02\/mailstyler-elements.png\" alt=\"mailstyler-elements\" width=\"500\" height=\"358\" class=\"alignnone size-full wp-image-1257\" srcset=\"https:\/\/www.newslettercreator.com\/wp-content\/uploads\/2014\/02\/mailstyler-elements.png 687w, https:\/\/www.newslettercreator.com\/wp-content\/uploads\/2014\/02\/mailstyler-elements-300x214.png 300w\" sizes=\"(max-width: 500px) 100vw, 500px\" \/><\/p>\n<p>il blocco \u00e8 l&#8217;intera immagine, mentre le due colonne sono celle &#8211; e ognuna contiene a sua volta un&#8217;immagine, un titolo, un po&#8217; di testo e un pulsante.<br \/>\nPer una spiegazione completa sull&#8217;utilizzo del software e la creazione di una newsletter, consultate la <a href=\"http:\/\/www.newslettercreator.com\/help\/\" title=\"MailStyler Manuale d'uso\">guida online<\/a>. <\/div><\/div><\/div><br \/>\n<div id=\"g1-toggle-counter-5\" class=\"g1-toggle g1-toggle--off g1-toggle--simple g1-toggle--noicon \" ><div class=\"g1-toggle__title\">Posso modificare una cella o blocco o un elemento singolo del blocco?<\/div><div class=\"g1-toggle__content\"><div class=\"g1-block\">S\u00ec. \u00c8 sufficiente fare click su di esso e quindi fare click sull&#8217;icona con un piccolo pennello, posta sul bordo. Le altre icone consentono di eliminare, copiare e scambiare di posto un elemento (dove consentito).<\/div><\/div><\/div><br \/>\n<div id=\"g1-toggle-counter-6\" class=\"g1-toggle g1-toggle--off g1-toggle--simple g1-toggle--noicon \" ><div class=\"g1-toggle__title\">Posso invertire la posizione di due celle?<\/div><div class=\"g1-toggle__content\"><div class=\"g1-block\">S\u00ec, cliccando sulla piccola icona con due frecce posta sul bordo fra le celle.<\/div><\/div><\/div><br \/>\n<div id=\"g1-toggle-counter-7\" class=\"g1-toggle g1-toggle--off g1-toggle--simple g1-toggle--noicon \" ><div class=\"g1-toggle__title\">Cosa sono gli stili di MailStyler?<\/div><div class=\"g1-toggle__content\"><div class=\"g1-block\">Il nostro team di designer ha creato alcuni stili predefiniti per fornirvi dei colori di sfondo e struttura gi\u00e0 pronti, con un preciso equilibrio cromatico.<\/div><\/div><\/div><br \/>\n<div id=\"g1-toggle-counter-8\" class=\"g1-toggle g1-toggle--off g1-toggle--simple g1-toggle--noicon \" ><div class=\"g1-toggle__title\">Come posso cambiare lo stile della newsletter?<\/div><div class=\"g1-toggle__content\"><div class=\"g1-block\">Il menu sulla destra \u00e8 completamente dedicato agli stili. Selezionate e applicate quello che preferite all&#8217;intera email.<\/div><\/div><\/div><br \/>\n<div id=\"g1-toggle-counter-9\" class=\"g1-toggle g1-toggle--off g1-toggle--simple g1-toggle--noicon \" ><div class=\"g1-toggle__title\">Posso creare degli stili personalizzati?<\/div><div class=\"g1-toggle__content\"><div class=\"g1-block\">S\u00ec: \u00e8 sufficiente salvare uno stile con un nome dopo averlo modificato.<\/div><\/div><\/div><br \/>\n<div id=\"g1-toggle-counter-10\" class=\"g1-toggle g1-toggle--off g1-toggle--simple g1-toggle--noicon \" ><div class=\"g1-toggle__title\">Come cancellare un blocco o una cella?<\/div><div class=\"g1-toggle__content\"><div class=\"g1-block\">Cliccate sulla piccola icona con un cestino posta sul bordo dell&#8217;elemento selezionato. Per annullare l&#8217;azione, \u00e8 sufficiente fare Ctrl+Z con la tastiera.<\/div><\/div><\/div><br \/>\n<div id=\"g1-toggle-counter-11\" class=\"g1-toggle g1-toggle--off g1-toggle--simple g1-toggle--noicon \" ><div class=\"g1-toggle__title\">Posso creare un template di default?<\/div><div class=\"g1-toggle__content\"><div class=\"g1-block\">S\u00ec: create un template e salvatelo come &#8220;default&#8221; usando l&#8217;opzione relativa nell&#8217;elenco sotto il bottone &#8220;Salva&#8221;, nel menu in alto.<\/div><\/div><\/div><\/p>\n<div id=\"g1-divider-2\" class=\"g1-divider g1-divider--none g1-divider--noicon \"><\/div>\n<h3>TESTO<\/h3>\n<div id=\"g1-toggle-counter-12\" class=\"g1-toggle g1-toggle--off g1-toggle--simple g1-toggle--noicon \" ><div class=\"g1-toggle__title\">Quando provo a cambiare lo stile del carattere o la sua dimensione o cerco di applicare qualche effetto al testo, non vedo cambiamenti nell'email. Perch\u00e9?<\/div><div class=\"g1-toggle__content\"><div class=\"g1-block\"> \u00c8 necessario innanzitutto selezionare la sezione di testo dove si desidera applicare la modifica. <\/div><\/div><\/div>\n<div id=\"g1-divider-3\" class=\"g1-divider g1-divider--none g1-divider--noicon \"><\/div>\n<h3>IMMAGINI<\/h3>\n<p><div id=\"g1-toggle-counter-13\" class=\"g1-toggle g1-toggle--off g1-toggle--simple g1-toggle--noicon \" ><div class=\"g1-toggle__title\">Posso incorporare delle immagini nell'email?<\/div><div class=\"g1-toggle__content\"><div class=\"g1-block\">Certo: basta indicare l&#8217;immagine come incorporata nel box relativo, nel form di editing (lo stesso vale per i bottoni). Attenzione, per\u00f2: su IE8 le immagini pi\u00f9 pesanti di 32KB non sono visualizzate.<\/div><\/div><\/div><br \/>\n<div id=\"g1-toggle-counter-14\" class=\"g1-toggle g1-toggle--off g1-toggle--simple g1-toggle--noicon \" ><div class=\"g1-toggle__title\">Dove sono stoccate le immagini?<\/div><div class=\"g1-toggle__content\"><div class=\"g1-block\">Nella cloud gratuita di MailStyler. Se si desidera altrimenti, esportate come file locale\/immagini locali e provvedete manualmente al caricamento sul vostro spazio, aggiornando il tag src di ogni immagine.<\/div><\/div><\/div><\/p>\n<div id=\"g1-divider-4\" class=\"g1-divider g1-divider--none g1-divider--noicon \"><\/div>\n<h3>ANTEPRIMA ED ESPORTAZIONE<\/h3>\n<p><div id=\"g1-toggle-counter-15\" class=\"g1-toggle g1-toggle--off g1-toggle--simple g1-toggle--noicon \" ><div class=\"g1-toggle__title\">Come posso avere un'anteprima dell'email?<\/div><div class=\"g1-toggle__content\"><div class=\"g1-block\">Basta cliccare sul bottone &#8220;Anteprima&#8221; in alto a destra e scegliere se aprirla in un browser o nel vostro client di posta.<\/div><\/div><\/div><br \/>\n<div id=\"g1-toggle-counter-16\" class=\"g1-toggle g1-toggle--off g1-toggle--simple g1-toggle--noicon \" ><div class=\"g1-toggle__title\">Come esportare la newsletter?<\/div><div class=\"g1-toggle__content\"><div class=\"g1-block\">Una volta terminato di comporre l&#8217;email, cliccate su &#8220;Esporta&#8221; in alto a destra. Potete salvare il template come file .eml o .html.<\/div><\/div><\/div><br \/>\n<div id=\"g1-toggle-counter-17\" class=\"g1-toggle g1-toggle--off g1-toggle--simple g1-toggle--noicon \" ><div class=\"g1-toggle__title\">Una volta esportato, dove posso usare il template?<\/div><div class=\"g1-toggle__content\"><div class=\"g1-block\">Le newsletter create con MailStyler possono essere utilizzate su tutti i client di posta elettronica (Thunderbird, Outlook&#8230;), software di email marketing (SendBlaster, Atomic Mail&#8230;) e servizi online (MailChimp, VerticalResponse&#8230;). Garantiamo una perfetta compatibilit\u00e0 con tutte le piattaforme.<\/div><\/div><\/div><\/p>\n<div id=\"g1-divider-5\" class=\"g1-divider g1-divider--none g1-divider--noicon \"><\/div>\n<h3>ALTRO<\/h3>\n<div id=\"g1-toggle-counter-18\" class=\"g1-toggle g1-toggle--off g1-toggle--simple g1-toggle--noicon \" ><div class=\"g1-toggle__title\">Bisogna conoscere l'HTML per usare MailStyler?<\/div><div class=\"g1-toggle__content\"><div class=\"g1-block\">Assolutamente no; non c&#8217;\u00e8 bisogno di scrivere una sola riga di codice con MailStyler. Tutto il processo di creazione dell&#8217;email \u00e8 completamente basato su drag&#038;drop ed editing diretto.<\/div><\/div><\/div>\n<p>&nbsp;<\/p>\n","protected":false},"excerpt":{"rendered":"<p>Abbiamo raccolto una serie di domande frequenti per aiutarvi a trarre il massimo dal nostro software. Per ulteriori informazioni potete consultare la guida online, o contattarci. &nbsp; INSTALLAZIONE E LICENZA CREAZIONE DELL&#8217;EMAIL TESTO IMMAGINI ANTEPRIMA ED ESPORTAZIONE ALTRO &nbsp;<\/p>\n","protected":false},"author":1,"featured_media":0,"parent":0,"menu_order":0,"comment_status":"closed","ping_status":"closed","template":"g1_template_page_sidebar_right.php","meta":{"inline_featured_image":false,"_monsterinsights_skip_tracking":false,"_monsterinsights_sitenote_active":false,"_monsterinsights_sitenote_note":"","_monsterinsights_sitenote_category":0,"footnotes":""},"class_list":["post-1283","page","type-page","status-publish"],"yoast_head":"<!-- This site is optimized with the Yoast SEO plugin v25.2 - https:\/\/yoast.com\/wordpress\/plugins\/seo\/ -->\n<title>FAQ - Newsletter Creator<\/title>\n<meta name=\"robots\" content=\"index, follow, max-snippet:-1, max-image-preview:large, max-video-preview:-1\" \/>\n<link rel=\"canonical\" href=\"https:\/\/www.newslettercreator.com\/it\/faq\/\" \/>\n<meta property=\"og:locale\" content=\"it_IT\" \/>\n<meta property=\"og:type\" content=\"article\" \/>\n<meta property=\"og:title\" content=\"FAQ - Newsletter Creator\" \/>\n<meta property=\"og:description\" content=\"Abbiamo raccolto una serie di domande frequenti per aiutarvi a trarre il massimo dal nostro software. Per ulteriori informazioni potete consultare la guida online, o contattarci. &nbsp; INSTALLAZIONE E LICENZA CREAZIONE DELL&#8217;EMAIL TESTO IMMAGINI ANTEPRIMA ED ESPORTAZIONE ALTRO &nbsp;\" \/>\n<meta property=\"og:url\" content=\"https:\/\/www.newslettercreator.com\/it\/faq\/\" \/>\n<meta property=\"og:site_name\" content=\"Newsletter Creator\" \/>\n<meta property=\"article:modified_time\" content=\"2015-09-01T09:26:10+00:00\" \/>\n<meta property=\"og:image\" content=\"http:\/\/www.newslettercreator.com\/wp-content\/uploads\/2014\/02\/mailstyler-elements.png\" \/>\n<meta name=\"twitter:label1\" content=\"Tempo di lettura stimato\" \/>\n\t<meta name=\"twitter:data1\" content=\"4 minuti\" \/>\n<script type=\"application\/ld+json\" class=\"yoast-schema-graph\">{\"@context\":\"https:\/\/schema.org\",\"@graph\":[{\"@type\":\"WebPage\",\"@id\":\"https:\/\/www.newslettercreator.com\/it\/faq\/\",\"url\":\"https:\/\/www.newslettercreator.com\/it\/faq\/\",\"name\":\"FAQ - Newsletter Creator\",\"isPartOf\":{\"@id\":\"https:\/\/www.newslettercreator.com\/#website\"},\"primaryImageOfPage\":{\"@id\":\"https:\/\/www.newslettercreator.com\/it\/faq\/#primaryimage\"},\"image\":{\"@id\":\"https:\/\/www.newslettercreator.com\/it\/faq\/#primaryimage\"},\"thumbnailUrl\":\"http:\/\/www.newslettercreator.com\/wp-content\/uploads\/2014\/02\/mailstyler-elements.png\",\"datePublished\":\"2014-09-04T09:44:42+00:00\",\"dateModified\":\"2015-09-01T09:26:10+00:00\",\"breadcrumb\":{\"@id\":\"https:\/\/www.newslettercreator.com\/it\/faq\/#breadcrumb\"},\"inLanguage\":\"it-IT\",\"potentialAction\":[{\"@type\":\"ReadAction\",\"target\":[\"https:\/\/www.newslettercreator.com\/it\/faq\/\"]}]},{\"@type\":\"ImageObject\",\"inLanguage\":\"it-IT\",\"@id\":\"https:\/\/www.newslettercreator.com\/it\/faq\/#primaryimage\",\"url\":\"http:\/\/www.newslettercreator.com\/wp-content\/uploads\/2014\/02\/mailstyler-elements.png\",\"contentUrl\":\"http:\/\/www.newslettercreator.com\/wp-content\/uploads\/2014\/02\/mailstyler-elements.png\"},{\"@type\":\"BreadcrumbList\",\"@id\":\"https:\/\/www.newslettercreator.com\/it\/faq\/#breadcrumb\",\"itemListElement\":[{\"@type\":\"ListItem\",\"position\":1,\"name\":\"Home\",\"item\":\"https:\/\/www.newslettercreator.com\/it\/\"},{\"@type\":\"ListItem\",\"position\":2,\"name\":\"FAQ\"}]},{\"@type\":\"WebSite\",\"@id\":\"https:\/\/www.newslettercreator.com\/#website\",\"url\":\"https:\/\/www.newslettercreator.com\/\",\"name\":\"Newsletter Creator\",\"description\":\"Pay off\",\"potentialAction\":[{\"@type\":\"SearchAction\",\"target\":{\"@type\":\"EntryPoint\",\"urlTemplate\":\"https:\/\/www.newslettercreator.com\/?s={search_term_string}\"},\"query-input\":{\"@type\":\"PropertyValueSpecification\",\"valueRequired\":true,\"valueName\":\"search_term_string\"}}],\"inLanguage\":\"it-IT\"}]}<\/script>\n<!-- \/ Yoast SEO plugin. -->","yoast_head_json":{"title":"FAQ - Newsletter Creator","robots":{"index":"index","follow":"follow","max-snippet":"max-snippet:-1","max-image-preview":"max-image-preview:large","max-video-preview":"max-video-preview:-1"},"canonical":"https:\/\/www.newslettercreator.com\/it\/faq\/","og_locale":"it_IT","og_type":"article","og_title":"FAQ - Newsletter Creator","og_description":"Abbiamo raccolto una serie di domande frequenti per aiutarvi a trarre il massimo dal nostro software. Per ulteriori informazioni potete consultare la guida online, o contattarci. &nbsp; INSTALLAZIONE E LICENZA CREAZIONE DELL&#8217;EMAIL TESTO IMMAGINI ANTEPRIMA ED ESPORTAZIONE ALTRO &nbsp;","og_url":"https:\/\/www.newslettercreator.com\/it\/faq\/","og_site_name":"Newsletter Creator","article_modified_time":"2015-09-01T09:26:10+00:00","og_image":[{"url":"http:\/\/www.newslettercreator.com\/wp-content\/uploads\/2014\/02\/mailstyler-elements.png","type":"","width":"","height":""}],"twitter_misc":{"Tempo di lettura stimato":"4 minuti"},"schema":{"@context":"https:\/\/schema.org","@graph":[{"@type":"WebPage","@id":"https:\/\/www.newslettercreator.com\/it\/faq\/","url":"https:\/\/www.newslettercreator.com\/it\/faq\/","name":"FAQ - Newsletter Creator","isPartOf":{"@id":"https:\/\/www.newslettercreator.com\/#website"},"primaryImageOfPage":{"@id":"https:\/\/www.newslettercreator.com\/it\/faq\/#primaryimage"},"image":{"@id":"https:\/\/www.newslettercreator.com\/it\/faq\/#primaryimage"},"thumbnailUrl":"http:\/\/www.newslettercreator.com\/wp-content\/uploads\/2014\/02\/mailstyler-elements.png","datePublished":"2014-09-04T09:44:42+00:00","dateModified":"2015-09-01T09:26:10+00:00","breadcrumb":{"@id":"https:\/\/www.newslettercreator.com\/it\/faq\/#breadcrumb"},"inLanguage":"it-IT","potentialAction":[{"@type":"ReadAction","target":["https:\/\/www.newslettercreator.com\/it\/faq\/"]}]},{"@type":"ImageObject","inLanguage":"it-IT","@id":"https:\/\/www.newslettercreator.com\/it\/faq\/#primaryimage","url":"http:\/\/www.newslettercreator.com\/wp-content\/uploads\/2014\/02\/mailstyler-elements.png","contentUrl":"http:\/\/www.newslettercreator.com\/wp-content\/uploads\/2014\/02\/mailstyler-elements.png"},{"@type":"BreadcrumbList","@id":"https:\/\/www.newslettercreator.com\/it\/faq\/#breadcrumb","itemListElement":[{"@type":"ListItem","position":1,"name":"Home","item":"https:\/\/www.newslettercreator.com\/it\/"},{"@type":"ListItem","position":2,"name":"FAQ"}]},{"@type":"WebSite","@id":"https:\/\/www.newslettercreator.com\/#website","url":"https:\/\/www.newslettercreator.com\/","name":"Newsletter Creator","description":"Pay off","potentialAction":[{"@type":"SearchAction","target":{"@type":"EntryPoint","urlTemplate":"https:\/\/www.newslettercreator.com\/?s={search_term_string}"},"query-input":{"@type":"PropertyValueSpecification","valueRequired":true,"valueName":"search_term_string"}}],"inLanguage":"it-IT"}]}},"_links":{"self":[{"href":"https:\/\/www.newslettercreator.com\/it\/wp-json\/wp\/v2\/pages\/1283","targetHints":{"allow":["GET"]}}],"collection":[{"href":"https:\/\/www.newslettercreator.com\/it\/wp-json\/wp\/v2\/pages"}],"about":[{"href":"https:\/\/www.newslettercreator.com\/it\/wp-json\/wp\/v2\/types\/page"}],"author":[{"embeddable":true,"href":"https:\/\/www.newslettercreator.com\/it\/wp-json\/wp\/v2\/users\/1"}],"replies":[{"embeddable":true,"href":"https:\/\/www.newslettercreator.com\/it\/wp-json\/wp\/v2\/comments?post=1283"}],"version-history":[{"count":11,"href":"https:\/\/www.newslettercreator.com\/it\/wp-json\/wp\/v2\/pages\/1283\/revisions"}],"predecessor-version":[{"id":3786,"href":"https:\/\/www.newslettercreator.com\/it\/wp-json\/wp\/v2\/pages\/1283\/revisions\/3786"}],"wp:attachment":[{"href":"https:\/\/www.newslettercreator.com\/it\/wp-json\/wp\/v2\/media?parent=1283"}],"curies":[{"name":"wp","href":"https:\/\/api.w.org\/{rel}","templated":true}]}}