{"id":1284,"date":"2014-09-04T08:49:02","date_gmt":"2014-09-04T08:49:02","guid":{"rendered":"http:\/\/www.newslettercreator.com\/?page_id=1284"},"modified":"2025-12-04T16:56:29","modified_gmt":"2025-12-04T15:56:29","slug":"accordo-di-licenza-per-mailstyler","status":"publish","type":"page","link":"https:\/\/www.newslettercreator.com\/it\/accordo-di-licenza-per-mailstyler\/","title":{"rendered":"Accordo di licenza per MailStyler"},"content":{"rendered":"<p>Questo contratto di licenza d&#8217;uso del software (&#8220;Contratto&#8221;) \u00e8 un accordo legale tra l&#8217;utente e Delivery Tech. sull&#8217;uso software fornito con il presente accordo (il &#8220;software&#8221;) e costituisce l&#8217;accettazione di questi termini. Leggere attentamente prima di completare il processo di installazione e utilizzo del software. Se non si accettano i termini di questo accordo, non installare e\/o utilizzare questo software. Installando, copiando o utilizzando in altro modo il software, l&#8217;utente accetta di essere vincolato dalle condizioni del presente Contratto.<\/p>\n<p>&nbsp;<\/p>\n<h2>Concessione della licenza<\/h2>\n<p>Delivery Tech ti concede una licenza per utilizzare una copia della versione di questo software su un singolo computer. Il &#8220;ti&#8221; \u00e8 relativo alla societ\u00e0, entit\u00e0 o individuo i cui fondi sono utilizzati per pagare il software. &#8220;Uso&#8221; significa la memorizzazione, il caricamento, l&#8217;installazione, l&#8217;esecuzione o la visualizzazione del software. L&#8217;utente non pu\u00f2 modificare il software o disattivare le funzioni di controllo o di licenza del software se non come previsto dalle funzioni di programmazione del software. Questa licenza non \u00e8 trasferibile a qualsiasi altro sistema, organizzazione o individuo.<\/p>\n<p>&nbsp;<\/p>\n<h2>Propriet\u00e0<\/h2>\n<p>Il software \u00e8 di propriet\u00e0 e copyright di Delivery Tech. La licenza non conferisce alcun titolo o propriet\u00e0 sul software e non deve essere interpretata come la vendita di alcun diritto sul Software.<\/p>\n<p>&nbsp;<\/p>\n<h2>Copyright<\/h2>\n<p>Il software e tutti i diritti, senza alcuna limitazione tra cui i diritti di propriet\u00e0, sono di propriet\u00e0 di Delivery Tech o dei suoi fornitori e sono protetti dalle leggi sul copyright e dai trattati internazionali sul copyright, oltre che da altre leggi sulla propriet\u00e0 intellettuale. Il software \u00e8 concesso in licenza, non venduto. L&#8217;utente riconosce che nessun titolo alla propriet\u00e0 intellettuale nel software viene trasferito. L&#8217;utente riconosce inoltre che il titolo e la propriet\u00e0 piena dei diritti sul software rimarranno di esclusiva propriet\u00e0 di Delivery Tech e non vi sar\u00e0 acquisizione di diritti sul software salvo quelli espressamente indicati nella presente licenza. L&#8217;utente accetta che qualsiasi copia del software conterr\u00e0 le stesse avvertenze proprietarie che compaiono sul e nel software.<\/p>\n<p>&nbsp;<\/p>\n<h2>Reverse engineering<\/h2>\n<p>L&#8217;utente accetta che non tenter\u00e0 di decompilare, modificare, tradurre, o disassemblare il software, in tutto o in parte.<\/p>\n<p>&nbsp;<\/p>\n<h2>Non ci sono altre garanzie<\/h2>\n<p>Il software viene fornito &#8220;cos\u00ec com&#8217;\u00e8&#8221;, senza garanzie di alcun tipo. Delivery Tech. declina tutte le altre garanzie rispetto al software, espressa o implicita, incluse ma non solo le garanzie implicite di commerciabilit\u00e0, idoneit\u00e0 per un particolare scopo e non violazione dei diritti di terzi. Alcune giurisdizioni non consentono l&#8217;esclusione di garanzie implicite o limitazioni sulla durata di una garanzia implicita pu\u00f2 durare, o l&#8217;esclusione o la limitazione di danni incidentali o consequenziali, pertanto le limitazioni o esclusioni di cui sopra potrebbero non essere applicabili a voi. Questa garanzia conferisce diritti legali specifici e possono esserci anche altri diritti che variano da giurisdizione a giurisdizione.<\/p>\n<p>&nbsp;<\/p>\n<h2>Separabilit\u00e0<\/h2>\n<p>In caso di invalidit\u00e0 di qualsiasi clausola di questa licenza, le parti concordano che tale invalidit\u00e0 non pregiudica la validit\u00e0 delle restanti porzioni della licenza.<\/p>\n<p>&nbsp;<\/p>\n<h2>Nessuna responsabilit\u00e0 per danni indiretti<\/h2>\n<p>In nessun caso Delivery Tech o i suoi fornitori saranno responsabili per eventuali danni indiretti, speciali, incidentali o indiretti di qualsiasi tipo derivanti dalla fornitura, prestazione o utilizzo del software, anche se Delivery Tech \u00e8 stata informata della possibilit\u00e0 di tali danni. In nessun caso Delivery Tech si assume la responsabilit\u00e0 per qualsiasi reclamo, sia in contratto, torto o qualunque altra teoria di responsabilit\u00e0, che superi il prezzo pagato da voi per la licenza, se presente.<\/p>\n<p>&nbsp;<\/p>\n<h2>Legislazione<\/h2>\n<p>Questo accordo \u00e8 regolato dalle leggi dello Stato Italiano. Se per qualsiasi disposizione parte del contratto di licenza si trova ad essere inapplicabile da un tribunale della giurisdizione competente, tale disposizione sar\u00e0 applicata in modo tale da effettuare la volont\u00e0 delle parti del presente documento, e il resto dell&#8217;accordo di licenza continuer\u00e0 in pieno vigore ed efficacia.<\/p>\n<p>&nbsp;<\/p>\n<h2>Disposizioni generali<\/h2>\n<p>Questo \u00e8 l&#8217;intero accordo tra l&#8217;utente e Delivery Tech, che sostituisce qualsiasi precedente accordo o intesa, in forma scritta o orale, in relazione alla materia oggetto della presente licenza. Se una qualsiasi parte del presente contratto dovesse risultare nulla o non applicabile, ci\u00f2 non pregiudicher\u00e0 la validit\u00e0 del resto del contratto, che rester\u00e0 valido e applicabile secondo i suoi termini. Il presente accordo cessa automaticamente in caso di mancanza nel rispetto dei suoi termini. Delivery Tech, a sua sola discrezione, pu\u00f2 modificare questo accordo per iscritto in qualsiasi momento.<\/p>\n<p>&nbsp;<\/p>\n<h2>Non inviare email non richieste<\/h2>\n<p>Sii consapevole di essere l&#8217;unico e interamente responsabile per i messaggi che invii.<\/p>\n<p>L&#8217;uso dei template creati con MailStyler per l&#8217;invio di email commerciali non sollecitate (UCE), note anche come Spam, \u00e8 rigorosamente proibito. L&#8217;invio di email non sollecitate costituisce una violazione della legge in molte giurisdizioni, e sarai l&#8217;unico responsabile per eventuali danni, sanzioni e violazioni derivanti da tali azioni.<\/p>\n<p>Nel caso in cui un utente utilizzi i template generati da MailStyler per attivit\u00e0 di spam o qualsiasi altra azione che abbia un impatto negativo sui nostri sistemi, ci riserviamo il diritto di attuare immediatamente tutte le procedure necessarie per mantenere pulita la reputazione dei domini e degli indirizzi IP utilizzati dal nostro software e dai nostri servizi. Tali procedure possono includere, ma non sono limitate a:<\/p>\n<ul>\n<li>Risoluzione o sospensione immediata della licenza d&#8217;uso del software da parte dell&#8217;utente.<\/li>\n<li>Eliminazione di tutti i contenuti e file caricati dall&#8217;utente sul servizio cloud di MailStyler.<\/li>\n<li>Segnalazione delle attivit\u00e0 dell&#8217;utente alle organizzazioni e autorit\u00e0 anti-spam competenti.<\/li>\n<\/ul>\n<p>Il rispetto di questa politica \u00e8 obbligatorio per garantire la continua integrit\u00e0 e deliverability dei nostri servizi per tutti gli utenti.<\/p>\n","protected":false},"excerpt":{"rendered":"<p>Questo contratto di licenza d&#8217;uso del software (&#8220;Contratto&#8221;) \u00e8 un accordo legale tra l&#8217;utente e Delivery Tech. sull&#8217;uso software fornito con il presente accordo (il &#8220;software&#8221;) e costituisce l&#8217;accettazione di questi termini. Leggere attentamente prima di completare il processo di installazione e utilizzo del software. Se non si accettano i termini di questo accordo, non [&hellip;]<\/p>\n","protected":false},"author":1,"featured_media":0,"parent":0,"menu_order":0,"comment_status":"closed","ping_status":"closed","template":"g1_template_page_sidebar_right.php","meta":{"inline_featured_image":false,"_monsterinsights_skip_tracking":false,"_monsterinsights_sitenote_active":false,"_monsterinsights_sitenote_note":"","_monsterinsights_sitenote_category":0,"footnotes":""},"class_list":["post-1284","page","type-page","status-publish"],"yoast_head":"<!-- This site is optimized with the Yoast SEO plugin v25.2 - https:\/\/yoast.com\/wordpress\/plugins\/seo\/ -->\n<title>Accordo di licenza per MailStyler - Newsletter Creator<\/title>\n<meta name=\"robots\" content=\"index, follow, max-snippet:-1, max-image-preview:large, max-video-preview:-1\" \/>\n<link rel=\"canonical\" href=\"https:\/\/www.newslettercreator.com\/it\/accordo-di-licenza-per-mailstyler\/\" \/>\n<meta property=\"og:locale\" content=\"it_IT\" \/>\n<meta property=\"og:type\" content=\"article\" \/>\n<meta property=\"og:title\" content=\"Accordo di licenza per MailStyler - Newsletter Creator\" \/>\n<meta property=\"og:description\" content=\"Questo contratto di licenza d&#8217;uso del software (&#8220;Contratto&#8221;) \u00e8 un accordo legale tra l&#8217;utente e Delivery Tech. sull&#8217;uso software fornito con il presente accordo (il &#8220;software&#8221;) e costituisce l&#8217;accettazione di questi termini. Leggere attentamente prima di completare il processo di installazione e utilizzo del software. Se non si accettano i termini di questo accordo, non [&hellip;]\" \/>\n<meta property=\"og:url\" content=\"https:\/\/www.newslettercreator.com\/it\/accordo-di-licenza-per-mailstyler\/\" \/>\n<meta property=\"og:site_name\" content=\"Newsletter Creator\" \/>\n<meta property=\"article:modified_time\" content=\"2025-12-04T15:56:29+00:00\" \/>\n<meta name=\"twitter:label1\" content=\"Tempo di lettura stimato\" \/>\n\t<meta name=\"twitter:data1\" content=\"5 minuti\" \/>\n<script type=\"application\/ld+json\" class=\"yoast-schema-graph\">{\"@context\":\"https:\/\/schema.org\",\"@graph\":[{\"@type\":\"WebPage\",\"@id\":\"https:\/\/www.newslettercreator.com\/it\/accordo-di-licenza-per-mailstyler\/\",\"url\":\"https:\/\/www.newslettercreator.com\/it\/accordo-di-licenza-per-mailstyler\/\",\"name\":\"Accordo di licenza per MailStyler - Newsletter Creator\",\"isPartOf\":{\"@id\":\"https:\/\/www.newslettercreator.com\/#website\"},\"datePublished\":\"2014-09-04T08:49:02+00:00\",\"dateModified\":\"2025-12-04T15:56:29+00:00\",\"breadcrumb\":{\"@id\":\"https:\/\/www.newslettercreator.com\/it\/accordo-di-licenza-per-mailstyler\/#breadcrumb\"},\"inLanguage\":\"it-IT\",\"potentialAction\":[{\"@type\":\"ReadAction\",\"target\":[\"https:\/\/www.newslettercreator.com\/it\/accordo-di-licenza-per-mailstyler\/\"]}]},{\"@type\":\"BreadcrumbList\",\"@id\":\"https:\/\/www.newslettercreator.com\/it\/accordo-di-licenza-per-mailstyler\/#breadcrumb\",\"itemListElement\":[{\"@type\":\"ListItem\",\"position\":1,\"name\":\"Home\",\"item\":\"https:\/\/www.newslettercreator.com\/it\/\"},{\"@type\":\"ListItem\",\"position\":2,\"name\":\"Accordo di licenza per MailStyler\"}]},{\"@type\":\"WebSite\",\"@id\":\"https:\/\/www.newslettercreator.com\/#website\",\"url\":\"https:\/\/www.newslettercreator.com\/\",\"name\":\"Newsletter Creator\",\"description\":\"Pay off\",\"potentialAction\":[{\"@type\":\"SearchAction\",\"target\":{\"@type\":\"EntryPoint\",\"urlTemplate\":\"https:\/\/www.newslettercreator.com\/?s={search_term_string}\"},\"query-input\":{\"@type\":\"PropertyValueSpecification\",\"valueRequired\":true,\"valueName\":\"search_term_string\"}}],\"inLanguage\":\"it-IT\"}]}<\/script>\n<!-- \/ Yoast SEO plugin. -->","yoast_head_json":{"title":"Accordo di licenza per MailStyler - Newsletter Creator","robots":{"index":"index","follow":"follow","max-snippet":"max-snippet:-1","max-image-preview":"max-image-preview:large","max-video-preview":"max-video-preview:-1"},"canonical":"https:\/\/www.newslettercreator.com\/it\/accordo-di-licenza-per-mailstyler\/","og_locale":"it_IT","og_type":"article","og_title":"Accordo di licenza per MailStyler - Newsletter Creator","og_description":"Questo contratto di licenza d&#8217;uso del software (&#8220;Contratto&#8221;) \u00e8 un accordo legale tra l&#8217;utente e Delivery Tech. sull&#8217;uso software fornito con il presente accordo (il &#8220;software&#8221;) e costituisce l&#8217;accettazione di questi termini. Leggere attentamente prima di completare il processo di installazione e utilizzo del software. Se non si accettano i termini di questo accordo, non [&hellip;]","og_url":"https:\/\/www.newslettercreator.com\/it\/accordo-di-licenza-per-mailstyler\/","og_site_name":"Newsletter Creator","article_modified_time":"2025-12-04T15:56:29+00:00","twitter_misc":{"Tempo di lettura stimato":"5 minuti"},"schema":{"@context":"https:\/\/schema.org","@graph":[{"@type":"WebPage","@id":"https:\/\/www.newslettercreator.com\/it\/accordo-di-licenza-per-mailstyler\/","url":"https:\/\/www.newslettercreator.com\/it\/accordo-di-licenza-per-mailstyler\/","name":"Accordo di licenza per MailStyler - Newsletter Creator","isPartOf":{"@id":"https:\/\/www.newslettercreator.com\/#website"},"datePublished":"2014-09-04T08:49:02+00:00","dateModified":"2025-12-04T15:56:29+00:00","breadcrumb":{"@id":"https:\/\/www.newslettercreator.com\/it\/accordo-di-licenza-per-mailstyler\/#breadcrumb"},"inLanguage":"it-IT","potentialAction":[{"@type":"ReadAction","target":["https:\/\/www.newslettercreator.com\/it\/accordo-di-licenza-per-mailstyler\/"]}]},{"@type":"BreadcrumbList","@id":"https:\/\/www.newslettercreator.com\/it\/accordo-di-licenza-per-mailstyler\/#breadcrumb","itemListElement":[{"@type":"ListItem","position":1,"name":"Home","item":"https:\/\/www.newslettercreator.com\/it\/"},{"@type":"ListItem","position":2,"name":"Accordo di licenza per MailStyler"}]},{"@type":"WebSite","@id":"https:\/\/www.newslettercreator.com\/#website","url":"https:\/\/www.newslettercreator.com\/","name":"Newsletter Creator","description":"Pay off","potentialAction":[{"@type":"SearchAction","target":{"@type":"EntryPoint","urlTemplate":"https:\/\/www.newslettercreator.com\/?s={search_term_string}"},"query-input":{"@type":"PropertyValueSpecification","valueRequired":true,"valueName":"search_term_string"}}],"inLanguage":"it-IT"}]}},"_links":{"self":[{"href":"https:\/\/www.newslettercreator.com\/it\/wp-json\/wp\/v2\/pages\/1284","targetHints":{"allow":["GET"]}}],"collection":[{"href":"https:\/\/www.newslettercreator.com\/it\/wp-json\/wp\/v2\/pages"}],"about":[{"href":"https:\/\/www.newslettercreator.com\/it\/wp-json\/wp\/v2\/types\/page"}],"author":[{"embeddable":true,"href":"https:\/\/www.newslettercreator.com\/it\/wp-json\/wp\/v2\/users\/1"}],"replies":[{"embeddable":true,"href":"https:\/\/www.newslettercreator.com\/it\/wp-json\/wp\/v2\/comments?post=1284"}],"version-history":[{"count":6,"href":"https:\/\/www.newslettercreator.com\/it\/wp-json\/wp\/v2\/pages\/1284\/revisions"}],"predecessor-version":[{"id":11812,"href":"https:\/\/www.newslettercreator.com\/it\/wp-json\/wp\/v2\/pages\/1284\/revisions\/11812"}],"wp:attachment":[{"href":"https:\/\/www.newslettercreator.com\/it\/wp-json\/wp\/v2\/media?parent=1284"}],"curies":[{"name":"wp","href":"https:\/\/api.w.org\/{rel}","templated":true}]}}