{"id":1827,"date":"2014-10-24T08:18:46","date_gmt":"2014-10-24T08:18:46","guid":{"rendered":"http:\/\/www.newslettercreator.com\/?page_id=1827"},"modified":"2021-02-11T11:03:30","modified_gmt":"2021-02-11T10:03:30","slug":"creazione-email-html","status":"publish","type":"page","link":"https:\/\/www.newslettercreator.com\/it\/creazione-email-html\/","title":{"rendered":"Creazione email HTML"},"content":{"rendered":"<p>Creare un <strong>template email HTML<\/strong> a partire da zero \u00e8 semplicissimo, con l&#8217;aiuto di MailStyler. Ma \u00e8 sempre meglio conoscere anche i principi fondamentali del <strong>newsletter design<\/strong>, per comporre un&#8217;email ancora pi\u00f9 bella ed efficace.<br \/>\nQuindi, in questa sezione troverete tutto quello che c&#8217;\u00e8 da sapere su come progettare una <strong>newsletter perfetta<\/strong>: consigli sulla struttura del miglior layout, indicazioni per impostare una firma automatica dell&#8217;email, idee aggiornate per dare un po&#8217; di novit\u00e0 ai vostri template, esempi di formati di newsletter gi\u00e0 pronti e altro ancora.<\/p>\n<ul class=\"g1-grid\"><li class=\"g1-column g1-one-third g1-valign-top\"><br \/>\n<div id=\"g1-box-counter-1\" class=\"g1-box g1-box--solid  g1-box--icon\" ><i class=\"fa fa-file-text g1-box__icon\"><\/i><div class=\"g1-box__inner\">\n<h3><a title='Template per newsletter' href='\/it\/template-newsletter\/'>Template per newsletter<\/a><\/h3>\n<p>Cos&#8217;\u00e8 un template e come crearlo in pochi minuti: l&#8217;arte del newsletter making, spiegata bene.<br \/>&nbsp;<br \/>\n<span class=\"more\"><a title=\"Template per newsletter\" href=\"\/it\/template-newsletter\/\">scopri di pi\u00f9<\/a><\/span><br \/>\n<\/div><\/div><br \/>\n<\/li><!-- -->\n<li class=\"g1-column g1-one-third g1-valign-top\"><br \/>\n<div id=\"g1-box-counter-2\" class=\"g1-box g1-box--solid  g1-box--icon\" ><i class=\"fa fa-tint g1-box__icon\"><\/i><div class=\"g1-box__inner\">\n<h3><a title='Consigli per un email professionale' href='\/it\/consigli-email-professionale\/'>Consigli per un&#8217;email professionale<\/a><\/h3>\n<p>Tutti i suggerimenti chiave per dare alla tua newsletter un look innovativo.<br \/>&nbsp;<br \/>\n<span class=\"more\"><a title=\"Consigli per un'email professionale\" href=\"\/it\/consigli-email-professionale\/\">scopri di pi\u00f9<\/a><\/span><br \/>\n<\/div><\/div><br \/>\n<\/li><!-- -->\n<li class=\"g1-column g1-one-third g1-valign-top\"><br \/>\n<div id=\"g1-box-counter-3\" class=\"g1-box g1-box--solid  g1-box--icon\" ><i class=\"fa fa-th-large g1-box__icon\"><\/i><div class=\"g1-box__inner\">\n<h3><a title='Esempi di newsletter' href='\/it\/esempi-di-newsletter\/'>Esempi di newsletter<\/a><\/h3>\n<p>Avete bisogno di un po&#8217; di ispirazione la vostra newsletter? Date un&#8217;occhiata al nostri esempi di email gi\u00e0 pronti!<br \/>&nbsp;<br \/>\n<span class=\"more\"><a title=\"Esempi di newsletter\" href=\"\/it\/esempi-di-newsletter\/\">scopri di pi\u00f9<\/a><\/span><br \/>\n<\/div><\/div><br \/>\n<\/li><!-- --><\/ul>\n<ul class=\"g1-grid\"><li class=\"g1-column g1-one-third g1-valign-top\"><br \/>\n<div id=\"g1-box-counter-4\" class=\"g1-box g1-box--solid  g1-box--icon\" ><i class=\"fa fa-pencil-square-o g1-box__icon\"><\/i><div class=\"g1-box__inner\">\n<h3><a title='La creazione della newsletter' href='\/it\/creazione-newsletter\/'>La creazione della newsletter<\/a><\/h3>\n<p>Come usare al meglio MailStyler per produrre un email layout compatibile e completo.<br \/>\n<span class=\"more\"><a title='La creazione della newsletter' href='\/it\/creazione-newsletter\/'>scopri di pi\u00f9<\/a><\/span><br \/>\n<\/div><\/div><br \/>\n<\/li><!-- -->\n<li class=\"g1-column g1-one-third g1-valign-top\"><br \/>\n<div id=\"g1-box-counter-5\" class=\"g1-box g1-box--solid  g1-box--icon\" ><i class=\"fa fa-code g1-box__icon\"><\/i><div class=\"g1-box__inner\">\n<h3><a title='Email per client di posta' href='\/it\/email-client-posta\/'>Email per client di<br \/>posta<\/a><\/h3>\n<p>Come creare template perfetti per client e piattaforme di invio quali Outlook, Thunderbird, MailChimp&#8230;<br \/>\n<span class=\"more\"><a title=\"Email per client di posta\" href=\"\/it\/email-client-posta\/\">scopri di pi\u00f9<\/a><\/span><br \/>\n<\/div><\/div><br \/>\n<\/li><!-- -->\n<li class=\"g1-column g1-one-third g1-valign-top\"><br \/>\n<div id=\"g1-box-counter-6\" class=\"g1-box g1-box--solid  g1-box--icon\" ><i class=\"fa fa-files-o g1-box__icon\"><\/i><div class=\"g1-box__inner\">\n<h3><a title='Template, layout ed esempi di newsletter' href='\/it\/template-layout-ed-esempi-di-newsletter\/'>Template, layout ed esempi di newsletter<\/a><\/h3>\n<p>Scopri perch\u00e9 creare una newsletter con il drag&#038;drop \u00e8 la garanzia per ottenere un\u2019email responsive<br \/>\n<span class=\"more\"><a title=\"Template, layout ed esempi di newsletter\" href=\"\/it\/template-layout-ed-esempi-di-newsletter\/\">scopri di pi\u00f9<\/a><\/span><br \/>\n<\/div><\/div><br \/>\n<\/li><!-- --><\/ul>\n<p>&nbsp;<\/p>\n","protected":false},"excerpt":{"rendered":"<p>Creare un template email HTML a partire da zero \u00e8 semplicissimo, con l&#8217;aiuto di MailStyler. Ma \u00e8 sempre meglio conoscere anche i principi fondamentali del newsletter design, per comporre un&#8217;email ancora pi\u00f9 bella ed efficace. Quindi, in questa sezione troverete tutto quello che c&#8217;\u00e8 da sapere su come progettare una newsletter perfetta: consigli sulla struttura [&hellip;]<\/p>\n","protected":false},"author":1,"featured_media":0,"parent":0,"menu_order":0,"comment_status":"closed","ping_status":"closed","template":"","meta":{"inline_featured_image":false,"_monsterinsights_skip_tracking":false,"_monsterinsights_sitenote_active":false,"_monsterinsights_sitenote_note":"","_monsterinsights_sitenote_category":0,"footnotes":""},"class_list":["post-1827","page","type-page","status-publish"],"yoast_head":"<!-- This site is optimized with the Yoast SEO plugin v25.2 - https:\/\/yoast.com\/wordpress\/plugins\/seo\/ -->\n<title>Creazione email HTML. Scopri come con MailStyler<\/title>\n<meta name=\"description\" content=\"Creare un template email HTML a partire da zero \u00e8 semplicissimo con l\u2019aiuto di MailStyler. Scopri consigli e segreti per una newsletter perfetta!\" \/>\n<meta name=\"robots\" content=\"index, follow, max-snippet:-1, max-image-preview:large, max-video-preview:-1\" \/>\n<link rel=\"canonical\" href=\"https:\/\/www.newslettercreator.com\/it\/creazione-email-html\/\" \/>\n<meta property=\"og:locale\" content=\"it_IT\" \/>\n<meta property=\"og:type\" content=\"article\" \/>\n<meta property=\"og:title\" content=\"Creazione email HTML. Scopri come con MailStyler\" \/>\n<meta property=\"og:description\" content=\"Creare un template email HTML a partire da zero \u00e8 semplicissimo con l\u2019aiuto di MailStyler. Scopri consigli e segreti per una newsletter perfetta!\" \/>\n<meta property=\"og:url\" content=\"https:\/\/www.newslettercreator.com\/it\/creazione-email-html\/\" \/>\n<meta property=\"og:site_name\" content=\"Newsletter Creator\" \/>\n<meta property=\"article:modified_time\" content=\"2021-02-11T10:03:30+00:00\" \/>\n<meta name=\"twitter:label1\" content=\"Tempo di lettura stimato\" \/>\n\t<meta name=\"twitter:data1\" content=\"1 minuto\" \/>\n<script type=\"application\/ld+json\" class=\"yoast-schema-graph\">{\"@context\":\"https:\/\/schema.org\",\"@graph\":[{\"@type\":\"WebPage\",\"@id\":\"https:\/\/www.newslettercreator.com\/it\/creazione-email-html\/\",\"url\":\"https:\/\/www.newslettercreator.com\/it\/creazione-email-html\/\",\"name\":\"Creazione email HTML. Scopri come con MailStyler\",\"isPartOf\":{\"@id\":\"https:\/\/www.newslettercreator.com\/#website\"},\"datePublished\":\"2014-10-24T08:18:46+00:00\",\"dateModified\":\"2021-02-11T10:03:30+00:00\",\"description\":\"Creare un template email HTML a partire da zero \u00e8 semplicissimo con l\u2019aiuto di MailStyler. Scopri consigli e segreti per una newsletter perfetta!\",\"breadcrumb\":{\"@id\":\"https:\/\/www.newslettercreator.com\/it\/creazione-email-html\/#breadcrumb\"},\"inLanguage\":\"it-IT\",\"potentialAction\":[{\"@type\":\"ReadAction\",\"target\":[\"https:\/\/www.newslettercreator.com\/it\/creazione-email-html\/\"]}]},{\"@type\":\"BreadcrumbList\",\"@id\":\"https:\/\/www.newslettercreator.com\/it\/creazione-email-html\/#breadcrumb\",\"itemListElement\":[{\"@type\":\"ListItem\",\"position\":1,\"name\":\"Home\",\"item\":\"https:\/\/www.newslettercreator.com\/it\/\"},{\"@type\":\"ListItem\",\"position\":2,\"name\":\"Creazione email HTML\"}]},{\"@type\":\"WebSite\",\"@id\":\"https:\/\/www.newslettercreator.com\/#website\",\"url\":\"https:\/\/www.newslettercreator.com\/\",\"name\":\"Newsletter Creator\",\"description\":\"Pay off\",\"potentialAction\":[{\"@type\":\"SearchAction\",\"target\":{\"@type\":\"EntryPoint\",\"urlTemplate\":\"https:\/\/www.newslettercreator.com\/?s={search_term_string}\"},\"query-input\":{\"@type\":\"PropertyValueSpecification\",\"valueRequired\":true,\"valueName\":\"search_term_string\"}}],\"inLanguage\":\"it-IT\"}]}<\/script>\n<!-- \/ Yoast SEO plugin. -->","yoast_head_json":{"title":"Creazione email HTML. Scopri come con MailStyler","description":"Creare un template email HTML a partire da zero \u00e8 semplicissimo con l\u2019aiuto di MailStyler. Scopri consigli e segreti per una newsletter perfetta!","robots":{"index":"index","follow":"follow","max-snippet":"max-snippet:-1","max-image-preview":"max-image-preview:large","max-video-preview":"max-video-preview:-1"},"canonical":"https:\/\/www.newslettercreator.com\/it\/creazione-email-html\/","og_locale":"it_IT","og_type":"article","og_title":"Creazione email HTML. Scopri come con MailStyler","og_description":"Creare un template email HTML a partire da zero \u00e8 semplicissimo con l\u2019aiuto di MailStyler. Scopri consigli e segreti per una newsletter perfetta!","og_url":"https:\/\/www.newslettercreator.com\/it\/creazione-email-html\/","og_site_name":"Newsletter Creator","article_modified_time":"2021-02-11T10:03:30+00:00","twitter_misc":{"Tempo di lettura stimato":"1 minuto"},"schema":{"@context":"https:\/\/schema.org","@graph":[{"@type":"WebPage","@id":"https:\/\/www.newslettercreator.com\/it\/creazione-email-html\/","url":"https:\/\/www.newslettercreator.com\/it\/creazione-email-html\/","name":"Creazione email HTML. Scopri come con MailStyler","isPartOf":{"@id":"https:\/\/www.newslettercreator.com\/#website"},"datePublished":"2014-10-24T08:18:46+00:00","dateModified":"2021-02-11T10:03:30+00:00","description":"Creare un template email HTML a partire da zero \u00e8 semplicissimo con l\u2019aiuto di MailStyler. Scopri consigli e segreti per una newsletter perfetta!","breadcrumb":{"@id":"https:\/\/www.newslettercreator.com\/it\/creazione-email-html\/#breadcrumb"},"inLanguage":"it-IT","potentialAction":[{"@type":"ReadAction","target":["https:\/\/www.newslettercreator.com\/it\/creazione-email-html\/"]}]},{"@type":"BreadcrumbList","@id":"https:\/\/www.newslettercreator.com\/it\/creazione-email-html\/#breadcrumb","itemListElement":[{"@type":"ListItem","position":1,"name":"Home","item":"https:\/\/www.newslettercreator.com\/it\/"},{"@type":"ListItem","position":2,"name":"Creazione email HTML"}]},{"@type":"WebSite","@id":"https:\/\/www.newslettercreator.com\/#website","url":"https:\/\/www.newslettercreator.com\/","name":"Newsletter Creator","description":"Pay off","potentialAction":[{"@type":"SearchAction","target":{"@type":"EntryPoint","urlTemplate":"https:\/\/www.newslettercreator.com\/?s={search_term_string}"},"query-input":{"@type":"PropertyValueSpecification","valueRequired":true,"valueName":"search_term_string"}}],"inLanguage":"it-IT"}]}},"_links":{"self":[{"href":"https:\/\/www.newslettercreator.com\/it\/wp-json\/wp\/v2\/pages\/1827","targetHints":{"allow":["GET"]}}],"collection":[{"href":"https:\/\/www.newslettercreator.com\/it\/wp-json\/wp\/v2\/pages"}],"about":[{"href":"https:\/\/www.newslettercreator.com\/it\/wp-json\/wp\/v2\/types\/page"}],"author":[{"embeddable":true,"href":"https:\/\/www.newslettercreator.com\/it\/wp-json\/wp\/v2\/users\/1"}],"replies":[{"embeddable":true,"href":"https:\/\/www.newslettercreator.com\/it\/wp-json\/wp\/v2\/comments?post=1827"}],"version-history":[{"count":8,"href":"https:\/\/www.newslettercreator.com\/it\/wp-json\/wp\/v2\/pages\/1827\/revisions"}],"predecessor-version":[{"id":8932,"href":"https:\/\/www.newslettercreator.com\/it\/wp-json\/wp\/v2\/pages\/1827\/revisions\/8932"}],"wp:attachment":[{"href":"https:\/\/www.newslettercreator.com\/it\/wp-json\/wp\/v2\/media?parent=1827"}],"curies":[{"name":"wp","href":"https:\/\/api.w.org\/{rel}","templated":true}]}}