{"id":1877,"date":"2014-10-28T08:11:22","date_gmt":"2014-10-28T08:11:22","guid":{"rendered":"http:\/\/www.newslettercreator.com\/?page_id=1877"},"modified":"2021-05-27T11:08:05","modified_gmt":"2021-05-27T09:08:05","slug":"benvenuti-su-mailstyler","status":"publish","type":"page","link":"https:\/\/www.newslettercreator.com\/it\/benvenuti-su-mailstyler\/","title":{"rendered":"Benvenuti su MailStyler"},"content":{"rendered":"<p>Siamo entusiasti di presentarvi MailStyler, il <strong>software di creazione di newsletter<\/strong> pi\u00f9 potente e pi\u00f9 facile da usare al mondo.<\/p>\n<p>Con MailStyler \u00e8 possibile costruire template perfetti utilizzando un semplice <strong>editor drag &amp; drop<\/strong>, direttamente sul vostro desktop e senza scrivere una sola riga di codice.<\/p>\n<div class=\"lyte-wrapper\" title=\"Come creare newsletter html che si visualizzano correttamente su tutti gli email client in un minuto\" style=\"width:853px;max-width:100%;margin:5px;\"><div class=\"lyMe\" id=\"WYL_Sb0CUbdS6es\" itemprop=\"video\" itemscope itemtype=\"https:\/\/schema.org\/VideoObject\"><div><meta itemprop=\"thumbnailUrl\" content=\"https:\/\/www.newslettercreator.com\/wp-content\/plugins\/wp-youtube-lyte\/lyteCache.php?origThumbUrl=https%3A%2F%2Fi.ytimg.com%2Fvi%2FSb0CUbdS6es%2Fhqdefault.jpg\" \/><meta itemprop=\"embedURL\" content=\"https:\/\/www.youtube.com\/embed\/Sb0CUbdS6es\" \/><meta itemprop=\"duration\" content=\"PT3M46S\" \/><meta itemprop=\"uploadDate\" content=\"2019-01-07T14:30:59Z\" \/><\/div><div id=\"lyte_Sb0CUbdS6es\" data-src=\"https:\/\/www.newslettercreator.com\/wp-content\/plugins\/wp-youtube-lyte\/lyteCache.php?origThumbUrl=https%3A%2F%2Fi.ytimg.com%2Fvi%2FSb0CUbdS6es%2Fhqdefault.jpg\" class=\"pL\"><div class=\"tC\"><div class=\"tT\" itemprop=\"name\">Come creare newsletter html che si visualizzano correttamente su tutti gli email client in un minuto<\/div><\/div><div class=\"play\"><\/div><div class=\"ctrl\"><div class=\"Lctrl\"><\/div><div class=\"Rctrl\"><\/div><\/div><\/div><noscript><a href=\"https:\/\/youtu.be\/Sb0CUbdS6es\" rel=\"nofollow\"><img decoding=\"async\" src=\"https:\/\/www.newslettercreator.com\/wp-content\/plugins\/wp-youtube-lyte\/lyteCache.php?origThumbUrl=https%3A%2F%2Fi.ytimg.com%2Fvi%2FSb0CUbdS6es%2F0.jpg\" alt=\"Come creare newsletter html che si visualizzano correttamente su tutti gli email client in un minuto\" width=\"853\" height=\"460\" \/><br \/>Guarda questo video su YouTube<\/a><\/noscript><meta itemprop=\"description\" content=\"Come creare newsletter html che si visualizzano correttamente su tutti gli email client in un minuto\"><\/div><\/div><div class=\"lL\" style=\"max-width:100%;width:853px;margin:5px;\"><\/div>\n<div class=\"ms-video-button hide\">\n  <!--a href=\"https:\/\/www.youtube.com\/embed\/Sb0CUbdS6es?rel=0&autoplay=1\" data-featherlight=\"iframe\" data-featherlight-iframe-width=\"800\" data-featherlight-iframe-height=\"610\" data-featherlight-iframe-frameborder=\"0\" data-featherlight-iframe-allow=\"autoplay; encrypted-media\" data-featherlight-iframe-allowfullscreen=\"true\" title=\"Guarda il video tutorial\">Guarda il video tutorial <i class=\"fa fa-play-circle fa-2x\"><\/i><\/a-->\n\t<a href=\"https:\/\/www.youtube.com\/embed\/Sb0CUbdS6es\" rel=\"ilightbox\" data-options=\"width:800, height:610\" title=\"Guarda il video tutorial\">Guarda il video tutorial <i class=\"fa fa-play-circle fa-2x\"><\/i><\/a>\n<\/div>\n<p style=\"margin-top: 2em;\">Ecco le caratteristiche principali:<\/p>\n<ul>\n<li><strong>Nessuna competenza HTML richiesta<\/strong>. Bastano la vostra\u00a0creativit\u00e0 e\u00a0pochi tocchi\u00a0di mouse.<\/li>\n<li><strong>Template\u00a0compatibili al 100%<\/strong>. Tutte le newsletter avranno lo stesso\u00a0look (perfetto) su ogni\u00a0client di posta elettronica e webmail.<\/li>\n<li><strong>Nessun canone mensile<\/strong>. Pagate una volta sola e ottenete una\u00a0licenza a vita.<\/li>\n<li><strong>Immagini per ogni necessit\u00e0<\/strong>. Proponiamo due librerie diverse per offrire fino a oltre 2000 immagini prive di copyright e ad alta risoluzione.<\/li>\n<li><strong>Spazio cloud gratuito<\/strong>. La\u00a0versione Pro di MailStyler ha\u00a0uno spazio web illimitato per rendere il processo di caricamento di immagini semplice e automatizzato.<\/li>\n<li><strong>Un software, non un servizio web<\/strong>. E quindi\u00a0\u00e8 molto pi\u00f9 veloce e funzionale\u00a0di tutte l&#8217;applicazioni online simili. Inoltre, \u00e8 possibile utilizzarlo offline.<\/li>\n<\/ul>\n","protected":false},"excerpt":{"rendered":"<p>Siamo entusiasti di presentarvi MailStyler, il software di creazione di newsletter pi\u00f9 potente e pi\u00f9 facile da usare al mondo. Con MailStyler \u00e8 possibile costruire template perfetti utilizzando un semplice editor drag &amp; drop, direttamente sul vostro desktop e senza scrivere una sola riga di codice. Ecco le caratteristiche principali: Nessuna competenza HTML richiesta. Bastano [&hellip;]<\/p>\n","protected":false},"author":1,"featured_media":0,"parent":0,"menu_order":0,"comment_status":"closed","ping_status":"closed","template":"g1_template_page_sidebar_right.php","meta":{"inline_featured_image":false,"_monsterinsights_skip_tracking":false,"_monsterinsights_sitenote_active":false,"_monsterinsights_sitenote_note":"","_monsterinsights_sitenote_category":0,"footnotes":""},"class_list":["post-1877","page","type-page","status-publish"],"yoast_head":"<!-- This site is optimized with the Yoast SEO plugin v25.2 - https:\/\/yoast.com\/wordpress\/plugins\/seo\/ -->\n<title>MailStyler software di creazione di newsletter HTML<\/title>\n<meta name=\"description\" content=\"Un potente editor drag &amp; drop per la creazione di newsletter che consente di disegnare email perfette in pochi istanti, senza usare il codice HTML.\" \/>\n<meta name=\"robots\" content=\"index, follow, max-snippet:-1, max-image-preview:large, max-video-preview:-1\" \/>\n<link rel=\"canonical\" href=\"https:\/\/www.newslettercreator.com\/it\/benvenuti-su-mailstyler\/\" \/>\n<meta property=\"og:locale\" content=\"it_IT\" \/>\n<meta property=\"og:type\" content=\"article\" \/>\n<meta property=\"og:title\" content=\"MailStyler software di creazione di newsletter HTML\" \/>\n<meta property=\"og:description\" content=\"Un potente editor drag &amp; drop per la creazione di newsletter che consente di disegnare email perfette in pochi istanti, senza usare il codice HTML.\" \/>\n<meta property=\"og:url\" content=\"https:\/\/www.newslettercreator.com\/it\/benvenuti-su-mailstyler\/\" \/>\n<meta property=\"og:site_name\" content=\"Newsletter Creator\" \/>\n<meta property=\"article:modified_time\" content=\"2021-05-27T09:08:05+00:00\" \/>\n<meta name=\"twitter:label1\" content=\"Tempo di lettura stimato\" \/>\n\t<meta name=\"twitter:data1\" content=\"1 minuto\" \/>\n<script type=\"application\/ld+json\" class=\"yoast-schema-graph\">{\"@context\":\"https:\/\/schema.org\",\"@graph\":[{\"@type\":\"WebPage\",\"@id\":\"https:\/\/www.newslettercreator.com\/it\/benvenuti-su-mailstyler\/\",\"url\":\"https:\/\/www.newslettercreator.com\/it\/benvenuti-su-mailstyler\/\",\"name\":\"MailStyler software di creazione di newsletter HTML\",\"isPartOf\":{\"@id\":\"https:\/\/www.newslettercreator.com\/#website\"},\"datePublished\":\"2014-10-28T08:11:22+00:00\",\"dateModified\":\"2021-05-27T09:08:05+00:00\",\"description\":\"Un potente editor drag & drop per la creazione di newsletter che consente di disegnare email perfette in pochi istanti, senza usare il codice HTML.\",\"breadcrumb\":{\"@id\":\"https:\/\/www.newslettercreator.com\/it\/benvenuti-su-mailstyler\/#breadcrumb\"},\"inLanguage\":\"it-IT\",\"potentialAction\":[{\"@type\":\"ReadAction\",\"target\":[\"https:\/\/www.newslettercreator.com\/it\/benvenuti-su-mailstyler\/\"]}]},{\"@type\":\"BreadcrumbList\",\"@id\":\"https:\/\/www.newslettercreator.com\/it\/benvenuti-su-mailstyler\/#breadcrumb\",\"itemListElement\":[{\"@type\":\"ListItem\",\"position\":1,\"name\":\"Home\",\"item\":\"https:\/\/www.newslettercreator.com\/it\/\"},{\"@type\":\"ListItem\",\"position\":2,\"name\":\"Benvenuti su MailStyler\"}]},{\"@type\":\"WebSite\",\"@id\":\"https:\/\/www.newslettercreator.com\/#website\",\"url\":\"https:\/\/www.newslettercreator.com\/\",\"name\":\"Newsletter Creator\",\"description\":\"Pay off\",\"potentialAction\":[{\"@type\":\"SearchAction\",\"target\":{\"@type\":\"EntryPoint\",\"urlTemplate\":\"https:\/\/www.newslettercreator.com\/?s={search_term_string}\"},\"query-input\":{\"@type\":\"PropertyValueSpecification\",\"valueRequired\":true,\"valueName\":\"search_term_string\"}}],\"inLanguage\":\"it-IT\"}]}<\/script>\n<!-- \/ Yoast SEO plugin. -->","yoast_head_json":{"title":"MailStyler software di creazione di newsletter HTML","description":"Un potente editor drag & drop per la creazione di newsletter che consente di disegnare email perfette in pochi istanti, senza usare il codice HTML.","robots":{"index":"index","follow":"follow","max-snippet":"max-snippet:-1","max-image-preview":"max-image-preview:large","max-video-preview":"max-video-preview:-1"},"canonical":"https:\/\/www.newslettercreator.com\/it\/benvenuti-su-mailstyler\/","og_locale":"it_IT","og_type":"article","og_title":"MailStyler software di creazione di newsletter HTML","og_description":"Un potente editor drag & drop per la creazione di newsletter che consente di disegnare email perfette in pochi istanti, senza usare il codice HTML.","og_url":"https:\/\/www.newslettercreator.com\/it\/benvenuti-su-mailstyler\/","og_site_name":"Newsletter Creator","article_modified_time":"2021-05-27T09:08:05+00:00","twitter_misc":{"Tempo di lettura stimato":"1 minuto"},"schema":{"@context":"https:\/\/schema.org","@graph":[{"@type":"WebPage","@id":"https:\/\/www.newslettercreator.com\/it\/benvenuti-su-mailstyler\/","url":"https:\/\/www.newslettercreator.com\/it\/benvenuti-su-mailstyler\/","name":"MailStyler software di creazione di newsletter HTML","isPartOf":{"@id":"https:\/\/www.newslettercreator.com\/#website"},"datePublished":"2014-10-28T08:11:22+00:00","dateModified":"2021-05-27T09:08:05+00:00","description":"Un potente editor drag & drop per la creazione di newsletter che consente di disegnare email perfette in pochi istanti, senza usare il codice HTML.","breadcrumb":{"@id":"https:\/\/www.newslettercreator.com\/it\/benvenuti-su-mailstyler\/#breadcrumb"},"inLanguage":"it-IT","potentialAction":[{"@type":"ReadAction","target":["https:\/\/www.newslettercreator.com\/it\/benvenuti-su-mailstyler\/"]}]},{"@type":"BreadcrumbList","@id":"https:\/\/www.newslettercreator.com\/it\/benvenuti-su-mailstyler\/#breadcrumb","itemListElement":[{"@type":"ListItem","position":1,"name":"Home","item":"https:\/\/www.newslettercreator.com\/it\/"},{"@type":"ListItem","position":2,"name":"Benvenuti su MailStyler"}]},{"@type":"WebSite","@id":"https:\/\/www.newslettercreator.com\/#website","url":"https:\/\/www.newslettercreator.com\/","name":"Newsletter Creator","description":"Pay off","potentialAction":[{"@type":"SearchAction","target":{"@type":"EntryPoint","urlTemplate":"https:\/\/www.newslettercreator.com\/?s={search_term_string}"},"query-input":{"@type":"PropertyValueSpecification","valueRequired":true,"valueName":"search_term_string"}}],"inLanguage":"it-IT"}]}},"_links":{"self":[{"href":"https:\/\/www.newslettercreator.com\/it\/wp-json\/wp\/v2\/pages\/1877","targetHints":{"allow":["GET"]}}],"collection":[{"href":"https:\/\/www.newslettercreator.com\/it\/wp-json\/wp\/v2\/pages"}],"about":[{"href":"https:\/\/www.newslettercreator.com\/it\/wp-json\/wp\/v2\/types\/page"}],"author":[{"embeddable":true,"href":"https:\/\/www.newslettercreator.com\/it\/wp-json\/wp\/v2\/users\/1"}],"replies":[{"embeddable":true,"href":"https:\/\/www.newslettercreator.com\/it\/wp-json\/wp\/v2\/comments?post=1877"}],"version-history":[{"count":8,"href":"https:\/\/www.newslettercreator.com\/it\/wp-json\/wp\/v2\/pages\/1877\/revisions"}],"predecessor-version":[{"id":10445,"href":"https:\/\/www.newslettercreator.com\/it\/wp-json\/wp\/v2\/pages\/1877\/revisions\/10445"}],"wp:attachment":[{"href":"https:\/\/www.newslettercreator.com\/it\/wp-json\/wp\/v2\/media?parent=1877"}],"curies":[{"name":"wp","href":"https:\/\/api.w.org\/{rel}","templated":true}]}}