{"id":2018,"date":"2014-10-31T13:37:35","date_gmt":"2014-10-31T13:37:35","guid":{"rendered":"http:\/\/www.newslettercreator.com\/?page_id=2018"},"modified":"2021-02-11T10:56:05","modified_gmt":"2021-02-11T09:56:05","slug":"template-hmtl-newsletter","status":"publish","type":"page","link":"https:\/\/www.newslettercreator.com\/it\/template-hmtl-newsletter\/","title":{"rendered":"Template in HTML per newsletter: come fare"},"content":{"rendered":"<p><img decoding=\"async\" class=\"alignnone size-full wp-image-237\" src=\"http:\/\/www.newslettercreator.com\/wp-content\/uploads\/2014\/02\/email-newsletter-template-how-to.jpg\" alt=\"Template in HTML per newsletter: come fare: how to\" width=\"649\" height=\"423\" srcset=\"https:\/\/www.newslettercreator.com\/wp-content\/uploads\/2014\/02\/email-newsletter-template-how-to.jpg 649w, https:\/\/www.newslettercreator.com\/wp-content\/uploads\/2014\/02\/email-newsletter-template-how-to-300x195.jpg 300w\" sizes=\"(max-width: 649px) 100vw, 649px\" \/><\/p>\n<p>Se vi siete lanciati nell&#8217;avventura dell&#8217;email marketing, poche cose sono pi\u00f9 importanti di un buon <strong>template in HTML per la propria newsletter<\/strong>. E non \u00e8 solo una questione di estetica: un design chiaro, leggero e personalizzato \u00e8 essenziale per invogliare il lettore e trasmettere la call to action: insomma, per trarre il massimo del vostro mailing.<\/p>\n<p>Ma c&#8217;\u00e8 di pi\u00f9. Solo un <strong>template HTML professionale<\/strong> garantir\u00e0 che la vostra newsletter sia visualizzata allo stesso modo su tutti i client di posta e webmail. Inoltre, grazie al codice HTML, \u00e8 possibile tenere traccia di tutte le azioni dei vostri destinatari (come il tasso di apertura, il tasso di click-through, eccetera).<\/p>\n<p>Ma come si ottiene un buon template in HTML? Ci sono fondamentalmente due opzioni: acquistarne uno (o scaricarne uno gratuito), oppure creare il proprio da zero.<\/p>\n<p>Per quanto riguarda la prima scelta, il principale inconveniente \u00e8 che il template acquistato \u2013 per quanto di valore \u2013 non sar\u00e0 mai davvero unico, <strong>davvero su misura per il vostro brand<\/strong>. Certo, potr\u00e0 adattarsi bene alla categoria della vostra azienda o attivit\u00e0, ma un layout completamente personalizzato \u00e8 tutt&#8217;altra cosa \u2013 ed \u00e8 un enorme passo avanti in termini di <strong>brand awareness<\/strong>.<\/p>\n<p>Ma la creazione di template per email da zero pu\u00f2 essere molto difficile, soprattutto per i principianti o persone che non hanno <strong>alcuna competenza tecnica<\/strong>.<br \/>\nTuttavia, con <strong>MailStyler<\/strong> questo compito diventa un gioco da ragazzi: il nostro editor intelligente newsletter vi aiuter\u00e0 a creare un template in pochi passi, <strong>senza bisogno di scrivere una sola riga in HTML\/CSS<\/strong>.<\/p>\n<p>Grazie all&#8217;interfaccia WYSIWYG di MailStyler sarete in grado di creare un layout a partire da una vasta serie di blocchi standard (gi\u00e0 testati per essere <strong>compatibili con tutti i client di posta elettronica<\/strong>) e personalizzarlo come preferite. Il tutto tramite una semplice <strong>serie di drag&#038;drop<\/strong>: in pochi istanti otterrete un template davvero su misura per le vostre esigenze, il cui codice HTML \u00e8 impeccabile e garantito al 100%.<\/p>\n<p>&nbsp;<\/p>\n<p style=\"text-align: center;\"><a class=\"button large orange\" style=\"margin-top: 20px; width: 157px; margin-right: 30px;\" title=\"Scarica la Demo\" href=\"http:\/\/www.newslettercreator.com\/it\/scarica-gratis\/\" target=\"_self\" rel=\"noopener noreferrer\">SCARICA LA DEMO<\/a><a class=\"button large darkgray\" style=\"margin-top: 20px; width: 157px;\" title=\"Acquista Mailstyler Pro\" href=\"http:\/\/www.newslettercreator.com\/it\/prezzi\/\" target=\"_self\" rel=\"noopener noreferrer\">MAILSTYLER PRO<\/a><\/p>\n<p style=\"text-align: center; font-size: 11px; margin-bottom: 30px;\">Ultima versione: 2.24.01.17 | Data di rilascio: 17\/01\/2024 | Dimensioni: 114.9 MB<br \/>\n<a href=\"http:\/\/www.newslettercreator.com\/it\/accordo-di-licenza-per-mailstyler\/\" target=\"_blank\" rel=\"noopener noreferrer\">Contratto di licenza<\/a> | <a href=\"http:\/\/www.newslettercreator.com\/it\/come-disinstallare-mailstyler\/\" target=\"_blank\" rel=\"noopener noreferrer\">Come disinstallare<\/a><\/p>\n","protected":false},"excerpt":{"rendered":"<p>Se vi siete lanciati nell&#8217;avventura dell&#8217;email marketing, poche cose sono pi\u00f9 importanti di un buon template in HTML per la propria newsletter. E non \u00e8 solo una questione di estetica: un design chiaro, leggero e personalizzato \u00e8 essenziale per invogliare il lettore e trasmettere la call to action: insomma, per trarre il massimo del vostro [&hellip;]<\/p>\n","protected":false},"author":1,"featured_media":0,"parent":0,"menu_order":0,"comment_status":"closed","ping_status":"closed","template":"g1_template_page_sidebar_right.php","meta":{"inline_featured_image":false,"_monsterinsights_skip_tracking":false,"_monsterinsights_sitenote_active":false,"_monsterinsights_sitenote_note":"","_monsterinsights_sitenote_category":0,"footnotes":""},"class_list":["post-2018","page","type-page","status-publish"],"yoast_head":"<!-- This site is optimized with the Yoast SEO plugin v25.2 - https:\/\/yoast.com\/wordpress\/plugins\/seo\/ -->\n<title>Template HTML per newsletter: come fare<\/title>\n<meta name=\"description\" content=\"Vuoi creare un template HTML 100% responsive senza scrivere una sola riga di codice? Prova l&#039;editor a blocchi di MailStyler Newsletter Creator.\" \/>\n<meta name=\"robots\" content=\"index, follow, max-snippet:-1, max-image-preview:large, max-video-preview:-1\" \/>\n<link rel=\"canonical\" href=\"https:\/\/www.newslettercreator.com\/it\/template-hmtl-newsletter\/\" \/>\n<meta property=\"og:locale\" content=\"it_IT\" \/>\n<meta property=\"og:type\" content=\"article\" \/>\n<meta property=\"og:title\" content=\"Template HTML per newsletter: come fare\" \/>\n<meta property=\"og:description\" content=\"Vuoi creare un template HTML 100% responsive senza scrivere una sola riga di codice? Prova l&#039;editor a blocchi di MailStyler Newsletter Creator.\" \/>\n<meta property=\"og:url\" content=\"https:\/\/www.newslettercreator.com\/it\/template-hmtl-newsletter\/\" \/>\n<meta property=\"og:site_name\" content=\"Newsletter Creator\" \/>\n<meta property=\"article:modified_time\" content=\"2021-02-11T09:56:05+00:00\" \/>\n<meta property=\"og:image\" content=\"http:\/\/www.newslettercreator.com\/wp-content\/uploads\/2014\/02\/email-newsletter-template-how-to.jpg\" \/>\n<meta name=\"twitter:label1\" content=\"Tempo di lettura stimato\" \/>\n\t<meta name=\"twitter:data1\" content=\"2 minuti\" \/>\n<script type=\"application\/ld+json\" class=\"yoast-schema-graph\">{\"@context\":\"https:\/\/schema.org\",\"@graph\":[{\"@type\":\"WebPage\",\"@id\":\"https:\/\/www.newslettercreator.com\/it\/template-hmtl-newsletter\/\",\"url\":\"https:\/\/www.newslettercreator.com\/it\/template-hmtl-newsletter\/\",\"name\":\"Template HTML per newsletter: come fare\",\"isPartOf\":{\"@id\":\"https:\/\/www.newslettercreator.com\/#website\"},\"primaryImageOfPage\":{\"@id\":\"https:\/\/www.newslettercreator.com\/it\/template-hmtl-newsletter\/#primaryimage\"},\"image\":{\"@id\":\"https:\/\/www.newslettercreator.com\/it\/template-hmtl-newsletter\/#primaryimage\"},\"thumbnailUrl\":\"http:\/\/www.newslettercreator.com\/wp-content\/uploads\/2014\/02\/email-newsletter-template-how-to.jpg\",\"datePublished\":\"2014-10-31T13:37:35+00:00\",\"dateModified\":\"2021-02-11T09:56:05+00:00\",\"description\":\"Vuoi creare un template HTML 100% responsive senza scrivere una sola riga di codice? Prova l'editor a blocchi di MailStyler Newsletter Creator.\",\"breadcrumb\":{\"@id\":\"https:\/\/www.newslettercreator.com\/it\/template-hmtl-newsletter\/#breadcrumb\"},\"inLanguage\":\"it-IT\",\"potentialAction\":[{\"@type\":\"ReadAction\",\"target\":[\"https:\/\/www.newslettercreator.com\/it\/template-hmtl-newsletter\/\"]}]},{\"@type\":\"ImageObject\",\"inLanguage\":\"it-IT\",\"@id\":\"https:\/\/www.newslettercreator.com\/it\/template-hmtl-newsletter\/#primaryimage\",\"url\":\"http:\/\/www.newslettercreator.com\/wp-content\/uploads\/2014\/02\/email-newsletter-template-how-to.jpg\",\"contentUrl\":\"http:\/\/www.newslettercreator.com\/wp-content\/uploads\/2014\/02\/email-newsletter-template-how-to.jpg\"},{\"@type\":\"BreadcrumbList\",\"@id\":\"https:\/\/www.newslettercreator.com\/it\/template-hmtl-newsletter\/#breadcrumb\",\"itemListElement\":[{\"@type\":\"ListItem\",\"position\":1,\"name\":\"Home\",\"item\":\"https:\/\/www.newslettercreator.com\/it\/\"},{\"@type\":\"ListItem\",\"position\":2,\"name\":\"Template in HTML per newsletter: come fare\"}]},{\"@type\":\"WebSite\",\"@id\":\"https:\/\/www.newslettercreator.com\/#website\",\"url\":\"https:\/\/www.newslettercreator.com\/\",\"name\":\"Newsletter Creator\",\"description\":\"Pay off\",\"potentialAction\":[{\"@type\":\"SearchAction\",\"target\":{\"@type\":\"EntryPoint\",\"urlTemplate\":\"https:\/\/www.newslettercreator.com\/?s={search_term_string}\"},\"query-input\":{\"@type\":\"PropertyValueSpecification\",\"valueRequired\":true,\"valueName\":\"search_term_string\"}}],\"inLanguage\":\"it-IT\"}]}<\/script>\n<!-- \/ Yoast SEO plugin. -->","yoast_head_json":{"title":"Template HTML per newsletter: come fare","description":"Vuoi creare un template HTML 100% responsive senza scrivere una sola riga di codice? Prova l'editor a blocchi di MailStyler Newsletter Creator.","robots":{"index":"index","follow":"follow","max-snippet":"max-snippet:-1","max-image-preview":"max-image-preview:large","max-video-preview":"max-video-preview:-1"},"canonical":"https:\/\/www.newslettercreator.com\/it\/template-hmtl-newsletter\/","og_locale":"it_IT","og_type":"article","og_title":"Template HTML per newsletter: come fare","og_description":"Vuoi creare un template HTML 100% responsive senza scrivere una sola riga di codice? Prova l'editor a blocchi di MailStyler Newsletter Creator.","og_url":"https:\/\/www.newslettercreator.com\/it\/template-hmtl-newsletter\/","og_site_name":"Newsletter Creator","article_modified_time":"2021-02-11T09:56:05+00:00","og_image":[{"url":"http:\/\/www.newslettercreator.com\/wp-content\/uploads\/2014\/02\/email-newsletter-template-how-to.jpg","type":"","width":"","height":""}],"twitter_misc":{"Tempo di lettura stimato":"2 minuti"},"schema":{"@context":"https:\/\/schema.org","@graph":[{"@type":"WebPage","@id":"https:\/\/www.newslettercreator.com\/it\/template-hmtl-newsletter\/","url":"https:\/\/www.newslettercreator.com\/it\/template-hmtl-newsletter\/","name":"Template HTML per newsletter: come fare","isPartOf":{"@id":"https:\/\/www.newslettercreator.com\/#website"},"primaryImageOfPage":{"@id":"https:\/\/www.newslettercreator.com\/it\/template-hmtl-newsletter\/#primaryimage"},"image":{"@id":"https:\/\/www.newslettercreator.com\/it\/template-hmtl-newsletter\/#primaryimage"},"thumbnailUrl":"http:\/\/www.newslettercreator.com\/wp-content\/uploads\/2014\/02\/email-newsletter-template-how-to.jpg","datePublished":"2014-10-31T13:37:35+00:00","dateModified":"2021-02-11T09:56:05+00:00","description":"Vuoi creare un template HTML 100% responsive senza scrivere una sola riga di codice? Prova l'editor a blocchi di MailStyler Newsletter Creator.","breadcrumb":{"@id":"https:\/\/www.newslettercreator.com\/it\/template-hmtl-newsletter\/#breadcrumb"},"inLanguage":"it-IT","potentialAction":[{"@type":"ReadAction","target":["https:\/\/www.newslettercreator.com\/it\/template-hmtl-newsletter\/"]}]},{"@type":"ImageObject","inLanguage":"it-IT","@id":"https:\/\/www.newslettercreator.com\/it\/template-hmtl-newsletter\/#primaryimage","url":"http:\/\/www.newslettercreator.com\/wp-content\/uploads\/2014\/02\/email-newsletter-template-how-to.jpg","contentUrl":"http:\/\/www.newslettercreator.com\/wp-content\/uploads\/2014\/02\/email-newsletter-template-how-to.jpg"},{"@type":"BreadcrumbList","@id":"https:\/\/www.newslettercreator.com\/it\/template-hmtl-newsletter\/#breadcrumb","itemListElement":[{"@type":"ListItem","position":1,"name":"Home","item":"https:\/\/www.newslettercreator.com\/it\/"},{"@type":"ListItem","position":2,"name":"Template in HTML per newsletter: come fare"}]},{"@type":"WebSite","@id":"https:\/\/www.newslettercreator.com\/#website","url":"https:\/\/www.newslettercreator.com\/","name":"Newsletter Creator","description":"Pay off","potentialAction":[{"@type":"SearchAction","target":{"@type":"EntryPoint","urlTemplate":"https:\/\/www.newslettercreator.com\/?s={search_term_string}"},"query-input":{"@type":"PropertyValueSpecification","valueRequired":true,"valueName":"search_term_string"}}],"inLanguage":"it-IT"}]}},"_links":{"self":[{"href":"https:\/\/www.newslettercreator.com\/it\/wp-json\/wp\/v2\/pages\/2018","targetHints":{"allow":["GET"]}}],"collection":[{"href":"https:\/\/www.newslettercreator.com\/it\/wp-json\/wp\/v2\/pages"}],"about":[{"href":"https:\/\/www.newslettercreator.com\/it\/wp-json\/wp\/v2\/types\/page"}],"author":[{"embeddable":true,"href":"https:\/\/www.newslettercreator.com\/it\/wp-json\/wp\/v2\/users\/1"}],"replies":[{"embeddable":true,"href":"https:\/\/www.newslettercreator.com\/it\/wp-json\/wp\/v2\/comments?post=2018"}],"version-history":[{"count":3,"href":"https:\/\/www.newslettercreator.com\/it\/wp-json\/wp\/v2\/pages\/2018\/revisions"}],"predecessor-version":[{"id":10070,"href":"https:\/\/www.newslettercreator.com\/it\/wp-json\/wp\/v2\/pages\/2018\/revisions\/10070"}],"wp:attachment":[{"href":"https:\/\/www.newslettercreator.com\/it\/wp-json\/wp\/v2\/media?parent=2018"}],"curies":[{"name":"wp","href":"https:\/\/api.w.org\/{rel}","templated":true}]}}