{"id":2021,"date":"2014-10-31T13:46:24","date_gmt":"2014-10-31T13:46:24","guid":{"rendered":"http:\/\/www.newslettercreator.com\/?page_id=2021"},"modified":"2021-05-28T09:19:09","modified_gmt":"2021-05-28T07:19:09","slug":"come-creare-newsletter","status":"publish","type":"page","link":"https:\/\/www.newslettercreator.com\/it\/come-creare-newsletter\/","title":{"rendered":"Come creare una newsletter"},"content":{"rendered":"<div class=\"lyte-wrapper\" title=\"Come creare newsletter html che si visualizzano correttamente su tutti gli email client in un minuto\" style=\"width:853px;max-width:100%;margin:5px;\"><div class=\"lyMe\" id=\"WYL_Sb0CUbdS6es\" itemprop=\"video\" itemscope itemtype=\"https:\/\/schema.org\/VideoObject\"><div><meta itemprop=\"thumbnailUrl\" content=\"https:\/\/www.newslettercreator.com\/wp-content\/plugins\/wp-youtube-lyte\/lyteCache.php?origThumbUrl=https%3A%2F%2Fi.ytimg.com%2Fvi%2FSb0CUbdS6es%2Fhqdefault.jpg\" \/><meta itemprop=\"embedURL\" content=\"https:\/\/www.youtube.com\/embed\/Sb0CUbdS6es\" \/><meta itemprop=\"duration\" content=\"PT3M46S\" \/><meta itemprop=\"uploadDate\" content=\"2019-01-07T14:30:59Z\" \/><\/div><div id=\"lyte_Sb0CUbdS6es\" data-src=\"https:\/\/www.newslettercreator.com\/wp-content\/plugins\/wp-youtube-lyte\/lyteCache.php?origThumbUrl=https%3A%2F%2Fi.ytimg.com%2Fvi%2FSb0CUbdS6es%2Fhqdefault.jpg\" class=\"pL\"><div class=\"tC\"><div class=\"tT\" itemprop=\"name\">Come creare newsletter html che si visualizzano correttamente su tutti gli email client in un minuto<\/div><\/div><div class=\"play\"><\/div><div class=\"ctrl\"><div class=\"Lctrl\"><\/div><div class=\"Rctrl\"><\/div><\/div><\/div><noscript><a href=\"https:\/\/youtu.be\/Sb0CUbdS6es\" rel=\"nofollow\"><img decoding=\"async\" src=\"https:\/\/www.newslettercreator.com\/wp-content\/plugins\/wp-youtube-lyte\/lyteCache.php?origThumbUrl=https%3A%2F%2Fi.ytimg.com%2Fvi%2FSb0CUbdS6es%2F0.jpg\" alt=\"Come creare newsletter html che si visualizzano correttamente su tutti gli email client in un minuto\" width=\"853\" height=\"460\" \/><br \/>Guarda questo video su YouTube<\/a><\/noscript><meta itemprop=\"description\" content=\"Come creare newsletter html che si visualizzano correttamente su tutti gli email client in un minuto\"><\/div><\/div><div class=\"lL\" style=\"max-width:100%;width:853px;margin:5px;\"><\/div>\n<div class=\"ms-video-button hide\">\n  <!--a href=\"https:\/\/www.youtube.com\/embed\/Sb0CUbdS6es?rel=0&autoplay=1\" data-featherlight=\"iframe\" data-featherlight-iframe-width=\"800\" data-featherlight-iframe-height=\"610\" data-featherlight-iframe-frameborder=\"0\" data-featherlight-iframe-allow=\"autoplay; encrypted-media\" data-featherlight-iframe-allowfullscreen=\"true\" title=\"Guarda il video tutorial\">Guarda il video tutorial <i class=\"fa fa-play-circle fa-2x\"><\/i><\/a-->\n\t<a href=\"https:\/\/www.youtube.com\/embed\/Sb0CUbdS6es\" rel=\"ilightbox\" data-options=\"width:800, height:610\" title=\"Guarda il video tutorial\">Guarda il video tutorial <i class=\"fa fa-play-circle fa-2x\"><\/i><\/a>\n<\/div>\n<p>Ci sono molti buoni consigli su <strong>come creare una buona newsletter<\/strong>: sfortunatamente, per chi ne sa poco di web design, molti di essi sono legati a una corretta di scrittura del <strong>codice HTML<\/strong>. Ma ci sono buone notizie: usando il nostro <strong>software di creazione newsletter<\/strong> potrete ottenere magnifiche newsletter <strong>senza scrivere una sola riga di codice<\/strong>.<br \/>\nInfatti, con MailStyler \u00e8 sufficiente trascinare e rilasciare degli elementi e blocchi gi\u00e0 pronti per costruire un template completamente personalizzato: l&#8217;email design non \u00e8 mai stato cos\u00ec facile. E divertente!<\/p>\n<p>Ci\u00f2 detto, bisogna comunque tenere presente alcune tattiche di base per creare una newsletter davvero efficace. Ecco le cinque pi\u00f9 importanti<\/p>\n<ol>\n<li><strong>Pensate sempre al vostro brand.<\/strong> MailStyler d\u00e0 l&#8217;opportunit\u00e0 di costruire da zero un template veramente personalizzato \u2013 adatto non solo al vostro settore di attivit\u00e0 (come i vari template gi\u00e0 pronti che si trovano sul web), ma davvero coerente con il vostro brand. Ecco perch\u00e9 dovreste cominciare a strutturare l&#8217;intero design con questa coerenza in mente: per esempio inserendo il logo nel blocco header, oppure richiamando il look e i colori del vostro sito web.<br \/>&nbsp;<\/li>\n<li><strong>Tenete leggero il layout.<\/strong> Il peso complessivo di una newsletter (immagini incluse) non dovrebbe superare i 70-80 Kb, soprattutto per semplificare il processo di consegna. Gli elementi di layout di MailStyler sono progettati per essere il pi\u00f9 leggeri possibile, dunque non dovete preoccuparvi: ricordatevi per\u00f2 di non caricare immagini troppo \tpesanti.<br \/>&nbsp;<\/li>\n<li><strong>Andate diritti al punto.<\/strong> Il nostro software di creazione newsletter offre una vasta scelta in termini di opportunit\u00e0 di progettazione, in modo da liberare completamente la vostra creativit\u00e0. Ma ricordate: un&#8217;email deve prima di tutto trasmettere dei contenuti, e farlo nel modo pi\u00f9 leggibile e rapido. Quindi non sovraccaricate il template: trovare il miglior equilibrio possibile fra testo e grafica e ricordate che avete solo pochi secondi per stuzzicare l&#8217;attenzione dei vostri utenti.<br \/>&nbsp;<\/li>\n<li><strong>Ricordate la call to action.<\/strong> Una newsletter non \u00e8 mai fine a se stessa: se avete bisogno di invitare i lettori a iscriversi a un sito, acquistare qualcosa o cliccare su un link, il pulsante di &#8220;call to action&#8221; (CLICCA QUI \/ COMPRA ORA ecc.) deve essere posto nel giusto rilievo e catturare l&#8217;attenzione. Ecco perch\u00e9 MailStyler fornisce una serie di bottoni digitali facilmente personalizzabili, in modo da dare giusto risalto all&#8217;obiettivo del vostro mailing.<br \/>&nbsp;<\/li>\n<li><strong>Non scordatevi il footer.<\/strong> Ultimo ma non per importanza: aggiungete un footer nella vostra email. Con MailStyler quest&#8217;operazione \u00e8 semplice come tutto il resto: basta trascinare l&#8217;elemento footer al di sotto del corpo del messaggio. Perch\u00e9 farlo? Perch\u00e9 \u00e8 il luogo ideale dove mettere i vostri contatti aziendali, i link alle pagine dei social network e soprattutto il link di cancellazione dalla vostra newsletter.<\/li>\n<\/ol>\n<p>&nbsp;<\/p>\n<p style=\"text-align: center;\"><a class=\"button large orange\" style=\"margin-top: 20px; width: 157px; margin-right: 30px;\" title=\"Scarica la Demo\" href=\"http:\/\/www.newslettercreator.com\/it\/scarica-gratis\/\" target=\"_self\" rel=\"noopener\">SCARICA LA DEMO<\/a><a class=\"button large darkgray\" style=\"margin-top: 20px; width: 157px;\" title=\"Acquista Mailstyler Pro\" href=\"http:\/\/www.newslettercreator.com\/it\/prezzi\/\" target=\"_self\" rel=\"noopener\">MAILSTYLER PRO<\/a><\/p>\n<p style=\"text-align: center; font-size: 11px; margin-bottom: 30px;\">Ultima versione: 2.24.01.17 | Data di rilascio: 17\/01\/2024 | Dimensioni: 114.9 MB<br \/>\n<a href=\"http:\/\/www.newslettercreator.com\/it\/accordo-di-licenza-per-mailstyler\/\" target=\"_blank\" rel=\"noopener\">Contratto di licenza<\/a> | <a href=\"http:\/\/www.newslettercreator.com\/it\/come-disinstallare-mailstyler\/\" target=\"_blank\" rel=\"noopener\">Come disinstallare<\/a><\/p>\n","protected":false},"excerpt":{"rendered":"<p>Ci sono molti buoni consigli su come creare una buona newsletter: sfortunatamente, per chi ne sa poco di web design, molti di essi sono legati a una corretta di scrittura del codice HTML. Ma ci sono buone notizie: usando il nostro software di creazione newsletter potrete ottenere magnifiche newsletter senza scrivere una sola riga di [&hellip;]<\/p>\n","protected":false},"author":1,"featured_media":0,"parent":0,"menu_order":0,"comment_status":"closed","ping_status":"closed","template":"g1_template_page_sidebar_right.php","meta":{"inline_featured_image":false,"_monsterinsights_skip_tracking":false,"_monsterinsights_sitenote_active":false,"_monsterinsights_sitenote_note":"","_monsterinsights_sitenote_category":0,"footnotes":""},"class_list":["post-2021","page","type-page","status-publish"],"yoast_head":"<!-- This site is optimized with the Yoast SEO plugin v25.2 - https:\/\/yoast.com\/wordpress\/plugins\/seo\/ -->\n<title>Come creare una newsletter - Newsletter Creator<\/title>\n<meta name=\"robots\" content=\"index, follow, max-snippet:-1, max-image-preview:large, max-video-preview:-1\" \/>\n<link rel=\"canonical\" href=\"https:\/\/www.newslettercreator.com\/it\/come-creare-newsletter\/\" \/>\n<meta property=\"og:locale\" content=\"it_IT\" \/>\n<meta property=\"og:type\" content=\"article\" \/>\n<meta property=\"og:title\" content=\"Come creare una newsletter - Newsletter Creator\" \/>\n<meta property=\"og:description\" content=\"Ci sono molti buoni consigli su come creare una buona newsletter: sfortunatamente, per chi ne sa poco di web design, molti di essi sono legati a una corretta di scrittura del codice HTML. Ma ci sono buone notizie: usando il nostro software di creazione newsletter potrete ottenere magnifiche newsletter senza scrivere una sola riga di [&hellip;]\" \/>\n<meta property=\"og:url\" content=\"https:\/\/www.newslettercreator.com\/it\/come-creare-newsletter\/\" \/>\n<meta property=\"og:site_name\" content=\"Newsletter Creator\" \/>\n<meta property=\"article:modified_time\" content=\"2021-05-28T07:19:09+00:00\" \/>\n<meta name=\"twitter:label1\" content=\"Tempo di lettura stimato\" \/>\n\t<meta name=\"twitter:data1\" content=\"2 minuti\" \/>\n<script type=\"application\/ld+json\" class=\"yoast-schema-graph\">{\"@context\":\"https:\/\/schema.org\",\"@graph\":[{\"@type\":\"WebPage\",\"@id\":\"https:\/\/www.newslettercreator.com\/it\/come-creare-newsletter\/\",\"url\":\"https:\/\/www.newslettercreator.com\/it\/come-creare-newsletter\/\",\"name\":\"Come creare una newsletter - Newsletter Creator\",\"isPartOf\":{\"@id\":\"https:\/\/www.newslettercreator.com\/#website\"},\"datePublished\":\"2014-10-31T13:46:24+00:00\",\"dateModified\":\"2021-05-28T07:19:09+00:00\",\"breadcrumb\":{\"@id\":\"https:\/\/www.newslettercreator.com\/it\/come-creare-newsletter\/#breadcrumb\"},\"inLanguage\":\"it-IT\",\"potentialAction\":[{\"@type\":\"ReadAction\",\"target\":[\"https:\/\/www.newslettercreator.com\/it\/come-creare-newsletter\/\"]}]},{\"@type\":\"BreadcrumbList\",\"@id\":\"https:\/\/www.newslettercreator.com\/it\/come-creare-newsletter\/#breadcrumb\",\"itemListElement\":[{\"@type\":\"ListItem\",\"position\":1,\"name\":\"Home\",\"item\":\"https:\/\/www.newslettercreator.com\/it\/\"},{\"@type\":\"ListItem\",\"position\":2,\"name\":\"Come creare una newsletter\"}]},{\"@type\":\"WebSite\",\"@id\":\"https:\/\/www.newslettercreator.com\/#website\",\"url\":\"https:\/\/www.newslettercreator.com\/\",\"name\":\"Newsletter Creator\",\"description\":\"Pay off\",\"potentialAction\":[{\"@type\":\"SearchAction\",\"target\":{\"@type\":\"EntryPoint\",\"urlTemplate\":\"https:\/\/www.newslettercreator.com\/?s={search_term_string}\"},\"query-input\":{\"@type\":\"PropertyValueSpecification\",\"valueRequired\":true,\"valueName\":\"search_term_string\"}}],\"inLanguage\":\"it-IT\"}]}<\/script>\n<!-- \/ Yoast SEO plugin. -->","yoast_head_json":{"title":"Come creare una newsletter - Newsletter Creator","robots":{"index":"index","follow":"follow","max-snippet":"max-snippet:-1","max-image-preview":"max-image-preview:large","max-video-preview":"max-video-preview:-1"},"canonical":"https:\/\/www.newslettercreator.com\/it\/come-creare-newsletter\/","og_locale":"it_IT","og_type":"article","og_title":"Come creare una newsletter - Newsletter Creator","og_description":"Ci sono molti buoni consigli su come creare una buona newsletter: sfortunatamente, per chi ne sa poco di web design, molti di essi sono legati a una corretta di scrittura del codice HTML. Ma ci sono buone notizie: usando il nostro software di creazione newsletter potrete ottenere magnifiche newsletter senza scrivere una sola riga di [&hellip;]","og_url":"https:\/\/www.newslettercreator.com\/it\/come-creare-newsletter\/","og_site_name":"Newsletter Creator","article_modified_time":"2021-05-28T07:19:09+00:00","twitter_misc":{"Tempo di lettura stimato":"2 minuti"},"schema":{"@context":"https:\/\/schema.org","@graph":[{"@type":"WebPage","@id":"https:\/\/www.newslettercreator.com\/it\/come-creare-newsletter\/","url":"https:\/\/www.newslettercreator.com\/it\/come-creare-newsletter\/","name":"Come creare una newsletter - Newsletter Creator","isPartOf":{"@id":"https:\/\/www.newslettercreator.com\/#website"},"datePublished":"2014-10-31T13:46:24+00:00","dateModified":"2021-05-28T07:19:09+00:00","breadcrumb":{"@id":"https:\/\/www.newslettercreator.com\/it\/come-creare-newsletter\/#breadcrumb"},"inLanguage":"it-IT","potentialAction":[{"@type":"ReadAction","target":["https:\/\/www.newslettercreator.com\/it\/come-creare-newsletter\/"]}]},{"@type":"BreadcrumbList","@id":"https:\/\/www.newslettercreator.com\/it\/come-creare-newsletter\/#breadcrumb","itemListElement":[{"@type":"ListItem","position":1,"name":"Home","item":"https:\/\/www.newslettercreator.com\/it\/"},{"@type":"ListItem","position":2,"name":"Come creare una newsletter"}]},{"@type":"WebSite","@id":"https:\/\/www.newslettercreator.com\/#website","url":"https:\/\/www.newslettercreator.com\/","name":"Newsletter Creator","description":"Pay off","potentialAction":[{"@type":"SearchAction","target":{"@type":"EntryPoint","urlTemplate":"https:\/\/www.newslettercreator.com\/?s={search_term_string}"},"query-input":{"@type":"PropertyValueSpecification","valueRequired":true,"valueName":"search_term_string"}}],"inLanguage":"it-IT"}]}},"_links":{"self":[{"href":"https:\/\/www.newslettercreator.com\/it\/wp-json\/wp\/v2\/pages\/2021","targetHints":{"allow":["GET"]}}],"collection":[{"href":"https:\/\/www.newslettercreator.com\/it\/wp-json\/wp\/v2\/pages"}],"about":[{"href":"https:\/\/www.newslettercreator.com\/it\/wp-json\/wp\/v2\/types\/page"}],"author":[{"embeddable":true,"href":"https:\/\/www.newslettercreator.com\/it\/wp-json\/wp\/v2\/users\/1"}],"replies":[{"embeddable":true,"href":"https:\/\/www.newslettercreator.com\/it\/wp-json\/wp\/v2\/comments?post=2021"}],"version-history":[{"count":8,"href":"https:\/\/www.newslettercreator.com\/it\/wp-json\/wp\/v2\/pages\/2021\/revisions"}],"predecessor-version":[{"id":10448,"href":"https:\/\/www.newslettercreator.com\/it\/wp-json\/wp\/v2\/pages\/2021\/revisions\/10448"}],"wp:attachment":[{"href":"https:\/\/www.newslettercreator.com\/it\/wp-json\/wp\/v2\/media?parent=2021"}],"curies":[{"name":"wp","href":"https:\/\/api.w.org\/{rel}","templated":true}]}}