{"id":2028,"date":"2014-10-31T14:05:06","date_gmt":"2014-10-31T14:05:06","guid":{"rendered":"http:\/\/www.newslettercreator.com\/?page_id=2028"},"modified":"2015-01-13T08:39:14","modified_gmt":"2015-01-13T08:39:14","slug":"creare-email-professionale","status":"publish","type":"page","link":"https:\/\/www.newslettercreator.com\/it\/creare-email-professionale\/","title":{"rendered":"Come creare un&#8217;email professionale"},"content":{"rendered":"<p><img decoding=\"async\" class=\"alignnone size-full wp-image-237\" src=\"http:\/\/www.newslettercreator.com\/wp-content\/uploads\/2014\/03\/how-to-newsletter-layout.jpg\" alt=\"Come creare un'email professionale\" width=\"457\" height=\"418\"><\/p>\n<p>Creare una <strong>newsletter davvero professionale<\/strong> \u00e8 tuttora un mezzo di marketing straordinario, e uno dei modi migliori per mantenere un contatto stabile con i vostri utenti: <strong>a basso costo, e con grandi risultati<\/strong>. Naturalmente, solo se il livello del design e del contenuto dell&#8217;email inviata \u00e8 davvero all&#8217;altezza, e sa distinguersi dalla marea di comunicazioni poco interessanti che affollano gli inbox delle persone.<\/p>\n<p>In effetti, l&#8217;arte di <strong>creare un&#8217;email professionale<\/strong> \u00e8 abbastanza delicata: soprattutto quando si tratta di comporne il <strong>template<\/strong>. L&#8217;insieme delle competenze richieste \u2014 gusto grafico, creativit\u00e0, abilit\u00e0 nel web design e una conoscenza approfondita dell&#8217;HTML \u2014 non possono essere improvvisate.<\/p>\n<p>Ma ora c&#8217;\u00e8 un nuovo modo per creare la propria newsletter: <strong>MailStyler<\/strong>. Con il nostro software per disegnare template sarete in grado di comporre un&#8217;email professionale in pochi click, semplicemente <strong>trascinando e rilasciando tutti gli elementi necessari<\/strong> sull&#8217;editor interno, e modificandoli a piacimento. Un metodo semplicissimo, e che <strong>non richiede alcuna conoscenza del codice HTML<\/strong>.<\/p>\n<p>Inoltre, a differenza di servizi web simili, MailStyler possiede tutti i vantaggi di un software desktop. E cio\u00e8 <strong>pi\u00f9 potenza, pi\u00f9 opzioni di editing, e pi\u00f9 stabilit\u00e0<\/strong>. Le possibilt\u00e0 di modifica e gestione di ogni aspetto della newsletter, in particolare, sono vastissime.<\/p>\n<p>Ed ecco cinque suggerimenti su come creare la <strong>miglior newsletter<\/strong> per le vostre esigenze:<\/p>\n<ol>\n<li><strong>Focalizzatevi sul vostro marchio<\/strong>. Non tutti i template sono creati uguali, quindi prima di impostare il design della newsletter pensate bene a ci\u00f2 che volete comunicare ai vostri iscritti. Il layout generale \u00e8 un mezzo per visualizzare (nel miglior modo possibile) un contenuto specifico: dunque il contenuto viene sempre prima. Inoltre, non dimenticate di mantenere una coerenza stilistica con il vostro brand e sito web.<br \/>&nbsp;<\/li>\n<li><strong>Seguite le pratiche di buon senso del web design<\/strong>. Utilizzando MailStyler e i suoi componenti gi\u00e0 pronti \u00e8 praticamente impossibile creare un template difettoso. Ci\u00f2 detto, ci sono alcune regole generali da ricordare: ad esempio non rendete troppo lunga la vostra email, trovate un buon equilibrio tra testo e immagini, non dimenticate i pi\u00e8 di pagina, e cos\u00ec via. Tali principi sono tutti applicati sui nostri campioni di newsletter: potete prendere spunto da loro prima di iniziare a costruire il vostro template.<br \/>&nbsp;<\/li>\n<li><strong>Scrivete in modo conciso (lo stesso vale per i subject)<\/strong>. Riempire una newsletter con contenuti lunghi e prolissi \u00e8 sicuramente una cattiva scelta: avete soltanto pochi secondi per ottenere l&#8217;attenzione dei vostri lettori, quindi \u00e8 necessario essere sia breve che molto incisivi. La stessa regola vale per l&#8217;oggetto (subject) della vostra email. Frasi generiche come &#8220;Newsletter n. 41&#8221; sono inutili e diminuiranno esclusivamente il tasso di apertura: doverete trovare qualcosa di pi\u00f9 seducente, evocativo e coerente con il contenuto; il tutto in meno di 50 caratteri. (Non \u00e8 facile, ma con un po &#8216;di pratica imparerete alla svelta!).<br \/>&nbsp;<\/li>\n<li><strong>Evidenziate la call to action<\/strong>. Potr\u00e0 sembrare ovvio, ma vale sempre la pena di ricordarlo: qualsiasi azione dell&#8217;utente ci si prefigge di stimolare tramite l&#8217;email \u2014 un&#8217;iscrizione, un acquisto, un semplice click \u2014 \u00e8 necessario rendere la sua &#8220;call&#8221; molto visibile. Il metodo classico \u00e8 un pulsante: MailStyler vi consente di scegliere il migliore per le vostre esigenze e modificarlo a piacimento (ad esempio arrotondandone i bordi).<br \/>&nbsp;<\/li>\n<li><strong>Inserite sempre un link di cancellazione<\/strong>. Impedire ai lettori di cancellarsi dalla newsletter pu\u00f2 essere una tentazione, ma \u00e8 sbagliato da ogni punto di vista. Innanzitutto \u00e8 illegale: \u00e8 necessario fornire sempre la possibilit\u00e0 di fare opt-out, meglio ancora con un solo click. In secondo luogo d\u00e0 una cattiva immagine al brand: sembra che costringiate i clienti a ricevere una comunicazione anche se non sono pi\u00f9 interessati. Infine pu\u00f2 danneggiare la stessa campagna di email: se i clienti non trovano un modo semplice per cancellare l&#8217;iscrizione, inizieranno a buttare la newsletter nella casella di posta indesiderata \u2014 il che avr\u00e0 conseguenze nefaste sulla vostra deliverability.<\/li>\n<p>&nbsp;<\/p>\n<p style=\"text-align: center;\"><a class=\"button large orange\" style=\"margin-top: 20px; width: 157px; margin-right: 30px;\" title=\"Scarica la Demo\" href=\"http:\/\/www.newslettercreator.com\/it\/scarica-gratis\/\" target=\"_self\">SCARICA LA DEMO<\/a><a class=\"button large darkgray\" style=\"margin-top: 20px; width: 157px;\" title=\"Acquista Mailstyler Pro\" href=\"http:\/\/www.newslettercreator.com\/it\/prezzi\/\" target=\"_self\">MAILSTYLER PRO<\/a><\/p>\n<p style=\"text-align: center; font-size: 11px; margin-bottom: 30px;\">Ultima versione: 2.24.01.17 | Data di rilascio: 17\/01\/2024 | Dimensioni: 114.9 MB<br \/>\n<a href=\"http:\/\/www.newslettercreator.com\/it\/accordo-di-licenza-per-mailstyler\/\" target=\"_blank\">Contratto di licenza<\/a> | <a href=\"http:\/\/www.newslettercreator.com\/it\/come-disinstallare-mailstyler\/\" target=\"_blank\">Come disinstallare<\/a><\/p>\n","protected":false},"excerpt":{"rendered":"<p>Creare una newsletter davvero professionale \u00e8 tuttora un mezzo di marketing straordinario, e uno dei modi migliori per mantenere un contatto stabile con i vostri utenti: a basso costo, e con grandi risultati. Naturalmente, solo se il livello del design e del contenuto dell&#8217;email inviata \u00e8 davvero all&#8217;altezza, e sa distinguersi dalla marea di comunicazioni [&hellip;]<\/p>\n","protected":false},"author":1,"featured_media":0,"parent":0,"menu_order":0,"comment_status":"closed","ping_status":"closed","template":"g1_template_page_sidebar_right.php","meta":{"inline_featured_image":false,"_monsterinsights_skip_tracking":false,"_monsterinsights_sitenote_active":false,"_monsterinsights_sitenote_note":"","_monsterinsights_sitenote_category":0,"footnotes":""},"class_list":["post-2028","page","type-page","status-publish"],"yoast_head":"<!-- This site is optimized with the Yoast SEO plugin v25.2 - https:\/\/yoast.com\/wordpress\/plugins\/seo\/ -->\n<title>Come creare un&#039;email professionale - Newsletter Creator<\/title>\n<meta name=\"robots\" content=\"index, follow, max-snippet:-1, max-image-preview:large, max-video-preview:-1\" \/>\n<link rel=\"canonical\" href=\"https:\/\/www.newslettercreator.com\/it\/creare-email-professionale\/\" \/>\n<meta property=\"og:locale\" content=\"it_IT\" \/>\n<meta property=\"og:type\" content=\"article\" \/>\n<meta property=\"og:title\" content=\"Come creare un&#039;email professionale - Newsletter Creator\" \/>\n<meta property=\"og:description\" content=\"Creare una newsletter davvero professionale \u00e8 tuttora un mezzo di marketing straordinario, e uno dei modi migliori per mantenere un contatto stabile con i vostri utenti: a basso costo, e con grandi risultati. Naturalmente, solo se il livello del design e del contenuto dell&#8217;email inviata \u00e8 davvero all&#8217;altezza, e sa distinguersi dalla marea di comunicazioni [&hellip;]\" \/>\n<meta property=\"og:url\" content=\"https:\/\/www.newslettercreator.com\/it\/creare-email-professionale\/\" \/>\n<meta property=\"og:site_name\" content=\"Newsletter Creator\" \/>\n<meta property=\"article:modified_time\" content=\"2015-01-13T08:39:14+00:00\" \/>\n<meta property=\"og:image\" content=\"http:\/\/www.newslettercreator.com\/wp-content\/uploads\/2014\/03\/how-to-newsletter-layout.jpg\" \/>\n<meta name=\"twitter:label1\" content=\"Tempo di lettura stimato\" \/>\n\t<meta name=\"twitter:data1\" content=\"3 minuti\" \/>\n<script type=\"application\/ld+json\" class=\"yoast-schema-graph\">{\"@context\":\"https:\/\/schema.org\",\"@graph\":[{\"@type\":\"WebPage\",\"@id\":\"https:\/\/www.newslettercreator.com\/it\/creare-email-professionale\/\",\"url\":\"https:\/\/www.newslettercreator.com\/it\/creare-email-professionale\/\",\"name\":\"Come creare un'email professionale - Newsletter Creator\",\"isPartOf\":{\"@id\":\"https:\/\/www.newslettercreator.com\/#website\"},\"primaryImageOfPage\":{\"@id\":\"https:\/\/www.newslettercreator.com\/it\/creare-email-professionale\/#primaryimage\"},\"image\":{\"@id\":\"https:\/\/www.newslettercreator.com\/it\/creare-email-professionale\/#primaryimage\"},\"thumbnailUrl\":\"http:\/\/www.newslettercreator.com\/wp-content\/uploads\/2014\/03\/how-to-newsletter-layout.jpg\",\"datePublished\":\"2014-10-31T14:05:06+00:00\",\"dateModified\":\"2015-01-13T08:39:14+00:00\",\"breadcrumb\":{\"@id\":\"https:\/\/www.newslettercreator.com\/it\/creare-email-professionale\/#breadcrumb\"},\"inLanguage\":\"it-IT\",\"potentialAction\":[{\"@type\":\"ReadAction\",\"target\":[\"https:\/\/www.newslettercreator.com\/it\/creare-email-professionale\/\"]}]},{\"@type\":\"ImageObject\",\"inLanguage\":\"it-IT\",\"@id\":\"https:\/\/www.newslettercreator.com\/it\/creare-email-professionale\/#primaryimage\",\"url\":\"http:\/\/www.newslettercreator.com\/wp-content\/uploads\/2014\/03\/how-to-newsletter-layout.jpg\",\"contentUrl\":\"http:\/\/www.newslettercreator.com\/wp-content\/uploads\/2014\/03\/how-to-newsletter-layout.jpg\"},{\"@type\":\"BreadcrumbList\",\"@id\":\"https:\/\/www.newslettercreator.com\/it\/creare-email-professionale\/#breadcrumb\",\"itemListElement\":[{\"@type\":\"ListItem\",\"position\":1,\"name\":\"Home\",\"item\":\"https:\/\/www.newslettercreator.com\/it\/\"},{\"@type\":\"ListItem\",\"position\":2,\"name\":\"Come creare un&#8217;email professionale\"}]},{\"@type\":\"WebSite\",\"@id\":\"https:\/\/www.newslettercreator.com\/#website\",\"url\":\"https:\/\/www.newslettercreator.com\/\",\"name\":\"Newsletter Creator\",\"description\":\"Pay off\",\"potentialAction\":[{\"@type\":\"SearchAction\",\"target\":{\"@type\":\"EntryPoint\",\"urlTemplate\":\"https:\/\/www.newslettercreator.com\/?s={search_term_string}\"},\"query-input\":{\"@type\":\"PropertyValueSpecification\",\"valueRequired\":true,\"valueName\":\"search_term_string\"}}],\"inLanguage\":\"it-IT\"}]}<\/script>\n<!-- \/ Yoast SEO plugin. -->","yoast_head_json":{"title":"Come creare un'email professionale - Newsletter Creator","robots":{"index":"index","follow":"follow","max-snippet":"max-snippet:-1","max-image-preview":"max-image-preview:large","max-video-preview":"max-video-preview:-1"},"canonical":"https:\/\/www.newslettercreator.com\/it\/creare-email-professionale\/","og_locale":"it_IT","og_type":"article","og_title":"Come creare un'email professionale - Newsletter Creator","og_description":"Creare una newsletter davvero professionale \u00e8 tuttora un mezzo di marketing straordinario, e uno dei modi migliori per mantenere un contatto stabile con i vostri utenti: a basso costo, e con grandi risultati. Naturalmente, solo se il livello del design e del contenuto dell&#8217;email inviata \u00e8 davvero all&#8217;altezza, e sa distinguersi dalla marea di comunicazioni [&hellip;]","og_url":"https:\/\/www.newslettercreator.com\/it\/creare-email-professionale\/","og_site_name":"Newsletter Creator","article_modified_time":"2015-01-13T08:39:14+00:00","og_image":[{"url":"http:\/\/www.newslettercreator.com\/wp-content\/uploads\/2014\/03\/how-to-newsletter-layout.jpg","type":"","width":"","height":""}],"twitter_misc":{"Tempo di lettura stimato":"3 minuti"},"schema":{"@context":"https:\/\/schema.org","@graph":[{"@type":"WebPage","@id":"https:\/\/www.newslettercreator.com\/it\/creare-email-professionale\/","url":"https:\/\/www.newslettercreator.com\/it\/creare-email-professionale\/","name":"Come creare un'email professionale - Newsletter Creator","isPartOf":{"@id":"https:\/\/www.newslettercreator.com\/#website"},"primaryImageOfPage":{"@id":"https:\/\/www.newslettercreator.com\/it\/creare-email-professionale\/#primaryimage"},"image":{"@id":"https:\/\/www.newslettercreator.com\/it\/creare-email-professionale\/#primaryimage"},"thumbnailUrl":"http:\/\/www.newslettercreator.com\/wp-content\/uploads\/2014\/03\/how-to-newsletter-layout.jpg","datePublished":"2014-10-31T14:05:06+00:00","dateModified":"2015-01-13T08:39:14+00:00","breadcrumb":{"@id":"https:\/\/www.newslettercreator.com\/it\/creare-email-professionale\/#breadcrumb"},"inLanguage":"it-IT","potentialAction":[{"@type":"ReadAction","target":["https:\/\/www.newslettercreator.com\/it\/creare-email-professionale\/"]}]},{"@type":"ImageObject","inLanguage":"it-IT","@id":"https:\/\/www.newslettercreator.com\/it\/creare-email-professionale\/#primaryimage","url":"http:\/\/www.newslettercreator.com\/wp-content\/uploads\/2014\/03\/how-to-newsletter-layout.jpg","contentUrl":"http:\/\/www.newslettercreator.com\/wp-content\/uploads\/2014\/03\/how-to-newsletter-layout.jpg"},{"@type":"BreadcrumbList","@id":"https:\/\/www.newslettercreator.com\/it\/creare-email-professionale\/#breadcrumb","itemListElement":[{"@type":"ListItem","position":1,"name":"Home","item":"https:\/\/www.newslettercreator.com\/it\/"},{"@type":"ListItem","position":2,"name":"Come creare un&#8217;email professionale"}]},{"@type":"WebSite","@id":"https:\/\/www.newslettercreator.com\/#website","url":"https:\/\/www.newslettercreator.com\/","name":"Newsletter Creator","description":"Pay off","potentialAction":[{"@type":"SearchAction","target":{"@type":"EntryPoint","urlTemplate":"https:\/\/www.newslettercreator.com\/?s={search_term_string}"},"query-input":{"@type":"PropertyValueSpecification","valueRequired":true,"valueName":"search_term_string"}}],"inLanguage":"it-IT"}]}},"_links":{"self":[{"href":"https:\/\/www.newslettercreator.com\/it\/wp-json\/wp\/v2\/pages\/2028","targetHints":{"allow":["GET"]}}],"collection":[{"href":"https:\/\/www.newslettercreator.com\/it\/wp-json\/wp\/v2\/pages"}],"about":[{"href":"https:\/\/www.newslettercreator.com\/it\/wp-json\/wp\/v2\/types\/page"}],"author":[{"embeddable":true,"href":"https:\/\/www.newslettercreator.com\/it\/wp-json\/wp\/v2\/users\/1"}],"replies":[{"embeddable":true,"href":"https:\/\/www.newslettercreator.com\/it\/wp-json\/wp\/v2\/comments?post=2028"}],"version-history":[{"count":5,"href":"https:\/\/www.newslettercreator.com\/it\/wp-json\/wp\/v2\/pages\/2028\/revisions"}],"predecessor-version":[{"id":2533,"href":"https:\/\/www.newslettercreator.com\/it\/wp-json\/wp\/v2\/pages\/2028\/revisions\/2533"}],"wp:attachment":[{"href":"https:\/\/www.newslettercreator.com\/it\/wp-json\/wp\/v2\/media?parent=2028"}],"curies":[{"name":"wp","href":"https:\/\/api.w.org\/{rel}","templated":true}]}}