{"id":2035,"date":"2014-10-31T14:27:22","date_gmt":"2014-10-31T14:27:22","guid":{"rendered":"http:\/\/www.newslettercreator.com\/?page_id=2035"},"modified":"2021-02-11T10:43:25","modified_gmt":"2021-02-11T09:43:25","slug":"thunderbird-outlook-creare","status":"publish","type":"page","link":"https:\/\/www.newslettercreator.com\/it\/thunderbird-outlook-creare\/","title":{"rendered":"Creare un template per Thunderbird"},"content":{"rendered":"<p><img decoding=\"async\" class=\"alignnone size-full wp-image-237\" src=\"http:\/\/www.newslettercreator.com\/wp-content\/uploads\/2014\/06\/email-template-thunderbird.jpg\" alt=\"Creare un template per Thunderbird\" width=\"649\" height=\"423\"><\/p>\n<p>Creare un <strong>template di Mozilla Thunderbird<\/strong> per i messaggi ricorrenti \u00e8 piuttosto facile: \u00e8 sufficiente comporlo e salvarlo come <strong>modello<\/strong>, dove sar\u00e0 disponibile per essere riutilizzato con nuovi contenuti.<\/p>\n<p>\u00c8 una pratica comune ed efficace per risparmiare tempo: purtroppo, Thunderbird non \u00e8 granch\u00e9 come <strong>creatore di template<\/strong> (il che \u00e8 logico, essendo innanzitutto un client di posta elettronica). Le sue limitazioni risultano problematiche soprattutto quando si tratta di comporre delle <strong>newsletter<\/strong> e altre email in HTML: impostarle direttamente su Thunderbird pu\u00f2 portare a risultati molto insoddisfacenti.<\/p>\n<p>La soluzione migliore \u00e8 dunque scegliere un <strong>software professionale per la creazione di template<\/strong> come MailStyler per disegnare il proprio layout, e solo in seguito importarlo su Thunderbird.<\/p>\n<p><a href=\"http:\/\/www.newslettercreator.com\/it\/scarica-gratis\/\"><strong>MailStyler<\/strong><\/a> rende incredibilmente facile disegnare dei <strong>template di altissima qualit\u00e0<\/strong>: \u00e8 sufficente scegliere gli elementi necessari (box di testo, box di immagini, colonne, footer eccetera) e trascinarli semplicemente sulla pagina. In questo modo, grazie al nostro <strong>editor WYSIWYG<\/strong>, sarete in grado di costruire un layout passo dopo passo \u2014 senza scrivere nemmeno una riga di codice HTML.<\/p>\n<p>Il risultato finale? Un template che funzioner\u00e0 perfettamente su Mozilla Thunderbird (e altri client), e che assicurer\u00e0 una <strong>perfetta visualizzazione del contenuto<\/strong> ovunque sar\u00e0 letto.<\/p>\n<p>&nbsp;<\/p>\n<p style=\"text-align: center;\"><a class=\"button large orange\" style=\"margin-top: 20px; width: 157px; margin-right: 30px;\" title=\"Scarica la Demo\" href=\"http:\/\/www.newslettercreator.com\/it\/scarica-gratis\/\" target=\"_self\" rel=\"noopener noreferrer\">SCARICA LA DEMO<\/a><a class=\"button large darkgray\" style=\"margin-top: 20px; width: 157px;\" title=\"Acquista Mailstyler Pro\" href=\"http:\/\/www.newslettercreator.com\/it\/prezzi\/\" target=\"_self\" rel=\"noopener noreferrer\">MAILSTYLER PRO<\/a><\/p>\n<p style=\"text-align: center; font-size: 11px; margin-bottom: 30px;\">Ultima versione: 2.24.01.17 | Data di rilascio: 17\/01\/2024 | Dimensioni: 114.9 MB<br \/>\n<a href=\"http:\/\/www.newslettercreator.com\/it\/accordo-di-licenza-per-mailstyler\/\" target=\"_blank\" rel=\"noopener noreferrer\">Contratto di licenza<\/a> | <a href=\"http:\/\/www.newslettercreator.com\/it\/come-disinstallare-mailstyler\/\" target=\"_blank\" rel=\"noopener noreferrer\">Come disinstallare<\/a><\/p>\n","protected":false},"excerpt":{"rendered":"<p>Creare un template di Mozilla Thunderbird per i messaggi ricorrenti \u00e8 piuttosto facile: \u00e8 sufficiente comporlo e salvarlo come modello, dove sar\u00e0 disponibile per essere riutilizzato con nuovi contenuti. \u00c8 una pratica comune ed efficace per risparmiare tempo: purtroppo, Thunderbird non \u00e8 granch\u00e9 come creatore di template (il che \u00e8 logico, essendo innanzitutto un client [&hellip;]<\/p>\n","protected":false},"author":1,"featured_media":0,"parent":0,"menu_order":0,"comment_status":"closed","ping_status":"closed","template":"g1_template_page_sidebar_right.php","meta":{"inline_featured_image":false,"_monsterinsights_skip_tracking":false,"_monsterinsights_sitenote_active":false,"_monsterinsights_sitenote_note":"","_monsterinsights_sitenote_category":0,"footnotes":""},"class_list":["post-2035","page","type-page","status-publish"],"yoast_head":"<!-- This site is optimized with the Yoast SEO plugin v25.2 - https:\/\/yoast.com\/wordpress\/plugins\/seo\/ -->\n<title>Creare un template per Thunderbird - Newsletter Creator<\/title>\n<meta name=\"description\" content=\"Vuoi creare un template accattivante per la tua newsletter? MailStyler ti mette a disposizione un editor visuale semplice da usare ma super potente.\" \/>\n<meta name=\"robots\" content=\"index, follow, max-snippet:-1, max-image-preview:large, max-video-preview:-1\" \/>\n<link rel=\"canonical\" href=\"https:\/\/www.newslettercreator.com\/it\/thunderbird-outlook-creare\/\" \/>\n<meta property=\"og:locale\" content=\"it_IT\" \/>\n<meta property=\"og:type\" content=\"article\" \/>\n<meta property=\"og:title\" content=\"Creare un template per Thunderbird - Newsletter Creator\" \/>\n<meta property=\"og:description\" content=\"Vuoi creare un template accattivante per la tua newsletter? MailStyler ti mette a disposizione un editor visuale semplice da usare ma super potente.\" \/>\n<meta property=\"og:url\" content=\"https:\/\/www.newslettercreator.com\/it\/thunderbird-outlook-creare\/\" \/>\n<meta property=\"og:site_name\" content=\"Newsletter Creator\" \/>\n<meta property=\"article:modified_time\" content=\"2021-02-11T09:43:25+00:00\" \/>\n<meta property=\"og:image\" content=\"http:\/\/www.newslettercreator.com\/wp-content\/uploads\/2014\/06\/email-template-thunderbird.jpg\" \/>\n<meta name=\"twitter:label1\" content=\"Tempo di lettura stimato\" \/>\n\t<meta name=\"twitter:data1\" content=\"1 minuto\" \/>\n<script type=\"application\/ld+json\" class=\"yoast-schema-graph\">{\"@context\":\"https:\/\/schema.org\",\"@graph\":[{\"@type\":\"WebPage\",\"@id\":\"https:\/\/www.newslettercreator.com\/it\/thunderbird-outlook-creare\/\",\"url\":\"https:\/\/www.newslettercreator.com\/it\/thunderbird-outlook-creare\/\",\"name\":\"Creare un template per Thunderbird - Newsletter Creator\",\"isPartOf\":{\"@id\":\"https:\/\/www.newslettercreator.com\/#website\"},\"primaryImageOfPage\":{\"@id\":\"https:\/\/www.newslettercreator.com\/it\/thunderbird-outlook-creare\/#primaryimage\"},\"image\":{\"@id\":\"https:\/\/www.newslettercreator.com\/it\/thunderbird-outlook-creare\/#primaryimage\"},\"thumbnailUrl\":\"http:\/\/www.newslettercreator.com\/wp-content\/uploads\/2014\/06\/email-template-thunderbird.jpg\",\"datePublished\":\"2014-10-31T14:27:22+00:00\",\"dateModified\":\"2021-02-11T09:43:25+00:00\",\"description\":\"Vuoi creare un template accattivante per la tua newsletter? MailStyler ti mette a disposizione un editor visuale semplice da usare ma super potente.\",\"breadcrumb\":{\"@id\":\"https:\/\/www.newslettercreator.com\/it\/thunderbird-outlook-creare\/#breadcrumb\"},\"inLanguage\":\"it-IT\",\"potentialAction\":[{\"@type\":\"ReadAction\",\"target\":[\"https:\/\/www.newslettercreator.com\/it\/thunderbird-outlook-creare\/\"]}]},{\"@type\":\"ImageObject\",\"inLanguage\":\"it-IT\",\"@id\":\"https:\/\/www.newslettercreator.com\/it\/thunderbird-outlook-creare\/#primaryimage\",\"url\":\"http:\/\/www.newslettercreator.com\/wp-content\/uploads\/2014\/06\/email-template-thunderbird.jpg\",\"contentUrl\":\"http:\/\/www.newslettercreator.com\/wp-content\/uploads\/2014\/06\/email-template-thunderbird.jpg\"},{\"@type\":\"BreadcrumbList\",\"@id\":\"https:\/\/www.newslettercreator.com\/it\/thunderbird-outlook-creare\/#breadcrumb\",\"itemListElement\":[{\"@type\":\"ListItem\",\"position\":1,\"name\":\"Home\",\"item\":\"https:\/\/www.newslettercreator.com\/it\/\"},{\"@type\":\"ListItem\",\"position\":2,\"name\":\"Creare un template per Thunderbird\"}]},{\"@type\":\"WebSite\",\"@id\":\"https:\/\/www.newslettercreator.com\/#website\",\"url\":\"https:\/\/www.newslettercreator.com\/\",\"name\":\"Newsletter Creator\",\"description\":\"Pay off\",\"potentialAction\":[{\"@type\":\"SearchAction\",\"target\":{\"@type\":\"EntryPoint\",\"urlTemplate\":\"https:\/\/www.newslettercreator.com\/?s={search_term_string}\"},\"query-input\":{\"@type\":\"PropertyValueSpecification\",\"valueRequired\":true,\"valueName\":\"search_term_string\"}}],\"inLanguage\":\"it-IT\"}]}<\/script>\n<!-- \/ Yoast SEO plugin. -->","yoast_head_json":{"title":"Creare un template per Thunderbird - Newsletter Creator","description":"Vuoi creare un template accattivante per la tua newsletter? MailStyler ti mette a disposizione un editor visuale semplice da usare ma super potente.","robots":{"index":"index","follow":"follow","max-snippet":"max-snippet:-1","max-image-preview":"max-image-preview:large","max-video-preview":"max-video-preview:-1"},"canonical":"https:\/\/www.newslettercreator.com\/it\/thunderbird-outlook-creare\/","og_locale":"it_IT","og_type":"article","og_title":"Creare un template per Thunderbird - Newsletter Creator","og_description":"Vuoi creare un template accattivante per la tua newsletter? MailStyler ti mette a disposizione un editor visuale semplice da usare ma super potente.","og_url":"https:\/\/www.newslettercreator.com\/it\/thunderbird-outlook-creare\/","og_site_name":"Newsletter Creator","article_modified_time":"2021-02-11T09:43:25+00:00","og_image":[{"url":"http:\/\/www.newslettercreator.com\/wp-content\/uploads\/2014\/06\/email-template-thunderbird.jpg","type":"","width":"","height":""}],"twitter_misc":{"Tempo di lettura stimato":"1 minuto"},"schema":{"@context":"https:\/\/schema.org","@graph":[{"@type":"WebPage","@id":"https:\/\/www.newslettercreator.com\/it\/thunderbird-outlook-creare\/","url":"https:\/\/www.newslettercreator.com\/it\/thunderbird-outlook-creare\/","name":"Creare un template per Thunderbird - Newsletter Creator","isPartOf":{"@id":"https:\/\/www.newslettercreator.com\/#website"},"primaryImageOfPage":{"@id":"https:\/\/www.newslettercreator.com\/it\/thunderbird-outlook-creare\/#primaryimage"},"image":{"@id":"https:\/\/www.newslettercreator.com\/it\/thunderbird-outlook-creare\/#primaryimage"},"thumbnailUrl":"http:\/\/www.newslettercreator.com\/wp-content\/uploads\/2014\/06\/email-template-thunderbird.jpg","datePublished":"2014-10-31T14:27:22+00:00","dateModified":"2021-02-11T09:43:25+00:00","description":"Vuoi creare un template accattivante per la tua newsletter? MailStyler ti mette a disposizione un editor visuale semplice da usare ma super potente.","breadcrumb":{"@id":"https:\/\/www.newslettercreator.com\/it\/thunderbird-outlook-creare\/#breadcrumb"},"inLanguage":"it-IT","potentialAction":[{"@type":"ReadAction","target":["https:\/\/www.newslettercreator.com\/it\/thunderbird-outlook-creare\/"]}]},{"@type":"ImageObject","inLanguage":"it-IT","@id":"https:\/\/www.newslettercreator.com\/it\/thunderbird-outlook-creare\/#primaryimage","url":"http:\/\/www.newslettercreator.com\/wp-content\/uploads\/2014\/06\/email-template-thunderbird.jpg","contentUrl":"http:\/\/www.newslettercreator.com\/wp-content\/uploads\/2014\/06\/email-template-thunderbird.jpg"},{"@type":"BreadcrumbList","@id":"https:\/\/www.newslettercreator.com\/it\/thunderbird-outlook-creare\/#breadcrumb","itemListElement":[{"@type":"ListItem","position":1,"name":"Home","item":"https:\/\/www.newslettercreator.com\/it\/"},{"@type":"ListItem","position":2,"name":"Creare un template per Thunderbird"}]},{"@type":"WebSite","@id":"https:\/\/www.newslettercreator.com\/#website","url":"https:\/\/www.newslettercreator.com\/","name":"Newsletter Creator","description":"Pay off","potentialAction":[{"@type":"SearchAction","target":{"@type":"EntryPoint","urlTemplate":"https:\/\/www.newslettercreator.com\/?s={search_term_string}"},"query-input":{"@type":"PropertyValueSpecification","valueRequired":true,"valueName":"search_term_string"}}],"inLanguage":"it-IT"}]}},"_links":{"self":[{"href":"https:\/\/www.newslettercreator.com\/it\/wp-json\/wp\/v2\/pages\/2035","targetHints":{"allow":["GET"]}}],"collection":[{"href":"https:\/\/www.newslettercreator.com\/it\/wp-json\/wp\/v2\/pages"}],"about":[{"href":"https:\/\/www.newslettercreator.com\/it\/wp-json\/wp\/v2\/types\/page"}],"author":[{"embeddable":true,"href":"https:\/\/www.newslettercreator.com\/it\/wp-json\/wp\/v2\/users\/1"}],"replies":[{"embeddable":true,"href":"https:\/\/www.newslettercreator.com\/it\/wp-json\/wp\/v2\/comments?post=2035"}],"version-history":[{"count":4,"href":"https:\/\/www.newslettercreator.com\/it\/wp-json\/wp\/v2\/pages\/2035\/revisions"}],"predecessor-version":[{"id":10063,"href":"https:\/\/www.newslettercreator.com\/it\/wp-json\/wp\/v2\/pages\/2035\/revisions\/10063"}],"wp:attachment":[{"href":"https:\/\/www.newslettercreator.com\/it\/wp-json\/wp\/v2\/media?parent=2035"}],"curies":[{"name":"wp","href":"https:\/\/api.w.org\/{rel}","templated":true}]}}