{"id":2432,"date":"2014-11-24T08:37:44","date_gmt":"2014-11-24T08:37:44","guid":{"rendered":"http:\/\/www.newslettercreator.com\/?page_id=2432"},"modified":"2022-11-14T15:46:33","modified_gmt":"2022-11-14T14:46:33","slug":"comunicato-stampa","status":"publish","type":"page","link":"https:\/\/www.newslettercreator.com\/it\/comunicato-stampa\/","title":{"rendered":"Comunicato stampa"},"content":{"rendered":"<p>Delivery Tech Corp. (una societ\u00e0 leader nel settore dell&#8217;email marketing e del digital marketing) ha annunciato oggi il lancio di <b>MailStyler<\/b>, un innovativo software per la creazione di newsletter.<\/p>\n<p>MailStyler consente, attraverso un potente editor drag&amp;drop, di creare template per newsletter compatibili al 100% con qualsiasi client di posta e webmail,<\/p>\n<p>L&#8217;interfaccia drag&amp;drop di MailStyler ne consente l&#8217;utilizzo in modo semplice ed immediato. Non \u00e8 richiesta alcuna conoscenza del linguaggio di HTML o di CSS: la formattazione dei template \u00e8 infatti gestita in automatico dal software.<\/p>\n<p>\u201cSiamo molto soddisfatti di poter proporre un prodotto che consideriamo unico per molti aspetti &#8211; ha dichiarato Ramy Eltarras, CTO di Delivery Tech Corp. &#8211; &#8220;Grazie all&#8217;interfaccia semplice ed intuitiva, alla sorprendente flessibilit\u00e0 e alla libreria di immagini cos\u00ec estesa, MailStyler \u00e8 il tool ideale di creazione newsletter per chiunque desideri inviare messaggi email perfettamente compatibili e visualizzati sempre alla perfezione su qualsiasi client di posta elettronica, webmail, e piattaforma o servizio di invio newsletter&#8221;.<\/p>\n<p>&#8220;A differenza di servizi web simili &#8211; ha dichiarato Ramy Eltarras &#8211; MailStyler possiede\u00a0<strong>tutti i vantaggi<\/strong>\u00a0di un software desktop. E cio\u00e8\u00a0<strong>pi\u00f9 potenza, pi\u00f9 opzioni di editing, e pi\u00f9 stabilit\u00e0<\/strong>. E pu\u00f2 essere utilizzato offline&#8221;.<\/p>\n<p>MailStyler \u00e8 stato sviluppato per essere un editor di newsletter\u00a0<b>particolarmente intuitivo<\/b>.\u00a0La creazione dei template \u00e8 focalizzata sull&#8217;utilizzo di blocchi multiuso, ciascuno dei quali \u00e8 costituito da una libreria di stili predefiniti ma completamente personalizzabili.<br \/>\nQuesto consente di avere un controllo completo su ciascun elemento del processo di creazione della newsletter.<\/p>\n<p>MailStyler \u00e8 disponibile in quattro versioni:<\/p>\n<ul>\n<ul>\n<li><b>Una versione DEMO<\/b>, con cui \u00e8 possibile sperimentare tutte le funzionalit\u00e0 di MailStyler senza licenza e di creare illimitate esportazioni di prova. Inoltre, include una libreria di oltre 2000 immagini a media risoluzione, di cui pi\u00f9 di 200 senza filigrana.<\/li>\n<li><strong>Una versione BASIC\u00a0<\/strong>che oltre a tutte le funzionalit\u00e0 della funzione DEMO consente un&#8217;installazione su un computer e illimitate esportazioni.<\/li>\n<li><strong>Una versione PRO<\/strong>\u00a0che, a differenza delle versioni DEMO e BASIC, consente anche l&#8217;utilizzo illimitato di uno spazio cloud per le immagini e una libreria immagini avanzata, contenente oltre 2.000 immagini senza filigrana in alta risoluzione.<\/li>\n<li><strong>Una versione SERVER<\/strong>\u00a0che include tutte le caratteristiche della PRO, ma pu\u00f2 essere installata su Windows Server e essere utilizzata da 25 terminali.<\/li>\n<\/ul>\n<\/ul>\n<p>Tutte le licenze sono valide a vita, e comprendono un anno di aggiornamenti e assistenza premium. Dopo il primo anno \u00e8 possibile rinnovare l&#8217;abbonamento ad aggiornamenti e assistenza.<\/p>\n<p>MailStyler rappresenta una soluzione efficace e alla portata di tutti per realizzare <b>newsletter professionali<\/b>. Gli utenti di MailStyler hanno inoltre accesso completo ad un set esaustivo di tutorial che descrivono nel dettaglio ogni aspetto del software, consentendo loro di ottenere i migliori risultati possibili sin dal primo utilizzo.<\/p>\n<p>Date un&#8217;occhiata alle <a title=\"schermate newsletter creator\" href=\"http:\/\/www.newslettercreator.com\/it\/schermate\/\">schermate<\/a>.<\/p>\n","protected":false},"excerpt":{"rendered":"<p>Delivery Tech Corp. (una societ\u00e0 leader nel settore dell&#8217;email marketing e del digital marketing) ha annunciato oggi il lancio di MailStyler, un innovativo software per la creazione di newsletter. MailStyler consente, attraverso un potente editor drag&amp;drop, di creare template per newsletter compatibili al 100% con qualsiasi client di posta e webmail, L&#8217;interfaccia drag&amp;drop di MailStyler [&hellip;]<\/p>\n","protected":false},"author":1,"featured_media":0,"parent":0,"menu_order":0,"comment_status":"closed","ping_status":"closed","template":"g1_template_page_sidebar_right.php","meta":{"inline_featured_image":false,"_monsterinsights_skip_tracking":false,"_monsterinsights_sitenote_active":false,"_monsterinsights_sitenote_note":"","_monsterinsights_sitenote_category":0,"footnotes":""},"class_list":["post-2432","page","type-page","status-publish"],"yoast_head":"<!-- This site is optimized with the Yoast SEO plugin v25.2 - https:\/\/yoast.com\/wordpress\/plugins\/seo\/ -->\n<title>Comunicato stampa - Newsletter Creator<\/title>\n<meta name=\"description\" content=\"Delivery Tech Corp. ha annunciato il lancio di MailStyler, un innovativo software per la creazione di newsletter.\" \/>\n<meta name=\"robots\" content=\"index, follow, max-snippet:-1, max-image-preview:large, max-video-preview:-1\" \/>\n<link rel=\"canonical\" href=\"https:\/\/www.newslettercreator.com\/it\/comunicato-stampa\/\" \/>\n<meta property=\"og:locale\" content=\"it_IT\" \/>\n<meta property=\"og:type\" content=\"article\" \/>\n<meta property=\"og:title\" content=\"Comunicato stampa - Newsletter Creator\" \/>\n<meta property=\"og:description\" content=\"Delivery Tech Corp. ha annunciato il lancio di MailStyler, un innovativo software per la creazione di newsletter.\" \/>\n<meta property=\"og:url\" content=\"https:\/\/www.newslettercreator.com\/it\/comunicato-stampa\/\" \/>\n<meta property=\"og:site_name\" content=\"Newsletter Creator\" \/>\n<meta property=\"article:modified_time\" content=\"2022-11-14T14:46:33+00:00\" \/>\n<meta name=\"twitter:label1\" content=\"Tempo di lettura stimato\" \/>\n\t<meta name=\"twitter:data1\" content=\"3 minuti\" \/>\n<script type=\"application\/ld+json\" class=\"yoast-schema-graph\">{\"@context\":\"https:\/\/schema.org\",\"@graph\":[{\"@type\":\"WebPage\",\"@id\":\"https:\/\/www.newslettercreator.com\/it\/comunicato-stampa\/\",\"url\":\"https:\/\/www.newslettercreator.com\/it\/comunicato-stampa\/\",\"name\":\"Comunicato stampa - Newsletter Creator\",\"isPartOf\":{\"@id\":\"https:\/\/www.newslettercreator.com\/#website\"},\"datePublished\":\"2014-11-24T08:37:44+00:00\",\"dateModified\":\"2022-11-14T14:46:33+00:00\",\"description\":\"Delivery Tech Corp. ha annunciato il lancio di MailStyler, un innovativo software per la creazione di newsletter.\",\"breadcrumb\":{\"@id\":\"https:\/\/www.newslettercreator.com\/it\/comunicato-stampa\/#breadcrumb\"},\"inLanguage\":\"it-IT\",\"potentialAction\":[{\"@type\":\"ReadAction\",\"target\":[\"https:\/\/www.newslettercreator.com\/it\/comunicato-stampa\/\"]}]},{\"@type\":\"BreadcrumbList\",\"@id\":\"https:\/\/www.newslettercreator.com\/it\/comunicato-stampa\/#breadcrumb\",\"itemListElement\":[{\"@type\":\"ListItem\",\"position\":1,\"name\":\"Home\",\"item\":\"https:\/\/www.newslettercreator.com\/it\/\"},{\"@type\":\"ListItem\",\"position\":2,\"name\":\"Comunicato stampa\"}]},{\"@type\":\"WebSite\",\"@id\":\"https:\/\/www.newslettercreator.com\/#website\",\"url\":\"https:\/\/www.newslettercreator.com\/\",\"name\":\"Newsletter Creator\",\"description\":\"Pay off\",\"potentialAction\":[{\"@type\":\"SearchAction\",\"target\":{\"@type\":\"EntryPoint\",\"urlTemplate\":\"https:\/\/www.newslettercreator.com\/?s={search_term_string}\"},\"query-input\":{\"@type\":\"PropertyValueSpecification\",\"valueRequired\":true,\"valueName\":\"search_term_string\"}}],\"inLanguage\":\"it-IT\"}]}<\/script>\n<!-- \/ Yoast SEO plugin. -->","yoast_head_json":{"title":"Comunicato stampa - Newsletter Creator","description":"Delivery Tech Corp. ha annunciato il lancio di MailStyler, un innovativo software per la creazione di newsletter.","robots":{"index":"index","follow":"follow","max-snippet":"max-snippet:-1","max-image-preview":"max-image-preview:large","max-video-preview":"max-video-preview:-1"},"canonical":"https:\/\/www.newslettercreator.com\/it\/comunicato-stampa\/","og_locale":"it_IT","og_type":"article","og_title":"Comunicato stampa - Newsletter Creator","og_description":"Delivery Tech Corp. ha annunciato il lancio di MailStyler, un innovativo software per la creazione di newsletter.","og_url":"https:\/\/www.newslettercreator.com\/it\/comunicato-stampa\/","og_site_name":"Newsletter Creator","article_modified_time":"2022-11-14T14:46:33+00:00","twitter_misc":{"Tempo di lettura stimato":"3 minuti"},"schema":{"@context":"https:\/\/schema.org","@graph":[{"@type":"WebPage","@id":"https:\/\/www.newslettercreator.com\/it\/comunicato-stampa\/","url":"https:\/\/www.newslettercreator.com\/it\/comunicato-stampa\/","name":"Comunicato stampa - Newsletter Creator","isPartOf":{"@id":"https:\/\/www.newslettercreator.com\/#website"},"datePublished":"2014-11-24T08:37:44+00:00","dateModified":"2022-11-14T14:46:33+00:00","description":"Delivery Tech Corp. ha annunciato il lancio di MailStyler, un innovativo software per la creazione di newsletter.","breadcrumb":{"@id":"https:\/\/www.newslettercreator.com\/it\/comunicato-stampa\/#breadcrumb"},"inLanguage":"it-IT","potentialAction":[{"@type":"ReadAction","target":["https:\/\/www.newslettercreator.com\/it\/comunicato-stampa\/"]}]},{"@type":"BreadcrumbList","@id":"https:\/\/www.newslettercreator.com\/it\/comunicato-stampa\/#breadcrumb","itemListElement":[{"@type":"ListItem","position":1,"name":"Home","item":"https:\/\/www.newslettercreator.com\/it\/"},{"@type":"ListItem","position":2,"name":"Comunicato stampa"}]},{"@type":"WebSite","@id":"https:\/\/www.newslettercreator.com\/#website","url":"https:\/\/www.newslettercreator.com\/","name":"Newsletter Creator","description":"Pay off","potentialAction":[{"@type":"SearchAction","target":{"@type":"EntryPoint","urlTemplate":"https:\/\/www.newslettercreator.com\/?s={search_term_string}"},"query-input":{"@type":"PropertyValueSpecification","valueRequired":true,"valueName":"search_term_string"}}],"inLanguage":"it-IT"}]}},"_links":{"self":[{"href":"https:\/\/www.newslettercreator.com\/it\/wp-json\/wp\/v2\/pages\/2432","targetHints":{"allow":["GET"]}}],"collection":[{"href":"https:\/\/www.newslettercreator.com\/it\/wp-json\/wp\/v2\/pages"}],"about":[{"href":"https:\/\/www.newslettercreator.com\/it\/wp-json\/wp\/v2\/types\/page"}],"author":[{"embeddable":true,"href":"https:\/\/www.newslettercreator.com\/it\/wp-json\/wp\/v2\/users\/1"}],"replies":[{"embeddable":true,"href":"https:\/\/www.newslettercreator.com\/it\/wp-json\/wp\/v2\/comments?post=2432"}],"version-history":[{"count":4,"href":"https:\/\/www.newslettercreator.com\/it\/wp-json\/wp\/v2\/pages\/2432\/revisions"}],"predecessor-version":[{"id":11794,"href":"https:\/\/www.newslettercreator.com\/it\/wp-json\/wp\/v2\/pages\/2432\/revisions\/11794"}],"wp:attachment":[{"href":"https:\/\/www.newslettercreator.com\/it\/wp-json\/wp\/v2\/media?parent=2432"}],"curies":[{"name":"wp","href":"https:\/\/api.w.org\/{rel}","templated":true}]}}