{"id":2438,"date":"2014-11-25T08:50:58","date_gmt":"2014-11-25T08:50:58","guid":{"rendered":"http:\/\/www.newslettercreator.com\/?page_id=2438"},"modified":"2015-12-08T22:44:12","modified_gmt":"2015-12-08T22:44:12","slug":"template-email-responsive","status":"publish","type":"page","link":"https:\/\/www.newslettercreator.com\/it\/template-email-responsive\/","title":{"rendered":"Template email responsive"},"content":{"rendered":"<p>Quando si tratta di creare un template email per le vostre newsletter, \u00e8 fondamentale garantirne la <strong>leggibilit\u00e0 su pi\u00f9 dispositivi<\/strong> &#8211; in sostanza, fare in modo che abbia un <strong>design responsive<\/strong>.<\/p>\n<p>Pi\u00f9 della met\u00e0 dei lettori aprir\u00e0 la vostra newsletter su uno smartphone o un tablet, e poi magari la legger\u00e0 di nuovo su un computer. Questa ubiquit\u00e0 rende indispensabile la composizione di <strong>template email responsive<\/strong> per catturare sempre l&#8217;attenzione dell&#8217;utente. Che \u00e8 proprio ci\u00f2 che MailStyler permette di fare in pochi click.<\/p>\n<p><a href=\"http:\/\/www.newslettercreator.com\/wp-content\/uploads\/2014\/11\/responsive-email-templates.png\"><img decoding=\"async\" class=\"aligncenter\" src=\"http:\/\/www.newslettercreator.com\/wp-content\/uploads\/2014\/11\/responsive-email-templates.png\" alt=\"responsive email templates\" width=\"511\" height=\"404\" \/><\/a><\/p>\n<p>Un template HTML responsive realizzato con MailStyler garantisce un&#8217;<strong>esperienza di lettura ottimale<\/strong> senza necessit\u00e0 di ridimensionamento manuale, in quanto la newsletter si regola automaticamente sulle dimensioni del dispositivo. Apparendo sempre perfetta: <a title=\"test compatibilit\u00e0 newsletter\" href=\"http:\/\/www.newslettercreator.com\/it\/test-compatibilita-newsletter\/\">verificate voi stessi<\/a>.<\/p>\n<p>Quindi non perdete tempo cercando template email responsive qua e l\u00e0 sul web. Create subito la vostra newsletter su misura con MailStyler.<\/p>\n","protected":false},"excerpt":{"rendered":"<p>Quando si tratta di creare un template email per le vostre newsletter, \u00e8 fondamentale garantirne la leggibilit\u00e0 su pi\u00f9 dispositivi &#8211; in sostanza, fare in modo che abbia un design responsive. Pi\u00f9 della met\u00e0 dei lettori aprir\u00e0 la vostra newsletter su uno smartphone o un tablet, e poi magari la legger\u00e0 di nuovo su un [&hellip;]<\/p>\n","protected":false},"author":1,"featured_media":0,"parent":0,"menu_order":0,"comment_status":"closed","ping_status":"closed","template":"g1_template_page_sidebar_right.php","meta":{"inline_featured_image":false,"_monsterinsights_skip_tracking":false,"_monsterinsights_sitenote_active":false,"_monsterinsights_sitenote_note":"","_monsterinsights_sitenote_category":0,"footnotes":""},"class_list":["post-2438","page","type-page","status-publish"],"yoast_head":"<!-- This site is optimized with the Yoast SEO plugin v25.2 - https:\/\/yoast.com\/wordpress\/plugins\/seo\/ -->\n<title>Template email responsive - Newsletter Creator<\/title>\n<meta name=\"description\" content=\"Ogni newsletter composta con MailStyler \u00e8 responsive: si adatta automaticamente alle dimensioni dello schermo garantendo sempre una perfetta leggibilit\u00e0.\" \/>\n<meta name=\"robots\" content=\"index, follow, max-snippet:-1, max-image-preview:large, max-video-preview:-1\" \/>\n<link rel=\"canonical\" href=\"https:\/\/www.newslettercreator.com\/it\/template-email-responsive\/\" \/>\n<meta property=\"og:locale\" content=\"it_IT\" \/>\n<meta property=\"og:type\" content=\"article\" \/>\n<meta property=\"og:title\" content=\"Template email responsive - Newsletter Creator\" \/>\n<meta property=\"og:description\" content=\"Ogni newsletter composta con MailStyler \u00e8 responsive: si adatta automaticamente alle dimensioni dello schermo garantendo sempre una perfetta leggibilit\u00e0.\" \/>\n<meta property=\"og:url\" content=\"https:\/\/www.newslettercreator.com\/it\/template-email-responsive\/\" \/>\n<meta property=\"og:site_name\" content=\"Newsletter Creator\" \/>\n<meta property=\"article:modified_time\" content=\"2015-12-08T22:44:12+00:00\" \/>\n<meta property=\"og:image\" content=\"http:\/\/www.newslettercreator.com\/wp-content\/uploads\/2014\/11\/responsive-email-templates.png\" \/>\n<meta name=\"twitter:label1\" content=\"Tempo di lettura stimato\" \/>\n\t<meta name=\"twitter:data1\" content=\"1 minuto\" \/>\n<script type=\"application\/ld+json\" class=\"yoast-schema-graph\">{\"@context\":\"https:\/\/schema.org\",\"@graph\":[{\"@type\":\"WebPage\",\"@id\":\"https:\/\/www.newslettercreator.com\/it\/template-email-responsive\/\",\"url\":\"https:\/\/www.newslettercreator.com\/it\/template-email-responsive\/\",\"name\":\"Template email responsive - Newsletter Creator\",\"isPartOf\":{\"@id\":\"https:\/\/www.newslettercreator.com\/#website\"},\"primaryImageOfPage\":{\"@id\":\"https:\/\/www.newslettercreator.com\/it\/template-email-responsive\/#primaryimage\"},\"image\":{\"@id\":\"https:\/\/www.newslettercreator.com\/it\/template-email-responsive\/#primaryimage\"},\"thumbnailUrl\":\"http:\/\/www.newslettercreator.com\/wp-content\/uploads\/2014\/11\/responsive-email-templates.png\",\"datePublished\":\"2014-11-25T08:50:58+00:00\",\"dateModified\":\"2015-12-08T22:44:12+00:00\",\"description\":\"Ogni newsletter composta con MailStyler \u00e8 responsive: si adatta automaticamente alle dimensioni dello schermo garantendo sempre una perfetta leggibilit\u00e0.\",\"breadcrumb\":{\"@id\":\"https:\/\/www.newslettercreator.com\/it\/template-email-responsive\/#breadcrumb\"},\"inLanguage\":\"it-IT\",\"potentialAction\":[{\"@type\":\"ReadAction\",\"target\":[\"https:\/\/www.newslettercreator.com\/it\/template-email-responsive\/\"]}]},{\"@type\":\"ImageObject\",\"inLanguage\":\"it-IT\",\"@id\":\"https:\/\/www.newslettercreator.com\/it\/template-email-responsive\/#primaryimage\",\"url\":\"http:\/\/www.newslettercreator.com\/wp-content\/uploads\/2014\/11\/responsive-email-templates.png\",\"contentUrl\":\"http:\/\/www.newslettercreator.com\/wp-content\/uploads\/2014\/11\/responsive-email-templates.png\"},{\"@type\":\"BreadcrumbList\",\"@id\":\"https:\/\/www.newslettercreator.com\/it\/template-email-responsive\/#breadcrumb\",\"itemListElement\":[{\"@type\":\"ListItem\",\"position\":1,\"name\":\"Home\",\"item\":\"https:\/\/www.newslettercreator.com\/it\/\"},{\"@type\":\"ListItem\",\"position\":2,\"name\":\"Template email responsive\"}]},{\"@type\":\"WebSite\",\"@id\":\"https:\/\/www.newslettercreator.com\/#website\",\"url\":\"https:\/\/www.newslettercreator.com\/\",\"name\":\"Newsletter Creator\",\"description\":\"Pay off\",\"potentialAction\":[{\"@type\":\"SearchAction\",\"target\":{\"@type\":\"EntryPoint\",\"urlTemplate\":\"https:\/\/www.newslettercreator.com\/?s={search_term_string}\"},\"query-input\":{\"@type\":\"PropertyValueSpecification\",\"valueRequired\":true,\"valueName\":\"search_term_string\"}}],\"inLanguage\":\"it-IT\"}]}<\/script>\n<!-- \/ Yoast SEO plugin. -->","yoast_head_json":{"title":"Template email responsive - Newsletter Creator","description":"Ogni newsletter composta con MailStyler \u00e8 responsive: si adatta automaticamente alle dimensioni dello schermo garantendo sempre una perfetta leggibilit\u00e0.","robots":{"index":"index","follow":"follow","max-snippet":"max-snippet:-1","max-image-preview":"max-image-preview:large","max-video-preview":"max-video-preview:-1"},"canonical":"https:\/\/www.newslettercreator.com\/it\/template-email-responsive\/","og_locale":"it_IT","og_type":"article","og_title":"Template email responsive - Newsletter Creator","og_description":"Ogni newsletter composta con MailStyler \u00e8 responsive: si adatta automaticamente alle dimensioni dello schermo garantendo sempre una perfetta leggibilit\u00e0.","og_url":"https:\/\/www.newslettercreator.com\/it\/template-email-responsive\/","og_site_name":"Newsletter Creator","article_modified_time":"2015-12-08T22:44:12+00:00","og_image":[{"url":"http:\/\/www.newslettercreator.com\/wp-content\/uploads\/2014\/11\/responsive-email-templates.png","type":"","width":"","height":""}],"twitter_misc":{"Tempo di lettura stimato":"1 minuto"},"schema":{"@context":"https:\/\/schema.org","@graph":[{"@type":"WebPage","@id":"https:\/\/www.newslettercreator.com\/it\/template-email-responsive\/","url":"https:\/\/www.newslettercreator.com\/it\/template-email-responsive\/","name":"Template email responsive - Newsletter Creator","isPartOf":{"@id":"https:\/\/www.newslettercreator.com\/#website"},"primaryImageOfPage":{"@id":"https:\/\/www.newslettercreator.com\/it\/template-email-responsive\/#primaryimage"},"image":{"@id":"https:\/\/www.newslettercreator.com\/it\/template-email-responsive\/#primaryimage"},"thumbnailUrl":"http:\/\/www.newslettercreator.com\/wp-content\/uploads\/2014\/11\/responsive-email-templates.png","datePublished":"2014-11-25T08:50:58+00:00","dateModified":"2015-12-08T22:44:12+00:00","description":"Ogni newsletter composta con MailStyler \u00e8 responsive: si adatta automaticamente alle dimensioni dello schermo garantendo sempre una perfetta leggibilit\u00e0.","breadcrumb":{"@id":"https:\/\/www.newslettercreator.com\/it\/template-email-responsive\/#breadcrumb"},"inLanguage":"it-IT","potentialAction":[{"@type":"ReadAction","target":["https:\/\/www.newslettercreator.com\/it\/template-email-responsive\/"]}]},{"@type":"ImageObject","inLanguage":"it-IT","@id":"https:\/\/www.newslettercreator.com\/it\/template-email-responsive\/#primaryimage","url":"http:\/\/www.newslettercreator.com\/wp-content\/uploads\/2014\/11\/responsive-email-templates.png","contentUrl":"http:\/\/www.newslettercreator.com\/wp-content\/uploads\/2014\/11\/responsive-email-templates.png"},{"@type":"BreadcrumbList","@id":"https:\/\/www.newslettercreator.com\/it\/template-email-responsive\/#breadcrumb","itemListElement":[{"@type":"ListItem","position":1,"name":"Home","item":"https:\/\/www.newslettercreator.com\/it\/"},{"@type":"ListItem","position":2,"name":"Template email responsive"}]},{"@type":"WebSite","@id":"https:\/\/www.newslettercreator.com\/#website","url":"https:\/\/www.newslettercreator.com\/","name":"Newsletter Creator","description":"Pay off","potentialAction":[{"@type":"SearchAction","target":{"@type":"EntryPoint","urlTemplate":"https:\/\/www.newslettercreator.com\/?s={search_term_string}"},"query-input":{"@type":"PropertyValueSpecification","valueRequired":true,"valueName":"search_term_string"}}],"inLanguage":"it-IT"}]}},"_links":{"self":[{"href":"https:\/\/www.newslettercreator.com\/it\/wp-json\/wp\/v2\/pages\/2438","targetHints":{"allow":["GET"]}}],"collection":[{"href":"https:\/\/www.newslettercreator.com\/it\/wp-json\/wp\/v2\/pages"}],"about":[{"href":"https:\/\/www.newslettercreator.com\/it\/wp-json\/wp\/v2\/types\/page"}],"author":[{"embeddable":true,"href":"https:\/\/www.newslettercreator.com\/it\/wp-json\/wp\/v2\/users\/1"}],"replies":[{"embeddable":true,"href":"https:\/\/www.newslettercreator.com\/it\/wp-json\/wp\/v2\/comments?post=2438"}],"version-history":[{"count":2,"href":"https:\/\/www.newslettercreator.com\/it\/wp-json\/wp\/v2\/pages\/2438\/revisions"}],"predecessor-version":[{"id":4071,"href":"https:\/\/www.newslettercreator.com\/it\/wp-json\/wp\/v2\/pages\/2438\/revisions\/4071"}],"wp:attachment":[{"href":"https:\/\/www.newslettercreator.com\/it\/wp-json\/wp\/v2\/media?parent=2438"}],"curies":[{"name":"wp","href":"https:\/\/api.w.org\/{rel}","templated":true}]}}