{"id":2456,"date":"2014-11-26T14:45:15","date_gmt":"2014-11-26T14:45:15","guid":{"rendered":"http:\/\/www.newslettercreator.com\/?page_id=2456"},"modified":"2021-02-11T10:58:35","modified_gmt":"2021-02-11T09:58:35","slug":"template-html-gratis","status":"publish","type":"page","link":"https:\/\/www.newslettercreator.com\/it\/template-html-gratis\/","title":{"rendered":"Template HTML gratis"},"content":{"rendered":"<p>Avete bisogno di un <strong>template HTML gratis?<\/strong> Certo, potete fare una rapida ricerca sul web e scegliere un pacchetto di template gi\u00e0 pronti: ma anche il migliore di loro non sar\u00e0 mai completamente adatto al vostro brand. Il motivo \u00e8 semplice: un template pre-disegnato pu\u00f2 coprire solo una determinata categoria, ma <strong>non identificare una marca<\/strong>. Insomma, se state vendendo libri sar\u00e0 abbastanza facile trovare un template in HTML per una newsletter generica di libri: ma <strong>come renderlo unico<\/strong>? Come renderlo davvero vostro?<\/p>\n<p>L&#8217;unica risposta \u00e8 quella di <strong>creare da zero il proprio template<\/strong>. Usando <strong>MailStyler<\/strong>, non ci sar\u00e0 nemmeno bisogno di conoscere l&#8217;HTML\/CSS necessario, n\u00e9 di avere particolari doti di web design.<\/p>\n<p><img decoding=\"async\" class=\"alignnone size-full wp-image-237\" src=\"http:\/\/www.newslettercreator.com\/wp-content\/uploads\/2014\/02\/free-email-newsletter-template.jpg\" alt=\"Template HTML gratis\" width=\"649\" height=\"423\" \/><\/p>\n<p>Il nostro <strong>programma di creazione newsletter<\/strong>, infatti, rende facilissimo l&#8217;intero processo. Un editor WYSIWYG fornir\u00e0 blocchi e schemi che possono essere assemblati con semplici mosse drag&#038;drop di mouse. Il numero di possibili combinazioni \u00e8 enorme: potrete anche aggiungere immagini e pulsanti, definire i colori e gli stili di testo, modificare i margini e I bordi delle celle. Tutto quello che serve per costruire da zero un <strong>template in HTML davvero personalizzato<\/strong>, ma senza nemmeno scrivere una riga di codice.<\/p>\n<p>I risultati? Template perfetti, leggeri e visualizzati allo stesso modo su tutti i principali client di posta e webmail. Potranno essere utilizzati sul vostro software di posta elettronica preferito \u2013 sia esso un programma professionale come SendBlaster o uno gratuito come Outlook o Thunderbird.<\/p>\n<p>Date un nuovo inizio alla vostra campagna di email marketing. <strong>Scaricate MailStyler ora<\/strong>!<\/p>\n<p>&nbsp;<\/p>\n<p style=\"text-align: center;\"><a class=\"button large orange\" style=\"margin-top: 20px; width: 157px; margin-right: 30px;\" title=\"Scarica la Demo\" href=\"http:\/\/www.newslettercreator.com\/it\/scarica-gratis\/\" target=\"_self\" rel=\"noopener noreferrer\">SCARICA LA DEMO<\/a><a class=\"button large darkgray\" style=\"margin-top: 20px; width: 157px;\" title=\"Acquista Mailstyler Pro\" href=\"http:\/\/www.newslettercreator.com\/it\/prezzi\/\" target=\"_self\" rel=\"noopener noreferrer\">MAILSTYLER PRO<\/a><\/p>\n<p style=\"text-align: center; font-size: 11px; margin-bottom: 30px;\">Ultima versione: 2.24.01.17 | Data di rilascio: 17\/01\/2024 | Dimensioni: 114.9 MB<br \/>\n<a href=\"http:\/\/www.newslettercreator.com\/it\/accordo-di-licenza-per-mailstyler\/\" target=\"_blank\" rel=\"noopener noreferrer\">Contratto di licenza<\/a> | <a href=\"http:\/\/www.newslettercreator.com\/it\/come-disinstallare-mailstyler\/\" target=\"_blank\" rel=\"noopener noreferrer\">Come disinstallare<\/a><\/p>\n","protected":false},"excerpt":{"rendered":"<p>Avete bisogno di un template HTML gratis? Certo, potete fare una rapida ricerca sul web e scegliere un pacchetto di template gi\u00e0 pronti: ma anche il migliore di loro non sar\u00e0 mai completamente adatto al vostro brand. Il motivo \u00e8 semplice: un template pre-disegnato pu\u00f2 coprire solo una determinata categoria, ma non identificare una marca. [&hellip;]<\/p>\n","protected":false},"author":1,"featured_media":0,"parent":0,"menu_order":0,"comment_status":"closed","ping_status":"closed","template":"g1_template_page_sidebar_right.php","meta":{"inline_featured_image":false,"_monsterinsights_skip_tracking":false,"_monsterinsights_sitenote_active":false,"_monsterinsights_sitenote_note":"","_monsterinsights_sitenote_category":0,"footnotes":""},"class_list":["post-2456","page","type-page","status-publish"],"yoast_head":"<!-- This site is optimized with the Yoast SEO plugin v25.2 - https:\/\/yoast.com\/wordpress\/plugins\/seo\/ -->\n<title>Template HTML gratis per le tue newsletter<\/title>\n<meta name=\"description\" content=\"Sei alla ricerca di un template HTML per la tua newsletter? Creane uno personalizzato in pochi minuti grazie all&#039;editor a blocchi di MailStyler.\" \/>\n<meta name=\"robots\" content=\"index, follow, max-snippet:-1, max-image-preview:large, max-video-preview:-1\" \/>\n<link rel=\"canonical\" href=\"https:\/\/www.newslettercreator.com\/it\/template-html-gratis\/\" \/>\n<meta property=\"og:locale\" content=\"it_IT\" \/>\n<meta property=\"og:type\" content=\"article\" \/>\n<meta property=\"og:title\" content=\"Template HTML gratis per le tue newsletter\" \/>\n<meta property=\"og:description\" content=\"Sei alla ricerca di un template HTML per la tua newsletter? Creane uno personalizzato in pochi minuti grazie all&#039;editor a blocchi di MailStyler.\" \/>\n<meta property=\"og:url\" content=\"https:\/\/www.newslettercreator.com\/it\/template-html-gratis\/\" \/>\n<meta property=\"og:site_name\" content=\"Newsletter Creator\" \/>\n<meta property=\"article:modified_time\" content=\"2021-02-11T09:58:35+00:00\" \/>\n<meta property=\"og:image\" content=\"http:\/\/www.newslettercreator.com\/wp-content\/uploads\/2014\/02\/free-email-newsletter-template.jpg\" \/>\n<meta name=\"twitter:label1\" content=\"Tempo di lettura stimato\" \/>\n\t<meta name=\"twitter:data1\" content=\"1 minuto\" \/>\n<script type=\"application\/ld+json\" class=\"yoast-schema-graph\">{\"@context\":\"https:\/\/schema.org\",\"@graph\":[{\"@type\":\"WebPage\",\"@id\":\"https:\/\/www.newslettercreator.com\/it\/template-html-gratis\/\",\"url\":\"https:\/\/www.newslettercreator.com\/it\/template-html-gratis\/\",\"name\":\"Template HTML gratis per le tue newsletter\",\"isPartOf\":{\"@id\":\"https:\/\/www.newslettercreator.com\/#website\"},\"primaryImageOfPage\":{\"@id\":\"https:\/\/www.newslettercreator.com\/it\/template-html-gratis\/#primaryimage\"},\"image\":{\"@id\":\"https:\/\/www.newslettercreator.com\/it\/template-html-gratis\/#primaryimage\"},\"thumbnailUrl\":\"http:\/\/www.newslettercreator.com\/wp-content\/uploads\/2014\/02\/free-email-newsletter-template.jpg\",\"datePublished\":\"2014-11-26T14:45:15+00:00\",\"dateModified\":\"2021-02-11T09:58:35+00:00\",\"description\":\"Sei alla ricerca di un template HTML per la tua newsletter? Creane uno personalizzato in pochi minuti grazie all'editor a blocchi di MailStyler.\",\"breadcrumb\":{\"@id\":\"https:\/\/www.newslettercreator.com\/it\/template-html-gratis\/#breadcrumb\"},\"inLanguage\":\"it-IT\",\"potentialAction\":[{\"@type\":\"ReadAction\",\"target\":[\"https:\/\/www.newslettercreator.com\/it\/template-html-gratis\/\"]}]},{\"@type\":\"ImageObject\",\"inLanguage\":\"it-IT\",\"@id\":\"https:\/\/www.newslettercreator.com\/it\/template-html-gratis\/#primaryimage\",\"url\":\"http:\/\/www.newslettercreator.com\/wp-content\/uploads\/2014\/02\/free-email-newsletter-template.jpg\",\"contentUrl\":\"http:\/\/www.newslettercreator.com\/wp-content\/uploads\/2014\/02\/free-email-newsletter-template.jpg\"},{\"@type\":\"BreadcrumbList\",\"@id\":\"https:\/\/www.newslettercreator.com\/it\/template-html-gratis\/#breadcrumb\",\"itemListElement\":[{\"@type\":\"ListItem\",\"position\":1,\"name\":\"Home\",\"item\":\"https:\/\/www.newslettercreator.com\/it\/\"},{\"@type\":\"ListItem\",\"position\":2,\"name\":\"Template HTML gratis\"}]},{\"@type\":\"WebSite\",\"@id\":\"https:\/\/www.newslettercreator.com\/#website\",\"url\":\"https:\/\/www.newslettercreator.com\/\",\"name\":\"Newsletter Creator\",\"description\":\"Pay off\",\"potentialAction\":[{\"@type\":\"SearchAction\",\"target\":{\"@type\":\"EntryPoint\",\"urlTemplate\":\"https:\/\/www.newslettercreator.com\/?s={search_term_string}\"},\"query-input\":{\"@type\":\"PropertyValueSpecification\",\"valueRequired\":true,\"valueName\":\"search_term_string\"}}],\"inLanguage\":\"it-IT\"}]}<\/script>\n<!-- \/ Yoast SEO plugin. -->","yoast_head_json":{"title":"Template HTML gratis per le tue newsletter","description":"Sei alla ricerca di un template HTML per la tua newsletter? Creane uno personalizzato in pochi minuti grazie all'editor a blocchi di MailStyler.","robots":{"index":"index","follow":"follow","max-snippet":"max-snippet:-1","max-image-preview":"max-image-preview:large","max-video-preview":"max-video-preview:-1"},"canonical":"https:\/\/www.newslettercreator.com\/it\/template-html-gratis\/","og_locale":"it_IT","og_type":"article","og_title":"Template HTML gratis per le tue newsletter","og_description":"Sei alla ricerca di un template HTML per la tua newsletter? Creane uno personalizzato in pochi minuti grazie all'editor a blocchi di MailStyler.","og_url":"https:\/\/www.newslettercreator.com\/it\/template-html-gratis\/","og_site_name":"Newsletter Creator","article_modified_time":"2021-02-11T09:58:35+00:00","og_image":[{"url":"http:\/\/www.newslettercreator.com\/wp-content\/uploads\/2014\/02\/free-email-newsletter-template.jpg","type":"","width":"","height":""}],"twitter_misc":{"Tempo di lettura stimato":"1 minuto"},"schema":{"@context":"https:\/\/schema.org","@graph":[{"@type":"WebPage","@id":"https:\/\/www.newslettercreator.com\/it\/template-html-gratis\/","url":"https:\/\/www.newslettercreator.com\/it\/template-html-gratis\/","name":"Template HTML gratis per le tue newsletter","isPartOf":{"@id":"https:\/\/www.newslettercreator.com\/#website"},"primaryImageOfPage":{"@id":"https:\/\/www.newslettercreator.com\/it\/template-html-gratis\/#primaryimage"},"image":{"@id":"https:\/\/www.newslettercreator.com\/it\/template-html-gratis\/#primaryimage"},"thumbnailUrl":"http:\/\/www.newslettercreator.com\/wp-content\/uploads\/2014\/02\/free-email-newsletter-template.jpg","datePublished":"2014-11-26T14:45:15+00:00","dateModified":"2021-02-11T09:58:35+00:00","description":"Sei alla ricerca di un template HTML per la tua newsletter? Creane uno personalizzato in pochi minuti grazie all'editor a blocchi di MailStyler.","breadcrumb":{"@id":"https:\/\/www.newslettercreator.com\/it\/template-html-gratis\/#breadcrumb"},"inLanguage":"it-IT","potentialAction":[{"@type":"ReadAction","target":["https:\/\/www.newslettercreator.com\/it\/template-html-gratis\/"]}]},{"@type":"ImageObject","inLanguage":"it-IT","@id":"https:\/\/www.newslettercreator.com\/it\/template-html-gratis\/#primaryimage","url":"http:\/\/www.newslettercreator.com\/wp-content\/uploads\/2014\/02\/free-email-newsletter-template.jpg","contentUrl":"http:\/\/www.newslettercreator.com\/wp-content\/uploads\/2014\/02\/free-email-newsletter-template.jpg"},{"@type":"BreadcrumbList","@id":"https:\/\/www.newslettercreator.com\/it\/template-html-gratis\/#breadcrumb","itemListElement":[{"@type":"ListItem","position":1,"name":"Home","item":"https:\/\/www.newslettercreator.com\/it\/"},{"@type":"ListItem","position":2,"name":"Template HTML gratis"}]},{"@type":"WebSite","@id":"https:\/\/www.newslettercreator.com\/#website","url":"https:\/\/www.newslettercreator.com\/","name":"Newsletter Creator","description":"Pay off","potentialAction":[{"@type":"SearchAction","target":{"@type":"EntryPoint","urlTemplate":"https:\/\/www.newslettercreator.com\/?s={search_term_string}"},"query-input":{"@type":"PropertyValueSpecification","valueRequired":true,"valueName":"search_term_string"}}],"inLanguage":"it-IT"}]}},"_links":{"self":[{"href":"https:\/\/www.newslettercreator.com\/it\/wp-json\/wp\/v2\/pages\/2456","targetHints":{"allow":["GET"]}}],"collection":[{"href":"https:\/\/www.newslettercreator.com\/it\/wp-json\/wp\/v2\/pages"}],"about":[{"href":"https:\/\/www.newslettercreator.com\/it\/wp-json\/wp\/v2\/types\/page"}],"author":[{"embeddable":true,"href":"https:\/\/www.newslettercreator.com\/it\/wp-json\/wp\/v2\/users\/1"}],"replies":[{"embeddable":true,"href":"https:\/\/www.newslettercreator.com\/it\/wp-json\/wp\/v2\/comments?post=2456"}],"version-history":[{"count":2,"href":"https:\/\/www.newslettercreator.com\/it\/wp-json\/wp\/v2\/pages\/2456\/revisions"}],"predecessor-version":[{"id":10071,"href":"https:\/\/www.newslettercreator.com\/it\/wp-json\/wp\/v2\/pages\/2456\/revisions\/10071"}],"wp:attachment":[{"href":"https:\/\/www.newslettercreator.com\/it\/wp-json\/wp\/v2\/media?parent=2456"}],"curies":[{"name":"wp","href":"https:\/\/api.w.org\/{rel}","templated":true}]}}