{"id":2459,"date":"2014-11-26T15:53:19","date_gmt":"2014-11-26T15:53:19","guid":{"rendered":"http:\/\/www.newslettercreator.com\/?page_id=2459"},"modified":"2015-01-13T08:39:51","modified_gmt":"2015-01-13T08:39:51","slug":"creare-template-email","status":"publish","type":"page","link":"https:\/\/www.newslettercreator.com\/it\/creare-template-email\/","title":{"rendered":"Come creare un template per email"},"content":{"rendered":"<p style=\"text-align: center;\"><img decoding=\"async\" class=\"alignnone size-full wp-image-237\" src=\"http:\/\/www.newslettercreator.com\/wp-content\/uploads\/2014\/03\/how-to-newsletter-layout.jpg\" alt=\"Come creare un template per email\" width=\"457\" height=\"418\" \/><\/p>\n<p>Uno dei compiti pi\u00f9 impegnativi in ogni campagna di email marketing \u00e8 creare un <strong>template professionale per le proprie email<\/strong>. I requisiti tipici per chi vuole costruire una newsletter davvero efficace sono: grandi competenze di <strong>HTML<\/strong> (essenziali per rendere il template leggibile su qualsiasi dispositivo e client), una conoscenza approfondita dei principi di <strong>web design<\/strong> (per garantire un perfetto flusso delle informazioni) e, naturalmente, una buona dose di <strong>creativit\u00e0<\/strong> (per rendere il template piacevole da leggere e originale).<\/p>\n<p>Troppe volte abbiamo visto delle brutte newsletter create da designer improvvisati, completamente all&#8217;oscuro di ci\u00f2 che un buon template di email dovrebbe essere. Quindi, se davvero volete rendere professionale la vostra <strong>campagna di email marketing<\/strong>, o vi affidate a un professionista, oppure imparate a programmare con cura. La prima scelta \u00e8 costosa, la seconda richiede molto tempo.<\/p>\n<p>Ma c&#8217;\u00e8 una <strong>terza via<\/strong> che consente di risparmiare tempo e denaro: <strong>scegliere MailStyler<\/strong>.<\/p>\n<p>MailStyler \u00e8 un <strong>programma per creare di template per newsletter<\/strong>, costruito su misura per aiutarvi a sfruttare al meglio le vostre idee e comporre email perfette <strong>senza scrivere una sola riga di codice<\/strong>.<br \/>\nIl software \u00e8 cos\u00ec intuitivo e potente che anche un principiante pu\u00f2 produrre immediatamente layout bellissimi, semplicemente <strong>trascinando e rilasciando degli elementi pre-disegnati<\/strong> sull&#8217;editor, e componendo l&#8217;email &#8220;pezzo a pezzo&#8221;, aggiungendo blocchi e personalizzandola a piacimento. Il tutto in pochi minuti.<\/p>\n<p>Date un <strong>nuovo inizio<\/strong> alla vostra strategia di email marketing. Provate MailStyler ora.<\/p>\n<p>&nbsp;<\/p>\n<p style=\"text-align: center;\"><a class=\"button large orange\" style=\"margin-top: 20px; width: 157px; margin-right: 30px;\" title=\"Scarica la Demo\" href=\"http:\/\/www.newslettercreator.com\/it\/scarica-gratis\/\" target=\"_self\">SCARICA LA DEMO<\/a><a class=\"button large darkgray\" style=\"margin-top: 20px; width: 157px;\" title=\"Acquista Mailstyler Pro\" href=\"http:\/\/www.newslettercreator.com\/it\/prezzi\/\" target=\"_self\">MAILSTYLER PRO<\/a><\/p>\n<p style=\"text-align: center; font-size: 11px; margin-bottom: 30px;\">Ultima versione: 2.24.01.17 | Data di rilascio: 17\/01\/2024 | Dimensioni: 114.9 MB<br \/>\n<a href=\"http:\/\/www.newslettercreator.com\/it\/accordo-di-licenza-per-mailstyler\/\" target=\"_blank\">Contratto di licenza<\/a> | <a href=\"http:\/\/www.newslettercreator.com\/it\/come-disinstallare-mailstyler\/\" target=\"_blank\">Come disinstallare<\/a><\/p>\n","protected":false},"excerpt":{"rendered":"<p>Uno dei compiti pi\u00f9 impegnativi in ogni campagna di email marketing \u00e8 creare un template professionale per le proprie email. I requisiti tipici per chi vuole costruire una newsletter davvero efficace sono: grandi competenze di HTML (essenziali per rendere il template leggibile su qualsiasi dispositivo e client), una conoscenza approfondita dei principi di web design [&hellip;]<\/p>\n","protected":false},"author":1,"featured_media":0,"parent":0,"menu_order":0,"comment_status":"closed","ping_status":"closed","template":"g1_template_page_sidebar_right.php","meta":{"inline_featured_image":false,"_monsterinsights_skip_tracking":false,"_monsterinsights_sitenote_active":false,"_monsterinsights_sitenote_note":"","_monsterinsights_sitenote_category":0,"footnotes":""},"class_list":["post-2459","page","type-page","status-publish"],"yoast_head":"<!-- This site is optimized with the Yoast SEO plugin v25.2 - https:\/\/yoast.com\/wordpress\/plugins\/seo\/ -->\n<title>Come creare un template per email - Newsletter Creator<\/title>\n<meta name=\"robots\" content=\"index, follow, max-snippet:-1, max-image-preview:large, max-video-preview:-1\" \/>\n<link rel=\"canonical\" href=\"https:\/\/www.newslettercreator.com\/it\/creare-template-email\/\" \/>\n<meta property=\"og:locale\" content=\"it_IT\" \/>\n<meta property=\"og:type\" content=\"article\" \/>\n<meta property=\"og:title\" content=\"Come creare un template per email - Newsletter Creator\" \/>\n<meta property=\"og:description\" content=\"Uno dei compiti pi\u00f9 impegnativi in ogni campagna di email marketing \u00e8 creare un template professionale per le proprie email. I requisiti tipici per chi vuole costruire una newsletter davvero efficace sono: grandi competenze di HTML (essenziali per rendere il template leggibile su qualsiasi dispositivo e client), una conoscenza approfondita dei principi di web design [&hellip;]\" \/>\n<meta property=\"og:url\" content=\"https:\/\/www.newslettercreator.com\/it\/creare-template-email\/\" \/>\n<meta property=\"og:site_name\" content=\"Newsletter Creator\" \/>\n<meta property=\"article:modified_time\" content=\"2015-01-13T08:39:51+00:00\" \/>\n<meta property=\"og:image\" content=\"http:\/\/www.newslettercreator.com\/wp-content\/uploads\/2014\/03\/how-to-newsletter-layout.jpg\" \/>\n<meta name=\"twitter:label1\" content=\"Tempo di lettura stimato\" \/>\n\t<meta name=\"twitter:data1\" content=\"1 minuto\" \/>\n<script type=\"application\/ld+json\" class=\"yoast-schema-graph\">{\"@context\":\"https:\/\/schema.org\",\"@graph\":[{\"@type\":\"WebPage\",\"@id\":\"https:\/\/www.newslettercreator.com\/it\/creare-template-email\/\",\"url\":\"https:\/\/www.newslettercreator.com\/it\/creare-template-email\/\",\"name\":\"Come creare un template per email - Newsletter Creator\",\"isPartOf\":{\"@id\":\"https:\/\/www.newslettercreator.com\/#website\"},\"primaryImageOfPage\":{\"@id\":\"https:\/\/www.newslettercreator.com\/it\/creare-template-email\/#primaryimage\"},\"image\":{\"@id\":\"https:\/\/www.newslettercreator.com\/it\/creare-template-email\/#primaryimage\"},\"thumbnailUrl\":\"http:\/\/www.newslettercreator.com\/wp-content\/uploads\/2014\/03\/how-to-newsletter-layout.jpg\",\"datePublished\":\"2014-11-26T15:53:19+00:00\",\"dateModified\":\"2015-01-13T08:39:51+00:00\",\"breadcrumb\":{\"@id\":\"https:\/\/www.newslettercreator.com\/it\/creare-template-email\/#breadcrumb\"},\"inLanguage\":\"it-IT\",\"potentialAction\":[{\"@type\":\"ReadAction\",\"target\":[\"https:\/\/www.newslettercreator.com\/it\/creare-template-email\/\"]}]},{\"@type\":\"ImageObject\",\"inLanguage\":\"it-IT\",\"@id\":\"https:\/\/www.newslettercreator.com\/it\/creare-template-email\/#primaryimage\",\"url\":\"http:\/\/www.newslettercreator.com\/wp-content\/uploads\/2014\/03\/how-to-newsletter-layout.jpg\",\"contentUrl\":\"http:\/\/www.newslettercreator.com\/wp-content\/uploads\/2014\/03\/how-to-newsletter-layout.jpg\"},{\"@type\":\"BreadcrumbList\",\"@id\":\"https:\/\/www.newslettercreator.com\/it\/creare-template-email\/#breadcrumb\",\"itemListElement\":[{\"@type\":\"ListItem\",\"position\":1,\"name\":\"Home\",\"item\":\"https:\/\/www.newslettercreator.com\/it\/\"},{\"@type\":\"ListItem\",\"position\":2,\"name\":\"Come creare un template per email\"}]},{\"@type\":\"WebSite\",\"@id\":\"https:\/\/www.newslettercreator.com\/#website\",\"url\":\"https:\/\/www.newslettercreator.com\/\",\"name\":\"Newsletter Creator\",\"description\":\"Pay off\",\"potentialAction\":[{\"@type\":\"SearchAction\",\"target\":{\"@type\":\"EntryPoint\",\"urlTemplate\":\"https:\/\/www.newslettercreator.com\/?s={search_term_string}\"},\"query-input\":{\"@type\":\"PropertyValueSpecification\",\"valueRequired\":true,\"valueName\":\"search_term_string\"}}],\"inLanguage\":\"it-IT\"}]}<\/script>\n<!-- \/ Yoast SEO plugin. -->","yoast_head_json":{"title":"Come creare un template per email - Newsletter Creator","robots":{"index":"index","follow":"follow","max-snippet":"max-snippet:-1","max-image-preview":"max-image-preview:large","max-video-preview":"max-video-preview:-1"},"canonical":"https:\/\/www.newslettercreator.com\/it\/creare-template-email\/","og_locale":"it_IT","og_type":"article","og_title":"Come creare un template per email - Newsletter Creator","og_description":"Uno dei compiti pi\u00f9 impegnativi in ogni campagna di email marketing \u00e8 creare un template professionale per le proprie email. I requisiti tipici per chi vuole costruire una newsletter davvero efficace sono: grandi competenze di HTML (essenziali per rendere il template leggibile su qualsiasi dispositivo e client), una conoscenza approfondita dei principi di web design [&hellip;]","og_url":"https:\/\/www.newslettercreator.com\/it\/creare-template-email\/","og_site_name":"Newsletter Creator","article_modified_time":"2015-01-13T08:39:51+00:00","og_image":[{"url":"http:\/\/www.newslettercreator.com\/wp-content\/uploads\/2014\/03\/how-to-newsletter-layout.jpg","type":"","width":"","height":""}],"twitter_misc":{"Tempo di lettura stimato":"1 minuto"},"schema":{"@context":"https:\/\/schema.org","@graph":[{"@type":"WebPage","@id":"https:\/\/www.newslettercreator.com\/it\/creare-template-email\/","url":"https:\/\/www.newslettercreator.com\/it\/creare-template-email\/","name":"Come creare un template per email - Newsletter Creator","isPartOf":{"@id":"https:\/\/www.newslettercreator.com\/#website"},"primaryImageOfPage":{"@id":"https:\/\/www.newslettercreator.com\/it\/creare-template-email\/#primaryimage"},"image":{"@id":"https:\/\/www.newslettercreator.com\/it\/creare-template-email\/#primaryimage"},"thumbnailUrl":"http:\/\/www.newslettercreator.com\/wp-content\/uploads\/2014\/03\/how-to-newsletter-layout.jpg","datePublished":"2014-11-26T15:53:19+00:00","dateModified":"2015-01-13T08:39:51+00:00","breadcrumb":{"@id":"https:\/\/www.newslettercreator.com\/it\/creare-template-email\/#breadcrumb"},"inLanguage":"it-IT","potentialAction":[{"@type":"ReadAction","target":["https:\/\/www.newslettercreator.com\/it\/creare-template-email\/"]}]},{"@type":"ImageObject","inLanguage":"it-IT","@id":"https:\/\/www.newslettercreator.com\/it\/creare-template-email\/#primaryimage","url":"http:\/\/www.newslettercreator.com\/wp-content\/uploads\/2014\/03\/how-to-newsletter-layout.jpg","contentUrl":"http:\/\/www.newslettercreator.com\/wp-content\/uploads\/2014\/03\/how-to-newsletter-layout.jpg"},{"@type":"BreadcrumbList","@id":"https:\/\/www.newslettercreator.com\/it\/creare-template-email\/#breadcrumb","itemListElement":[{"@type":"ListItem","position":1,"name":"Home","item":"https:\/\/www.newslettercreator.com\/it\/"},{"@type":"ListItem","position":2,"name":"Come creare un template per email"}]},{"@type":"WebSite","@id":"https:\/\/www.newslettercreator.com\/#website","url":"https:\/\/www.newslettercreator.com\/","name":"Newsletter Creator","description":"Pay off","potentialAction":[{"@type":"SearchAction","target":{"@type":"EntryPoint","urlTemplate":"https:\/\/www.newslettercreator.com\/?s={search_term_string}"},"query-input":{"@type":"PropertyValueSpecification","valueRequired":true,"valueName":"search_term_string"}}],"inLanguage":"it-IT"}]}},"_links":{"self":[{"href":"https:\/\/www.newslettercreator.com\/it\/wp-json\/wp\/v2\/pages\/2459","targetHints":{"allow":["GET"]}}],"collection":[{"href":"https:\/\/www.newslettercreator.com\/it\/wp-json\/wp\/v2\/pages"}],"about":[{"href":"https:\/\/www.newslettercreator.com\/it\/wp-json\/wp\/v2\/types\/page"}],"author":[{"embeddable":true,"href":"https:\/\/www.newslettercreator.com\/it\/wp-json\/wp\/v2\/users\/1"}],"replies":[{"embeddable":true,"href":"https:\/\/www.newslettercreator.com\/it\/wp-json\/wp\/v2\/comments?post=2459"}],"version-history":[{"count":2,"href":"https:\/\/www.newslettercreator.com\/it\/wp-json\/wp\/v2\/pages\/2459\/revisions"}],"predecessor-version":[{"id":2531,"href":"https:\/\/www.newslettercreator.com\/it\/wp-json\/wp\/v2\/pages\/2459\/revisions\/2531"}],"wp:attachment":[{"href":"https:\/\/www.newslettercreator.com\/it\/wp-json\/wp\/v2\/media?parent=2459"}],"curies":[{"name":"wp","href":"https:\/\/api.w.org\/{rel}","templated":true}]}}