{"id":2469,"date":"2014-11-27T10:05:35","date_gmt":"2014-11-27T10:05:35","guid":{"rendered":"http:\/\/www.newslettercreator.com\/?page_id=2469"},"modified":"2021-05-07T09:58:27","modified_gmt":"2021-05-07T07:58:27","slug":"creare-newsletter-html","status":"publish","type":"page","link":"https:\/\/www.newslettercreator.com\/it\/creare-newsletter-html\/","title":{"rendered":"Creare newsletter in HTML"},"content":{"rendered":"<p style=\"text-align: center;\"><img decoding=\"async\" class=\"alignnone size-full wp-image-237\" src=\"http:\/\/www.newslettercreator.com\/wp-content\/uploads\/2014\/03\/how-to-newsletter-layout.jpg\" alt=\"Creare newsletter in HTML\" width=\"457\" height=\"418\" \/><\/p>\n<p><strong>Creare una newsletter in HTML<\/strong> pu\u00f2 essere una sfida complicata: non solo perch\u00e9 richiede grandi capacit\u00e0 creative, ma anche perch\u00e9 l&#8217;HTML per newsletter ha alcune peculiarit\u00e0, che richiedono uno <strong>stile di programmazione diverso<\/strong> dal normale web design.<br \/>\nAd esempio, \u00e8 importante evitare i tag &lt;div&gt;, se possibile, e di strutturare il contenuto tramite tabelle: anche se sono sempre meno usate la costruzione di un sito web, sono ancora il modo migliore per garantire un buon flusso di informazioni per la vostra email.<\/p>\n<p>E se si desidera creare una buona <strong>newsletter HTML<\/strong> ma non si sa come programmare? Ci sono tre opzioni: assumere un web designer (ma pu\u00f2 essere costoso, specie se si creano pi\u00f9 template), acquistare un pacchetto di layout gi\u00e0 pronti (ma saranno inevitabilmente un po&#8217; generici), oppure usare un <strong>software professionale di creazione newsletter<\/strong> come MailStyler.<\/p>\n<p>Con MailStyler sarete in grado di <strong>creare quante newsletter HTML desiderate<\/strong> in pochi istanti, semplicemente trascinando gli elementi pre-disegnati su una pagina vuota. Una vasta scelta di blocchi (colonne, box di immagini, caselle di testo, footer, header&#8230;) amplier\u00e0 le vostre possibilit\u00e0 creative, permettendovi di creare un <strong>template veramente personalizzato<\/strong>. Tutto questo senza programmare: anzi, senza nemmeno la necessit\u00e0 di sapere che cos&#8217;\u00e8 il codice HTML.<\/p>\n<p>Tutti i nostri blocchi sono stati infatti accuratamente costruiti in HTML perfetto da designer professionisti, in modo da poter essere composti a piacimento garantendo sempre la <strong>massima leggibilit\u00e0 della newsletter finale<\/strong>, su qualsiasi client di posta.<\/p>\n<p>In una frase: MailStyler vi consente di concentrarvi sulla parte creativa, mentre si prende cura di quella pi\u00f9 noiosa.<\/p>\n<p>&nbsp;<\/p>\n<p style=\"text-align: center;\"><a class=\"button large orange\" style=\"margin-top: 20px; width: 157px; margin-right: 30px;\" title=\"Scarica la Demo\" href=\"http:\/\/www.newslettercreator.com\/it\/scarica-gratis\/\" target=\"_self\" rel=\"noopener noreferrer\">SCARICA LA DEMO<\/a><a class=\"button large darkgray\" style=\"margin-top: 20px; width: 157px;\" title=\"Acquista Mailstyler Pro\" href=\"http:\/\/www.newslettercreator.com\/it\/prezzi\/\" target=\"_self\" rel=\"noopener noreferrer\">MAILSTYLER PRO<\/a><\/p>\n<p style=\"text-align: center; font-size: 11px; margin-bottom: 30px;\">Ultima versione: 2.24.01.17 | Data di rilascio: 17\/01\/2024 | Dimensioni: 114.9 MB<br \/>\n<a href=\"http:\/\/www.newslettercreator.com\/it\/accordo-di-licenza-per-mailstyler\/\" target=\"_blank\" rel=\"noopener noreferrer\">Contratto di licenza<\/a> | <a href=\"http:\/\/www.newslettercreator.com\/it\/come-disinstallare-mailstyler\/\" target=\"_blank\" rel=\"noopener noreferrer\">Come disinstallare<\/a><\/p>\n","protected":false},"excerpt":{"rendered":"<p>Creare una newsletter in HTML pu\u00f2 essere una sfida complicata: non solo perch\u00e9 richiede grandi capacit\u00e0 creative, ma anche perch\u00e9 l&#8217;HTML per newsletter ha alcune peculiarit\u00e0, che richiedono uno stile di programmazione diverso dal normale web design. Ad esempio, \u00e8 importante evitare i tag &lt;div&gt;, se possibile, e di strutturare il contenuto tramite tabelle: anche [&hellip;]<\/p>\n","protected":false},"author":1,"featured_media":0,"parent":0,"menu_order":0,"comment_status":"closed","ping_status":"closed","template":"g1_template_page_sidebar_right.php","meta":{"inline_featured_image":false,"_monsterinsights_skip_tracking":false,"_monsterinsights_sitenote_active":false,"_monsterinsights_sitenote_note":"","_monsterinsights_sitenote_category":0,"footnotes":""},"class_list":["post-2469","page","type-page","status-publish"],"yoast_head":"<!-- This site is optimized with the Yoast SEO plugin v25.2 - https:\/\/yoast.com\/wordpress\/plugins\/seo\/ -->\n<title>Creare newsletter in HTML - Newsletter Creator<\/title>\n<meta name=\"description\" content=\"Vuoi creare una newsletter in HTML? Concentrati sulla parte creativa! A tutto il resto pensa MailStyler, l&#039;editor a blocchi di template responsive.\" \/>\n<meta name=\"robots\" content=\"index, follow, max-snippet:-1, max-image-preview:large, max-video-preview:-1\" \/>\n<link rel=\"canonical\" href=\"https:\/\/www.newslettercreator.com\/it\/creare-newsletter-html\/\" \/>\n<meta property=\"og:locale\" content=\"it_IT\" \/>\n<meta property=\"og:type\" content=\"article\" \/>\n<meta property=\"og:title\" content=\"Creare newsletter in HTML - Newsletter Creator\" \/>\n<meta property=\"og:description\" content=\"Vuoi creare una newsletter in HTML? Concentrati sulla parte creativa! A tutto il resto pensa MailStyler, l&#039;editor a blocchi di template responsive.\" \/>\n<meta property=\"og:url\" content=\"https:\/\/www.newslettercreator.com\/it\/creare-newsletter-html\/\" \/>\n<meta property=\"og:site_name\" content=\"Newsletter Creator\" \/>\n<meta property=\"article:modified_time\" content=\"2021-05-07T07:58:27+00:00\" \/>\n<meta property=\"og:image\" content=\"http:\/\/www.newslettercreator.com\/wp-content\/uploads\/2014\/03\/how-to-newsletter-layout.jpg\" \/>\n<meta name=\"twitter:label1\" content=\"Tempo di lettura stimato\" \/>\n\t<meta name=\"twitter:data1\" content=\"1 minuto\" \/>\n<script type=\"application\/ld+json\" class=\"yoast-schema-graph\">{\"@context\":\"https:\/\/schema.org\",\"@graph\":[{\"@type\":\"WebPage\",\"@id\":\"https:\/\/www.newslettercreator.com\/it\/creare-newsletter-html\/\",\"url\":\"https:\/\/www.newslettercreator.com\/it\/creare-newsletter-html\/\",\"name\":\"Creare newsletter in HTML - Newsletter Creator\",\"isPartOf\":{\"@id\":\"https:\/\/www.newslettercreator.com\/#website\"},\"primaryImageOfPage\":{\"@id\":\"https:\/\/www.newslettercreator.com\/it\/creare-newsletter-html\/#primaryimage\"},\"image\":{\"@id\":\"https:\/\/www.newslettercreator.com\/it\/creare-newsletter-html\/#primaryimage\"},\"thumbnailUrl\":\"http:\/\/www.newslettercreator.com\/wp-content\/uploads\/2014\/03\/how-to-newsletter-layout.jpg\",\"datePublished\":\"2014-11-27T10:05:35+00:00\",\"dateModified\":\"2021-05-07T07:58:27+00:00\",\"description\":\"Vuoi creare una newsletter in HTML? Concentrati sulla parte creativa! A tutto il resto pensa MailStyler, l'editor a blocchi di template responsive.\",\"breadcrumb\":{\"@id\":\"https:\/\/www.newslettercreator.com\/it\/creare-newsletter-html\/#breadcrumb\"},\"inLanguage\":\"it-IT\",\"potentialAction\":[{\"@type\":\"ReadAction\",\"target\":[\"https:\/\/www.newslettercreator.com\/it\/creare-newsletter-html\/\"]}]},{\"@type\":\"ImageObject\",\"inLanguage\":\"it-IT\",\"@id\":\"https:\/\/www.newslettercreator.com\/it\/creare-newsletter-html\/#primaryimage\",\"url\":\"http:\/\/www.newslettercreator.com\/wp-content\/uploads\/2014\/03\/how-to-newsletter-layout.jpg\",\"contentUrl\":\"http:\/\/www.newslettercreator.com\/wp-content\/uploads\/2014\/03\/how-to-newsletter-layout.jpg\"},{\"@type\":\"BreadcrumbList\",\"@id\":\"https:\/\/www.newslettercreator.com\/it\/creare-newsletter-html\/#breadcrumb\",\"itemListElement\":[{\"@type\":\"ListItem\",\"position\":1,\"name\":\"Home\",\"item\":\"https:\/\/www.newslettercreator.com\/it\/\"},{\"@type\":\"ListItem\",\"position\":2,\"name\":\"Creare newsletter in HTML\"}]},{\"@type\":\"WebSite\",\"@id\":\"https:\/\/www.newslettercreator.com\/#website\",\"url\":\"https:\/\/www.newslettercreator.com\/\",\"name\":\"Newsletter Creator\",\"description\":\"Pay off\",\"potentialAction\":[{\"@type\":\"SearchAction\",\"target\":{\"@type\":\"EntryPoint\",\"urlTemplate\":\"https:\/\/www.newslettercreator.com\/?s={search_term_string}\"},\"query-input\":{\"@type\":\"PropertyValueSpecification\",\"valueRequired\":true,\"valueName\":\"search_term_string\"}}],\"inLanguage\":\"it-IT\"}]}<\/script>\n<!-- \/ Yoast SEO plugin. -->","yoast_head_json":{"title":"Creare newsletter in HTML - Newsletter Creator","description":"Vuoi creare una newsletter in HTML? Concentrati sulla parte creativa! A tutto il resto pensa MailStyler, l'editor a blocchi di template responsive.","robots":{"index":"index","follow":"follow","max-snippet":"max-snippet:-1","max-image-preview":"max-image-preview:large","max-video-preview":"max-video-preview:-1"},"canonical":"https:\/\/www.newslettercreator.com\/it\/creare-newsletter-html\/","og_locale":"it_IT","og_type":"article","og_title":"Creare newsletter in HTML - Newsletter Creator","og_description":"Vuoi creare una newsletter in HTML? Concentrati sulla parte creativa! A tutto il resto pensa MailStyler, l'editor a blocchi di template responsive.","og_url":"https:\/\/www.newslettercreator.com\/it\/creare-newsletter-html\/","og_site_name":"Newsletter Creator","article_modified_time":"2021-05-07T07:58:27+00:00","og_image":[{"url":"http:\/\/www.newslettercreator.com\/wp-content\/uploads\/2014\/03\/how-to-newsletter-layout.jpg","type":"","width":"","height":""}],"twitter_misc":{"Tempo di lettura stimato":"1 minuto"},"schema":{"@context":"https:\/\/schema.org","@graph":[{"@type":"WebPage","@id":"https:\/\/www.newslettercreator.com\/it\/creare-newsletter-html\/","url":"https:\/\/www.newslettercreator.com\/it\/creare-newsletter-html\/","name":"Creare newsletter in HTML - Newsletter Creator","isPartOf":{"@id":"https:\/\/www.newslettercreator.com\/#website"},"primaryImageOfPage":{"@id":"https:\/\/www.newslettercreator.com\/it\/creare-newsletter-html\/#primaryimage"},"image":{"@id":"https:\/\/www.newslettercreator.com\/it\/creare-newsletter-html\/#primaryimage"},"thumbnailUrl":"http:\/\/www.newslettercreator.com\/wp-content\/uploads\/2014\/03\/how-to-newsletter-layout.jpg","datePublished":"2014-11-27T10:05:35+00:00","dateModified":"2021-05-07T07:58:27+00:00","description":"Vuoi creare una newsletter in HTML? Concentrati sulla parte creativa! A tutto il resto pensa MailStyler, l'editor a blocchi di template responsive.","breadcrumb":{"@id":"https:\/\/www.newslettercreator.com\/it\/creare-newsletter-html\/#breadcrumb"},"inLanguage":"it-IT","potentialAction":[{"@type":"ReadAction","target":["https:\/\/www.newslettercreator.com\/it\/creare-newsletter-html\/"]}]},{"@type":"ImageObject","inLanguage":"it-IT","@id":"https:\/\/www.newslettercreator.com\/it\/creare-newsletter-html\/#primaryimage","url":"http:\/\/www.newslettercreator.com\/wp-content\/uploads\/2014\/03\/how-to-newsletter-layout.jpg","contentUrl":"http:\/\/www.newslettercreator.com\/wp-content\/uploads\/2014\/03\/how-to-newsletter-layout.jpg"},{"@type":"BreadcrumbList","@id":"https:\/\/www.newslettercreator.com\/it\/creare-newsletter-html\/#breadcrumb","itemListElement":[{"@type":"ListItem","position":1,"name":"Home","item":"https:\/\/www.newslettercreator.com\/it\/"},{"@type":"ListItem","position":2,"name":"Creare newsletter in HTML"}]},{"@type":"WebSite","@id":"https:\/\/www.newslettercreator.com\/#website","url":"https:\/\/www.newslettercreator.com\/","name":"Newsletter Creator","description":"Pay off","potentialAction":[{"@type":"SearchAction","target":{"@type":"EntryPoint","urlTemplate":"https:\/\/www.newslettercreator.com\/?s={search_term_string}"},"query-input":{"@type":"PropertyValueSpecification","valueRequired":true,"valueName":"search_term_string"}}],"inLanguage":"it-IT"}]}},"_links":{"self":[{"href":"https:\/\/www.newslettercreator.com\/it\/wp-json\/wp\/v2\/pages\/2469","targetHints":{"allow":["GET"]}}],"collection":[{"href":"https:\/\/www.newslettercreator.com\/it\/wp-json\/wp\/v2\/pages"}],"about":[{"href":"https:\/\/www.newslettercreator.com\/it\/wp-json\/wp\/v2\/types\/page"}],"author":[{"embeddable":true,"href":"https:\/\/www.newslettercreator.com\/it\/wp-json\/wp\/v2\/users\/1"}],"replies":[{"embeddable":true,"href":"https:\/\/www.newslettercreator.com\/it\/wp-json\/wp\/v2\/comments?post=2469"}],"version-history":[{"count":5,"href":"https:\/\/www.newslettercreator.com\/it\/wp-json\/wp\/v2\/pages\/2469\/revisions"}],"predecessor-version":[{"id":10062,"href":"https:\/\/www.newslettercreator.com\/it\/wp-json\/wp\/v2\/pages\/2469\/revisions\/10062"}],"wp:attachment":[{"href":"https:\/\/www.newslettercreator.com\/it\/wp-json\/wp\/v2\/media?parent=2469"}],"curies":[{"name":"wp","href":"https:\/\/api.w.org\/{rel}","templated":true}]}}