{"id":2931,"date":"2015-01-20T09:25:00","date_gmt":"2015-01-20T09:25:00","guid":{"rendered":"http:\/\/www.newslettercreator.com\/?page_id=2931"},"modified":"2015-01-22T11:23:27","modified_gmt":"2015-01-22T11:23:27","slug":"idee-newsletter","status":"publish","type":"page","link":"https:\/\/www.newslettercreator.com\/it\/idee-newsletter\/","title":{"rendered":"5 idee per la vostra newsletter"},"content":{"rendered":"<p><img decoding=\"async\" class=\"alignnone wp-image-237 size-full\" src=\"http:\/\/www.newslettercreator.com\/wp-content\/uploads\/2014\/03\/best-design-newsletter.jpg\" alt=\"5 idee per la vostra newsletter\" width=\"649\" height=\"423\" \/><\/p>\n<p>L&#8217;<strong>arte di creare una newsletter<\/strong> ha bisogno di un costante apporto di <strong>buone idee<\/strong> per produrre risultati innovativi, in grado di stimolare sempre l&#8217;attenzione dei destinatari.<\/p>\n<p>Pensate solo alla quantit\u00e0 di email che un impiegato medio deve gestire ogni giorno: <strong>pi\u00f9 di 100<\/strong>. (Senza contare i messaggi personali e di marketing&#8230;) In questo scenario \u00e8 molto difficile convincere qualcuno a leggere i propri contenuti o convertire.<\/p>\n<p>Ecco perch\u00e9 abbiamo raccolto <strong>5 idee chiave per la vostra newsletter<\/strong>. <a href=\"http:\/\/www.newslettercreator.com\/it\/scarica-gratis\/\">MailStyler<\/a> si prender\u00e0 cura di tutto il resto, fornendovi un editor in grado di costruire layout fantastici con qualche semplice mossa di mouse.<\/p>\n<ol>\n<li><strong>Iniziate con ci\u00f2 che \u00e8 realmente importante<\/strong>. Come detto in precedenza, il tempo per leggere le email \u00e8 molto poco: in realt\u00e0, la stragrande maggioranza degli utenti pi\u00f9 che altro danno un&#8217;occhiata alla newsletter invece di leggerla per intero. Quindi: i preamboli sono vietati. Andate al sodo e iniziate con ci\u00f2 che \u00e8 davvero importante, che vale l&#8217;attenzione degli utenti: la vostra offerta, le vostre notizie, tutto quello che volete proporre senza giri di parole. Il contenuto deve essere conciso e pregnante allo stesso tempo.<\/li>\n<li><strong>Utilizzate immagini leggere (e scrivete sempre un testo alternativo)<\/strong>. La vostra newsletter non dovrebbe mai pesare pi\u00f9 di 70Kb, per garantire che sia consegnata correttamente. Se per questo motivo dovete ridurre le dimensioni delle immagini, fate attenzione che restino comunque di qualit\u00e0. Inoltre ricordatevi di mettere un testo alternativo per ognuna di esse, in caso di blocco immagini da parte del client di posta elettronica; e mantenete sempre il giusto equilibrio tra grafica e testo.<\/li>\n<li><strong>Rileggere<\/strong>. Non solo per scoprire refusi ed errori vari (soprattutto quelli terribili come un&#8217;offerta sbagliata), ma anche per verificare la qualit\u00e0 dei contenuti e la loro lunghezza. Insomma: rileggete sempre una newsletter prima di inviarla. Sempre.<\/li>\n<li><strong>Fare grande attenzione all&#8217;oggetto dell&#8217;email<\/strong>. Che ci crediate o no, riceviamo ancora email con oggetti (subject) generici o poco informativi come &#8220;Newsletter n . 43&#8221; oppure &#8220;Offerta per voi&#8221;. Si pu\u00f2 e si deve fare molto meglio se si desidera che i destinatari aprano e leggano il messaggio. Alcuni suggerimenti: scrivere subject brevi (meno di 50 caratteri); usare la pipeline (|) per separare le parole chiave, evitare dettagli inutili e cercare di evocare invece di descrivere il contenuto della vostra email, e mai usare il maiuscolo.<\/li>\n<li><strong>Curare l&#8217;HTML<\/strong>. Questo \u00e8 fondamentale , dato che solo un codice HTML ben scritto \u00e8 in grado di garantire la corretta visualizzazione della vostra newsletter su ogni client e webmail (e aumenta anche la sua capacit\u00e0 di essere consegnata). Ma se non avete conoscenze tecniche, nessun problema: MailStyler si prender\u00e0 cura di tutto, fornendo blocchi HTML pre-disegnati che necessitano solo di essere combinati come si desidera, in pochi click.<\/li>\n<\/ol>\n<p>&nbsp;<\/p>\n<p style=\"text-align: center;\"><a class=\"button large orange\" style=\"margin-top: 20px; width: 157px; margin-right: 30px;\" title=\"Scarica la Demo\" href=\"http:\/\/www.newslettercreator.com\/it\/scarica-gratis\/\" target=\"_self\">SCARICA LA DEMO<\/a><a class=\"button large darkgray\" style=\"margin-top: 20px; width: 157px;\" title=\"Acquista Mailstyler Pro\" href=\"http:\/\/www.newslettercreator.com\/it\/prezzi\/\" target=\"_self\">MAILSTYLER PRO<\/a><\/p>\n<p style=\"text-align: center; font-size: 11px; margin-bottom: 30px;\">Ultima versione: 2.24.01.17 | Data di rilascio: 17\/01\/2024 | Dimensioni: 114.9 MB<br \/>\n<a href=\"http:\/\/www.newslettercreator.com\/it\/accordo-di-licenza-per-mailstyler\/\" target=\"_blank\">Contratto di licenza<\/a> | <a href=\"http:\/\/www.newslettercreator.com\/it\/come-disinstallare-mailstyler\/\" target=\"_blank\">Come disinstallare<\/a><\/p>\n","protected":false},"excerpt":{"rendered":"<p>L&#8217;arte di creare una newsletter ha bisogno di un costante apporto di buone idee per produrre risultati innovativi, in grado di stimolare sempre l&#8217;attenzione dei destinatari. Pensate solo alla quantit\u00e0 di email che un impiegato medio deve gestire ogni giorno: pi\u00f9 di 100. (Senza contare i messaggi personali e di marketing&#8230;) In questo scenario \u00e8 [&hellip;]<\/p>\n","protected":false},"author":1,"featured_media":0,"parent":0,"menu_order":0,"comment_status":"closed","ping_status":"closed","template":"g1_template_page_sidebar_right.php","meta":{"inline_featured_image":false,"_monsterinsights_skip_tracking":false,"_monsterinsights_sitenote_active":false,"_monsterinsights_sitenote_note":"","_monsterinsights_sitenote_category":0,"footnotes":""},"class_list":["post-2931","page","type-page","status-publish"],"yoast_head":"<!-- This site is optimized with the Yoast SEO plugin v25.2 - https:\/\/yoast.com\/wordpress\/plugins\/seo\/ -->\n<title>5 idee per la vostra newsletter - Newsletter Creator<\/title>\n<meta name=\"robots\" content=\"index, follow, max-snippet:-1, max-image-preview:large, max-video-preview:-1\" \/>\n<link rel=\"canonical\" href=\"https:\/\/www.newslettercreator.com\/it\/idee-newsletter\/\" \/>\n<meta property=\"og:locale\" content=\"it_IT\" \/>\n<meta property=\"og:type\" content=\"article\" \/>\n<meta property=\"og:title\" content=\"5 idee per la vostra newsletter - Newsletter Creator\" \/>\n<meta property=\"og:description\" content=\"L&#8217;arte di creare una newsletter ha bisogno di un costante apporto di buone idee per produrre risultati innovativi, in grado di stimolare sempre l&#8217;attenzione dei destinatari. Pensate solo alla quantit\u00e0 di email che un impiegato medio deve gestire ogni giorno: pi\u00f9 di 100. (Senza contare i messaggi personali e di marketing&#8230;) In questo scenario \u00e8 [&hellip;]\" \/>\n<meta property=\"og:url\" content=\"https:\/\/www.newslettercreator.com\/it\/idee-newsletter\/\" \/>\n<meta property=\"og:site_name\" content=\"Newsletter Creator\" \/>\n<meta property=\"article:modified_time\" content=\"2015-01-22T11:23:27+00:00\" \/>\n<meta property=\"og:image\" content=\"http:\/\/www.newslettercreator.com\/wp-content\/uploads\/2014\/03\/best-design-newsletter.jpg\" \/>\n<meta name=\"twitter:label1\" content=\"Tempo di lettura stimato\" \/>\n\t<meta name=\"twitter:data1\" content=\"2 minuti\" \/>\n<script type=\"application\/ld+json\" class=\"yoast-schema-graph\">{\"@context\":\"https:\/\/schema.org\",\"@graph\":[{\"@type\":\"WebPage\",\"@id\":\"https:\/\/www.newslettercreator.com\/it\/idee-newsletter\/\",\"url\":\"https:\/\/www.newslettercreator.com\/it\/idee-newsletter\/\",\"name\":\"5 idee per la vostra newsletter - Newsletter Creator\",\"isPartOf\":{\"@id\":\"https:\/\/www.newslettercreator.com\/#website\"},\"primaryImageOfPage\":{\"@id\":\"https:\/\/www.newslettercreator.com\/it\/idee-newsletter\/#primaryimage\"},\"image\":{\"@id\":\"https:\/\/www.newslettercreator.com\/it\/idee-newsletter\/#primaryimage\"},\"thumbnailUrl\":\"http:\/\/www.newslettercreator.com\/wp-content\/uploads\/2014\/03\/best-design-newsletter.jpg\",\"datePublished\":\"2015-01-20T09:25:00+00:00\",\"dateModified\":\"2015-01-22T11:23:27+00:00\",\"breadcrumb\":{\"@id\":\"https:\/\/www.newslettercreator.com\/it\/idee-newsletter\/#breadcrumb\"},\"inLanguage\":\"it-IT\",\"potentialAction\":[{\"@type\":\"ReadAction\",\"target\":[\"https:\/\/www.newslettercreator.com\/it\/idee-newsletter\/\"]}]},{\"@type\":\"ImageObject\",\"inLanguage\":\"it-IT\",\"@id\":\"https:\/\/www.newslettercreator.com\/it\/idee-newsletter\/#primaryimage\",\"url\":\"http:\/\/www.newslettercreator.com\/wp-content\/uploads\/2014\/03\/best-design-newsletter.jpg\",\"contentUrl\":\"http:\/\/www.newslettercreator.com\/wp-content\/uploads\/2014\/03\/best-design-newsletter.jpg\"},{\"@type\":\"BreadcrumbList\",\"@id\":\"https:\/\/www.newslettercreator.com\/it\/idee-newsletter\/#breadcrumb\",\"itemListElement\":[{\"@type\":\"ListItem\",\"position\":1,\"name\":\"Home\",\"item\":\"https:\/\/www.newslettercreator.com\/it\/\"},{\"@type\":\"ListItem\",\"position\":2,\"name\":\"5 idee per la vostra newsletter\"}]},{\"@type\":\"WebSite\",\"@id\":\"https:\/\/www.newslettercreator.com\/#website\",\"url\":\"https:\/\/www.newslettercreator.com\/\",\"name\":\"Newsletter Creator\",\"description\":\"Pay off\",\"potentialAction\":[{\"@type\":\"SearchAction\",\"target\":{\"@type\":\"EntryPoint\",\"urlTemplate\":\"https:\/\/www.newslettercreator.com\/?s={search_term_string}\"},\"query-input\":{\"@type\":\"PropertyValueSpecification\",\"valueRequired\":true,\"valueName\":\"search_term_string\"}}],\"inLanguage\":\"it-IT\"}]}<\/script>\n<!-- \/ Yoast SEO plugin. -->","yoast_head_json":{"title":"5 idee per la vostra newsletter - Newsletter Creator","robots":{"index":"index","follow":"follow","max-snippet":"max-snippet:-1","max-image-preview":"max-image-preview:large","max-video-preview":"max-video-preview:-1"},"canonical":"https:\/\/www.newslettercreator.com\/it\/idee-newsletter\/","og_locale":"it_IT","og_type":"article","og_title":"5 idee per la vostra newsletter - Newsletter Creator","og_description":"L&#8217;arte di creare una newsletter ha bisogno di un costante apporto di buone idee per produrre risultati innovativi, in grado di stimolare sempre l&#8217;attenzione dei destinatari. Pensate solo alla quantit\u00e0 di email che un impiegato medio deve gestire ogni giorno: pi\u00f9 di 100. (Senza contare i messaggi personali e di marketing&#8230;) In questo scenario \u00e8 [&hellip;]","og_url":"https:\/\/www.newslettercreator.com\/it\/idee-newsletter\/","og_site_name":"Newsletter Creator","article_modified_time":"2015-01-22T11:23:27+00:00","og_image":[{"url":"http:\/\/www.newslettercreator.com\/wp-content\/uploads\/2014\/03\/best-design-newsletter.jpg","type":"","width":"","height":""}],"twitter_misc":{"Tempo di lettura stimato":"2 minuti"},"schema":{"@context":"https:\/\/schema.org","@graph":[{"@type":"WebPage","@id":"https:\/\/www.newslettercreator.com\/it\/idee-newsletter\/","url":"https:\/\/www.newslettercreator.com\/it\/idee-newsletter\/","name":"5 idee per la vostra newsletter - Newsletter Creator","isPartOf":{"@id":"https:\/\/www.newslettercreator.com\/#website"},"primaryImageOfPage":{"@id":"https:\/\/www.newslettercreator.com\/it\/idee-newsletter\/#primaryimage"},"image":{"@id":"https:\/\/www.newslettercreator.com\/it\/idee-newsletter\/#primaryimage"},"thumbnailUrl":"http:\/\/www.newslettercreator.com\/wp-content\/uploads\/2014\/03\/best-design-newsletter.jpg","datePublished":"2015-01-20T09:25:00+00:00","dateModified":"2015-01-22T11:23:27+00:00","breadcrumb":{"@id":"https:\/\/www.newslettercreator.com\/it\/idee-newsletter\/#breadcrumb"},"inLanguage":"it-IT","potentialAction":[{"@type":"ReadAction","target":["https:\/\/www.newslettercreator.com\/it\/idee-newsletter\/"]}]},{"@type":"ImageObject","inLanguage":"it-IT","@id":"https:\/\/www.newslettercreator.com\/it\/idee-newsletter\/#primaryimage","url":"http:\/\/www.newslettercreator.com\/wp-content\/uploads\/2014\/03\/best-design-newsletter.jpg","contentUrl":"http:\/\/www.newslettercreator.com\/wp-content\/uploads\/2014\/03\/best-design-newsletter.jpg"},{"@type":"BreadcrumbList","@id":"https:\/\/www.newslettercreator.com\/it\/idee-newsletter\/#breadcrumb","itemListElement":[{"@type":"ListItem","position":1,"name":"Home","item":"https:\/\/www.newslettercreator.com\/it\/"},{"@type":"ListItem","position":2,"name":"5 idee per la vostra newsletter"}]},{"@type":"WebSite","@id":"https:\/\/www.newslettercreator.com\/#website","url":"https:\/\/www.newslettercreator.com\/","name":"Newsletter Creator","description":"Pay off","potentialAction":[{"@type":"SearchAction","target":{"@type":"EntryPoint","urlTemplate":"https:\/\/www.newslettercreator.com\/?s={search_term_string}"},"query-input":{"@type":"PropertyValueSpecification","valueRequired":true,"valueName":"search_term_string"}}],"inLanguage":"it-IT"}]}},"_links":{"self":[{"href":"https:\/\/www.newslettercreator.com\/it\/wp-json\/wp\/v2\/pages\/2931","targetHints":{"allow":["GET"]}}],"collection":[{"href":"https:\/\/www.newslettercreator.com\/it\/wp-json\/wp\/v2\/pages"}],"about":[{"href":"https:\/\/www.newslettercreator.com\/it\/wp-json\/wp\/v2\/types\/page"}],"author":[{"embeddable":true,"href":"https:\/\/www.newslettercreator.com\/it\/wp-json\/wp\/v2\/users\/1"}],"replies":[{"embeddable":true,"href":"https:\/\/www.newslettercreator.com\/it\/wp-json\/wp\/v2\/comments?post=2931"}],"version-history":[{"count":2,"href":"https:\/\/www.newslettercreator.com\/it\/wp-json\/wp\/v2\/pages\/2931\/revisions"}],"predecessor-version":[{"id":2947,"href":"https:\/\/www.newslettercreator.com\/it\/wp-json\/wp\/v2\/pages\/2931\/revisions\/2947"}],"wp:attachment":[{"href":"https:\/\/www.newslettercreator.com\/it\/wp-json\/wp\/v2\/media?parent=2931"}],"curies":[{"name":"wp","href":"https:\/\/api.w.org\/{rel}","templated":true}]}}