{"id":2934,"date":"2015-01-20T09:31:09","date_gmt":"2015-01-20T09:31:09","guid":{"rendered":"http:\/\/www.newslettercreator.com\/?page_id=2934"},"modified":"2015-04-07T12:08:45","modified_gmt":"2015-04-07T12:08:45","slug":"formato-newsletter","status":"publish","type":"page","link":"https:\/\/www.newslettercreator.com\/it\/formato-newsletter\/","title":{"rendered":"Il formato della newsletter"},"content":{"rendered":"<p>Il <strong>formato corretto di una newsletter<\/strong> \u00e8 un elemento cruciale di ogni campagna di email marketing. Pi\u00f9 in dettaglio, \u00e8 indispensabile creare il formato di una newsletter sia secondo le pratiche pi\u00f9 aggiornate della <strong>programmazione HTML<\/strong> sia tenendo presente le vostre <strong>esigenze di business<\/strong>. Non tutti i template di newsletter sono creati uguali, come amiamo dire: per trarre il massimo dall&#8217;email marketing \u00e8 importante crearne uno che <strong>rifletta in pieno il proprio brand<\/strong>.<\/p>\n<p>E qui, in genere, cominciano i problemi.<\/p>\n<p>In effetti, impostare un <strong>layout di newsletter HTML di qualit\u00e0<\/strong> \u00e8 una questione delicata anche per i programmatori pi\u00f9 esperti: in particolare perch\u00e9 \u00e8 molto difficile garantire una sua <strong>corretta visualizzazione<\/strong> su qualsiasi webmail o client di posta elettronica. Quindi i web designer tendono a fare molti test di sicurezza, ad esempio su tutte le versioni di Outlook e Thunderbird, su Gmail, Yahoo, Libero, eccetera. E questo sforzo di bilanciare un <strong>design leggero e leggibile<\/strong> con una <strong>struttura informazionale efficiente<\/strong> pu\u00f2 essere faticoso.<\/p>\n<p>Per fortuna ora c&#8217;\u00e8 una soluzione semplice: <a href=\"http:\/\/www.newslettercreator.com\/it\/scarica-gratis\/\"><strong>MailStyler<\/strong><\/a>.<\/p>\n<p>Il nostro programma per creare newsletter offre un approccio completamente diverso alla programmazione: un editor WYSIWIG in cui \u00e8 sufficiente <strong>trascinare e rilasciare elementi gi\u00e0 pronti<\/strong> come intestazioni, pi\u00e8 di pagina, box di testo, pulsanti e cos\u00ec via, creando un template passo dopo passo, senza alcun bisogno di codice HTML.<\/p>\n<p>E dato che i blocchi pre-disegnati sono stati creati da esperti per <strong>massimizzare la loro resa su qualsiasi dispositivo<\/strong>, non ci sar\u00e0 nemmeno bisogno di fare test. Il formato della newsletter finale <strong>risulter\u00e0 sempre lo stesso<\/strong> dovunque i destinatari lo apriranno.<\/p>\n<p>Utilizzare MailStyler \u00e8 estremamente facile e , beh, anche <strong>divertente<\/strong>. <a href=\"http:\/\/www.newslettercreator.com\/it\/scarica-gratis\/\"Provatelo subito!<\/a><\/p>\n","protected":false},"excerpt":{"rendered":"<p>Il formato corretto di una newsletter \u00e8 un elemento cruciale di ogni campagna di email marketing. Pi\u00f9 in dettaglio, \u00e8 indispensabile creare il formato di una newsletter sia secondo le pratiche pi\u00f9 aggiornate della programmazione HTML sia tenendo presente le vostre esigenze di business. Non tutti i template di newsletter sono creati uguali, come amiamo [&hellip;]<\/p>\n","protected":false},"author":1,"featured_media":0,"parent":0,"menu_order":0,"comment_status":"closed","ping_status":"closed","template":"g1_template_page_sidebar_right.php","meta":{"inline_featured_image":false,"_monsterinsights_skip_tracking":false,"_monsterinsights_sitenote_active":false,"_monsterinsights_sitenote_note":"","_monsterinsights_sitenote_category":0,"footnotes":""},"class_list":["post-2934","page","type-page","status-publish"],"yoast_head":"<!-- This site is optimized with the Yoast SEO plugin v25.2 - https:\/\/yoast.com\/wordpress\/plugins\/seo\/ -->\n<title>Il formato della newsletter - Newsletter Creator<\/title>\n<meta name=\"description\" content=\"Il formato della newsletter \u00e8 un elemento chiave per una campagna di email marketing. MailStyler consente di impostare formati email perfetti in pochi click\" \/>\n<meta name=\"robots\" content=\"index, follow, max-snippet:-1, max-image-preview:large, max-video-preview:-1\" \/>\n<link rel=\"canonical\" href=\"https:\/\/www.newslettercreator.com\/it\/formato-newsletter\/\" \/>\n<meta property=\"og:locale\" content=\"it_IT\" \/>\n<meta property=\"og:type\" content=\"article\" \/>\n<meta property=\"og:title\" content=\"Il formato della newsletter - Newsletter Creator\" \/>\n<meta property=\"og:description\" content=\"Il formato della newsletter \u00e8 un elemento chiave per una campagna di email marketing. MailStyler consente di impostare formati email perfetti in pochi click\" \/>\n<meta property=\"og:url\" content=\"https:\/\/www.newslettercreator.com\/it\/formato-newsletter\/\" \/>\n<meta property=\"og:site_name\" content=\"Newsletter Creator\" \/>\n<meta property=\"article:modified_time\" content=\"2015-04-07T12:08:45+00:00\" \/>\n<meta name=\"twitter:label1\" content=\"Tempo di lettura stimato\" \/>\n\t<meta name=\"twitter:data1\" content=\"1 minuto\" \/>\n<script type=\"application\/ld+json\" class=\"yoast-schema-graph\">{\"@context\":\"https:\/\/schema.org\",\"@graph\":[{\"@type\":\"WebPage\",\"@id\":\"https:\/\/www.newslettercreator.com\/it\/formato-newsletter\/\",\"url\":\"https:\/\/www.newslettercreator.com\/it\/formato-newsletter\/\",\"name\":\"Il formato della newsletter - Newsletter Creator\",\"isPartOf\":{\"@id\":\"https:\/\/www.newslettercreator.com\/#website\"},\"datePublished\":\"2015-01-20T09:31:09+00:00\",\"dateModified\":\"2015-04-07T12:08:45+00:00\",\"description\":\"Il formato della newsletter \u00e8 un elemento chiave per una campagna di email marketing. MailStyler consente di impostare formati email perfetti in pochi click\",\"breadcrumb\":{\"@id\":\"https:\/\/www.newslettercreator.com\/it\/formato-newsletter\/#breadcrumb\"},\"inLanguage\":\"it-IT\",\"potentialAction\":[{\"@type\":\"ReadAction\",\"target\":[\"https:\/\/www.newslettercreator.com\/it\/formato-newsletter\/\"]}]},{\"@type\":\"BreadcrumbList\",\"@id\":\"https:\/\/www.newslettercreator.com\/it\/formato-newsletter\/#breadcrumb\",\"itemListElement\":[{\"@type\":\"ListItem\",\"position\":1,\"name\":\"Home\",\"item\":\"https:\/\/www.newslettercreator.com\/it\/\"},{\"@type\":\"ListItem\",\"position\":2,\"name\":\"Il formato della newsletter\"}]},{\"@type\":\"WebSite\",\"@id\":\"https:\/\/www.newslettercreator.com\/#website\",\"url\":\"https:\/\/www.newslettercreator.com\/\",\"name\":\"Newsletter Creator\",\"description\":\"Pay off\",\"potentialAction\":[{\"@type\":\"SearchAction\",\"target\":{\"@type\":\"EntryPoint\",\"urlTemplate\":\"https:\/\/www.newslettercreator.com\/?s={search_term_string}\"},\"query-input\":{\"@type\":\"PropertyValueSpecification\",\"valueRequired\":true,\"valueName\":\"search_term_string\"}}],\"inLanguage\":\"it-IT\"}]}<\/script>\n<!-- \/ Yoast SEO plugin. -->","yoast_head_json":{"title":"Il formato della newsletter - Newsletter Creator","description":"Il formato della newsletter \u00e8 un elemento chiave per una campagna di email marketing. MailStyler consente di impostare formati email perfetti in pochi click","robots":{"index":"index","follow":"follow","max-snippet":"max-snippet:-1","max-image-preview":"max-image-preview:large","max-video-preview":"max-video-preview:-1"},"canonical":"https:\/\/www.newslettercreator.com\/it\/formato-newsletter\/","og_locale":"it_IT","og_type":"article","og_title":"Il formato della newsletter - Newsletter Creator","og_description":"Il formato della newsletter \u00e8 un elemento chiave per una campagna di email marketing. MailStyler consente di impostare formati email perfetti in pochi click","og_url":"https:\/\/www.newslettercreator.com\/it\/formato-newsletter\/","og_site_name":"Newsletter Creator","article_modified_time":"2015-04-07T12:08:45+00:00","twitter_misc":{"Tempo di lettura stimato":"1 minuto"},"schema":{"@context":"https:\/\/schema.org","@graph":[{"@type":"WebPage","@id":"https:\/\/www.newslettercreator.com\/it\/formato-newsletter\/","url":"https:\/\/www.newslettercreator.com\/it\/formato-newsletter\/","name":"Il formato della newsletter - Newsletter Creator","isPartOf":{"@id":"https:\/\/www.newslettercreator.com\/#website"},"datePublished":"2015-01-20T09:31:09+00:00","dateModified":"2015-04-07T12:08:45+00:00","description":"Il formato della newsletter \u00e8 un elemento chiave per una campagna di email marketing. MailStyler consente di impostare formati email perfetti in pochi click","breadcrumb":{"@id":"https:\/\/www.newslettercreator.com\/it\/formato-newsletter\/#breadcrumb"},"inLanguage":"it-IT","potentialAction":[{"@type":"ReadAction","target":["https:\/\/www.newslettercreator.com\/it\/formato-newsletter\/"]}]},{"@type":"BreadcrumbList","@id":"https:\/\/www.newslettercreator.com\/it\/formato-newsletter\/#breadcrumb","itemListElement":[{"@type":"ListItem","position":1,"name":"Home","item":"https:\/\/www.newslettercreator.com\/it\/"},{"@type":"ListItem","position":2,"name":"Il formato della newsletter"}]},{"@type":"WebSite","@id":"https:\/\/www.newslettercreator.com\/#website","url":"https:\/\/www.newslettercreator.com\/","name":"Newsletter Creator","description":"Pay off","potentialAction":[{"@type":"SearchAction","target":{"@type":"EntryPoint","urlTemplate":"https:\/\/www.newslettercreator.com\/?s={search_term_string}"},"query-input":{"@type":"PropertyValueSpecification","valueRequired":true,"valueName":"search_term_string"}}],"inLanguage":"it-IT"}]}},"_links":{"self":[{"href":"https:\/\/www.newslettercreator.com\/it\/wp-json\/wp\/v2\/pages\/2934","targetHints":{"allow":["GET"]}}],"collection":[{"href":"https:\/\/www.newslettercreator.com\/it\/wp-json\/wp\/v2\/pages"}],"about":[{"href":"https:\/\/www.newslettercreator.com\/it\/wp-json\/wp\/v2\/types\/page"}],"author":[{"embeddable":true,"href":"https:\/\/www.newslettercreator.com\/it\/wp-json\/wp\/v2\/users\/1"}],"replies":[{"embeddable":true,"href":"https:\/\/www.newslettercreator.com\/it\/wp-json\/wp\/v2\/comments?post=2934"}],"version-history":[{"count":4,"href":"https:\/\/www.newslettercreator.com\/it\/wp-json\/wp\/v2\/pages\/2934\/revisions"}],"predecessor-version":[{"id":3277,"href":"https:\/\/www.newslettercreator.com\/it\/wp-json\/wp\/v2\/pages\/2934\/revisions\/3277"}],"wp:attachment":[{"href":"https:\/\/www.newslettercreator.com\/it\/wp-json\/wp\/v2\/media?parent=2934"}],"curies":[{"name":"wp","href":"https:\/\/api.w.org\/{rel}","templated":true}]}}