{"id":2937,"date":"2015-01-20T09:38:53","date_gmt":"2015-01-20T09:38:53","guid":{"rendered":"http:\/\/www.newslettercreator.com\/?page_id=2937"},"modified":"2021-02-11T10:43:59","modified_gmt":"2021-02-11T09:43:59","slug":"firma-email-html","status":"publish","type":"page","link":"https:\/\/www.newslettercreator.com\/it\/firma-email-html\/","title":{"rendered":"Creare una firma email in HTML"},"content":{"rendered":"<p style=\"text-align: center;\"><img decoding=\"async\" class=\"alignnone size-full wp-image-237\" src=\"http:\/\/www.newslettercreator.com\/wp-content\/uploads\/2014\/03\/how-to-design-email-signature.jpg\" alt=\"Creare una firma email in HTML\" width=\"457\" height=\"418\" \/><\/p>\n<p>La <strong>firma dell&#8217;email<\/strong> \u00e8 un modo molto logico per concludere una <strong>newsletter in HTML<\/strong>, proprio come si fa con un&#8217;email personale (o le buone vecchie lettere di carta). Nel caso di un&#8217;email privata o diretto a un numero ridotto di destinatari in chiaro, \u00e8 sufficiente includere solo il vostro nome, cognome e posizione della societ\u00e0, il numero di telefono e un link al sito web.<br \/>\nSe invece stiamo parlando di una <strong>newsletter<\/strong> vera e propria o una email commerciale \/ di massa, le cose cambiano un po&#8217;: in genere non ci sar\u00e0 nessun nome o cognome, ma pi\u00f9 probabilmente alcuni <strong>link a siti di social network<\/strong> o altri modi per tenersi in contatto.<br \/>\nPi\u00f9 in generale, sar\u00e0 necessario che la <strong>firma in HTML<\/strong> rispetti alcune regole.<\/p>\n<p>Dal punto di vista strutturale, le firme dell&#8217;email vanno naturalmente nel <strong>footer<\/strong> \u2014 la parte in fondo al layout. Ecco perch\u00e9 \u00e8 cos\u00ec importante seguire le best practices del settore quando si crea il template HTML di una newsletter. Soprattutto, non si dovrebbe <strong>mai usare un&#8217;immagine come firma<\/strong>: sia perch\u00e9 pu\u00f2 influire negativamente sulla deliverability del messaggio, sia perch\u00e9 non pu\u00f2 essere visualizzata in caso di blocco immagine (un&#8217;opzione di default in molti client di posta elettronica).<\/p>\n<p>Ma se siete principianti o non sapete nulla di codice HTML, <strong>nessun problema<\/strong>: con <a href=\"http:\/\/www.newslettercreator.com\/it\/scarica-gratis\/\">MailStyler<\/a>, la creazione di una firma per email sar\u00e0 un gioco da ragazzi. \u00c8 sufficiente trascinare e rilasciare un blocco dalla categoria &#8220;Footer&#8221; e aggiungerlo in fondo del modello, quindi aggiungere i propri contenuti. Ed ecco alcune regole di buon senso al riguardo:<\/p>\n<ol>\n<li><strong>Non esagerare<\/strong>. Questo accade soprattutto nelle firme di email personali, dove si trovano spesso citazioni apparentemente divertenti o GIF animate e orpelli simili; ma purtroppo accade anche per alcune newsletter. Non c&#8217;\u00e8 alcun bisogno di riempire la firma dell&#8217;email di contenuti generici o non professionali: limitartevi a ci\u00f2 che \u00e8 necessario per la vostra comunicazione.<\/li>\n<li><strong>Prestare attenzione alle regole locali<\/strong>. Alcuni paesi richiedono alle aziende di mettere in tutte le comunicazioni alcune informazioni come il numero di partita IVA; controllate attentamente quello del vostro paese.<\/li>\n<li><strong>Aggiungere un link di cancellazione<\/strong>. Generalmente il footer \u00e8 il luogo ideale dove mettere un link per la cancellazione dal vostro mailing. Non solo \u00e8 spesso richiesto dalla legge: \u00e8 anche un grande aiuto per chi non \u00e8 interessato alle vostre email, e per la deliverability dell&#8217;email stessa. Infatti, semplificando il processo di unsubscribe si riduce notevolmente il rischio di essere etichettati come spam.<\/li>\n<li><strong>Se inserite un logo, usate un&#8217;immagine leggera<\/strong>. MailStyler consente di produrre una firma email con un&#8217;immagine: assicuratevi solo che sia molto leggera, per aiutare il flusso di consegna della posta.<\/li>\n<li><strong>Controllare i link<\/strong>. Un consiglio molto generale, ma che vale sempre la pena di ripetere. Controllare sempre che tutti i link nella firma siano corretti!<\/li>\n<\/ol>\n<p>&nbsp;<\/p>\n<p style=\"text-align: center;\"><a class=\"button large orange\" style=\"margin-top: 20px; width: 157px; margin-right: 30px;\" title=\"Scarica la Demo\" href=\"http:\/\/www.newslettercreator.com\/it\/scarica-gratis\/\" target=\"_self\" rel=\"noopener noreferrer\">SCARICA LA DEMO<\/a><a class=\"button large darkgray\" style=\"margin-top: 20px; width: 157px;\" title=\"Acquista Mailstyler Pro\" href=\"http:\/\/www.newslettercreator.com\/it\/prezzi\/\" target=\"_self\" rel=\"noopener noreferrer\">MAILSTYLER PRO<\/a><\/p>\n<p style=\"text-align: center; font-size: 11px; margin-bottom: 30px;\">Ultima versione: 2.24.01.17 | Data di rilascio: 17\/01\/2024 | Dimensioni: 114.9 MB<br \/>\n<a href=\"http:\/\/www.newslettercreator.com\/it\/accordo-di-licenza-per-mailstyler\/\" target=\"_blank\" rel=\"noopener noreferrer\">Contratto di licenza<\/a> | <a href=\"http:\/\/www.newslettercreator.com\/it\/come-disinstallare-mailstyler\/\" target=\"_blank\" rel=\"noopener noreferrer\">Come disinstallare<\/a><\/p>\n","protected":false},"excerpt":{"rendered":"<p>La firma dell&#8217;email \u00e8 un modo molto logico per concludere una newsletter in HTML, proprio come si fa con un&#8217;email personale (o le buone vecchie lettere di carta). Nel caso di un&#8217;email privata o diretto a un numero ridotto di destinatari in chiaro, \u00e8 sufficiente includere solo il vostro nome, cognome e posizione della societ\u00e0, [&hellip;]<\/p>\n","protected":false},"author":1,"featured_media":0,"parent":0,"menu_order":0,"comment_status":"closed","ping_status":"closed","template":"g1_template_page_sidebar_right.php","meta":{"inline_featured_image":false,"_monsterinsights_skip_tracking":false,"_monsterinsights_sitenote_active":false,"_monsterinsights_sitenote_note":"","_monsterinsights_sitenote_category":0,"footnotes":""},"class_list":["post-2937","page","type-page","status-publish"],"yoast_head":"<!-- This site is optimized with the Yoast SEO plugin v25.2 - https:\/\/yoast.com\/wordpress\/plugins\/seo\/ -->\n<title>Creare una firma email in HTML - Newsletter Creator<\/title>\n<meta name=\"description\" content=\"Le 5 regole da seguire per creare una firma email in HTML perfetta. Scopri come realizzarla con MailStyler, l&#039;editor di template per newsletter.\" \/>\n<meta name=\"robots\" content=\"index, follow, max-snippet:-1, max-image-preview:large, max-video-preview:-1\" \/>\n<link rel=\"canonical\" href=\"https:\/\/www.newslettercreator.com\/it\/firma-email-html\/\" \/>\n<meta property=\"og:locale\" content=\"it_IT\" \/>\n<meta property=\"og:type\" content=\"article\" \/>\n<meta property=\"og:title\" content=\"Creare una firma email in HTML - Newsletter Creator\" \/>\n<meta property=\"og:description\" content=\"Le 5 regole da seguire per creare una firma email in HTML perfetta. Scopri come realizzarla con MailStyler, l&#039;editor di template per newsletter.\" \/>\n<meta property=\"og:url\" content=\"https:\/\/www.newslettercreator.com\/it\/firma-email-html\/\" \/>\n<meta property=\"og:site_name\" content=\"Newsletter Creator\" \/>\n<meta property=\"article:modified_time\" content=\"2021-02-11T09:43:59+00:00\" \/>\n<meta property=\"og:image\" content=\"http:\/\/www.newslettercreator.com\/wp-content\/uploads\/2014\/03\/how-to-design-email-signature.jpg\" \/>\n<meta name=\"twitter:label1\" content=\"Tempo di lettura stimato\" \/>\n\t<meta name=\"twitter:data1\" content=\"2 minuti\" \/>\n<script type=\"application\/ld+json\" class=\"yoast-schema-graph\">{\"@context\":\"https:\/\/schema.org\",\"@graph\":[{\"@type\":\"WebPage\",\"@id\":\"https:\/\/www.newslettercreator.com\/it\/firma-email-html\/\",\"url\":\"https:\/\/www.newslettercreator.com\/it\/firma-email-html\/\",\"name\":\"Creare una firma email in HTML - Newsletter Creator\",\"isPartOf\":{\"@id\":\"https:\/\/www.newslettercreator.com\/#website\"},\"primaryImageOfPage\":{\"@id\":\"https:\/\/www.newslettercreator.com\/it\/firma-email-html\/#primaryimage\"},\"image\":{\"@id\":\"https:\/\/www.newslettercreator.com\/it\/firma-email-html\/#primaryimage\"},\"thumbnailUrl\":\"http:\/\/www.newslettercreator.com\/wp-content\/uploads\/2014\/03\/how-to-design-email-signature.jpg\",\"datePublished\":\"2015-01-20T09:38:53+00:00\",\"dateModified\":\"2021-02-11T09:43:59+00:00\",\"description\":\"Le 5 regole da seguire per creare una firma email in HTML perfetta. Scopri come realizzarla con MailStyler, l'editor di template per newsletter.\",\"breadcrumb\":{\"@id\":\"https:\/\/www.newslettercreator.com\/it\/firma-email-html\/#breadcrumb\"},\"inLanguage\":\"it-IT\",\"potentialAction\":[{\"@type\":\"ReadAction\",\"target\":[\"https:\/\/www.newslettercreator.com\/it\/firma-email-html\/\"]}]},{\"@type\":\"ImageObject\",\"inLanguage\":\"it-IT\",\"@id\":\"https:\/\/www.newslettercreator.com\/it\/firma-email-html\/#primaryimage\",\"url\":\"http:\/\/www.newslettercreator.com\/wp-content\/uploads\/2014\/03\/how-to-design-email-signature.jpg\",\"contentUrl\":\"http:\/\/www.newslettercreator.com\/wp-content\/uploads\/2014\/03\/how-to-design-email-signature.jpg\"},{\"@type\":\"BreadcrumbList\",\"@id\":\"https:\/\/www.newslettercreator.com\/it\/firma-email-html\/#breadcrumb\",\"itemListElement\":[{\"@type\":\"ListItem\",\"position\":1,\"name\":\"Home\",\"item\":\"https:\/\/www.newslettercreator.com\/it\/\"},{\"@type\":\"ListItem\",\"position\":2,\"name\":\"Creare una firma email in HTML\"}]},{\"@type\":\"WebSite\",\"@id\":\"https:\/\/www.newslettercreator.com\/#website\",\"url\":\"https:\/\/www.newslettercreator.com\/\",\"name\":\"Newsletter Creator\",\"description\":\"Pay off\",\"potentialAction\":[{\"@type\":\"SearchAction\",\"target\":{\"@type\":\"EntryPoint\",\"urlTemplate\":\"https:\/\/www.newslettercreator.com\/?s={search_term_string}\"},\"query-input\":{\"@type\":\"PropertyValueSpecification\",\"valueRequired\":true,\"valueName\":\"search_term_string\"}}],\"inLanguage\":\"it-IT\"}]}<\/script>\n<!-- \/ Yoast SEO plugin. -->","yoast_head_json":{"title":"Creare una firma email in HTML - Newsletter Creator","description":"Le 5 regole da seguire per creare una firma email in HTML perfetta. Scopri come realizzarla con MailStyler, l'editor di template per newsletter.","robots":{"index":"index","follow":"follow","max-snippet":"max-snippet:-1","max-image-preview":"max-image-preview:large","max-video-preview":"max-video-preview:-1"},"canonical":"https:\/\/www.newslettercreator.com\/it\/firma-email-html\/","og_locale":"it_IT","og_type":"article","og_title":"Creare una firma email in HTML - Newsletter Creator","og_description":"Le 5 regole da seguire per creare una firma email in HTML perfetta. Scopri come realizzarla con MailStyler, l'editor di template per newsletter.","og_url":"https:\/\/www.newslettercreator.com\/it\/firma-email-html\/","og_site_name":"Newsletter Creator","article_modified_time":"2021-02-11T09:43:59+00:00","og_image":[{"url":"http:\/\/www.newslettercreator.com\/wp-content\/uploads\/2014\/03\/how-to-design-email-signature.jpg","type":"","width":"","height":""}],"twitter_misc":{"Tempo di lettura stimato":"2 minuti"},"schema":{"@context":"https:\/\/schema.org","@graph":[{"@type":"WebPage","@id":"https:\/\/www.newslettercreator.com\/it\/firma-email-html\/","url":"https:\/\/www.newslettercreator.com\/it\/firma-email-html\/","name":"Creare una firma email in HTML - Newsletter Creator","isPartOf":{"@id":"https:\/\/www.newslettercreator.com\/#website"},"primaryImageOfPage":{"@id":"https:\/\/www.newslettercreator.com\/it\/firma-email-html\/#primaryimage"},"image":{"@id":"https:\/\/www.newslettercreator.com\/it\/firma-email-html\/#primaryimage"},"thumbnailUrl":"http:\/\/www.newslettercreator.com\/wp-content\/uploads\/2014\/03\/how-to-design-email-signature.jpg","datePublished":"2015-01-20T09:38:53+00:00","dateModified":"2021-02-11T09:43:59+00:00","description":"Le 5 regole da seguire per creare una firma email in HTML perfetta. Scopri come realizzarla con MailStyler, l'editor di template per newsletter.","breadcrumb":{"@id":"https:\/\/www.newslettercreator.com\/it\/firma-email-html\/#breadcrumb"},"inLanguage":"it-IT","potentialAction":[{"@type":"ReadAction","target":["https:\/\/www.newslettercreator.com\/it\/firma-email-html\/"]}]},{"@type":"ImageObject","inLanguage":"it-IT","@id":"https:\/\/www.newslettercreator.com\/it\/firma-email-html\/#primaryimage","url":"http:\/\/www.newslettercreator.com\/wp-content\/uploads\/2014\/03\/how-to-design-email-signature.jpg","contentUrl":"http:\/\/www.newslettercreator.com\/wp-content\/uploads\/2014\/03\/how-to-design-email-signature.jpg"},{"@type":"BreadcrumbList","@id":"https:\/\/www.newslettercreator.com\/it\/firma-email-html\/#breadcrumb","itemListElement":[{"@type":"ListItem","position":1,"name":"Home","item":"https:\/\/www.newslettercreator.com\/it\/"},{"@type":"ListItem","position":2,"name":"Creare una firma email in HTML"}]},{"@type":"WebSite","@id":"https:\/\/www.newslettercreator.com\/#website","url":"https:\/\/www.newslettercreator.com\/","name":"Newsletter Creator","description":"Pay off","potentialAction":[{"@type":"SearchAction","target":{"@type":"EntryPoint","urlTemplate":"https:\/\/www.newslettercreator.com\/?s={search_term_string}"},"query-input":{"@type":"PropertyValueSpecification","valueRequired":true,"valueName":"search_term_string"}}],"inLanguage":"it-IT"}]}},"_links":{"self":[{"href":"https:\/\/www.newslettercreator.com\/it\/wp-json\/wp\/v2\/pages\/2937","targetHints":{"allow":["GET"]}}],"collection":[{"href":"https:\/\/www.newslettercreator.com\/it\/wp-json\/wp\/v2\/pages"}],"about":[{"href":"https:\/\/www.newslettercreator.com\/it\/wp-json\/wp\/v2\/types\/page"}],"author":[{"embeddable":true,"href":"https:\/\/www.newslettercreator.com\/it\/wp-json\/wp\/v2\/users\/1"}],"replies":[{"embeddable":true,"href":"https:\/\/www.newslettercreator.com\/it\/wp-json\/wp\/v2\/comments?post=2937"}],"version-history":[{"count":3,"href":"https:\/\/www.newslettercreator.com\/it\/wp-json\/wp\/v2\/pages\/2937\/revisions"}],"predecessor-version":[{"id":10064,"href":"https:\/\/www.newslettercreator.com\/it\/wp-json\/wp\/v2\/pages\/2937\/revisions\/10064"}],"wp:attachment":[{"href":"https:\/\/www.newslettercreator.com\/it\/wp-json\/wp\/v2\/media?parent=2937"}],"curies":[{"name":"wp","href":"https:\/\/api.w.org\/{rel}","templated":true}]}}