{"id":2940,"date":"2015-01-20T09:44:38","date_gmt":"2015-01-20T09:44:38","guid":{"rendered":"http:\/\/www.newslettercreator.com\/?page_id=2940"},"modified":"2021-05-07T09:58:47","modified_gmt":"2021-05-07T07:58:47","slug":"template-mailchimp-creare","status":"publish","type":"page","link":"https:\/\/www.newslettercreator.com\/it\/template-mailchimp-creare\/","title":{"rendered":"Creare un template per Mailchimp"},"content":{"rendered":"<p><iframe width=\"669\" height=\"376\" src=\"https:\/\/www.youtube.com\/embed\/igsEevbbrBM?rel=0&amp;controls=1&amp;showinfo=0\" frameborder=\"0\" allowfullscreen><\/iframe><\/p>\n<p><strong>MailChimp<\/strong> \u00e8 una delle piattaforme pi\u00f9 popolari e affidabili per l&#8217;email marketing e l&#8217;<strong>invio di newsletter<\/strong>. Naturalmente, una campagna su MailChimp funziona al meglio se si utilizza un <strong>template efficace e scritto in HTML impeccabile<\/strong>. Questo per tre motivi :<\/p>\n<ul>\n<li>garantisce un <strong>flusso pi\u00f9 coerente ed elegante del contenuto<\/strong>;<\/li>\n<li>assicura una <strong>perfetta leggibilit\u00e0<\/strong> su tutti i dispositivi e webmail dove l&#8217;email \u00e8 aperta;<\/li>\n<li>contribuisce a migliorare la <strong>deliverability<\/strong> da parte di MailChimp (un template in codice pulito facilita che la newsletter arrivi correttamente a destinazione).<\/li>\n<\/ul>\n<p>Ora: la scelta migliore per creare rapidamente un template per MailChimp \u00e8 senz&#8217;altro <a href=\"http:\/\/www.newslettercreator.com\/it\/scarica-gratis\/\"><strong>MailStyler<\/strong><\/a>.<\/p>\n<p>Il nostro editor WYSIWYG consente di creare bellissimi layout di posta elettronica in pochi minuti: \u00e8 sufficiente <strong>trascinare e rilasciare degli elementi gi\u00e0 pronti<\/strong> \u2014 colonne, footer, header, box di testo e immagini, ecc. \u2014 sulla pagina e costruire la vostra newsletter &#8220;in diretta&#8221;. Senza <strong>scrivere nemmeno una riga ci codice<\/strong>.<\/p>\n<p>E dato che tutti questi elementi sono stati creati per essere <strong>compatibili con tutti i client di posta e webmail<\/strong>, il template finale sar\u00e0 visualizzato alla perfezione e avr\u00e0 sempre lo stesso aspetto <strong>ovunque verr\u00e0 aperto<\/strong>.<\/p>\n<p>Una volta creato, dovrete solo importare il template nell&#8217;editor di MailChimp e aggiungere gli ultimi tocchi alla vostra newsletter per poi inviarla. Semplicissimo!<\/p>\n<p>&nbsp;<\/p>\n<p style=\"text-align: center;\"><a class=\"button large orange\" style=\"margin-top: 20px; width: 157px; margin-right: 30px;\" title=\"Scarica la Demo\" href=\"http:\/\/www.newslettercreator.com\/it\/scarica-gratis\/\" target=\"_self\" rel=\"noopener noreferrer\">SCARICA LA DEMO<\/a><a class=\"button large darkgray\" style=\"margin-top: 20px; width: 157px;\" title=\"Acquista Mailstyler Pro\" href=\"http:\/\/www.newslettercreator.com\/it\/prezzi\/\" target=\"_self\" rel=\"noopener noreferrer\">MAILSTYLER PRO<\/a><\/p>\n<p style=\"text-align: center; font-size: 11px; margin-bottom: 30px;\">Ultima versione: 2.24.01.17 | Data di rilascio: 17\/01\/2024 | Dimensioni: 114.9 MB<br \/>\n<a href=\"http:\/\/www.newslettercreator.com\/it\/accordo-di-licenza-per-mailstyler\/\" target=\"_blank\" rel=\"noopener noreferrer\">Contratto di licenza<\/a> | <a href=\"http:\/\/www.newslettercreator.com\/it\/come-disinstallare-mailstyler\/\" target=\"_blank\" rel=\"noopener noreferrer\">Come disinstallare<\/a><\/p>\n","protected":false},"excerpt":{"rendered":"<p>MailChimp \u00e8 una delle piattaforme pi\u00f9 popolari e affidabili per l&#8217;email marketing e l&#8217;invio di newsletter. Naturalmente, una campagna su MailChimp funziona al meglio se si utilizza un template efficace e scritto in HTML impeccabile. Questo per tre motivi : garantisce un flusso pi\u00f9 coerente ed elegante del contenuto; assicura una perfetta leggibilit\u00e0 su tutti [&hellip;]<\/p>\n","protected":false},"author":1,"featured_media":0,"parent":0,"menu_order":0,"comment_status":"closed","ping_status":"closed","template":"g1_template_page_sidebar_right.php","meta":{"inline_featured_image":false,"_monsterinsights_skip_tracking":false,"_monsterinsights_sitenote_active":false,"_monsterinsights_sitenote_note":"","_monsterinsights_sitenote_category":0,"footnotes":""},"class_list":["post-2940","page","type-page","status-publish"],"yoast_head":"<!-- This site is optimized with the Yoast SEO plugin v25.2 - https:\/\/yoast.com\/wordpress\/plugins\/seo\/ -->\n<title>Creare un template per Mailchimp - Newsletter Creator<\/title>\n<meta name=\"description\" content=\"Crea bellissimi layout di posta elettronica in pochi minuti senza usare il codice HTML e importali direttamente su Mailchimp. Prova ora MailStyler!\" \/>\n<meta name=\"robots\" content=\"index, follow, max-snippet:-1, max-image-preview:large, max-video-preview:-1\" \/>\n<link rel=\"canonical\" href=\"https:\/\/www.newslettercreator.com\/it\/template-mailchimp-creare\/\" \/>\n<meta property=\"og:locale\" content=\"it_IT\" \/>\n<meta property=\"og:type\" content=\"article\" \/>\n<meta property=\"og:title\" content=\"Creare un template per Mailchimp - Newsletter Creator\" \/>\n<meta property=\"og:description\" content=\"Crea bellissimi layout di posta elettronica in pochi minuti senza usare il codice HTML e importali direttamente su Mailchimp. Prova ora MailStyler!\" \/>\n<meta property=\"og:url\" content=\"https:\/\/www.newslettercreator.com\/it\/template-mailchimp-creare\/\" \/>\n<meta property=\"og:site_name\" content=\"Newsletter Creator\" \/>\n<meta property=\"article:modified_time\" content=\"2021-05-07T07:58:47+00:00\" \/>\n<meta name=\"twitter:label1\" content=\"Tempo di lettura stimato\" \/>\n\t<meta name=\"twitter:data1\" content=\"1 minuto\" \/>\n<script type=\"application\/ld+json\" class=\"yoast-schema-graph\">{\"@context\":\"https:\/\/schema.org\",\"@graph\":[{\"@type\":\"WebPage\",\"@id\":\"https:\/\/www.newslettercreator.com\/it\/template-mailchimp-creare\/\",\"url\":\"https:\/\/www.newslettercreator.com\/it\/template-mailchimp-creare\/\",\"name\":\"Creare un template per Mailchimp - Newsletter Creator\",\"isPartOf\":{\"@id\":\"https:\/\/www.newslettercreator.com\/#website\"},\"datePublished\":\"2015-01-20T09:44:38+00:00\",\"dateModified\":\"2021-05-07T07:58:47+00:00\",\"description\":\"Crea bellissimi layout di posta elettronica in pochi minuti senza usare il codice HTML e importali direttamente su Mailchimp. Prova ora MailStyler!\",\"breadcrumb\":{\"@id\":\"https:\/\/www.newslettercreator.com\/it\/template-mailchimp-creare\/#breadcrumb\"},\"inLanguage\":\"it-IT\",\"potentialAction\":[{\"@type\":\"ReadAction\",\"target\":[\"https:\/\/www.newslettercreator.com\/it\/template-mailchimp-creare\/\"]}]},{\"@type\":\"BreadcrumbList\",\"@id\":\"https:\/\/www.newslettercreator.com\/it\/template-mailchimp-creare\/#breadcrumb\",\"itemListElement\":[{\"@type\":\"ListItem\",\"position\":1,\"name\":\"Home\",\"item\":\"https:\/\/www.newslettercreator.com\/it\/\"},{\"@type\":\"ListItem\",\"position\":2,\"name\":\"Creare un template per Mailchimp\"}]},{\"@type\":\"WebSite\",\"@id\":\"https:\/\/www.newslettercreator.com\/#website\",\"url\":\"https:\/\/www.newslettercreator.com\/\",\"name\":\"Newsletter Creator\",\"description\":\"Pay off\",\"potentialAction\":[{\"@type\":\"SearchAction\",\"target\":{\"@type\":\"EntryPoint\",\"urlTemplate\":\"https:\/\/www.newslettercreator.com\/?s={search_term_string}\"},\"query-input\":{\"@type\":\"PropertyValueSpecification\",\"valueRequired\":true,\"valueName\":\"search_term_string\"}}],\"inLanguage\":\"it-IT\"}]}<\/script>\n<!-- \/ Yoast SEO plugin. -->","yoast_head_json":{"title":"Creare un template per Mailchimp - Newsletter Creator","description":"Crea bellissimi layout di posta elettronica in pochi minuti senza usare il codice HTML e importali direttamente su Mailchimp. Prova ora MailStyler!","robots":{"index":"index","follow":"follow","max-snippet":"max-snippet:-1","max-image-preview":"max-image-preview:large","max-video-preview":"max-video-preview:-1"},"canonical":"https:\/\/www.newslettercreator.com\/it\/template-mailchimp-creare\/","og_locale":"it_IT","og_type":"article","og_title":"Creare un template per Mailchimp - Newsletter Creator","og_description":"Crea bellissimi layout di posta elettronica in pochi minuti senza usare il codice HTML e importali direttamente su Mailchimp. Prova ora MailStyler!","og_url":"https:\/\/www.newslettercreator.com\/it\/template-mailchimp-creare\/","og_site_name":"Newsletter Creator","article_modified_time":"2021-05-07T07:58:47+00:00","twitter_misc":{"Tempo di lettura stimato":"1 minuto"},"schema":{"@context":"https:\/\/schema.org","@graph":[{"@type":"WebPage","@id":"https:\/\/www.newslettercreator.com\/it\/template-mailchimp-creare\/","url":"https:\/\/www.newslettercreator.com\/it\/template-mailchimp-creare\/","name":"Creare un template per Mailchimp - Newsletter Creator","isPartOf":{"@id":"https:\/\/www.newslettercreator.com\/#website"},"datePublished":"2015-01-20T09:44:38+00:00","dateModified":"2021-05-07T07:58:47+00:00","description":"Crea bellissimi layout di posta elettronica in pochi minuti senza usare il codice HTML e importali direttamente su Mailchimp. Prova ora MailStyler!","breadcrumb":{"@id":"https:\/\/www.newslettercreator.com\/it\/template-mailchimp-creare\/#breadcrumb"},"inLanguage":"it-IT","potentialAction":[{"@type":"ReadAction","target":["https:\/\/www.newslettercreator.com\/it\/template-mailchimp-creare\/"]}]},{"@type":"BreadcrumbList","@id":"https:\/\/www.newslettercreator.com\/it\/template-mailchimp-creare\/#breadcrumb","itemListElement":[{"@type":"ListItem","position":1,"name":"Home","item":"https:\/\/www.newslettercreator.com\/it\/"},{"@type":"ListItem","position":2,"name":"Creare un template per Mailchimp"}]},{"@type":"WebSite","@id":"https:\/\/www.newslettercreator.com\/#website","url":"https:\/\/www.newslettercreator.com\/","name":"Newsletter Creator","description":"Pay off","potentialAction":[{"@type":"SearchAction","target":{"@type":"EntryPoint","urlTemplate":"https:\/\/www.newslettercreator.com\/?s={search_term_string}"},"query-input":{"@type":"PropertyValueSpecification","valueRequired":true,"valueName":"search_term_string"}}],"inLanguage":"it-IT"}]}},"_links":{"self":[{"href":"https:\/\/www.newslettercreator.com\/it\/wp-json\/wp\/v2\/pages\/2940","targetHints":{"allow":["GET"]}}],"collection":[{"href":"https:\/\/www.newslettercreator.com\/it\/wp-json\/wp\/v2\/pages"}],"about":[{"href":"https:\/\/www.newslettercreator.com\/it\/wp-json\/wp\/v2\/types\/page"}],"author":[{"embeddable":true,"href":"https:\/\/www.newslettercreator.com\/it\/wp-json\/wp\/v2\/users\/1"}],"replies":[{"embeddable":true,"href":"https:\/\/www.newslettercreator.com\/it\/wp-json\/wp\/v2\/comments?post=2940"}],"version-history":[{"count":5,"href":"https:\/\/www.newslettercreator.com\/it\/wp-json\/wp\/v2\/pages\/2940\/revisions"}],"predecessor-version":[{"id":10061,"href":"https:\/\/www.newslettercreator.com\/it\/wp-json\/wp\/v2\/pages\/2940\/revisions\/10061"}],"wp:attachment":[{"href":"https:\/\/www.newslettercreator.com\/it\/wp-json\/wp\/v2\/media?parent=2940"}],"curies":[{"name":"wp","href":"https:\/\/api.w.org\/{rel}","templated":true}]}}