{"id":3031,"date":"2015-02-06T10:26:39","date_gmt":"2015-02-06T10:26:39","guid":{"rendered":"http:\/\/www.newslettercreator.com\/?page_id=3031"},"modified":"2020-03-27T17:30:05","modified_gmt":"2020-03-27T16:30:05","slug":"ultimo-aggiornamento","status":"publish","type":"page","link":"https:\/\/www.newslettercreator.com\/it\/aiuto\/ultimo-aggiornamento\/","title":{"rendered":"Ultimo aggiornamento"},"content":{"rendered":"<div id=\"help-guide\">\n<p><strong>Version 1.5.0.0<\/strong><br \/>\nRilasciata il 30 maggio 2017<\/p>\n<ul>\n  <li>Aggiunta interpretazione dei colori in formato HTML negli appunti, quando si visualizza la finestra di gestione colori personalizzati.<\/li>\n  <li>Rimosso il limite di 255 caratteri per gli URL nelle caselle di testo per la gestione dei link.<\/li>\n  <li>Aggiunti link di aggiornamento a MailStyler 2.<\/li>\n  <li>Corretti bug minori.<\/li>\n<\/ul>\n<p><strong>Versione 1.4.4.0<\/strong><br \/>\n  Rilasciata il 30 gennaio 2017<\/p>\n<ul>\n  <li>Rilasciata nuova versione di SmartPreview con supporto per migliori anteprime responsive.<\/li>\n<\/ul>\n<p><strong>Versione 1.4.3.8<\/strong><br \/>\n  Rilasciata il 19 gennaio 2017<\/p>\n<ul>\n  <li>Corretto problema di compatibilit\u00e0 con yahoo mail per i blocchi responsive.<\/li>\n  <li>Corretta gestione allineamento per elementi LI su documenti e\/o paragrafi RTL.<\/li>\n<\/ul>\n<p><strong>Versione 1.4.3.2<\/strong><br \/>\n  Rilasciata il 8 novembre 2016<\/p>\n<ul>\n  <li>Corretto bug che in alcuni casi causava la disattivazione del software.<\/li>\n<\/ul>\n<p><strong>Versione 1.4.3.0<\/strong><br \/>\n  Rilasciata il 10 agosto 2016<\/p>\n<ul>\n  <li>Aggiornata la firma digitale.<\/li>\n  <li>Migliorata la velocit\u00e0 di elaborazione immagini.<\/li>\n  <li>Corretti bug minori.<\/li>\n<\/ul>\n<p><strong>Versione 1.4.2.0<\/strong><br \/>\n  Rilasciata il 18 aprile 2016<\/p>\n<ul>\n  <li>Aggiunto supporto per le parentesi graffe negli URL.<\/li>\n  <li>Aggiunti 4 nuovi stili.<\/li>\n  <li>Corretto bug che in alcuni casi causava l'errore &quot;Out of memory&quot; durante il salvataggio.<\/li>\n  <li>Corretti altri bug minori.<\/li>\n<\/ul> \n<p><strong>Versione 1.4.1.2<\/strong><br \/>\n  Rilasciata il 3 marzo 2016<\/p>\n<ul>\n  <li>SmartPreview ora supporta la visualizzazione orizzontale per l'anteprima mobile.<\/li>\n  <li>Corretti bug minori.<\/li>\n<\/ul>\n<p><strong>Versione 1.4.0.1<\/strong><br \/>\nRilasciata il 4 Febbraio 2016<\/p>\n<ul>\n  <li>SmartPreview \u00e8 ora la modalit\u00e0 di anteprima predefinita. Disponibile anche in modalit\u00e0 Demo, permette ora l'anteprima in modalit\u00e0 PC e in modalit\u00e0 mobile. Le anteprima nel browser e nel client di posta sono disponibili solo nella versione a pagamento.<\/li>\n  <li>Aggiunto supporto per i link di tipo #.<\/li>\n  <li>Aggiunta integrazione con il plugin di <a href=\"http:\/\/emailchef.com\/\" target=\"_blank\">eMailChef<\/a> con upload senza limitazioni anche in modalit\u00e0 Demo.<\/li>\n<\/ul>\n<p><strong>Versione 1.3.3.0<\/strong><br \/>\n  Rilasciata il 2 Novembre 2015<\/p>\n<ul>\n  <li>Il tag &quot;Title&quot; non \u00e8 pi\u00f9 presente nell'HTML esportato.<\/li>\n  <li>Il messaggio di avviso visualizzato quando si cerca di aprire un file mentre il lavoro corrente non \u00e8 stato salvato, ora dispone anche del pulsante &quot;Annulla&quot;.<\/li>\n  <li>Il messaggio che avvisa della disponibilit\u00e0 di nuovi aggiornamenti ora viene visualizzato anche agli utenti senza diritti di amministrazione.<\/li>\n  <li>Corretti bug minori.<\/li>\n<\/ul>\n<p><strong>Versione 1.3.2.2<\/strong><br \/>\n  Rilasciata il 16 Ottobre 2015<\/p>\n<ul>\n  <li>Aggiunti tag VIEW ON LINE in alcuni blocchi.  <\/li>\n  <li>Corretto messaggio di errore in fase di esportazione in presenza di immagini GIF.<\/li>\n<\/ul>\n<p><strong>Versione 1.3.1.0<\/strong><br \/>\n  Rilasciata il 4 Agosto 2015<\/p>\n<ul>\n  <li>Pronto per Windows 10.<\/li>\n  <li>Aggiunta opzione nelle impostazioni per definire il protocollo per le immagini caricate su cloud.<\/li>\n  <li>Corretti bug minori.<\/li>\n<\/ul>\n<p><strong>Versione 1.3.0.0<\/strong><br \/>\n  Rilasciata il 17 Giugno 2015<\/p>\n<ul>\n  <li>I file di MailStyler sono ora pi\u00f9 piccoli e pi\u00f9 veloci da caricare e salvare.<\/li>\n  <li>Durante le esportazioni un nuovo passaggio indica con chiarezza il peso della newsletter.<\/li>\n  <li>L'esportazione \u00e8 anch'essa pi\u00f9 veloce grazie ad un nuovo server dedicato alle esportazioni cloud.<\/li>\n  <li>Aggiunto supporto per i link telefonici.<\/li>\n  <li>Corretti bug minori.<\/li>\n<\/ul>\n<p><strong>Versione 1.2.0.0<\/strong><br \/>\n  Rilasciata il 18 Marzo 2015<\/p>\n<ul>\n  <li>Migliorato il  supporto per bordi e margini per mail visualizzate in Outlook 2007, 2010 e 2013.<\/li>\n  <li>Aggiunta finestra di inserimento caratteri speciali (tasto destro sul testo e selezionare la relativa voce di menu).<\/li>\n  <li>I pulsanti possono ora essere creati con qualsiasi font installato nel sistema.<\/li>\n  <li>Corretti bug minori.<\/li>\n<\/ul>\n<p><strong>Versione 1.1.2.0<\/strong><br \/>\nRilasciata il 29 Gennaio 2015<\/p>\n<ul>\n  <li>Migliorato il supporto a Yahoo! Mail.<\/li>\n  <li>Aggiunti nuovi blocchi.<\/li>\n  <li>Corretto l'errore di download della Libreria Immagini Full su Windows XP.<\/li>\n  <li>Corretti bug minori.<\/li>\n<\/ul>\n<p><strong>Versione 1.1.1.0<\/strong><br \/>\nRilasciata il 22 Dicembre 2014<\/p>\n<ul>\n  <li>Aggiunto il supporto a Thunderbird su anteprima ed esportazione.<\/li>\n  <li>Aggiunti 4 nuovi blocchi.<\/li>\n  <li>Migliorata l'integrazione di SmartPreview.<\/li>\n  <li>Corretti bug minori.<\/li>\n<\/ul>\n<p><strong>Versione 1.1.0.2<\/strong><br \/>\nRilasciata il 12 Dicembre 2014<\/p>\n<ul>\n  <li>Aggiunto il supporto per il testo giustificato su MS Outlook.<\/li>\n  <li>Corretto l'errore del blocco responsive che mostrava un template vuoto dopo il caricamento su SendBlaster.<\/li>\n<\/ul>\n<p><strong>Versione 1.1.0.0<\/strong><br \/>\nRilasciata il 9 Dicembre 2014<\/p>\n<ul>\n  <li>Aggiunta la funzione di anteprima sui dispositivi mobili (SmartPreview).<\/li>\n  <li>Aggiunte 4 nuove categorie nella libreria immagini: Natale, Capodanno, Pasqua, Halloween.<\/li>\n  <li>Aggiunto supporto per altezza riga in-linea.<\/li>\n  <li>Aggiunta l'icona Copia\/Incolla nella barra strumenti.<\/li>\n  <li>Aggiunto supporto per l'allineamento giustificato del testo .<\/li>\n  <li>Corretti bug minori.<\/li>\n<\/ul>\n<p><strong>Versione 1.0.3.0<\/strong><br \/>\nRilasciata il 20 Novembre 2014<\/p>\n<ul>\n  <li>Aggiunta compatibilit&agrave; dei blocchi responsive per Yahoo! mail.<\/li>\n  <li>Corretto errore registrazione non memorizzata.<\/li>\n  <li>Corretta la gestione dei caratteri &amp; nelle URL.<\/li>\n  <li>Corretti bug minori.<\/li><\/ul>\n<p><strong>Versione 1.0.2.23<\/strong><br \/>\nRilasciata il 3 Novembre 2014<\/p>\n<p>Vedi anche<br>\n  <a href=\"http:\/\/www.newslettercreator.com\/it\/help\/overview\/\">Panoramica\n<\/a><\/p>\n\n<\/div>\n","protected":false},"excerpt":{"rendered":"","protected":false},"author":1,"featured_media":0,"parent":3025,"menu_order":0,"comment_status":"closed","ping_status":"closed","template":"g1_template_page_sidebar_left.php","meta":{"inline_featured_image":false,"_monsterinsights_skip_tracking":false,"_monsterinsights_sitenote_active":false,"_monsterinsights_sitenote_note":"","_monsterinsights_sitenote_category":0,"footnotes":""},"class_list":["post-3031","page","type-page","status-publish"],"yoast_head":"<!-- This site is optimized with the Yoast SEO plugin v25.2 - https:\/\/yoast.com\/wordpress\/plugins\/seo\/ -->\n<title>Ultimo aggiornamento - Newsletter Creator<\/title>\n<meta name=\"robots\" content=\"index, follow, max-snippet:-1, max-image-preview:large, max-video-preview:-1\" \/>\n<link rel=\"canonical\" href=\"https:\/\/www.newslettercreator.com\/it\/aiuto\/ultimo-aggiornamento\/\" \/>\n<meta property=\"og:locale\" content=\"it_IT\" \/>\n<meta property=\"og:type\" content=\"article\" \/>\n<meta property=\"og:title\" content=\"Ultimo aggiornamento - Newsletter Creator\" \/>\n<meta property=\"og:url\" content=\"https:\/\/www.newslettercreator.com\/it\/aiuto\/ultimo-aggiornamento\/\" \/>\n<meta property=\"og:site_name\" content=\"Newsletter Creator\" \/>\n<meta property=\"article:modified_time\" content=\"2020-03-27T16:30:05+00:00\" \/>\n<script type=\"application\/ld+json\" class=\"yoast-schema-graph\">{\"@context\":\"https:\/\/schema.org\",\"@graph\":[{\"@type\":\"WebPage\",\"@id\":\"https:\/\/www.newslettercreator.com\/it\/aiuto\/ultimo-aggiornamento\/\",\"url\":\"https:\/\/www.newslettercreator.com\/it\/aiuto\/ultimo-aggiornamento\/\",\"name\":\"Ultimo aggiornamento - Newsletter Creator\",\"isPartOf\":{\"@id\":\"https:\/\/www.newslettercreator.com\/#website\"},\"datePublished\":\"2015-02-06T10:26:39+00:00\",\"dateModified\":\"2020-03-27T16:30:05+00:00\",\"breadcrumb\":{\"@id\":\"https:\/\/www.newslettercreator.com\/it\/aiuto\/ultimo-aggiornamento\/#breadcrumb\"},\"inLanguage\":\"it-IT\",\"potentialAction\":[{\"@type\":\"ReadAction\",\"target\":[\"https:\/\/www.newslettercreator.com\/it\/aiuto\/ultimo-aggiornamento\/\"]}]},{\"@type\":\"BreadcrumbList\",\"@id\":\"https:\/\/www.newslettercreator.com\/it\/aiuto\/ultimo-aggiornamento\/#breadcrumb\",\"itemListElement\":[{\"@type\":\"ListItem\",\"position\":1,\"name\":\"Home\",\"item\":\"https:\/\/www.newslettercreator.com\/it\/\"},{\"@type\":\"ListItem\",\"position\":2,\"name\":\"Guida utente\",\"item\":\"https:\/\/www.newslettercreator.com\/it\/aiuto\/\"},{\"@type\":\"ListItem\",\"position\":3,\"name\":\"Ultimo aggiornamento\"}]},{\"@type\":\"WebSite\",\"@id\":\"https:\/\/www.newslettercreator.com\/#website\",\"url\":\"https:\/\/www.newslettercreator.com\/\",\"name\":\"Newsletter Creator\",\"description\":\"Pay off\",\"potentialAction\":[{\"@type\":\"SearchAction\",\"target\":{\"@type\":\"EntryPoint\",\"urlTemplate\":\"https:\/\/www.newslettercreator.com\/?s={search_term_string}\"},\"query-input\":{\"@type\":\"PropertyValueSpecification\",\"valueRequired\":true,\"valueName\":\"search_term_string\"}}],\"inLanguage\":\"it-IT\"}]}<\/script>\n<!-- \/ Yoast SEO plugin. -->","yoast_head_json":{"title":"Ultimo aggiornamento - Newsletter Creator","robots":{"index":"index","follow":"follow","max-snippet":"max-snippet:-1","max-image-preview":"max-image-preview:large","max-video-preview":"max-video-preview:-1"},"canonical":"https:\/\/www.newslettercreator.com\/it\/aiuto\/ultimo-aggiornamento\/","og_locale":"it_IT","og_type":"article","og_title":"Ultimo aggiornamento - Newsletter Creator","og_url":"https:\/\/www.newslettercreator.com\/it\/aiuto\/ultimo-aggiornamento\/","og_site_name":"Newsletter Creator","article_modified_time":"2020-03-27T16:30:05+00:00","schema":{"@context":"https:\/\/schema.org","@graph":[{"@type":"WebPage","@id":"https:\/\/www.newslettercreator.com\/it\/aiuto\/ultimo-aggiornamento\/","url":"https:\/\/www.newslettercreator.com\/it\/aiuto\/ultimo-aggiornamento\/","name":"Ultimo aggiornamento - Newsletter Creator","isPartOf":{"@id":"https:\/\/www.newslettercreator.com\/#website"},"datePublished":"2015-02-06T10:26:39+00:00","dateModified":"2020-03-27T16:30:05+00:00","breadcrumb":{"@id":"https:\/\/www.newslettercreator.com\/it\/aiuto\/ultimo-aggiornamento\/#breadcrumb"},"inLanguage":"it-IT","potentialAction":[{"@type":"ReadAction","target":["https:\/\/www.newslettercreator.com\/it\/aiuto\/ultimo-aggiornamento\/"]}]},{"@type":"BreadcrumbList","@id":"https:\/\/www.newslettercreator.com\/it\/aiuto\/ultimo-aggiornamento\/#breadcrumb","itemListElement":[{"@type":"ListItem","position":1,"name":"Home","item":"https:\/\/www.newslettercreator.com\/it\/"},{"@type":"ListItem","position":2,"name":"Guida utente","item":"https:\/\/www.newslettercreator.com\/it\/aiuto\/"},{"@type":"ListItem","position":3,"name":"Ultimo aggiornamento"}]},{"@type":"WebSite","@id":"https:\/\/www.newslettercreator.com\/#website","url":"https:\/\/www.newslettercreator.com\/","name":"Newsletter Creator","description":"Pay off","potentialAction":[{"@type":"SearchAction","target":{"@type":"EntryPoint","urlTemplate":"https:\/\/www.newslettercreator.com\/?s={search_term_string}"},"query-input":{"@type":"PropertyValueSpecification","valueRequired":true,"valueName":"search_term_string"}}],"inLanguage":"it-IT"}]}},"_links":{"self":[{"href":"https:\/\/www.newslettercreator.com\/it\/wp-json\/wp\/v2\/pages\/3031","targetHints":{"allow":["GET"]}}],"collection":[{"href":"https:\/\/www.newslettercreator.com\/it\/wp-json\/wp\/v2\/pages"}],"about":[{"href":"https:\/\/www.newslettercreator.com\/it\/wp-json\/wp\/v2\/types\/page"}],"author":[{"embeddable":true,"href":"https:\/\/www.newslettercreator.com\/it\/wp-json\/wp\/v2\/users\/1"}],"replies":[{"embeddable":true,"href":"https:\/\/www.newslettercreator.com\/it\/wp-json\/wp\/v2\/comments?post=3031"}],"version-history":[{"count":3,"href":"https:\/\/www.newslettercreator.com\/it\/wp-json\/wp\/v2\/pages\/3031\/revisions"}],"predecessor-version":[{"id":9494,"href":"https:\/\/www.newslettercreator.com\/it\/wp-json\/wp\/v2\/pages\/3031\/revisions\/9494"}],"up":[{"embeddable":true,"href":"https:\/\/www.newslettercreator.com\/it\/wp-json\/wp\/v2\/pages\/3025"}],"wp:attachment":[{"href":"https:\/\/www.newslettercreator.com\/it\/wp-json\/wp\/v2\/media?parent=3031"}],"curies":[{"name":"wp","href":"https:\/\/api.w.org\/{rel}","templated":true}]}}