{"id":3183,"date":"2015-02-19T11:04:25","date_gmt":"2015-02-19T11:04:25","guid":{"rendered":"http:\/\/www.newslettercreator.com\/?page_id=3183"},"modified":"2015-03-27T08:39:52","modified_gmt":"2015-03-27T08:39:52","slug":"editor-per-newsletter","status":"publish","type":"page","link":"https:\/\/www.newslettercreator.com\/it\/editor-per-newsletter\/","title":{"rendered":"Editor per newsletter"},"content":{"rendered":"<p><img decoding=\"async\" class=\"alignnone size-full wp-image-237\" src=\"http:\/\/www.newslettercreator.com\/wp-content\/uploads\/2014\/03\/newsletter-editor.jpg\" alt=\"Editor per newsletter\" width=\"649\" height=\"423\" \/><\/p>\n<p>Chi non ha mai voluto migliorare la grafica delle proprie newsletter per ottenere un maggiore coinvolgimento da parte dei contatti? Un <strong>editor di newsletter<\/strong> \u00e8 la soluzione migliore, ma bisogna procedere con le dovute cautele.<\/p>\n<p>Se \u00e8 vero che una buona grafica aiuta a comunicare, costruire la newsletter pi\u00f9 adatta alle proprie esigenze pu\u00f2 significare utilizzare <strong>soluzioni complesse<\/strong> e inutilmente complicate. Chi padroneggia alla perfezione <strong>HTML e CSS<\/strong> pu\u00f2 programmare direttamente il proprio template a proprio rischio (\u00e8 facile scoprire che in un determinato client la newsletter \u00e8 visualizzata male tramite un test come Litmus). Ma per tutti gli altri \u00e8 meglio utilizzare un <strong>editor per newsletter<\/strong>.<\/p>\n<p>In effetti, la cosa pi\u00f9 importante cui fare attenzione, nell&#8217;utilizzo di un editor di email &#8211; soprattutto se gratuito! &#8211; \u00e8 il codice che viene generato per il template: spesso si ottiene dell\u2019HTML impreciso, che porta a una <strong>scorretta visualizzazione<\/strong> delle vostre newsletter sui diversi client di posta. Tutto lavoro sprecato.<\/p>\n<p>La soluzione migliore?<\/p>\n<p><strong><a href=\"http:\/\/www.newslettercreator.com\/utils\/download\/pre-download.php\" title=\"MailStyler\">MailStyler<\/a><\/strong>, l&#8217;editor di newsletter che vi consente di creare template HTML <strong>compatibili con tutti i client di posta<\/strong>.<\/p>\n<p>MailStyler sfrutta le pi\u00f9 moderne tecnologie per aiutarvi a costruire una <strong>newsletter impeccabile<\/strong>: impostate la vostra email attraverso i blocchi preimpostati (header, corpo, footer, call to action, ecc.) e ottenete un template pronto per essere esportato come grafica fissa o responsive per ogni tipo di device. Realizzare una splendida newsletter senza conoscere alcun linguaggio di programmazione non \u00e8 mai stato cos\u00ec facile.<\/p>\n<p>Dovete solo pensare al contenuto: <strong>del resto si occupa MailStyler<\/strong>.<\/p>\n<p>&nbsp;<\/p>\n<p style=\"text-align: center;\"><a class=\"button large orange\" style=\"margin-top: 20px; width: 157px; margin-right: 30px;\" title=\"Scarica la Demo\" href=\"http:\/\/www.newslettercreator.com\/it\/scarica-gratis\/\" target=\"_self\">SCARICA LA DEMO<\/a><a class=\"button large darkgray\" style=\"margin-top: 20px; width: 157px;\" title=\"Acquista Mailstyler Pro\" href=\"http:\/\/www.newslettercreator.com\/it\/prezzi\/\" target=\"_self\">MAILSTYLER PRO<\/a><\/p>\n<p style=\"text-align: center; font-size: 11px; margin-bottom: 30px;\">Ultima versione: 2.24.01.17 | Data di rilascio: 17\/01\/2024 | Dimensioni: 114.9 MB<br \/>\n<a href=\"http:\/\/www.newslettercreator.com\/it\/accordo-di-licenza-per-mailstyler\/\" target=\"_blank\">Contratto di licenza<\/a> | <a href=\"http:\/\/www.newslettercreator.com\/it\/come-disinstallare-mailstyler\/\" target=\"_blank\">Come disinstallare<\/a><\/p>\n","protected":false},"excerpt":{"rendered":"<p>Chi non ha mai voluto migliorare la grafica delle proprie newsletter per ottenere un maggiore coinvolgimento da parte dei contatti? Un editor di newsletter \u00e8 la soluzione migliore, ma bisogna procedere con le dovute cautele. Se \u00e8 vero che una buona grafica aiuta a comunicare, costruire la newsletter pi\u00f9 adatta alle proprie esigenze pu\u00f2 significare [&hellip;]<\/p>\n","protected":false},"author":1,"featured_media":0,"parent":0,"menu_order":0,"comment_status":"closed","ping_status":"closed","template":"g1_template_page_sidebar_right.php","meta":{"inline_featured_image":false,"_monsterinsights_skip_tracking":false,"_monsterinsights_sitenote_active":false,"_monsterinsights_sitenote_note":"","_monsterinsights_sitenote_category":0,"footnotes":""},"class_list":["post-3183","page","type-page","status-publish"],"yoast_head":"<!-- This site is optimized with the Yoast SEO plugin v25.2 - https:\/\/yoast.com\/wordpress\/plugins\/seo\/ -->\n<title>Editor per newsletter<\/title>\n<meta name=\"description\" content=\"Un editor per le newsletter \u00e8 uno strumento chiave per creare dei template email efficaci. MailStyler consente di farlo con pochi movimenti del mouse.\" \/>\n<meta name=\"robots\" content=\"index, follow, max-snippet:-1, max-image-preview:large, max-video-preview:-1\" \/>\n<link rel=\"canonical\" href=\"https:\/\/www.newslettercreator.com\/it\/editor-per-newsletter\/\" \/>\n<meta property=\"og:locale\" content=\"it_IT\" \/>\n<meta property=\"og:type\" content=\"article\" \/>\n<meta property=\"og:title\" content=\"Editor per newsletter\" \/>\n<meta property=\"og:description\" content=\"Un editor per le newsletter \u00e8 uno strumento chiave per creare dei template email efficaci. MailStyler consente di farlo con pochi movimenti del mouse.\" \/>\n<meta property=\"og:url\" content=\"https:\/\/www.newslettercreator.com\/it\/editor-per-newsletter\/\" \/>\n<meta property=\"og:site_name\" content=\"Newsletter Creator\" \/>\n<meta property=\"article:modified_time\" content=\"2015-03-27T08:39:52+00:00\" \/>\n<meta property=\"og:image\" content=\"http:\/\/www.newslettercreator.com\/wp-content\/uploads\/2014\/03\/newsletter-editor.jpg\" \/>\n<meta name=\"twitter:label1\" content=\"Tempo di lettura stimato\" \/>\n\t<meta name=\"twitter:data1\" content=\"1 minuto\" \/>\n<script type=\"application\/ld+json\" class=\"yoast-schema-graph\">{\"@context\":\"https:\/\/schema.org\",\"@graph\":[{\"@type\":\"WebPage\",\"@id\":\"https:\/\/www.newslettercreator.com\/it\/editor-per-newsletter\/\",\"url\":\"https:\/\/www.newslettercreator.com\/it\/editor-per-newsletter\/\",\"name\":\"Editor per newsletter\",\"isPartOf\":{\"@id\":\"https:\/\/www.newslettercreator.com\/#website\"},\"primaryImageOfPage\":{\"@id\":\"https:\/\/www.newslettercreator.com\/it\/editor-per-newsletter\/#primaryimage\"},\"image\":{\"@id\":\"https:\/\/www.newslettercreator.com\/it\/editor-per-newsletter\/#primaryimage\"},\"thumbnailUrl\":\"http:\/\/www.newslettercreator.com\/wp-content\/uploads\/2014\/03\/newsletter-editor.jpg\",\"datePublished\":\"2015-02-19T11:04:25+00:00\",\"dateModified\":\"2015-03-27T08:39:52+00:00\",\"description\":\"Un editor per le newsletter \u00e8 uno strumento chiave per creare dei template email efficaci. MailStyler consente di farlo con pochi movimenti del mouse.\",\"breadcrumb\":{\"@id\":\"https:\/\/www.newslettercreator.com\/it\/editor-per-newsletter\/#breadcrumb\"},\"inLanguage\":\"it-IT\",\"potentialAction\":[{\"@type\":\"ReadAction\",\"target\":[\"https:\/\/www.newslettercreator.com\/it\/editor-per-newsletter\/\"]}]},{\"@type\":\"ImageObject\",\"inLanguage\":\"it-IT\",\"@id\":\"https:\/\/www.newslettercreator.com\/it\/editor-per-newsletter\/#primaryimage\",\"url\":\"http:\/\/www.newslettercreator.com\/wp-content\/uploads\/2014\/03\/newsletter-editor.jpg\",\"contentUrl\":\"http:\/\/www.newslettercreator.com\/wp-content\/uploads\/2014\/03\/newsletter-editor.jpg\"},{\"@type\":\"BreadcrumbList\",\"@id\":\"https:\/\/www.newslettercreator.com\/it\/editor-per-newsletter\/#breadcrumb\",\"itemListElement\":[{\"@type\":\"ListItem\",\"position\":1,\"name\":\"Home\",\"item\":\"https:\/\/www.newslettercreator.com\/it\/\"},{\"@type\":\"ListItem\",\"position\":2,\"name\":\"Editor per newsletter\"}]},{\"@type\":\"WebSite\",\"@id\":\"https:\/\/www.newslettercreator.com\/#website\",\"url\":\"https:\/\/www.newslettercreator.com\/\",\"name\":\"Newsletter Creator\",\"description\":\"Pay off\",\"potentialAction\":[{\"@type\":\"SearchAction\",\"target\":{\"@type\":\"EntryPoint\",\"urlTemplate\":\"https:\/\/www.newslettercreator.com\/?s={search_term_string}\"},\"query-input\":{\"@type\":\"PropertyValueSpecification\",\"valueRequired\":true,\"valueName\":\"search_term_string\"}}],\"inLanguage\":\"it-IT\"}]}<\/script>\n<!-- \/ Yoast SEO plugin. -->","yoast_head_json":{"title":"Editor per newsletter","description":"Un editor per le newsletter \u00e8 uno strumento chiave per creare dei template email efficaci. MailStyler consente di farlo con pochi movimenti del mouse.","robots":{"index":"index","follow":"follow","max-snippet":"max-snippet:-1","max-image-preview":"max-image-preview:large","max-video-preview":"max-video-preview:-1"},"canonical":"https:\/\/www.newslettercreator.com\/it\/editor-per-newsletter\/","og_locale":"it_IT","og_type":"article","og_title":"Editor per newsletter","og_description":"Un editor per le newsletter \u00e8 uno strumento chiave per creare dei template email efficaci. MailStyler consente di farlo con pochi movimenti del mouse.","og_url":"https:\/\/www.newslettercreator.com\/it\/editor-per-newsletter\/","og_site_name":"Newsletter Creator","article_modified_time":"2015-03-27T08:39:52+00:00","og_image":[{"url":"http:\/\/www.newslettercreator.com\/wp-content\/uploads\/2014\/03\/newsletter-editor.jpg","type":"","width":"","height":""}],"twitter_misc":{"Tempo di lettura stimato":"1 minuto"},"schema":{"@context":"https:\/\/schema.org","@graph":[{"@type":"WebPage","@id":"https:\/\/www.newslettercreator.com\/it\/editor-per-newsletter\/","url":"https:\/\/www.newslettercreator.com\/it\/editor-per-newsletter\/","name":"Editor per newsletter","isPartOf":{"@id":"https:\/\/www.newslettercreator.com\/#website"},"primaryImageOfPage":{"@id":"https:\/\/www.newslettercreator.com\/it\/editor-per-newsletter\/#primaryimage"},"image":{"@id":"https:\/\/www.newslettercreator.com\/it\/editor-per-newsletter\/#primaryimage"},"thumbnailUrl":"http:\/\/www.newslettercreator.com\/wp-content\/uploads\/2014\/03\/newsletter-editor.jpg","datePublished":"2015-02-19T11:04:25+00:00","dateModified":"2015-03-27T08:39:52+00:00","description":"Un editor per le newsletter \u00e8 uno strumento chiave per creare dei template email efficaci. MailStyler consente di farlo con pochi movimenti del mouse.","breadcrumb":{"@id":"https:\/\/www.newslettercreator.com\/it\/editor-per-newsletter\/#breadcrumb"},"inLanguage":"it-IT","potentialAction":[{"@type":"ReadAction","target":["https:\/\/www.newslettercreator.com\/it\/editor-per-newsletter\/"]}]},{"@type":"ImageObject","inLanguage":"it-IT","@id":"https:\/\/www.newslettercreator.com\/it\/editor-per-newsletter\/#primaryimage","url":"http:\/\/www.newslettercreator.com\/wp-content\/uploads\/2014\/03\/newsletter-editor.jpg","contentUrl":"http:\/\/www.newslettercreator.com\/wp-content\/uploads\/2014\/03\/newsletter-editor.jpg"},{"@type":"BreadcrumbList","@id":"https:\/\/www.newslettercreator.com\/it\/editor-per-newsletter\/#breadcrumb","itemListElement":[{"@type":"ListItem","position":1,"name":"Home","item":"https:\/\/www.newslettercreator.com\/it\/"},{"@type":"ListItem","position":2,"name":"Editor per newsletter"}]},{"@type":"WebSite","@id":"https:\/\/www.newslettercreator.com\/#website","url":"https:\/\/www.newslettercreator.com\/","name":"Newsletter Creator","description":"Pay off","potentialAction":[{"@type":"SearchAction","target":{"@type":"EntryPoint","urlTemplate":"https:\/\/www.newslettercreator.com\/?s={search_term_string}"},"query-input":{"@type":"PropertyValueSpecification","valueRequired":true,"valueName":"search_term_string"}}],"inLanguage":"it-IT"}]}},"_links":{"self":[{"href":"https:\/\/www.newslettercreator.com\/it\/wp-json\/wp\/v2\/pages\/3183","targetHints":{"allow":["GET"]}}],"collection":[{"href":"https:\/\/www.newslettercreator.com\/it\/wp-json\/wp\/v2\/pages"}],"about":[{"href":"https:\/\/www.newslettercreator.com\/it\/wp-json\/wp\/v2\/types\/page"}],"author":[{"embeddable":true,"href":"https:\/\/www.newslettercreator.com\/it\/wp-json\/wp\/v2\/users\/1"}],"replies":[{"embeddable":true,"href":"https:\/\/www.newslettercreator.com\/it\/wp-json\/wp\/v2\/comments?post=3183"}],"version-history":[{"count":4,"href":"https:\/\/www.newslettercreator.com\/it\/wp-json\/wp\/v2\/pages\/3183\/revisions"}],"predecessor-version":[{"id":3253,"href":"https:\/\/www.newslettercreator.com\/it\/wp-json\/wp\/v2\/pages\/3183\/revisions\/3253"}],"wp:attachment":[{"href":"https:\/\/www.newslettercreator.com\/it\/wp-json\/wp\/v2\/media?parent=3183"}],"curies":[{"name":"wp","href":"https:\/\/api.w.org\/{rel}","templated":true}]}}