{"id":3223,"date":"2015-03-02T14:38:27","date_gmt":"2015-03-02T14:38:27","guid":{"rendered":"http:\/\/www.newslettercreator.com\/?page_id=3223"},"modified":"2015-03-04T14:32:16","modified_gmt":"2015-03-04T14:32:16","slug":"template-per-mailup","status":"publish","type":"page","link":"https:\/\/www.newslettercreator.com\/it\/template-per-mailup\/","title":{"rendered":"Creare template per MailUp"},"content":{"rendered":"<p><img decoding=\"async\" src=\"http:\/\/www.newslettercreator.com\/wp-content\/uploads\/2015\/03\/template-mailup-mailstyler.jpg\" alt=\"template mailup\" width=\"649\" height=\"194\" class=\"alignnone size-full wp-image-3224\" srcset=\"https:\/\/www.newslettercreator.com\/wp-content\/uploads\/2015\/03\/template-mailup-mailstyler.jpg 649w, https:\/\/www.newslettercreator.com\/wp-content\/uploads\/2015\/03\/template-mailup-mailstyler-300x90.jpg 300w, https:\/\/www.newslettercreator.com\/wp-content\/uploads\/2015\/03\/template-mailup-mailstyler-636x190.jpg 636w, https:\/\/www.newslettercreator.com\/wp-content\/uploads\/2015\/03\/template-mailup-mailstyler-320x96.jpg 320w, https:\/\/www.newslettercreator.com\/wp-content\/uploads\/2015\/03\/template-mailup-mailstyler-239x71.jpg 239w\" sizes=\"(max-width: 649px) 100vw, 649px\" \/><\/p>\n<p>State cercando il <strong>template ideale<\/strong> per la vostra campagna di newsletter su <strong>MailUp<\/strong>, ma non riuscite a trovarlo? Forse la soluzione migliore \u00e8 <strong>crearlo da soli<\/strong>.<\/p>\n<p>MailUp \u00e8 una delle piattaforme di invio email pi\u00f9 diffuse in Italia &#8211; e non solo. Fornisce inoltre un buon numero di template per email gratuiti da personalizzare a piacimento. Per ottenere il massimo dalla vostra strategia di email marketing con MailUp, tuttavia, \u00e8 consigliabile impostare un <strong>design coerente con il proprio brand<\/strong>, che sfugga ai limiti canonici dei pacchetti di template gi\u00e0 pronti. Qualcosa di davvero unico, di davvero vostro.<\/p>\n<p>Purtroppo, la creazione di un template per newsletter necessita di una <strong>conoscenza approfondita dell&#8217;HTML<\/strong>, e di una lunga e noiosa serie di test su diversi client di posta per assicurare che abbia sempre un rendering adeguato.<br \/>\nMa ora c&#8217;\u00e8 una soluzione: <a href=\"http:\/\/www.newslettercreator.com\/it\/scarica-gratis\/\">MailStyler<\/a>.<\/p>\n<p>Con MailStyler potrete comporre delle newsletter perfette in pochi istanti, grazie a un semplicissimo <strong>sistema di drag and drop<\/strong>: scegliete da un vasto parco di elementi gi\u00e0 pronti (colonne, box di testo, footer&#8230;) e li trascinate e rilasciate sulla pagina. Il tutto senza una sola riga di HTML, e con la certezza che il modello risultante sar\u00e0 <strong>sempre visualizzato senza sbavature<\/strong> su qualsiasi webmail o client (applicazioni mobile incluse).<\/p>\n<p>Una volta terminato, potete esportare il vostro template e caricarlo su MailUp in pochi istanti. Ogni email create con MailStyler \u00e8 infatti compatibile con tutti i principali software e servizi di invio newsletter, fra cui appunto MailUp.<\/p>\n<p><a href=\"http:\/\/www.newslettercreator.com\/it\/scarica-gratis\/\">Provatelo subito<\/a>: \u00e8 davvero semplicissimo!<\/p>\n<p style=\"text-align: center;\"><a class=\"button large orange\" style=\"margin-top: 20px; width: 157px; margin-right: 30px;\" title=\"Scarica la Demo\" href=\"http:\/\/www.newslettercreator.com\/it\/scarica-gratis\/\" target=\"_self\">SCARICA LA DEMO<\/a><a class=\"button large darkgray\" style=\"margin-top: 20px; width: 157px;\" title=\"Acquista Mailstyler Pro\" href=\"http:\/\/www.newslettercreator.com\/it\/prezzi\/\" target=\"_self\">MAILSTYLER PRO<\/a><\/p>\n<p style=\"text-align: center; font-size: 11px; margin-bottom: 30px;\">Ultima versione: 2.24.01.17 | Data di rilascio: 17\/01\/2024 | Dimensioni: 114.9 MB<br \/>\n<a href=\"http:\/\/www.newslettercreator.com\/it\/accordo-di-licenza-per-mailstyler\/\" target=\"_blank\">Contratto di licenza<\/a> | <a href=\"http:\/\/www.newslettercreator.com\/it\/come-disinstallare-mailstyler\/\" target=\"_blank\">Come disinstallare<\/a><\/p>\n","protected":false},"excerpt":{"rendered":"<p>State cercando il template ideale per la vostra campagna di newsletter su MailUp, ma non riuscite a trovarlo? Forse la soluzione migliore \u00e8 crearlo da soli. MailUp \u00e8 una delle piattaforme di invio email pi\u00f9 diffuse in Italia &#8211; e non solo. Fornisce inoltre un buon numero di template per email gratuiti da personalizzare a [&hellip;]<\/p>\n","protected":false},"author":1,"featured_media":0,"parent":0,"menu_order":0,"comment_status":"closed","ping_status":"closed","template":"g1_template_page_sidebar_right.php","meta":{"inline_featured_image":false,"_monsterinsights_skip_tracking":false,"_monsterinsights_sitenote_active":false,"_monsterinsights_sitenote_note":"","_monsterinsights_sitenote_category":0,"footnotes":""},"class_list":["post-3223","page","type-page","status-publish"],"yoast_head":"<!-- This site is optimized with the Yoast SEO plugin v25.2 - https:\/\/yoast.com\/wordpress\/plugins\/seo\/ -->\n<title>Creare template per MailUp - Newsletter Creator<\/title>\n<meta name=\"description\" content=\"Ecco come creare un template per MailUp compatibile con ogni client di posta, in pochi istanti e senza scrivere codice HTML.\" \/>\n<meta name=\"robots\" content=\"index, follow, max-snippet:-1, max-image-preview:large, max-video-preview:-1\" \/>\n<link rel=\"canonical\" href=\"https:\/\/www.newslettercreator.com\/it\/template-per-mailup\/\" \/>\n<meta property=\"og:locale\" content=\"it_IT\" \/>\n<meta property=\"og:type\" content=\"article\" \/>\n<meta property=\"og:title\" content=\"Creare template per MailUp - Newsletter Creator\" \/>\n<meta property=\"og:description\" content=\"Ecco come creare un template per MailUp compatibile con ogni client di posta, in pochi istanti e senza scrivere codice HTML.\" \/>\n<meta property=\"og:url\" content=\"https:\/\/www.newslettercreator.com\/it\/template-per-mailup\/\" \/>\n<meta property=\"og:site_name\" content=\"Newsletter Creator\" \/>\n<meta property=\"article:modified_time\" content=\"2015-03-04T14:32:16+00:00\" \/>\n<meta property=\"og:image\" content=\"http:\/\/www.newslettercreator.com\/wp-content\/uploads\/2015\/03\/template-mailup-mailstyler.jpg\" \/>\n<meta name=\"twitter:label1\" content=\"Tempo di lettura stimato\" \/>\n\t<meta name=\"twitter:data1\" content=\"1 minuto\" \/>\n<script type=\"application\/ld+json\" class=\"yoast-schema-graph\">{\"@context\":\"https:\/\/schema.org\",\"@graph\":[{\"@type\":\"WebPage\",\"@id\":\"https:\/\/www.newslettercreator.com\/it\/template-per-mailup\/\",\"url\":\"https:\/\/www.newslettercreator.com\/it\/template-per-mailup\/\",\"name\":\"Creare template per MailUp - Newsletter Creator\",\"isPartOf\":{\"@id\":\"https:\/\/www.newslettercreator.com\/#website\"},\"primaryImageOfPage\":{\"@id\":\"https:\/\/www.newslettercreator.com\/it\/template-per-mailup\/#primaryimage\"},\"image\":{\"@id\":\"https:\/\/www.newslettercreator.com\/it\/template-per-mailup\/#primaryimage\"},\"thumbnailUrl\":\"http:\/\/www.newslettercreator.com\/wp-content\/uploads\/2015\/03\/template-mailup-mailstyler.jpg\",\"datePublished\":\"2015-03-02T14:38:27+00:00\",\"dateModified\":\"2015-03-04T14:32:16+00:00\",\"description\":\"Ecco come creare un template per MailUp compatibile con ogni client di posta, in pochi istanti e senza scrivere codice HTML.\",\"breadcrumb\":{\"@id\":\"https:\/\/www.newslettercreator.com\/it\/template-per-mailup\/#breadcrumb\"},\"inLanguage\":\"it-IT\",\"potentialAction\":[{\"@type\":\"ReadAction\",\"target\":[\"https:\/\/www.newslettercreator.com\/it\/template-per-mailup\/\"]}]},{\"@type\":\"ImageObject\",\"inLanguage\":\"it-IT\",\"@id\":\"https:\/\/www.newslettercreator.com\/it\/template-per-mailup\/#primaryimage\",\"url\":\"http:\/\/www.newslettercreator.com\/wp-content\/uploads\/2015\/03\/template-mailup-mailstyler.jpg\",\"contentUrl\":\"http:\/\/www.newslettercreator.com\/wp-content\/uploads\/2015\/03\/template-mailup-mailstyler.jpg\"},{\"@type\":\"BreadcrumbList\",\"@id\":\"https:\/\/www.newslettercreator.com\/it\/template-per-mailup\/#breadcrumb\",\"itemListElement\":[{\"@type\":\"ListItem\",\"position\":1,\"name\":\"Home\",\"item\":\"https:\/\/www.newslettercreator.com\/it\/\"},{\"@type\":\"ListItem\",\"position\":2,\"name\":\"Creare template per MailUp\"}]},{\"@type\":\"WebSite\",\"@id\":\"https:\/\/www.newslettercreator.com\/#website\",\"url\":\"https:\/\/www.newslettercreator.com\/\",\"name\":\"Newsletter Creator\",\"description\":\"Pay off\",\"potentialAction\":[{\"@type\":\"SearchAction\",\"target\":{\"@type\":\"EntryPoint\",\"urlTemplate\":\"https:\/\/www.newslettercreator.com\/?s={search_term_string}\"},\"query-input\":{\"@type\":\"PropertyValueSpecification\",\"valueRequired\":true,\"valueName\":\"search_term_string\"}}],\"inLanguage\":\"it-IT\"}]}<\/script>\n<!-- \/ Yoast SEO plugin. -->","yoast_head_json":{"title":"Creare template per MailUp - Newsletter Creator","description":"Ecco come creare un template per MailUp compatibile con ogni client di posta, in pochi istanti e senza scrivere codice HTML.","robots":{"index":"index","follow":"follow","max-snippet":"max-snippet:-1","max-image-preview":"max-image-preview:large","max-video-preview":"max-video-preview:-1"},"canonical":"https:\/\/www.newslettercreator.com\/it\/template-per-mailup\/","og_locale":"it_IT","og_type":"article","og_title":"Creare template per MailUp - Newsletter Creator","og_description":"Ecco come creare un template per MailUp compatibile con ogni client di posta, in pochi istanti e senza scrivere codice HTML.","og_url":"https:\/\/www.newslettercreator.com\/it\/template-per-mailup\/","og_site_name":"Newsletter Creator","article_modified_time":"2015-03-04T14:32:16+00:00","og_image":[{"url":"http:\/\/www.newslettercreator.com\/wp-content\/uploads\/2015\/03\/template-mailup-mailstyler.jpg","type":"","width":"","height":""}],"twitter_misc":{"Tempo di lettura stimato":"1 minuto"},"schema":{"@context":"https:\/\/schema.org","@graph":[{"@type":"WebPage","@id":"https:\/\/www.newslettercreator.com\/it\/template-per-mailup\/","url":"https:\/\/www.newslettercreator.com\/it\/template-per-mailup\/","name":"Creare template per MailUp - Newsletter Creator","isPartOf":{"@id":"https:\/\/www.newslettercreator.com\/#website"},"primaryImageOfPage":{"@id":"https:\/\/www.newslettercreator.com\/it\/template-per-mailup\/#primaryimage"},"image":{"@id":"https:\/\/www.newslettercreator.com\/it\/template-per-mailup\/#primaryimage"},"thumbnailUrl":"http:\/\/www.newslettercreator.com\/wp-content\/uploads\/2015\/03\/template-mailup-mailstyler.jpg","datePublished":"2015-03-02T14:38:27+00:00","dateModified":"2015-03-04T14:32:16+00:00","description":"Ecco come creare un template per MailUp compatibile con ogni client di posta, in pochi istanti e senza scrivere codice HTML.","breadcrumb":{"@id":"https:\/\/www.newslettercreator.com\/it\/template-per-mailup\/#breadcrumb"},"inLanguage":"it-IT","potentialAction":[{"@type":"ReadAction","target":["https:\/\/www.newslettercreator.com\/it\/template-per-mailup\/"]}]},{"@type":"ImageObject","inLanguage":"it-IT","@id":"https:\/\/www.newslettercreator.com\/it\/template-per-mailup\/#primaryimage","url":"http:\/\/www.newslettercreator.com\/wp-content\/uploads\/2015\/03\/template-mailup-mailstyler.jpg","contentUrl":"http:\/\/www.newslettercreator.com\/wp-content\/uploads\/2015\/03\/template-mailup-mailstyler.jpg"},{"@type":"BreadcrumbList","@id":"https:\/\/www.newslettercreator.com\/it\/template-per-mailup\/#breadcrumb","itemListElement":[{"@type":"ListItem","position":1,"name":"Home","item":"https:\/\/www.newslettercreator.com\/it\/"},{"@type":"ListItem","position":2,"name":"Creare template per MailUp"}]},{"@type":"WebSite","@id":"https:\/\/www.newslettercreator.com\/#website","url":"https:\/\/www.newslettercreator.com\/","name":"Newsletter Creator","description":"Pay off","potentialAction":[{"@type":"SearchAction","target":{"@type":"EntryPoint","urlTemplate":"https:\/\/www.newslettercreator.com\/?s={search_term_string}"},"query-input":{"@type":"PropertyValueSpecification","valueRequired":true,"valueName":"search_term_string"}}],"inLanguage":"it-IT"}]}},"_links":{"self":[{"href":"https:\/\/www.newslettercreator.com\/it\/wp-json\/wp\/v2\/pages\/3223","targetHints":{"allow":["GET"]}}],"collection":[{"href":"https:\/\/www.newslettercreator.com\/it\/wp-json\/wp\/v2\/pages"}],"about":[{"href":"https:\/\/www.newslettercreator.com\/it\/wp-json\/wp\/v2\/types\/page"}],"author":[{"embeddable":true,"href":"https:\/\/www.newslettercreator.com\/it\/wp-json\/wp\/v2\/users\/1"}],"replies":[{"embeddable":true,"href":"https:\/\/www.newslettercreator.com\/it\/wp-json\/wp\/v2\/comments?post=3223"}],"version-history":[{"count":5,"href":"https:\/\/www.newslettercreator.com\/it\/wp-json\/wp\/v2\/pages\/3223\/revisions"}],"predecessor-version":[{"id":3233,"href":"https:\/\/www.newslettercreator.com\/it\/wp-json\/wp\/v2\/pages\/3223\/revisions\/3233"}],"wp:attachment":[{"href":"https:\/\/www.newslettercreator.com\/it\/wp-json\/wp\/v2\/media?parent=3223"}],"curies":[{"name":"wp","href":"https:\/\/api.w.org\/{rel}","templated":true}]}}