{"id":3243,"date":"2015-03-27T07:41:36","date_gmt":"2015-03-27T07:41:36","guid":{"rendered":"http:\/\/www.newslettercreator.com\/?page_id=3243"},"modified":"2015-03-27T07:42:17","modified_gmt":"2015-03-27T07:42:17","slug":"template-newsletter-publisher-creare","status":"publish","type":"page","link":"https:\/\/www.newslettercreator.com\/it\/template-newsletter-publisher-creare\/","title":{"rendered":"Creare template per newsletter in Publisher"},"content":{"rendered":"<p><img decoding=\"async\" class=\"alignnone size-full wp-image-237\" src=\"http:\/\/www.newslettercreator.com\/wp-content\/uploads\/2014\/02\/publisher-newsletter-template.jpg\" alt=\"Creare template per newsletter in Publisher\" width=\"649\" height=\"423\" \/><\/p>\n<p>Un consiglio di ordine generale: \u00e8 altamente <strong>sconsigliato<\/strong> creare il proprio <strong>template di newsletter<\/strong> utilizzando <strong>Microsoft Publisher<\/strong>. Il problema principale \u00e8 che Publisher \u2013 proprio come Word \u2013 pu\u00f2 produrre un <strong>codice HTML &#8220;impuro&#8221;<\/strong>, cio\u00e8 con codifiche non standard. Questo generer\u00e0 sia dei <strong>problemi di rendering<\/strong> (la vostra email potrebbe apparire diversa o addirittura sbagliata su client differenti) sia <strong>problemi di deliverability<\/strong> (dato che un codice corretto e leggero \u00e8 essenziale affinch\u00e9 una newsletter sia correttamente consegnata).<br \/>\nInoltre, il fine di Microsoft Publisher non \u00e8 principalmente l&#8217;<strong>editing delle newsletter<\/strong>: il che significa che l&#8217;intero processo di creazione pu\u00f2 essere problematico, o comunque difficoltoso.<\/p>\n<p>Per tali motivi \u00e8 meglio affidarsi a uno strumento completamente dedicato come <strong>MailStyler<\/strong>. Il nostro <strong>programma di creazione di newsletter<\/strong> rende la composizione di un template email un compito estremamente semplice: \u00e8 sufficiente trascinare e rilasciare (drag&#038;drop) gli elementi necessari su un&#8217;interfaccia WYSIWYG, e personalizzarli a piacimento.<br \/>\nSi pu\u00f2 scegliere tra diversi tipi di layout generali (con una o pi\u00f9 colonne), aggiungere immagini e pulsanti, personalizzare le celle e i caratteri e molto altro ancora: il tutto con <strong>alcuni semplici click e senza scrivere una sola riga di HTML<\/strong>.<\/p>\n<p>Il processo di creazione di un&#8217;email \u00e8 cos\u00ec facile da consentire l&#8217;elaborazione di un template in pochi secondi, ma con la garanzia di un <strong>risultato veramente professionale<\/strong>. Infatti, il codice HTML della newsletter risultante sar\u00e0 <strong>visualizzato alla perfezione su tutti i client di posta elettronica<\/strong> e non causer\u00e0 alcun problema di consegna.<\/p>\n<p>&nbsp;<\/p>\n<p style=\"text-align: center;\"><a class=\"button large orange\" style=\"margin-top: 20px; width: 157px; margin-right: 30px;\" title=\"Scarica la Demo\" href=\"http:\/\/www.newslettercreator.com\/it\/scarica-gratis\/\" target=\"_self\">SCARICA LA DEMO<\/a><a class=\"button large darkgray\" style=\"margin-top: 20px; width: 157px;\" title=\"Acquista Mailstyler Pro\" href=\"http:\/\/www.newslettercreator.com\/it\/prezzi\/\" target=\"_self\">MAILSTYLER PRO<\/a><\/p>\n<p style=\"text-align: center; font-size: 11px; margin-bottom: 30px;\">Ultima versione: 2.24.01.17 | Data di rilascio: 17\/01\/2024 | Dimensioni: 114.9 MB<br \/>\n<a href=\"http:\/\/www.newslettercreator.com\/it\/accordo-di-licenza-per-mailstyler\/\" target=\"_blank\">Contratto di licenza<\/a> | <a href=\"http:\/\/www.newslettercreator.com\/it\/come-disinstallare-mailstyler\/\" target=\"_blank\">Come disinstallare<\/a><\/p>\n","protected":false},"excerpt":{"rendered":"<p>Un consiglio di ordine generale: \u00e8 altamente sconsigliato creare il proprio template di newsletter utilizzando Microsoft Publisher. Il problema principale \u00e8 che Publisher \u2013 proprio come Word \u2013 pu\u00f2 produrre un codice HTML &#8220;impuro&#8221;, cio\u00e8 con codifiche non standard. Questo generer\u00e0 sia dei problemi di rendering (la vostra email potrebbe apparire diversa o addirittura sbagliata [&hellip;]<\/p>\n","protected":false},"author":1,"featured_media":0,"parent":0,"menu_order":0,"comment_status":"closed","ping_status":"closed","template":"g1_template_page_sidebar_right.php","meta":{"inline_featured_image":false,"_monsterinsights_skip_tracking":false,"_monsterinsights_sitenote_active":false,"_monsterinsights_sitenote_note":"","_monsterinsights_sitenote_category":0,"footnotes":""},"class_list":["post-3243","page","type-page","status-publish"],"yoast_head":"<!-- This site is optimized with the Yoast SEO plugin v25.2 - https:\/\/yoast.com\/wordpress\/plugins\/seo\/ -->\n<title>Creare template per newsletter in Publisher - Newsletter Creator<\/title>\n<meta name=\"robots\" content=\"index, follow, max-snippet:-1, max-image-preview:large, max-video-preview:-1\" \/>\n<link rel=\"canonical\" href=\"https:\/\/www.newslettercreator.com\/it\/template-newsletter-publisher-creare\/\" \/>\n<meta property=\"og:locale\" content=\"it_IT\" \/>\n<meta property=\"og:type\" content=\"article\" \/>\n<meta property=\"og:title\" content=\"Creare template per newsletter in Publisher - Newsletter Creator\" \/>\n<meta property=\"og:description\" content=\"Un consiglio di ordine generale: \u00e8 altamente sconsigliato creare il proprio template di newsletter utilizzando Microsoft Publisher. Il problema principale \u00e8 che Publisher \u2013 proprio come Word \u2013 pu\u00f2 produrre un codice HTML &#8220;impuro&#8221;, cio\u00e8 con codifiche non standard. Questo generer\u00e0 sia dei problemi di rendering (la vostra email potrebbe apparire diversa o addirittura sbagliata [&hellip;]\" \/>\n<meta property=\"og:url\" content=\"https:\/\/www.newslettercreator.com\/it\/template-newsletter-publisher-creare\/\" \/>\n<meta property=\"og:site_name\" content=\"Newsletter Creator\" \/>\n<meta property=\"article:modified_time\" content=\"2015-03-27T07:42:17+00:00\" \/>\n<meta property=\"og:image\" content=\"http:\/\/www.newslettercreator.com\/wp-content\/uploads\/2014\/02\/publisher-newsletter-template.jpg\" \/>\n<meta name=\"twitter:label1\" content=\"Tempo di lettura stimato\" \/>\n\t<meta name=\"twitter:data1\" content=\"1 minuto\" \/>\n<script type=\"application\/ld+json\" class=\"yoast-schema-graph\">{\"@context\":\"https:\/\/schema.org\",\"@graph\":[{\"@type\":\"WebPage\",\"@id\":\"https:\/\/www.newslettercreator.com\/it\/template-newsletter-publisher-creare\/\",\"url\":\"https:\/\/www.newslettercreator.com\/it\/template-newsletter-publisher-creare\/\",\"name\":\"Creare template per newsletter in Publisher - Newsletter Creator\",\"isPartOf\":{\"@id\":\"https:\/\/www.newslettercreator.com\/#website\"},\"primaryImageOfPage\":{\"@id\":\"https:\/\/www.newslettercreator.com\/it\/template-newsletter-publisher-creare\/#primaryimage\"},\"image\":{\"@id\":\"https:\/\/www.newslettercreator.com\/it\/template-newsletter-publisher-creare\/#primaryimage\"},\"thumbnailUrl\":\"http:\/\/www.newslettercreator.com\/wp-content\/uploads\/2014\/02\/publisher-newsletter-template.jpg\",\"datePublished\":\"2015-03-27T07:41:36+00:00\",\"dateModified\":\"2015-03-27T07:42:17+00:00\",\"breadcrumb\":{\"@id\":\"https:\/\/www.newslettercreator.com\/it\/template-newsletter-publisher-creare\/#breadcrumb\"},\"inLanguage\":\"it-IT\",\"potentialAction\":[{\"@type\":\"ReadAction\",\"target\":[\"https:\/\/www.newslettercreator.com\/it\/template-newsletter-publisher-creare\/\"]}]},{\"@type\":\"ImageObject\",\"inLanguage\":\"it-IT\",\"@id\":\"https:\/\/www.newslettercreator.com\/it\/template-newsletter-publisher-creare\/#primaryimage\",\"url\":\"http:\/\/www.newslettercreator.com\/wp-content\/uploads\/2014\/02\/publisher-newsletter-template.jpg\",\"contentUrl\":\"http:\/\/www.newslettercreator.com\/wp-content\/uploads\/2014\/02\/publisher-newsletter-template.jpg\"},{\"@type\":\"BreadcrumbList\",\"@id\":\"https:\/\/www.newslettercreator.com\/it\/template-newsletter-publisher-creare\/#breadcrumb\",\"itemListElement\":[{\"@type\":\"ListItem\",\"position\":1,\"name\":\"Home\",\"item\":\"https:\/\/www.newslettercreator.com\/it\/\"},{\"@type\":\"ListItem\",\"position\":2,\"name\":\"Creare template per newsletter in Publisher\"}]},{\"@type\":\"WebSite\",\"@id\":\"https:\/\/www.newslettercreator.com\/#website\",\"url\":\"https:\/\/www.newslettercreator.com\/\",\"name\":\"Newsletter Creator\",\"description\":\"Pay off\",\"potentialAction\":[{\"@type\":\"SearchAction\",\"target\":{\"@type\":\"EntryPoint\",\"urlTemplate\":\"https:\/\/www.newslettercreator.com\/?s={search_term_string}\"},\"query-input\":{\"@type\":\"PropertyValueSpecification\",\"valueRequired\":true,\"valueName\":\"search_term_string\"}}],\"inLanguage\":\"it-IT\"}]}<\/script>\n<!-- \/ Yoast SEO plugin. -->","yoast_head_json":{"title":"Creare template per newsletter in Publisher - Newsletter Creator","robots":{"index":"index","follow":"follow","max-snippet":"max-snippet:-1","max-image-preview":"max-image-preview:large","max-video-preview":"max-video-preview:-1"},"canonical":"https:\/\/www.newslettercreator.com\/it\/template-newsletter-publisher-creare\/","og_locale":"it_IT","og_type":"article","og_title":"Creare template per newsletter in Publisher - Newsletter Creator","og_description":"Un consiglio di ordine generale: \u00e8 altamente sconsigliato creare il proprio template di newsletter utilizzando Microsoft Publisher. Il problema principale \u00e8 che Publisher \u2013 proprio come Word \u2013 pu\u00f2 produrre un codice HTML &#8220;impuro&#8221;, cio\u00e8 con codifiche non standard. Questo generer\u00e0 sia dei problemi di rendering (la vostra email potrebbe apparire diversa o addirittura sbagliata [&hellip;]","og_url":"https:\/\/www.newslettercreator.com\/it\/template-newsletter-publisher-creare\/","og_site_name":"Newsletter Creator","article_modified_time":"2015-03-27T07:42:17+00:00","og_image":[{"url":"http:\/\/www.newslettercreator.com\/wp-content\/uploads\/2014\/02\/publisher-newsletter-template.jpg","type":"","width":"","height":""}],"twitter_misc":{"Tempo di lettura stimato":"1 minuto"},"schema":{"@context":"https:\/\/schema.org","@graph":[{"@type":"WebPage","@id":"https:\/\/www.newslettercreator.com\/it\/template-newsletter-publisher-creare\/","url":"https:\/\/www.newslettercreator.com\/it\/template-newsletter-publisher-creare\/","name":"Creare template per newsletter in Publisher - Newsletter Creator","isPartOf":{"@id":"https:\/\/www.newslettercreator.com\/#website"},"primaryImageOfPage":{"@id":"https:\/\/www.newslettercreator.com\/it\/template-newsletter-publisher-creare\/#primaryimage"},"image":{"@id":"https:\/\/www.newslettercreator.com\/it\/template-newsletter-publisher-creare\/#primaryimage"},"thumbnailUrl":"http:\/\/www.newslettercreator.com\/wp-content\/uploads\/2014\/02\/publisher-newsletter-template.jpg","datePublished":"2015-03-27T07:41:36+00:00","dateModified":"2015-03-27T07:42:17+00:00","breadcrumb":{"@id":"https:\/\/www.newslettercreator.com\/it\/template-newsletter-publisher-creare\/#breadcrumb"},"inLanguage":"it-IT","potentialAction":[{"@type":"ReadAction","target":["https:\/\/www.newslettercreator.com\/it\/template-newsletter-publisher-creare\/"]}]},{"@type":"ImageObject","inLanguage":"it-IT","@id":"https:\/\/www.newslettercreator.com\/it\/template-newsletter-publisher-creare\/#primaryimage","url":"http:\/\/www.newslettercreator.com\/wp-content\/uploads\/2014\/02\/publisher-newsletter-template.jpg","contentUrl":"http:\/\/www.newslettercreator.com\/wp-content\/uploads\/2014\/02\/publisher-newsletter-template.jpg"},{"@type":"BreadcrumbList","@id":"https:\/\/www.newslettercreator.com\/it\/template-newsletter-publisher-creare\/#breadcrumb","itemListElement":[{"@type":"ListItem","position":1,"name":"Home","item":"https:\/\/www.newslettercreator.com\/it\/"},{"@type":"ListItem","position":2,"name":"Creare template per newsletter in Publisher"}]},{"@type":"WebSite","@id":"https:\/\/www.newslettercreator.com\/#website","url":"https:\/\/www.newslettercreator.com\/","name":"Newsletter Creator","description":"Pay off","potentialAction":[{"@type":"SearchAction","target":{"@type":"EntryPoint","urlTemplate":"https:\/\/www.newslettercreator.com\/?s={search_term_string}"},"query-input":{"@type":"PropertyValueSpecification","valueRequired":true,"valueName":"search_term_string"}}],"inLanguage":"it-IT"}]}},"_links":{"self":[{"href":"https:\/\/www.newslettercreator.com\/it\/wp-json\/wp\/v2\/pages\/3243","targetHints":{"allow":["GET"]}}],"collection":[{"href":"https:\/\/www.newslettercreator.com\/it\/wp-json\/wp\/v2\/pages"}],"about":[{"href":"https:\/\/www.newslettercreator.com\/it\/wp-json\/wp\/v2\/types\/page"}],"author":[{"embeddable":true,"href":"https:\/\/www.newslettercreator.com\/it\/wp-json\/wp\/v2\/users\/1"}],"replies":[{"embeddable":true,"href":"https:\/\/www.newslettercreator.com\/it\/wp-json\/wp\/v2\/comments?post=3243"}],"version-history":[{"count":1,"href":"https:\/\/www.newslettercreator.com\/it\/wp-json\/wp\/v2\/pages\/3243\/revisions"}],"predecessor-version":[{"id":3244,"href":"https:\/\/www.newslettercreator.com\/it\/wp-json\/wp\/v2\/pages\/3243\/revisions\/3244"}],"wp:attachment":[{"href":"https:\/\/www.newslettercreator.com\/it\/wp-json\/wp\/v2\/media?parent=3243"}],"curies":[{"name":"wp","href":"https:\/\/api.w.org\/{rel}","templated":true}]}}