{"id":3246,"date":"2015-03-27T08:25:24","date_gmt":"2015-03-27T08:25:24","guid":{"rendered":"http:\/\/www.newslettercreator.com\/?page_id=3246"},"modified":"2015-04-01T09:43:21","modified_gmt":"2015-04-01T09:43:21","slug":"newsletter-efficace","status":"publish","type":"page","link":"https:\/\/www.newslettercreator.com\/it\/newsletter-efficace\/","title":{"rendered":"Comporre una newsletter efficace"},"content":{"rendered":"<p><img decoding=\"async\" class=\"alignnone size-full wp-image-237\" src=\"http:\/\/www.newslettercreator.com\/wp-content\/uploads\/2014\/02\/email-newsletter-template-how-to.jpg\" alt=\"Comporre una newsletter efficace\" width=\"649\" height=\"423\" srcset=\"https:\/\/www.newslettercreator.com\/wp-content\/uploads\/2014\/02\/email-newsletter-template-how-to.jpg 649w, https:\/\/www.newslettercreator.com\/wp-content\/uploads\/2014\/02\/email-newsletter-template-how-to-300x195.jpg 300w\" sizes=\"(max-width: 649px) 100vw, 649px\" \/><\/p>\n<p>Creare una <strong>newsletter efficace<\/strong> \u00e8 essenziale quando si tratta di mantenere e coltivare il rapporto con i propri clienti. Purtroppo la creazione da zero di un template per email realmente professionale pu\u00f2 essere molto impegnativa, soprattutto se vi sforzate \u2014 come dovreste! \u2014 per ottenere sia un <strong>design di qualit\u00e0<\/strong> che una <strong>perfetta leggibilit\u00e0<\/strong> su qualsiasi dispositivo (il che richiede una conoscenza approfondita dell&#8217;HTML).<br \/>\nEcco perch\u00e9 molti principianti \u2014 e ahinoi, anche molti esperti di marketing \u2014 non sanno bene da dove cominciare.<\/p>\n<p>Per fortuna, ora c&#8217;\u00e8 un modo semplice per impostare il design della vostra newsletter in pochi secondi e <strong>senza nemmeno scrivere una riga di codice<\/strong>: <a title=\"MailStyler\" href=\"http:\/\/www.newslettercreator.com\/it\/scarica-gratis\/\">MailStyler<\/a>.<\/p>\n<p>Utilizzando il nostro editor WYSIWYG \u00e8 possibile comporre un layout email in pochi click, utilizzando una serie di blocchi pre-disegnati: la newsletter sar\u00e0 <strong>costruita passo dopo passo<\/strong> e sarete in grado di modificarla, cambiarla e correggerla a piacimento (ad esempio con l&#8217;aggiunta e il ritaglio di immagini, pulsanti di posizionamento, box di testo e cos\u00ec via).<br \/>\nInoltre, dato che tutti questi elementi di base sono stati realizzati da <strong>web designer professionisti<\/strong>, la vostra newsletter risulter\u00e0 essere un&#8217;email HTML di alta qualit\u00e0 che <strong>verr\u00e0 visualizzata alla perfezione su ogni dispositivo<\/strong> \u2014 smartphone e tablet inclusi.<\/p>\n<p>Ed ecco alcuni suggerimenti per aiutarvi a creare una newsletter veramente efficace:<\/p>\n<ul>\n<li><strong>Proporre contenuti davvero rilevanti<\/strong>.<br \/>Certo, pu\u00f2 sembrare molto generico, ma diversi marketer danno per scontato l&#8217;interesse dei propri utenti in quanto &#8220;gi\u00e0 iscritti alla newsletter&#8221;. Al contrario, l&#8217;iscrizione a una newsletter implica tacitamente che tutte le comunicazioni ricevute saranno in qualche modo all&#8217;altezza delle proprie aspettative.<br \/>Questo non significa semplicemente che se si vendono scarpe si devono inviare promozioni o notizie che parlano di scarpe e non di torte: significa anche e soprattutto che il contenuto deve essere sempre attraente, originale e coinvolgente. Vi sembra difficile? Lo \u00e8, ma \u00e8 anche l&#8217;unico modo per far fronte con i vostri concorrenti.<\/li>\n<p><\/p>\n<li><strong>Fornire sempre un link di cancellazione<\/strong>.<br \/>Dare ai vostri lettori la possibilit\u00e0 di cancellarsi in modo rapido e sicuro \u2014 con un solo click \u2014 \u00e8 indispensabile sia per questioni legali, sia per questioni di etica digitale. Se pensate che rendere cos\u00ec&#8217; semplice la disiscrizione vi far\u00e0 perdere i clienti, vi sbagliate: al contrario, si ridurranno drasticamente tutte le segnalazioni di spam provenienti da utenti che non sanno come fare opt-out. MailStyler fornisce alcuni blocchi footer dedicati dove mettere questo link particolare.<\/li>\n<p><\/p>\n<li><strong>Trovare un buon equilibrio tra testo e immagini<\/strong>.<br \/>Uno degli errori pi\u00f9 comuni quando si tratta di creare una newsletter \u00e8 di riempirla con immagini peggio ancora se pesanti). Questo pu\u00f2 danneggiare la deliverability del messaggio \u2014 cio\u00e8 , la sua capacit\u00e0 di arrivare correttamente nelle caselle di posta degli utenti \u2014 e anche la sua leggibilit\u00e0.<br \/>In particolare , non si dovrebbe mai supporre che le immagini vengano visualizzate, dato che molti client di posta hanno il blocco immagine attivato di default. Dunque il vostro contenuto chiave deve sempre essere reso anche in formato testuale, mentre le immagini dovrebbero limitarsi a catturare l&#8217;attenzione del lettore o evocare meglio quanto offerto. Gli elementi di MailStyler sono un grande aiuto da questo punto di vista, perch\u00e9 sono costruiti per garantire il miglior equilibrio tra grafica e testo.<\/li>\n<p><\/p>\n<li><strong>Pensare multi-device<\/strong>.<br \/>Molti dei vostri iscritti apriranno probabilmente la newsletter su uno smartphone o un tablet. Ecco perch\u00e9 dovreste rendere il pi\u00f9 succinto possibile il vostro contenuto e il vostro design, in modo da renderlo leggibile con cura anche su schermi pi\u00f9 piccoli: ci\u00f2 riguarda soprattutto la lunghezza del template. Anche se con MailStyiler si possono creare newsletter lunghe a piacere, \u00e8 molto consigliabile renderle il pi\u00f9 breve possibile (ad esempio un header, uno o due blocchi body e un footer). Il miglior suggerimento per regolarsi con la lunghezza, comunque, \u00e8 il seguente&#8230;<\/li>\n<p><\/p>\n<li><strong>Effettuare un test prima dell&#8217;invio<\/strong>.<br \/>MailStyler vi libera una volta per tutte dalla necessit\u00e0 di testare la vostra email su diversi client di posta: dato che i suoi elementi realizzati in perfetto HTML, la sua leggibilit\u00e0 \u00e8 assicurata su qualsiasi dispositivo.<br \/>Ci\u00f2 detto, \u00e8 comunque molto importante eseguire un test prima dell&#8217;invio effettivo per verificare se la newsletter funziona al meglio. Una volta che \u00e8 nella vostra casella di posta sarete in grado di verificarlo con maggior cura: le immagini si vedono bene? Ci sono errori di battitura o link rotti? Il layout generale \u00e8 soddisfacente e leggibile? Se non siete sicuri, provate di nuovo: con MailStyler potete creare un&#8217;altra email in pochi secondi \u2014 quindi perch\u00e9 rischiare?<\/li>\n<p><\/p>\n<li><strong>Effettuare un test anche dopo l&#8217;invio<\/strong>.<br \/>L&#8217;email marketing \u00e8 uno strumento fantastico perch\u00e9 pu\u00f2 essere migliorato abbastanza facilmente grazie ad alcuni semplici test A\/B. Questo \u00e8 il metodo base: selezionare un segmento qualsiasi della vostra lista almeno il 10% di essa) e dividerlo in due gruppi equivalenti; quindi inviare un messaggio diverso per ciascun gruppo, modificando solo un elemento per volta (ad esempio il subject, la posizione della call to action, ecc.), infine misurare i risultati utilizzando lo strumento di analytics del vostro software di invio. In questo modo sarete in grado di correggere e migliorare la vostra prova di campagna di test in test, attraverso un processo continuo.<\/li>\n<\/ul>\n<p>&nbsp;<\/p>\n<p style=\"text-align: center;\"><a class=\"button large orange\" style=\"margin-top: 20px; width: 157px; margin-right: 30px;\" title=\"Scarica la Demo\" href=\"http:\/\/www.newslettercreator.com\/it\/scarica-gratis\/\" target=\"_self\">SCARICA LA DEMO<\/a><a class=\"button large darkgray\" style=\"margin-top: 20px; width: 157px;\" title=\"Acquista Mailstyler Pro\" href=\"http:\/\/www.newslettercreator.com\/it\/prezzi\/\" target=\"_self\">MAILSTYLER PRO<\/a><\/p>\n<p style=\"text-align: center; font-size: 11px; margin-bottom: 30px;\">Ultima versione: 2.24.01.17 | Data di rilascio: 17\/01\/2024 | Dimensioni: 114.9 MB<br \/>\n<a href=\"http:\/\/www.newslettercreator.com\/it\/accordo-di-licenza-per-mailstyler\/\" target=\"_blank\">Contratto di licenza<\/a> | <a href=\"http:\/\/www.newslettercreator.com\/it\/come-disinstallare-mailstyler\/\" target=\"_blank\">Come disinstallare<\/a><\/p>\n","protected":false},"excerpt":{"rendered":"<p>Creare una newsletter efficace \u00e8 essenziale quando si tratta di mantenere e coltivare il rapporto con i propri clienti. Purtroppo la creazione da zero di un template per email realmente professionale pu\u00f2 essere molto impegnativa, soprattutto se vi sforzate \u2014 come dovreste! \u2014 per ottenere sia un design di qualit\u00e0 che una perfetta leggibilit\u00e0 su [&hellip;]<\/p>\n","protected":false},"author":1,"featured_media":0,"parent":0,"menu_order":0,"comment_status":"closed","ping_status":"closed","template":"g1_template_page_sidebar_right.php","meta":{"inline_featured_image":false,"_monsterinsights_skip_tracking":false,"_monsterinsights_sitenote_active":false,"_monsterinsights_sitenote_note":"","_monsterinsights_sitenote_category":0,"footnotes":""},"class_list":["post-3246","page","type-page","status-publish"],"yoast_head":"<!-- This site is optimized with the Yoast SEO plugin v25.2 - https:\/\/yoast.com\/wordpress\/plugins\/seo\/ -->\n<title>Comporre una newsletter efficace - Newsletter Creator<\/title>\n<meta name=\"robots\" content=\"index, follow, max-snippet:-1, max-image-preview:large, max-video-preview:-1\" \/>\n<link rel=\"canonical\" href=\"https:\/\/www.newslettercreator.com\/it\/newsletter-efficace\/\" \/>\n<meta property=\"og:locale\" content=\"it_IT\" \/>\n<meta property=\"og:type\" content=\"article\" \/>\n<meta property=\"og:title\" content=\"Comporre una newsletter efficace - Newsletter Creator\" \/>\n<meta property=\"og:description\" content=\"Creare una newsletter efficace \u00e8 essenziale quando si tratta di mantenere e coltivare il rapporto con i propri clienti. Purtroppo la creazione da zero di un template per email realmente professionale pu\u00f2 essere molto impegnativa, soprattutto se vi sforzate \u2014 come dovreste! \u2014 per ottenere sia un design di qualit\u00e0 che una perfetta leggibilit\u00e0 su [&hellip;]\" \/>\n<meta property=\"og:url\" content=\"https:\/\/www.newslettercreator.com\/it\/newsletter-efficace\/\" \/>\n<meta property=\"og:site_name\" content=\"Newsletter Creator\" \/>\n<meta property=\"article:modified_time\" content=\"2015-04-01T09:43:21+00:00\" \/>\n<meta property=\"og:image\" content=\"http:\/\/www.newslettercreator.com\/wp-content\/uploads\/2014\/02\/email-newsletter-template-how-to.jpg\" \/>\n<meta name=\"twitter:label1\" content=\"Tempo di lettura stimato\" \/>\n\t<meta name=\"twitter:data1\" content=\"4 minuti\" \/>\n<script type=\"application\/ld+json\" class=\"yoast-schema-graph\">{\"@context\":\"https:\/\/schema.org\",\"@graph\":[{\"@type\":\"WebPage\",\"@id\":\"https:\/\/www.newslettercreator.com\/it\/newsletter-efficace\/\",\"url\":\"https:\/\/www.newslettercreator.com\/it\/newsletter-efficace\/\",\"name\":\"Comporre una newsletter efficace - Newsletter Creator\",\"isPartOf\":{\"@id\":\"https:\/\/www.newslettercreator.com\/#website\"},\"primaryImageOfPage\":{\"@id\":\"https:\/\/www.newslettercreator.com\/it\/newsletter-efficace\/#primaryimage\"},\"image\":{\"@id\":\"https:\/\/www.newslettercreator.com\/it\/newsletter-efficace\/#primaryimage\"},\"thumbnailUrl\":\"http:\/\/www.newslettercreator.com\/wp-content\/uploads\/2014\/02\/email-newsletter-template-how-to.jpg\",\"datePublished\":\"2015-03-27T08:25:24+00:00\",\"dateModified\":\"2015-04-01T09:43:21+00:00\",\"breadcrumb\":{\"@id\":\"https:\/\/www.newslettercreator.com\/it\/newsletter-efficace\/#breadcrumb\"},\"inLanguage\":\"it-IT\",\"potentialAction\":[{\"@type\":\"ReadAction\",\"target\":[\"https:\/\/www.newslettercreator.com\/it\/newsletter-efficace\/\"]}]},{\"@type\":\"ImageObject\",\"inLanguage\":\"it-IT\",\"@id\":\"https:\/\/www.newslettercreator.com\/it\/newsletter-efficace\/#primaryimage\",\"url\":\"http:\/\/www.newslettercreator.com\/wp-content\/uploads\/2014\/02\/email-newsletter-template-how-to.jpg\",\"contentUrl\":\"http:\/\/www.newslettercreator.com\/wp-content\/uploads\/2014\/02\/email-newsletter-template-how-to.jpg\"},{\"@type\":\"BreadcrumbList\",\"@id\":\"https:\/\/www.newslettercreator.com\/it\/newsletter-efficace\/#breadcrumb\",\"itemListElement\":[{\"@type\":\"ListItem\",\"position\":1,\"name\":\"Home\",\"item\":\"https:\/\/www.newslettercreator.com\/it\/\"},{\"@type\":\"ListItem\",\"position\":2,\"name\":\"Comporre una newsletter efficace\"}]},{\"@type\":\"WebSite\",\"@id\":\"https:\/\/www.newslettercreator.com\/#website\",\"url\":\"https:\/\/www.newslettercreator.com\/\",\"name\":\"Newsletter Creator\",\"description\":\"Pay off\",\"potentialAction\":[{\"@type\":\"SearchAction\",\"target\":{\"@type\":\"EntryPoint\",\"urlTemplate\":\"https:\/\/www.newslettercreator.com\/?s={search_term_string}\"},\"query-input\":{\"@type\":\"PropertyValueSpecification\",\"valueRequired\":true,\"valueName\":\"search_term_string\"}}],\"inLanguage\":\"it-IT\"}]}<\/script>\n<!-- \/ Yoast SEO plugin. -->","yoast_head_json":{"title":"Comporre una newsletter efficace - Newsletter Creator","robots":{"index":"index","follow":"follow","max-snippet":"max-snippet:-1","max-image-preview":"max-image-preview:large","max-video-preview":"max-video-preview:-1"},"canonical":"https:\/\/www.newslettercreator.com\/it\/newsletter-efficace\/","og_locale":"it_IT","og_type":"article","og_title":"Comporre una newsletter efficace - Newsletter Creator","og_description":"Creare una newsletter efficace \u00e8 essenziale quando si tratta di mantenere e coltivare il rapporto con i propri clienti. Purtroppo la creazione da zero di un template per email realmente professionale pu\u00f2 essere molto impegnativa, soprattutto se vi sforzate \u2014 come dovreste! \u2014 per ottenere sia un design di qualit\u00e0 che una perfetta leggibilit\u00e0 su [&hellip;]","og_url":"https:\/\/www.newslettercreator.com\/it\/newsletter-efficace\/","og_site_name":"Newsletter Creator","article_modified_time":"2015-04-01T09:43:21+00:00","og_image":[{"url":"http:\/\/www.newslettercreator.com\/wp-content\/uploads\/2014\/02\/email-newsletter-template-how-to.jpg","type":"","width":"","height":""}],"twitter_misc":{"Tempo di lettura stimato":"4 minuti"},"schema":{"@context":"https:\/\/schema.org","@graph":[{"@type":"WebPage","@id":"https:\/\/www.newslettercreator.com\/it\/newsletter-efficace\/","url":"https:\/\/www.newslettercreator.com\/it\/newsletter-efficace\/","name":"Comporre una newsletter efficace - Newsletter Creator","isPartOf":{"@id":"https:\/\/www.newslettercreator.com\/#website"},"primaryImageOfPage":{"@id":"https:\/\/www.newslettercreator.com\/it\/newsletter-efficace\/#primaryimage"},"image":{"@id":"https:\/\/www.newslettercreator.com\/it\/newsletter-efficace\/#primaryimage"},"thumbnailUrl":"http:\/\/www.newslettercreator.com\/wp-content\/uploads\/2014\/02\/email-newsletter-template-how-to.jpg","datePublished":"2015-03-27T08:25:24+00:00","dateModified":"2015-04-01T09:43:21+00:00","breadcrumb":{"@id":"https:\/\/www.newslettercreator.com\/it\/newsletter-efficace\/#breadcrumb"},"inLanguage":"it-IT","potentialAction":[{"@type":"ReadAction","target":["https:\/\/www.newslettercreator.com\/it\/newsletter-efficace\/"]}]},{"@type":"ImageObject","inLanguage":"it-IT","@id":"https:\/\/www.newslettercreator.com\/it\/newsletter-efficace\/#primaryimage","url":"http:\/\/www.newslettercreator.com\/wp-content\/uploads\/2014\/02\/email-newsletter-template-how-to.jpg","contentUrl":"http:\/\/www.newslettercreator.com\/wp-content\/uploads\/2014\/02\/email-newsletter-template-how-to.jpg"},{"@type":"BreadcrumbList","@id":"https:\/\/www.newslettercreator.com\/it\/newsletter-efficace\/#breadcrumb","itemListElement":[{"@type":"ListItem","position":1,"name":"Home","item":"https:\/\/www.newslettercreator.com\/it\/"},{"@type":"ListItem","position":2,"name":"Comporre una newsletter efficace"}]},{"@type":"WebSite","@id":"https:\/\/www.newslettercreator.com\/#website","url":"https:\/\/www.newslettercreator.com\/","name":"Newsletter Creator","description":"Pay off","potentialAction":[{"@type":"SearchAction","target":{"@type":"EntryPoint","urlTemplate":"https:\/\/www.newslettercreator.com\/?s={search_term_string}"},"query-input":{"@type":"PropertyValueSpecification","valueRequired":true,"valueName":"search_term_string"}}],"inLanguage":"it-IT"}]}},"_links":{"self":[{"href":"https:\/\/www.newslettercreator.com\/it\/wp-json\/wp\/v2\/pages\/3246","targetHints":{"allow":["GET"]}}],"collection":[{"href":"https:\/\/www.newslettercreator.com\/it\/wp-json\/wp\/v2\/pages"}],"about":[{"href":"https:\/\/www.newslettercreator.com\/it\/wp-json\/wp\/v2\/types\/page"}],"author":[{"embeddable":true,"href":"https:\/\/www.newslettercreator.com\/it\/wp-json\/wp\/v2\/users\/1"}],"replies":[{"embeddable":true,"href":"https:\/\/www.newslettercreator.com\/it\/wp-json\/wp\/v2\/comments?post=3246"}],"version-history":[{"count":4,"href":"https:\/\/www.newslettercreator.com\/it\/wp-json\/wp\/v2\/pages\/3246\/revisions"}],"predecessor-version":[{"id":3271,"href":"https:\/\/www.newslettercreator.com\/it\/wp-json\/wp\/v2\/pages\/3246\/revisions\/3271"}],"wp:attachment":[{"href":"https:\/\/www.newslettercreator.com\/it\/wp-json\/wp\/v2\/media?parent=3246"}],"curies":[{"name":"wp","href":"https:\/\/api.w.org\/{rel}","templated":true}]}}