{"id":3284,"date":"2015-04-13T08:39:41","date_gmt":"2015-04-13T08:39:41","guid":{"rendered":"http:\/\/www.newslettercreator.com\/?page_id=3284"},"modified":"2015-06-29T08:58:40","modified_gmt":"2015-06-29T08:58:40","slug":"usare-mailstyler-su-mac","status":"publish","type":"page","link":"https:\/\/www.newslettercreator.com\/it\/usare-mailstyler-su-mac\/","title":{"rendered":"MailStyler su Mac"},"content":{"rendered":"<p><img decoding=\"async\" class=\"alignnone size-full wp-image-237\" src=\"http:\/\/www.newslettercreator.com\/wp-content\/uploads\/2015\/04\/mailstyler-mac.jpg\" alt=\"Usare MailStyler su Mac\" width=\"649\" height=\"382\" \/><\/p>\n<p><strong>Usare MailStyler su un Mac non \u00e8 mai stato cos\u00ec facile<\/strong>: creare le vostre newsletter approfittando delle funzionalit\u00e0 di MailStyler sar\u00e0 una passeggiata anche in ambienti Apple.<\/p>\n<p>Innanzitutto dovete <a href=\"http:\/\/www.apple.com\/it\/osx\/what-is\/compatibility\/\" rel=\"nofollow\"><strong>installare Windows su OS X<\/strong><\/a>. Ci sono due procedure possibili: creare una partizione attraverso Boot Camp oppure creare una macchina virtuale.<\/p>\n<p><strong>Boot Camp<\/strong> \u00e8 una utility di sistema che permette di creare una partizione sull\u2019hard disk del vostro Mac, nella quale installare Windows. Poi all\u2019avvio del computer potrete scegliere se usare Windows o OS X.<\/p>\n<p>Per utilizzare contemporaneamente applicazioni Mac e Windows la scelta ricadr\u00e0 su una macchina virtuale, che otterrete installando applicazioni come <a href=\"http:\/\/www.newslettercreator.com\/it\/come-installare-mailstyler-su-mac\/\" title=\"Come installare MailStyler su Mac\"><strong>Parallels Desktop<\/strong><\/a> o <strong><a href=\"http:\/\/www.vmware.com\/it\/products\/fusion\" rel=\"nofollow\" target=\"_blank\">WMware Fusion<\/a><\/strong>. (Questa soluzione potrebbe impegnare molte risorse del vostro computer: verificate con attenzione i requisiti di sistema di tali software e di Windows stesso.)<\/p>\n<p>In entrambi i casi vi servir\u00e0 una <strong>licenza di Microsoft Windows<\/strong> (e nel caso scegliate la virtualizzazione, una licenza di Parallels o Fusion).<\/p>\n<p>Una volta effettuata questa operazione, potrete utilizzare MailStyler e creare delle newsletter perfette.<\/p>\n<p><a href=\"http:\/\/www.newslettercreator.com\/it\/come-installare-mailstyler-su-mac\/\" title=\"Come installare MailStyler su Mac\"><strong>Leggi il tutorial completo su come installare MailStyer su Mac<\/strong><\/a><\/p>\n<p style=\"text-align: center;\"><a class=\"button large orange\" style=\"margin-top: 20px; width: 157px; margin-right: 30px;\" title=\"Scarica la Demo\" href=\"http:\/\/www.newslettercreator.com\/utils\/download\/pre-download.php\" target=\"_self\">SCARICA LA DEMO<\/a><a class=\"button large darkgray\" style=\"margin-top: 20px; width: 157px;\" title=\"Acquista Mailstyler Pro\" href=\"http:\/\/www.newslettercreator.com\/it\/prezzi\/\" target=\"_self\">MAILSTYLER PRO<\/a><\/p>\n<p style=\"text-align: center\"><strong>Attenzione<\/strong>: la versione scaricata sar\u00e0 quella per Windows.<br \/>Per utilizzare MailStyler su Mac, \u00e8 necessario seguire le istruzioni riportate in questa pagina.<\/p>\n<p style=\"text-align: center; font-size: 11px; margin-bottom: 30px;\">Ultima versione: 2.24.01.17 | Data di rilascio: 17\/01\/2024 | Dimensioni: 114.9 MB<br \/>\n<a href=\"http:\/\/www.newslettercreator.com\/it\/accordo-di-licenza-per-mailstyler\/\" target=\"_blank\">Contratto di licenza<\/a> | <a href=\"http:\/\/www.newslettercreator.com\/it\/come-disinstallare-mailstyler\/\" target=\"_blank\">Come disinstallare<\/a><\/p>\n","protected":false},"excerpt":{"rendered":"<p>Usare MailStyler su un Mac non \u00e8 mai stato cos\u00ec facile: creare le vostre newsletter approfittando delle funzionalit\u00e0 di MailStyler sar\u00e0 una passeggiata anche in ambienti Apple. Innanzitutto dovete installare Windows su OS X. Ci sono due procedure possibili: creare una partizione attraverso Boot Camp oppure creare una macchina virtuale. Boot Camp \u00e8 una utility [&hellip;]<\/p>\n","protected":false},"author":1,"featured_media":0,"parent":0,"menu_order":0,"comment_status":"closed","ping_status":"closed","template":"g1_template_page_sidebar_right.php","meta":{"inline_featured_image":false,"_monsterinsights_skip_tracking":false,"_monsterinsights_sitenote_active":false,"_monsterinsights_sitenote_note":"","_monsterinsights_sitenote_category":0,"footnotes":""},"class_list":["post-3284","page","type-page","status-publish"],"yoast_head":"<!-- This site is optimized with the Yoast SEO plugin v25.2 - https:\/\/yoast.com\/wordpress\/plugins\/seo\/ -->\n<title>MailStyler su Mac - Newsletter Creator<\/title>\n<meta name=\"description\" content=\"Come creare una newsletter perfetta in Mac OS usando MailStyler.\" \/>\n<meta name=\"robots\" content=\"index, follow, max-snippet:-1, max-image-preview:large, max-video-preview:-1\" \/>\n<link rel=\"canonical\" href=\"https:\/\/www.newslettercreator.com\/it\/usare-mailstyler-su-mac\/\" \/>\n<meta property=\"og:locale\" content=\"it_IT\" \/>\n<meta property=\"og:type\" content=\"article\" \/>\n<meta property=\"og:title\" content=\"MailStyler su Mac - Newsletter Creator\" \/>\n<meta property=\"og:description\" content=\"Come creare una newsletter perfetta in Mac OS usando MailStyler.\" \/>\n<meta property=\"og:url\" content=\"https:\/\/www.newslettercreator.com\/it\/usare-mailstyler-su-mac\/\" \/>\n<meta property=\"og:site_name\" content=\"Newsletter Creator\" \/>\n<meta property=\"article:modified_time\" content=\"2015-06-29T08:58:40+00:00\" \/>\n<meta property=\"og:image\" content=\"http:\/\/www.newslettercreator.com\/wp-content\/uploads\/2015\/04\/mailstyler-mac.jpg\" \/>\n<meta name=\"twitter:label1\" content=\"Tempo di lettura stimato\" \/>\n\t<meta name=\"twitter:data1\" content=\"1 minuto\" \/>\n<script type=\"application\/ld+json\" class=\"yoast-schema-graph\">{\"@context\":\"https:\/\/schema.org\",\"@graph\":[{\"@type\":\"WebPage\",\"@id\":\"https:\/\/www.newslettercreator.com\/it\/usare-mailstyler-su-mac\/\",\"url\":\"https:\/\/www.newslettercreator.com\/it\/usare-mailstyler-su-mac\/\",\"name\":\"MailStyler su Mac - Newsletter Creator\",\"isPartOf\":{\"@id\":\"https:\/\/www.newslettercreator.com\/#website\"},\"primaryImageOfPage\":{\"@id\":\"https:\/\/www.newslettercreator.com\/it\/usare-mailstyler-su-mac\/#primaryimage\"},\"image\":{\"@id\":\"https:\/\/www.newslettercreator.com\/it\/usare-mailstyler-su-mac\/#primaryimage\"},\"thumbnailUrl\":\"http:\/\/www.newslettercreator.com\/wp-content\/uploads\/2015\/04\/mailstyler-mac.jpg\",\"datePublished\":\"2015-04-13T08:39:41+00:00\",\"dateModified\":\"2015-06-29T08:58:40+00:00\",\"description\":\"Come creare una newsletter perfetta in Mac OS usando MailStyler.\",\"breadcrumb\":{\"@id\":\"https:\/\/www.newslettercreator.com\/it\/usare-mailstyler-su-mac\/#breadcrumb\"},\"inLanguage\":\"it-IT\",\"potentialAction\":[{\"@type\":\"ReadAction\",\"target\":[\"https:\/\/www.newslettercreator.com\/it\/usare-mailstyler-su-mac\/\"]}]},{\"@type\":\"ImageObject\",\"inLanguage\":\"it-IT\",\"@id\":\"https:\/\/www.newslettercreator.com\/it\/usare-mailstyler-su-mac\/#primaryimage\",\"url\":\"http:\/\/www.newslettercreator.com\/wp-content\/uploads\/2015\/04\/mailstyler-mac.jpg\",\"contentUrl\":\"http:\/\/www.newslettercreator.com\/wp-content\/uploads\/2015\/04\/mailstyler-mac.jpg\"},{\"@type\":\"BreadcrumbList\",\"@id\":\"https:\/\/www.newslettercreator.com\/it\/usare-mailstyler-su-mac\/#breadcrumb\",\"itemListElement\":[{\"@type\":\"ListItem\",\"position\":1,\"name\":\"Home\",\"item\":\"https:\/\/www.newslettercreator.com\/it\/\"},{\"@type\":\"ListItem\",\"position\":2,\"name\":\"MailStyler su Mac\"}]},{\"@type\":\"WebSite\",\"@id\":\"https:\/\/www.newslettercreator.com\/#website\",\"url\":\"https:\/\/www.newslettercreator.com\/\",\"name\":\"Newsletter Creator\",\"description\":\"Pay off\",\"potentialAction\":[{\"@type\":\"SearchAction\",\"target\":{\"@type\":\"EntryPoint\",\"urlTemplate\":\"https:\/\/www.newslettercreator.com\/?s={search_term_string}\"},\"query-input\":{\"@type\":\"PropertyValueSpecification\",\"valueRequired\":true,\"valueName\":\"search_term_string\"}}],\"inLanguage\":\"it-IT\"}]}<\/script>\n<!-- \/ Yoast SEO plugin. -->","yoast_head_json":{"title":"MailStyler su Mac - Newsletter Creator","description":"Come creare una newsletter perfetta in Mac OS usando MailStyler.","robots":{"index":"index","follow":"follow","max-snippet":"max-snippet:-1","max-image-preview":"max-image-preview:large","max-video-preview":"max-video-preview:-1"},"canonical":"https:\/\/www.newslettercreator.com\/it\/usare-mailstyler-su-mac\/","og_locale":"it_IT","og_type":"article","og_title":"MailStyler su Mac - Newsletter Creator","og_description":"Come creare una newsletter perfetta in Mac OS usando MailStyler.","og_url":"https:\/\/www.newslettercreator.com\/it\/usare-mailstyler-su-mac\/","og_site_name":"Newsletter Creator","article_modified_time":"2015-06-29T08:58:40+00:00","og_image":[{"url":"http:\/\/www.newslettercreator.com\/wp-content\/uploads\/2015\/04\/mailstyler-mac.jpg","type":"","width":"","height":""}],"twitter_misc":{"Tempo di lettura stimato":"1 minuto"},"schema":{"@context":"https:\/\/schema.org","@graph":[{"@type":"WebPage","@id":"https:\/\/www.newslettercreator.com\/it\/usare-mailstyler-su-mac\/","url":"https:\/\/www.newslettercreator.com\/it\/usare-mailstyler-su-mac\/","name":"MailStyler su Mac - Newsletter Creator","isPartOf":{"@id":"https:\/\/www.newslettercreator.com\/#website"},"primaryImageOfPage":{"@id":"https:\/\/www.newslettercreator.com\/it\/usare-mailstyler-su-mac\/#primaryimage"},"image":{"@id":"https:\/\/www.newslettercreator.com\/it\/usare-mailstyler-su-mac\/#primaryimage"},"thumbnailUrl":"http:\/\/www.newslettercreator.com\/wp-content\/uploads\/2015\/04\/mailstyler-mac.jpg","datePublished":"2015-04-13T08:39:41+00:00","dateModified":"2015-06-29T08:58:40+00:00","description":"Come creare una newsletter perfetta in Mac OS usando MailStyler.","breadcrumb":{"@id":"https:\/\/www.newslettercreator.com\/it\/usare-mailstyler-su-mac\/#breadcrumb"},"inLanguage":"it-IT","potentialAction":[{"@type":"ReadAction","target":["https:\/\/www.newslettercreator.com\/it\/usare-mailstyler-su-mac\/"]}]},{"@type":"ImageObject","inLanguage":"it-IT","@id":"https:\/\/www.newslettercreator.com\/it\/usare-mailstyler-su-mac\/#primaryimage","url":"http:\/\/www.newslettercreator.com\/wp-content\/uploads\/2015\/04\/mailstyler-mac.jpg","contentUrl":"http:\/\/www.newslettercreator.com\/wp-content\/uploads\/2015\/04\/mailstyler-mac.jpg"},{"@type":"BreadcrumbList","@id":"https:\/\/www.newslettercreator.com\/it\/usare-mailstyler-su-mac\/#breadcrumb","itemListElement":[{"@type":"ListItem","position":1,"name":"Home","item":"https:\/\/www.newslettercreator.com\/it\/"},{"@type":"ListItem","position":2,"name":"MailStyler su Mac"}]},{"@type":"WebSite","@id":"https:\/\/www.newslettercreator.com\/#website","url":"https:\/\/www.newslettercreator.com\/","name":"Newsletter Creator","description":"Pay off","potentialAction":[{"@type":"SearchAction","target":{"@type":"EntryPoint","urlTemplate":"https:\/\/www.newslettercreator.com\/?s={search_term_string}"},"query-input":{"@type":"PropertyValueSpecification","valueRequired":true,"valueName":"search_term_string"}}],"inLanguage":"it-IT"}]}},"_links":{"self":[{"href":"https:\/\/www.newslettercreator.com\/it\/wp-json\/wp\/v2\/pages\/3284","targetHints":{"allow":["GET"]}}],"collection":[{"href":"https:\/\/www.newslettercreator.com\/it\/wp-json\/wp\/v2\/pages"}],"about":[{"href":"https:\/\/www.newslettercreator.com\/it\/wp-json\/wp\/v2\/types\/page"}],"author":[{"embeddable":true,"href":"https:\/\/www.newslettercreator.com\/it\/wp-json\/wp\/v2\/users\/1"}],"replies":[{"embeddable":true,"href":"https:\/\/www.newslettercreator.com\/it\/wp-json\/wp\/v2\/comments?post=3284"}],"version-history":[{"count":7,"href":"https:\/\/www.newslettercreator.com\/it\/wp-json\/wp\/v2\/pages\/3284\/revisions"}],"predecessor-version":[{"id":3736,"href":"https:\/\/www.newslettercreator.com\/it\/wp-json\/wp\/v2\/pages\/3284\/revisions\/3736"}],"wp:attachment":[{"href":"https:\/\/www.newslettercreator.com\/it\/wp-json\/wp\/v2\/media?parent=3284"}],"curies":[{"name":"wp","href":"https:\/\/api.w.org\/{rel}","templated":true}]}}