{"id":3364,"date":"2015-04-21T09:45:03","date_gmt":"2015-04-21T09:45:03","guid":{"rendered":"http:\/\/www.newslettercreator.com\/?page_id=3364"},"modified":"2021-05-07T08:49:43","modified_gmt":"2021-05-07T06:49:43","slug":"template-email-per-gmail","status":"publish","type":"page","link":"https:\/\/www.newslettercreator.com\/it\/template-email-per-gmail\/","title":{"rendered":"Creare un email template professionale per Gmail"},"content":{"rendered":"<p><img decoding=\"async\" class=\"alignnone wp-image-9020 size-full\" src=\"https:\/\/www.newslettercreator.com\/wp-content\/uploads\/2019\/12\/email-template-gmail.jpg\" alt=\"email template gmail\" width=\"972\" height=\"545\" srcset=\"https:\/\/www.newslettercreator.com\/wp-content\/uploads\/2019\/12\/email-template-gmail.jpg 972w, https:\/\/www.newslettercreator.com\/wp-content\/uploads\/2019\/12\/email-template-gmail-300x168.jpg 300w, https:\/\/www.newslettercreator.com\/wp-content\/uploads\/2019\/12\/email-template-gmail-768x431.jpg 768w, https:\/\/www.newslettercreator.com\/wp-content\/uploads\/2019\/12\/email-template-gmail-968x543.jpg 968w, https:\/\/www.newslettercreator.com\/wp-content\/uploads\/2019\/12\/email-template-gmail-636x357.jpg 636w, https:\/\/www.newslettercreator.com\/wp-content\/uploads\/2019\/12\/email-template-gmail-482x271.jpg 482w, https:\/\/www.newslettercreator.com\/wp-content\/uploads\/2019\/12\/email-template-gmail-320x179.jpg 320w, https:\/\/www.newslettercreator.com\/wp-content\/uploads\/2019\/12\/email-template-gmail-239x134.jpg 239w\" sizes=\"(max-width: 972px) 100vw, 972px\" \/><\/p>\n<p>MailStyler \u00e8 l\u2019unica piattaforma che ti permette di <strong>creare email template professionali per Gmail<\/strong>. Il procedimento \u00e8 rapido e intuitivo e l\u2019aspetto finale di altissimo livello, senza farti perdere tempo a smanettare con il codice HTML.<\/p>\n<p>Con MailStyler <a title=\"\" href=\"https:\/\/www.youtube.com\/watch?v=igsEevbbrBM\" target=\"_blank\" rel=\"noopener noreferrer\">costruisci modelli HTML a regola d\u2019arte<\/a> (senza scrivere una sola riga di codice) e li utilizzi ovunque. Il tuo newsletter template verr\u00e0 <strong>riprodotto perfettamente <\/strong>anche <strong>nei messaggi che invii con Gmail<\/strong>, senza modifiche inaspettate.<\/p>\n<p><strong>Per prima cosa disegna la tua email.<\/strong> All\u2019interno dell\u2019editor di MailStyler hai a disposizione numerosi blocchi contenenti quello che ti serve: header, immagini, caselle di testo, pi\u00e8 di pagina, call to action e molto altro. Non devi far altro che trascinare quelli che preferisci all\u2019interno dell\u2019area di lavoro. Puoi anche scrivere la riga dell\u2019oggetto e quella del preheader.<\/p>\n<p>Non dimenticare di inserire un&#8217;<strong>email signature<\/strong> <strong>professionale<\/strong>. <a title=\"\" href=\"https:\/\/www.youtube.com\/watch?v=T26Q59Zavek\" target=\"_blank\" rel=\"noopener noreferrer\">Ecco come fare<\/a>.<\/p>\n<p>Hai finito il lavoro di design? <strong>Per esportare l\u2019email template su Gmail procedi cos\u00ec<\/strong>.<br \/>\n<em><\/em><\/p>\n<ul id=\"g1-list-1\" class=\"g1-list--icon g1-list--simple \">\n<li><i class=\"fa fa-arrow-right g1-list__icon\"><\/i><strong>Ecco tutta la spiegazione con un semplice tutorial.<\/strong><\/li>\n<\/ul>\n<\/p>\n<div id=\"fluid-wrapper-counter-1\" class=\"g1-fluid-wrapper \" style=\"width:686px;\">\n<div style=\"padding-bottom:56.268221574344%;\"><iframe title=\"Come creare un email template professionale per Gmail\" width=\"686\" height=\"386\" src=\"https:\/\/www.youtube.com\/embed\/jhimXttaIlc?feature=oembed&amp;wmode=transparent&amp;autohide=1&amp;autoplay=0&amp;disablekb=0&amp;fs=1&amp;loop=0&amp;enablejsapi=1&amp;rel=0&amp;controls=2&amp;showinfo=0&amp;wmode=transparent&amp;autohide=2&amp;autoplay=0&amp;disablekb=0&amp;fs=1&amp;loop=0&amp;enablejsapi=1&amp;rel=0&amp;controls=2&amp;showinfo=1\" frameborder=\"0\" allow=\"accelerometer; autoplay; clipboard-write; encrypted-media; gyroscope; picture-in-picture\" allowfullscreen><\/iframe><\/div>\n<\/div>\n<p>Clicca su \u201cEsporta\u201d e poi su \u201cEsporta su Gmail\u201d. Ora devi fare login con il tuo account Gmail.<\/p>\n<p>Torna su MailStyler e <strong>scegli il metodo di esportazione<\/strong>. Nota che l\u2019opzione \u201cCloud\u201d \u00e8 disponibile solo per gli utenti Pro. Indipendentemente dalla tua scelta, alla fine del processo di esportazione <strong>guarda\u00a0nella cartella Bozze di Gmail<\/strong>: il tuo template \u00e8 stato caricato, <strong>completo di oggetto e preheader!<\/strong><\/p>\n<p><strong>Possiedi pi\u00f9 di un account con Gmail?<\/strong> Potrai fare login con un indirizzo diverso per ogni esportazione dei tuoi newsletter HTML template.<\/p>\n<p>Ricorda che Gmail non \u00e8 lo strumento pi\u00f9 adatto per inviare newsletter. Semplicemente, non \u00e8 questo lo scopo per cui \u00e8 stato creato e per cui viene usato. Per questo compito <strong>\u00e8 consigliabile ricorrere a piattaforme professionali<\/strong>, come per esempio <a title=\"\" href=\"https:\/\/emailchef.com\/it\/\" target=\"_blank\" rel=\"noopener noreferrer\"><strong>eMailChef<\/strong><\/a>. Ma se hai necessit\u00e0 occasionale di inviare una newsletter e desideri un template professionale e senza sbavature, MailStyler \u00e8 la soluzione che fa per te.<\/p>\n","protected":false},"excerpt":{"rendered":"<p>MailStyler \u00e8 l\u2019unica piattaforma che ti permette di creare email template professionali per Gmail. Il procedimento \u00e8 rapido e intuitivo e l\u2019aspetto finale di altissimo livello, senza farti perdere tempo a smanettare con il codice HTML. Con MailStyler costruisci modelli HTML a regola d\u2019arte (senza scrivere una sola riga di codice) e li utilizzi ovunque. [&hellip;]<\/p>\n","protected":false},"author":1,"featured_media":0,"parent":0,"menu_order":0,"comment_status":"closed","ping_status":"closed","template":"g1_template_page_sidebar_right.php","meta":{"inline_featured_image":false,"_monsterinsights_skip_tracking":false,"_monsterinsights_sitenote_active":false,"_monsterinsights_sitenote_note":"","_monsterinsights_sitenote_category":0,"footnotes":""},"class_list":{"0":"post-3364","1":"page","2":"type-page","3":"status-publish","5":"g1_relation_tag-r-esportazione"},"yoast_head":"<!-- This site is optimized with the Yoast SEO plugin v25.2 - https:\/\/yoast.com\/wordpress\/plugins\/seo\/ -->\n<title>Creare un email template professionale per Gmail - Newsletter Creator<\/title>\n<meta name=\"description\" content=\"Come creare e importare un template HTML per Gmail in pochi passi.\" \/>\n<meta name=\"robots\" content=\"index, follow, max-snippet:-1, max-image-preview:large, max-video-preview:-1\" \/>\n<link rel=\"canonical\" href=\"https:\/\/www.newslettercreator.com\/it\/template-email-per-gmail\/\" \/>\n<meta property=\"og:locale\" content=\"it_IT\" \/>\n<meta property=\"og:type\" content=\"article\" \/>\n<meta property=\"og:title\" content=\"Creare un email template professionale per Gmail - Newsletter Creator\" \/>\n<meta property=\"og:description\" content=\"Come creare e importare un template HTML per Gmail in pochi passi.\" \/>\n<meta property=\"og:url\" content=\"https:\/\/www.newslettercreator.com\/it\/template-email-per-gmail\/\" \/>\n<meta property=\"og:site_name\" content=\"Newsletter Creator\" \/>\n<meta property=\"article:modified_time\" content=\"2021-05-07T06:49:43+00:00\" \/>\n<meta property=\"og:image\" content=\"https:\/\/www.newslettercreator.com\/wp-content\/uploads\/2019\/12\/email-template-gmail.jpg\" \/>\n<meta name=\"twitter:label1\" content=\"Tempo di lettura stimato\" \/>\n\t<meta name=\"twitter:data1\" content=\"2 minuti\" \/>\n<script type=\"application\/ld+json\" class=\"yoast-schema-graph\">{\"@context\":\"https:\/\/schema.org\",\"@graph\":[{\"@type\":\"WebPage\",\"@id\":\"https:\/\/www.newslettercreator.com\/it\/template-email-per-gmail\/\",\"url\":\"https:\/\/www.newslettercreator.com\/it\/template-email-per-gmail\/\",\"name\":\"Creare un email template professionale per Gmail - Newsletter Creator\",\"isPartOf\":{\"@id\":\"https:\/\/www.newslettercreator.com\/#website\"},\"primaryImageOfPage\":{\"@id\":\"https:\/\/www.newslettercreator.com\/it\/template-email-per-gmail\/#primaryimage\"},\"image\":{\"@id\":\"https:\/\/www.newslettercreator.com\/it\/template-email-per-gmail\/#primaryimage\"},\"thumbnailUrl\":\"https:\/\/www.newslettercreator.com\/wp-content\/uploads\/2019\/12\/email-template-gmail.jpg\",\"datePublished\":\"2015-04-21T09:45:03+00:00\",\"dateModified\":\"2021-05-07T06:49:43+00:00\",\"description\":\"Come creare e importare un template HTML per Gmail in pochi passi.\",\"breadcrumb\":{\"@id\":\"https:\/\/www.newslettercreator.com\/it\/template-email-per-gmail\/#breadcrumb\"},\"inLanguage\":\"it-IT\",\"potentialAction\":[{\"@type\":\"ReadAction\",\"target\":[\"https:\/\/www.newslettercreator.com\/it\/template-email-per-gmail\/\"]}]},{\"@type\":\"ImageObject\",\"inLanguage\":\"it-IT\",\"@id\":\"https:\/\/www.newslettercreator.com\/it\/template-email-per-gmail\/#primaryimage\",\"url\":\"https:\/\/www.newslettercreator.com\/wp-content\/uploads\/2019\/12\/email-template-gmail.jpg\",\"contentUrl\":\"https:\/\/www.newslettercreator.com\/wp-content\/uploads\/2019\/12\/email-template-gmail.jpg\"},{\"@type\":\"BreadcrumbList\",\"@id\":\"https:\/\/www.newslettercreator.com\/it\/template-email-per-gmail\/#breadcrumb\",\"itemListElement\":[{\"@type\":\"ListItem\",\"position\":1,\"name\":\"Home\",\"item\":\"https:\/\/www.newslettercreator.com\/it\/\"},{\"@type\":\"ListItem\",\"position\":2,\"name\":\"Creare un email template professionale per Gmail\"}]},{\"@type\":\"WebSite\",\"@id\":\"https:\/\/www.newslettercreator.com\/#website\",\"url\":\"https:\/\/www.newslettercreator.com\/\",\"name\":\"Newsletter Creator\",\"description\":\"Pay off\",\"potentialAction\":[{\"@type\":\"SearchAction\",\"target\":{\"@type\":\"EntryPoint\",\"urlTemplate\":\"https:\/\/www.newslettercreator.com\/?s={search_term_string}\"},\"query-input\":{\"@type\":\"PropertyValueSpecification\",\"valueRequired\":true,\"valueName\":\"search_term_string\"}}],\"inLanguage\":\"it-IT\"}]}<\/script>\n<!-- \/ Yoast SEO plugin. -->","yoast_head_json":{"title":"Creare un email template professionale per Gmail - Newsletter Creator","description":"Come creare e importare un template HTML per Gmail in pochi passi.","robots":{"index":"index","follow":"follow","max-snippet":"max-snippet:-1","max-image-preview":"max-image-preview:large","max-video-preview":"max-video-preview:-1"},"canonical":"https:\/\/www.newslettercreator.com\/it\/template-email-per-gmail\/","og_locale":"it_IT","og_type":"article","og_title":"Creare un email template professionale per Gmail - Newsletter Creator","og_description":"Come creare e importare un template HTML per Gmail in pochi passi.","og_url":"https:\/\/www.newslettercreator.com\/it\/template-email-per-gmail\/","og_site_name":"Newsletter Creator","article_modified_time":"2021-05-07T06:49:43+00:00","og_image":[{"url":"https:\/\/www.newslettercreator.com\/wp-content\/uploads\/2019\/12\/email-template-gmail.jpg","type":"","width":"","height":""}],"twitter_misc":{"Tempo di lettura stimato":"2 minuti"},"schema":{"@context":"https:\/\/schema.org","@graph":[{"@type":"WebPage","@id":"https:\/\/www.newslettercreator.com\/it\/template-email-per-gmail\/","url":"https:\/\/www.newslettercreator.com\/it\/template-email-per-gmail\/","name":"Creare un email template professionale per Gmail - Newsletter Creator","isPartOf":{"@id":"https:\/\/www.newslettercreator.com\/#website"},"primaryImageOfPage":{"@id":"https:\/\/www.newslettercreator.com\/it\/template-email-per-gmail\/#primaryimage"},"image":{"@id":"https:\/\/www.newslettercreator.com\/it\/template-email-per-gmail\/#primaryimage"},"thumbnailUrl":"https:\/\/www.newslettercreator.com\/wp-content\/uploads\/2019\/12\/email-template-gmail.jpg","datePublished":"2015-04-21T09:45:03+00:00","dateModified":"2021-05-07T06:49:43+00:00","description":"Come creare e importare un template HTML per Gmail in pochi passi.","breadcrumb":{"@id":"https:\/\/www.newslettercreator.com\/it\/template-email-per-gmail\/#breadcrumb"},"inLanguage":"it-IT","potentialAction":[{"@type":"ReadAction","target":["https:\/\/www.newslettercreator.com\/it\/template-email-per-gmail\/"]}]},{"@type":"ImageObject","inLanguage":"it-IT","@id":"https:\/\/www.newslettercreator.com\/it\/template-email-per-gmail\/#primaryimage","url":"https:\/\/www.newslettercreator.com\/wp-content\/uploads\/2019\/12\/email-template-gmail.jpg","contentUrl":"https:\/\/www.newslettercreator.com\/wp-content\/uploads\/2019\/12\/email-template-gmail.jpg"},{"@type":"BreadcrumbList","@id":"https:\/\/www.newslettercreator.com\/it\/template-email-per-gmail\/#breadcrumb","itemListElement":[{"@type":"ListItem","position":1,"name":"Home","item":"https:\/\/www.newslettercreator.com\/it\/"},{"@type":"ListItem","position":2,"name":"Creare un email template professionale per Gmail"}]},{"@type":"WebSite","@id":"https:\/\/www.newslettercreator.com\/#website","url":"https:\/\/www.newslettercreator.com\/","name":"Newsletter Creator","description":"Pay off","potentialAction":[{"@type":"SearchAction","target":{"@type":"EntryPoint","urlTemplate":"https:\/\/www.newslettercreator.com\/?s={search_term_string}"},"query-input":{"@type":"PropertyValueSpecification","valueRequired":true,"valueName":"search_term_string"}}],"inLanguage":"it-IT"}]}},"_links":{"self":[{"href":"https:\/\/www.newslettercreator.com\/it\/wp-json\/wp\/v2\/pages\/3364","targetHints":{"allow":["GET"]}}],"collection":[{"href":"https:\/\/www.newslettercreator.com\/it\/wp-json\/wp\/v2\/pages"}],"about":[{"href":"https:\/\/www.newslettercreator.com\/it\/wp-json\/wp\/v2\/types\/page"}],"author":[{"embeddable":true,"href":"https:\/\/www.newslettercreator.com\/it\/wp-json\/wp\/v2\/users\/1"}],"replies":[{"embeddable":true,"href":"https:\/\/www.newslettercreator.com\/it\/wp-json\/wp\/v2\/comments?post=3364"}],"version-history":[{"count":9,"href":"https:\/\/www.newslettercreator.com\/it\/wp-json\/wp\/v2\/pages\/3364\/revisions"}],"predecessor-version":[{"id":9145,"href":"https:\/\/www.newslettercreator.com\/it\/wp-json\/wp\/v2\/pages\/3364\/revisions\/9145"}],"wp:attachment":[{"href":"https:\/\/www.newslettercreator.com\/it\/wp-json\/wp\/v2\/media?parent=3364"}],"curies":[{"name":"wp","href":"https:\/\/api.w.org\/{rel}","templated":true}]}}