{"id":3542,"date":"2015-05-18T13:37:07","date_gmt":"2015-05-18T13:37:07","guid":{"rendered":"http:\/\/www.newslettercreator.com\/?page_id=3542"},"modified":"2017-04-11T12:57:35","modified_gmt":"2017-04-11T12:57:35","slug":"perche-effettuare-lupgrade","status":"publish","type":"page","link":"https:\/\/www.newslettercreator.com\/it\/perche-effettuare-lupgrade\/","title":{"rendered":"Perch\u00e9 effettuare l&#8217;upgrade"},"content":{"rendered":"<p><center><img decoding=\"async\" width=\"553\" height=\"300\" src=\"http:\/\/www.newslettercreator.com\/wp-content\/uploads\/2014\/10\/upgrade2.jpg\" alt=\"\" \/><\/p>\n<h2>Con l&#8217;aggiornamento a MailStyler Pro<br \/>otterrete due vantaggi straordinari<br \/>\n<\/h2>\n<p style=\"text-align: center;\">\n<a class=\"button large orange\" style=\"margin-bottom: 10px; width: 300px!important; padding-top: 5px;padding-bottom: 5px;font-size: 16px!important;\" title=\"Upgrade a Mailstyler Pro\" href=\"http:\/\/www.newslettercreator.com\/it\/upgrade\/\" target=\"_self\">UPGRADE a MAILSTYLER PRO<\/a>\n<\/p>\n<p><\/center>&nbsp;<\/p>\n<ul class=\"g1-grid\"><li class=\"g1-column g1-one-half g1-valign-top\"><br \/>\n<span style=\"font-weight: strong; font-size: 20px; margin-bottom: 14px; display: inline-block; color: #333333;\">Spazio cloud gratuito e illimitato<\/span><br \/>\nCon lo spazio cloud di MailStyler Pro, caricare le immagini sulla newsletter diventa un gioco da ragazzi. Non c&#8217;\u00e8 pi\u00f9 bisogno di caricare manualmente le immagini in uno spazio web esterno (iCloud, Dropbox&#8230;), n\u00e9 di utilizzare qualsiasi tipo di FTP.<br \/>\nIn pratica, sar\u00e0 sufficiente cliccare su un pulsante: i file selezionati verranno archiviati e sincronizzati nel nostro cloud illimitato automaticamente. In modo facile e sicuro.<\/p>\n<\/li><!-- -->\n<li class=\"g1-column g1-one-half g1-valign-top\"><br \/>\n<span style=\"font-weight: strong; font-size: 20px; margin-bottom: 14px; display: inline-block; color: #333333;\">Libreria di immagini ad alta risoluzione<br \/>\n<\/span><br \/>\nQuando si tratta di creare una newsletter, avere a disposizione una vasta libreria di immagini di qualit\u00e0 \u00e8 fondamentale. MailStyler Pro offre pi\u00f9 di 2000 immagini senza filigrana e in alta risoluzione, divise per categoria.<br \/>\nNessun altro software fornisce una banca di soluzioni grafiche cos\u00ec ampia.<\/p>\n<\/li><!-- --><\/ul>\n<p>&nbsp;<\/p>\n","protected":false},"excerpt":{"rendered":"<p>Con l&#8217;aggiornamento a MailStyler Prootterrete due vantaggi straordinari UPGRADE a MAILSTYLER PRO &nbsp; &nbsp;<\/p>\n","protected":false},"author":1,"featured_media":0,"parent":0,"menu_order":0,"comment_status":"closed","ping_status":"closed","template":"","meta":{"inline_featured_image":false,"_monsterinsights_skip_tracking":false,"_monsterinsights_sitenote_active":false,"_monsterinsights_sitenote_note":"","_monsterinsights_sitenote_category":0,"footnotes":""},"class_list":["post-3542","page","type-page","status-publish"],"yoast_head":"<!-- This site is optimized with the Yoast SEO plugin v25.2 - https:\/\/yoast.com\/wordpress\/plugins\/seo\/ -->\n<title>Perch\u00e9 effettuare l&#039;upgrade - Newsletter Creator<\/title>\n<meta name=\"robots\" content=\"index, follow, max-snippet:-1, max-image-preview:large, max-video-preview:-1\" \/>\n<link rel=\"canonical\" href=\"https:\/\/www.newslettercreator.com\/it\/perche-effettuare-lupgrade\/\" \/>\n<meta property=\"og:locale\" content=\"it_IT\" \/>\n<meta property=\"og:type\" content=\"article\" \/>\n<meta property=\"og:title\" content=\"Perch\u00e9 effettuare l&#039;upgrade - Newsletter Creator\" \/>\n<meta property=\"og:description\" content=\"Con l&#8217;aggiornamento a MailStyler Prootterrete due vantaggi straordinari UPGRADE a MAILSTYLER PRO &nbsp; &nbsp;\" \/>\n<meta property=\"og:url\" content=\"https:\/\/www.newslettercreator.com\/it\/perche-effettuare-lupgrade\/\" \/>\n<meta property=\"og:site_name\" content=\"Newsletter Creator\" \/>\n<meta property=\"article:modified_time\" content=\"2017-04-11T12:57:35+00:00\" \/>\n<meta property=\"og:image\" content=\"http:\/\/www.newslettercreator.com\/wp-content\/uploads\/2014\/10\/upgrade2.jpg\" \/>\n<meta name=\"twitter:label1\" content=\"Tempo di lettura stimato\" \/>\n\t<meta name=\"twitter:data1\" content=\"1 minuto\" \/>\n<script type=\"application\/ld+json\" class=\"yoast-schema-graph\">{\"@context\":\"https:\/\/schema.org\",\"@graph\":[{\"@type\":\"WebPage\",\"@id\":\"https:\/\/www.newslettercreator.com\/it\/perche-effettuare-lupgrade\/\",\"url\":\"https:\/\/www.newslettercreator.com\/it\/perche-effettuare-lupgrade\/\",\"name\":\"Perch\u00e9 effettuare l'upgrade - Newsletter Creator\",\"isPartOf\":{\"@id\":\"https:\/\/www.newslettercreator.com\/#website\"},\"primaryImageOfPage\":{\"@id\":\"https:\/\/www.newslettercreator.com\/it\/perche-effettuare-lupgrade\/#primaryimage\"},\"image\":{\"@id\":\"https:\/\/www.newslettercreator.com\/it\/perche-effettuare-lupgrade\/#primaryimage\"},\"thumbnailUrl\":\"http:\/\/www.newslettercreator.com\/wp-content\/uploads\/2014\/10\/upgrade2.jpg\",\"datePublished\":\"2015-05-18T13:37:07+00:00\",\"dateModified\":\"2017-04-11T12:57:35+00:00\",\"breadcrumb\":{\"@id\":\"https:\/\/www.newslettercreator.com\/it\/perche-effettuare-lupgrade\/#breadcrumb\"},\"inLanguage\":\"it-IT\",\"potentialAction\":[{\"@type\":\"ReadAction\",\"target\":[\"https:\/\/www.newslettercreator.com\/it\/perche-effettuare-lupgrade\/\"]}]},{\"@type\":\"ImageObject\",\"inLanguage\":\"it-IT\",\"@id\":\"https:\/\/www.newslettercreator.com\/it\/perche-effettuare-lupgrade\/#primaryimage\",\"url\":\"http:\/\/www.newslettercreator.com\/wp-content\/uploads\/2014\/10\/upgrade2.jpg\",\"contentUrl\":\"http:\/\/www.newslettercreator.com\/wp-content\/uploads\/2014\/10\/upgrade2.jpg\"},{\"@type\":\"BreadcrumbList\",\"@id\":\"https:\/\/www.newslettercreator.com\/it\/perche-effettuare-lupgrade\/#breadcrumb\",\"itemListElement\":[{\"@type\":\"ListItem\",\"position\":1,\"name\":\"Home\",\"item\":\"https:\/\/www.newslettercreator.com\/it\/\"},{\"@type\":\"ListItem\",\"position\":2,\"name\":\"Perch\u00e9 effettuare l&#8217;upgrade\"}]},{\"@type\":\"WebSite\",\"@id\":\"https:\/\/www.newslettercreator.com\/#website\",\"url\":\"https:\/\/www.newslettercreator.com\/\",\"name\":\"Newsletter Creator\",\"description\":\"Pay off\",\"potentialAction\":[{\"@type\":\"SearchAction\",\"target\":{\"@type\":\"EntryPoint\",\"urlTemplate\":\"https:\/\/www.newslettercreator.com\/?s={search_term_string}\"},\"query-input\":{\"@type\":\"PropertyValueSpecification\",\"valueRequired\":true,\"valueName\":\"search_term_string\"}}],\"inLanguage\":\"it-IT\"}]}<\/script>\n<!-- \/ Yoast SEO plugin. -->","yoast_head_json":{"title":"Perch\u00e9 effettuare l'upgrade - Newsletter Creator","robots":{"index":"index","follow":"follow","max-snippet":"max-snippet:-1","max-image-preview":"max-image-preview:large","max-video-preview":"max-video-preview:-1"},"canonical":"https:\/\/www.newslettercreator.com\/it\/perche-effettuare-lupgrade\/","og_locale":"it_IT","og_type":"article","og_title":"Perch\u00e9 effettuare l'upgrade - Newsletter Creator","og_description":"Con l&#8217;aggiornamento a MailStyler Prootterrete due vantaggi straordinari UPGRADE a MAILSTYLER PRO &nbsp; &nbsp;","og_url":"https:\/\/www.newslettercreator.com\/it\/perche-effettuare-lupgrade\/","og_site_name":"Newsletter Creator","article_modified_time":"2017-04-11T12:57:35+00:00","og_image":[{"url":"http:\/\/www.newslettercreator.com\/wp-content\/uploads\/2014\/10\/upgrade2.jpg","type":"","width":"","height":""}],"twitter_misc":{"Tempo di lettura stimato":"1 minuto"},"schema":{"@context":"https:\/\/schema.org","@graph":[{"@type":"WebPage","@id":"https:\/\/www.newslettercreator.com\/it\/perche-effettuare-lupgrade\/","url":"https:\/\/www.newslettercreator.com\/it\/perche-effettuare-lupgrade\/","name":"Perch\u00e9 effettuare l'upgrade - Newsletter Creator","isPartOf":{"@id":"https:\/\/www.newslettercreator.com\/#website"},"primaryImageOfPage":{"@id":"https:\/\/www.newslettercreator.com\/it\/perche-effettuare-lupgrade\/#primaryimage"},"image":{"@id":"https:\/\/www.newslettercreator.com\/it\/perche-effettuare-lupgrade\/#primaryimage"},"thumbnailUrl":"http:\/\/www.newslettercreator.com\/wp-content\/uploads\/2014\/10\/upgrade2.jpg","datePublished":"2015-05-18T13:37:07+00:00","dateModified":"2017-04-11T12:57:35+00:00","breadcrumb":{"@id":"https:\/\/www.newslettercreator.com\/it\/perche-effettuare-lupgrade\/#breadcrumb"},"inLanguage":"it-IT","potentialAction":[{"@type":"ReadAction","target":["https:\/\/www.newslettercreator.com\/it\/perche-effettuare-lupgrade\/"]}]},{"@type":"ImageObject","inLanguage":"it-IT","@id":"https:\/\/www.newslettercreator.com\/it\/perche-effettuare-lupgrade\/#primaryimage","url":"http:\/\/www.newslettercreator.com\/wp-content\/uploads\/2014\/10\/upgrade2.jpg","contentUrl":"http:\/\/www.newslettercreator.com\/wp-content\/uploads\/2014\/10\/upgrade2.jpg"},{"@type":"BreadcrumbList","@id":"https:\/\/www.newslettercreator.com\/it\/perche-effettuare-lupgrade\/#breadcrumb","itemListElement":[{"@type":"ListItem","position":1,"name":"Home","item":"https:\/\/www.newslettercreator.com\/it\/"},{"@type":"ListItem","position":2,"name":"Perch\u00e9 effettuare l&#8217;upgrade"}]},{"@type":"WebSite","@id":"https:\/\/www.newslettercreator.com\/#website","url":"https:\/\/www.newslettercreator.com\/","name":"Newsletter Creator","description":"Pay off","potentialAction":[{"@type":"SearchAction","target":{"@type":"EntryPoint","urlTemplate":"https:\/\/www.newslettercreator.com\/?s={search_term_string}"},"query-input":{"@type":"PropertyValueSpecification","valueRequired":true,"valueName":"search_term_string"}}],"inLanguage":"it-IT"}]}},"_links":{"self":[{"href":"https:\/\/www.newslettercreator.com\/it\/wp-json\/wp\/v2\/pages\/3542","targetHints":{"allow":["GET"]}}],"collection":[{"href":"https:\/\/www.newslettercreator.com\/it\/wp-json\/wp\/v2\/pages"}],"about":[{"href":"https:\/\/www.newslettercreator.com\/it\/wp-json\/wp\/v2\/types\/page"}],"author":[{"embeddable":true,"href":"https:\/\/www.newslettercreator.com\/it\/wp-json\/wp\/v2\/users\/1"}],"replies":[{"embeddable":true,"href":"https:\/\/www.newslettercreator.com\/it\/wp-json\/wp\/v2\/comments?post=3542"}],"version-history":[{"count":3,"href":"https:\/\/www.newslettercreator.com\/it\/wp-json\/wp\/v2\/pages\/3542\/revisions"}],"predecessor-version":[{"id":5228,"href":"https:\/\/www.newslettercreator.com\/it\/wp-json\/wp\/v2\/pages\/3542\/revisions\/5228"}],"wp:attachment":[{"href":"https:\/\/www.newslettercreator.com\/it\/wp-json\/wp\/v2\/media?parent=3542"}],"curies":[{"name":"wp","href":"https:\/\/api.w.org\/{rel}","templated":true}]}}