{"id":3742,"date":"2015-07-08T13:12:53","date_gmt":"2015-07-08T13:12:53","guid":{"rendered":"http:\/\/www.newslettercreator.com\/?page_id=3742"},"modified":"2015-07-08T13:14:03","modified_gmt":"2015-07-08T13:14:03","slug":"layout-newsletter-email","status":"publish","type":"page","link":"https:\/\/www.newslettercreator.com\/it\/layout-newsletter-email\/","title":{"rendered":"Il layout della newsletter"},"content":{"rendered":"<p><img decoding=\"async\" class=\"alignnone size-full wp-image-237\" src=\"http:\/\/www.newslettercreator.com\/wp-content\/uploads\/2014\/02\/email-layout-best-practices.jpg\" alt=\"Il layout della newsletter\" width=\"649\" height=\"423\" \/><\/p>\n<p>Una rapida ricerca su Google vi restituir\u00e0 decine di consigli per la <strong>creazione di un buon layout di newsletter<\/strong>: dalla codifica HTML ai principi base di impostazione della struttura, dalla gestione delle immagini all&#8217;ottimizzazione per il mobile, ci sono diversi elementi da tenere presente per costruire una newsletter impeccabile.<\/p>\n<p>Tra i suggerimenti principali sul layout delle newsletter, ad esempio, si scopre che si dovrebbe sempre strutturare il contenuto utilizzando le <strong>tabelle HTML<\/strong>, che \u00e8 importante impostare le immagini con <strong>link assoluti<\/strong>, che \u00e8 bene evitare i <strong>colori di sfondo<\/strong>, che ogni stile CSS deve essere posto <strong>inline<\/strong>, e che avrete sempre bisogno di testare tale layout su <strong>diversi client di posta elettronica<\/strong>. Eccetera, eccetera.<\/p>\n<p>Ma cosa succede se non si vuole passare ore a scrivere codice, o non si sa nemmeno cos&#8217;\u00e8 il codice HTML? C&#8217;\u00e8 un modo per fornire al vostro contenuto un <strong>layout HTML di qualit\u00e0<\/strong> senza sforzo?<\/p>\n<p>La risposta \u00e8 s\u00ec: basta usare <a title=\"MailStyler newsletter creator\" href=\"http:\/\/www.newslettercreator.com\/it\/prezzi\/\"><strong>MailStyler<\/strong><\/a>.<\/p>\n<p>MailStyler rivoluziona l&#8217;approccio alla creazione dei template per email: grazie al nostro software \u00e8 possibile <strong>costruire le newsletter da zero<\/strong> senza una sola riga di codice. \u00c8 sufficiente aprire l&#8217;editor WYISIWIG e <strong>trascinare e rilasciare<\/strong> tutti gli elementi necessari \u2014 blocchi di testo, pulsanti, colonne, footer ecc. In seguito \u00e8 possibile modificare la struttura come si preferisce, e salvare o esportare il layout email in un click, pronto per essere utilizzato su <strong>qualsiasi software di posta elettronica<\/strong>.<\/p>\n<p>Il punto chiave \u00e8 che tutti gli elementi gi\u00e0 pronti di MailStyler sono stati creati in un <strong>codice HTML ottimizzato<\/strong> per essere compatibile con tutti i client di posta. Quindi, non importa come li combinerete per creare la vostra newsletter, n\u00e9 importa su quale dispositivo la legger\u00e0 il destinatario: <strong>il risultato sar\u00e0 sempre perfetto<\/strong>. Sar\u00e0 visualizzato sempre come l&#8217;avete creato.<\/p>\n<p><a title=\"Prova la demo di MailStyler\" href=\"http:\/\/www.newslettercreator.com\/it\/scarica-gratis\/\">Provate<\/a>. Sarete stupiti da quanto sia facile e divertente!<\/p>\n<p>&nbsp;<\/p>\n<p style=\"text-align: center;\"><a class=\"button large orange\" style=\"margin-top: 20px; width: 157px; margin-right: 30px;\" title=\"Scarica la Demo\" href=\"http:\/\/www.newslettercreator.com\/it\/scarica-gratis\/\" target=\"_self\">SCARICA LA DEMO<\/a><a class=\"button large darkgray\" style=\"margin-top: 20px; width: 157px;\" title=\"Acquista Mailstyler Pro\" href=\"http:\/\/www.newslettercreator.com\/it\/prezzi\/\" target=\"_self\">MAILSTYLER PRO<\/a><\/p>\n<p style=\"text-align: center; font-size: 11px; margin-bottom: 30px;\">Ultima versione: 2.24.01.17 | Data di rilascio: 17\/01\/2024 | Dimensioni: 114.9 MB<br \/>\n<a href=\"http:\/\/www.newslettercreator.com\/it\/accordo-di-licenza-per-mailstyler\/\" target=\"_blank\">Contratto di licenza<\/a> | <a href=\"http:\/\/www.newslettercreator.com\/it\/come-disinstallare-mailstyler\/\" target=\"_blank\">Come disinstallare<\/a><\/p>\n","protected":false},"excerpt":{"rendered":"<p>Una rapida ricerca su Google vi restituir\u00e0 decine di consigli per la creazione di un buon layout di newsletter: dalla codifica HTML ai principi base di impostazione della struttura, dalla gestione delle immagini all&#8217;ottimizzazione per il mobile, ci sono diversi elementi da tenere presente per costruire una newsletter impeccabile. Tra i suggerimenti principali sul layout [&hellip;]<\/p>\n","protected":false},"author":1,"featured_media":0,"parent":0,"menu_order":0,"comment_status":"closed","ping_status":"closed","template":"g1_template_page_sidebar_right.php","meta":{"inline_featured_image":false,"_monsterinsights_skip_tracking":false,"_monsterinsights_sitenote_active":false,"_monsterinsights_sitenote_note":"","_monsterinsights_sitenote_category":0,"footnotes":""},"class_list":["post-3742","page","type-page","status-publish"],"yoast_head":"<!-- This site is optimized with the Yoast SEO plugin v25.2 - https:\/\/yoast.com\/wordpress\/plugins\/seo\/ -->\n<title>Il layout della newsletter - Newsletter Creator<\/title>\n<meta name=\"robots\" content=\"index, follow, max-snippet:-1, max-image-preview:large, max-video-preview:-1\" \/>\n<link rel=\"canonical\" href=\"https:\/\/www.newslettercreator.com\/it\/layout-newsletter-email\/\" \/>\n<meta property=\"og:locale\" content=\"it_IT\" \/>\n<meta property=\"og:type\" content=\"article\" \/>\n<meta property=\"og:title\" content=\"Il layout della newsletter - Newsletter Creator\" \/>\n<meta property=\"og:description\" content=\"Una rapida ricerca su Google vi restituir\u00e0 decine di consigli per la creazione di un buon layout di newsletter: dalla codifica HTML ai principi base di impostazione della struttura, dalla gestione delle immagini all&#8217;ottimizzazione per il mobile, ci sono diversi elementi da tenere presente per costruire una newsletter impeccabile. Tra i suggerimenti principali sul layout [&hellip;]\" \/>\n<meta property=\"og:url\" content=\"https:\/\/www.newslettercreator.com\/it\/layout-newsletter-email\/\" \/>\n<meta property=\"og:site_name\" content=\"Newsletter Creator\" \/>\n<meta property=\"article:modified_time\" content=\"2015-07-08T13:14:03+00:00\" \/>\n<meta property=\"og:image\" content=\"http:\/\/www.newslettercreator.com\/wp-content\/uploads\/2014\/02\/email-layout-best-practices.jpg\" \/>\n<meta name=\"twitter:label1\" content=\"Tempo di lettura stimato\" \/>\n\t<meta name=\"twitter:data1\" content=\"2 minuti\" \/>\n<script type=\"application\/ld+json\" class=\"yoast-schema-graph\">{\"@context\":\"https:\/\/schema.org\",\"@graph\":[{\"@type\":\"WebPage\",\"@id\":\"https:\/\/www.newslettercreator.com\/it\/layout-newsletter-email\/\",\"url\":\"https:\/\/www.newslettercreator.com\/it\/layout-newsletter-email\/\",\"name\":\"Il layout della newsletter - Newsletter Creator\",\"isPartOf\":{\"@id\":\"https:\/\/www.newslettercreator.com\/#website\"},\"primaryImageOfPage\":{\"@id\":\"https:\/\/www.newslettercreator.com\/it\/layout-newsletter-email\/#primaryimage\"},\"image\":{\"@id\":\"https:\/\/www.newslettercreator.com\/it\/layout-newsletter-email\/#primaryimage\"},\"thumbnailUrl\":\"http:\/\/www.newslettercreator.com\/wp-content\/uploads\/2014\/02\/email-layout-best-practices.jpg\",\"datePublished\":\"2015-07-08T13:12:53+00:00\",\"dateModified\":\"2015-07-08T13:14:03+00:00\",\"breadcrumb\":{\"@id\":\"https:\/\/www.newslettercreator.com\/it\/layout-newsletter-email\/#breadcrumb\"},\"inLanguage\":\"it-IT\",\"potentialAction\":[{\"@type\":\"ReadAction\",\"target\":[\"https:\/\/www.newslettercreator.com\/it\/layout-newsletter-email\/\"]}]},{\"@type\":\"ImageObject\",\"inLanguage\":\"it-IT\",\"@id\":\"https:\/\/www.newslettercreator.com\/it\/layout-newsletter-email\/#primaryimage\",\"url\":\"http:\/\/www.newslettercreator.com\/wp-content\/uploads\/2014\/02\/email-layout-best-practices.jpg\",\"contentUrl\":\"http:\/\/www.newslettercreator.com\/wp-content\/uploads\/2014\/02\/email-layout-best-practices.jpg\"},{\"@type\":\"BreadcrumbList\",\"@id\":\"https:\/\/www.newslettercreator.com\/it\/layout-newsletter-email\/#breadcrumb\",\"itemListElement\":[{\"@type\":\"ListItem\",\"position\":1,\"name\":\"Home\",\"item\":\"https:\/\/www.newslettercreator.com\/it\/\"},{\"@type\":\"ListItem\",\"position\":2,\"name\":\"Il layout della newsletter\"}]},{\"@type\":\"WebSite\",\"@id\":\"https:\/\/www.newslettercreator.com\/#website\",\"url\":\"https:\/\/www.newslettercreator.com\/\",\"name\":\"Newsletter Creator\",\"description\":\"Pay off\",\"potentialAction\":[{\"@type\":\"SearchAction\",\"target\":{\"@type\":\"EntryPoint\",\"urlTemplate\":\"https:\/\/www.newslettercreator.com\/?s={search_term_string}\"},\"query-input\":{\"@type\":\"PropertyValueSpecification\",\"valueRequired\":true,\"valueName\":\"search_term_string\"}}],\"inLanguage\":\"it-IT\"}]}<\/script>\n<!-- \/ Yoast SEO plugin. -->","yoast_head_json":{"title":"Il layout della newsletter - Newsletter Creator","robots":{"index":"index","follow":"follow","max-snippet":"max-snippet:-1","max-image-preview":"max-image-preview:large","max-video-preview":"max-video-preview:-1"},"canonical":"https:\/\/www.newslettercreator.com\/it\/layout-newsletter-email\/","og_locale":"it_IT","og_type":"article","og_title":"Il layout della newsletter - Newsletter Creator","og_description":"Una rapida ricerca su Google vi restituir\u00e0 decine di consigli per la creazione di un buon layout di newsletter: dalla codifica HTML ai principi base di impostazione della struttura, dalla gestione delle immagini all&#8217;ottimizzazione per il mobile, ci sono diversi elementi da tenere presente per costruire una newsletter impeccabile. Tra i suggerimenti principali sul layout [&hellip;]","og_url":"https:\/\/www.newslettercreator.com\/it\/layout-newsletter-email\/","og_site_name":"Newsletter Creator","article_modified_time":"2015-07-08T13:14:03+00:00","og_image":[{"url":"http:\/\/www.newslettercreator.com\/wp-content\/uploads\/2014\/02\/email-layout-best-practices.jpg","type":"","width":"","height":""}],"twitter_misc":{"Tempo di lettura stimato":"2 minuti"},"schema":{"@context":"https:\/\/schema.org","@graph":[{"@type":"WebPage","@id":"https:\/\/www.newslettercreator.com\/it\/layout-newsletter-email\/","url":"https:\/\/www.newslettercreator.com\/it\/layout-newsletter-email\/","name":"Il layout della newsletter - Newsletter Creator","isPartOf":{"@id":"https:\/\/www.newslettercreator.com\/#website"},"primaryImageOfPage":{"@id":"https:\/\/www.newslettercreator.com\/it\/layout-newsletter-email\/#primaryimage"},"image":{"@id":"https:\/\/www.newslettercreator.com\/it\/layout-newsletter-email\/#primaryimage"},"thumbnailUrl":"http:\/\/www.newslettercreator.com\/wp-content\/uploads\/2014\/02\/email-layout-best-practices.jpg","datePublished":"2015-07-08T13:12:53+00:00","dateModified":"2015-07-08T13:14:03+00:00","breadcrumb":{"@id":"https:\/\/www.newslettercreator.com\/it\/layout-newsletter-email\/#breadcrumb"},"inLanguage":"it-IT","potentialAction":[{"@type":"ReadAction","target":["https:\/\/www.newslettercreator.com\/it\/layout-newsletter-email\/"]}]},{"@type":"ImageObject","inLanguage":"it-IT","@id":"https:\/\/www.newslettercreator.com\/it\/layout-newsletter-email\/#primaryimage","url":"http:\/\/www.newslettercreator.com\/wp-content\/uploads\/2014\/02\/email-layout-best-practices.jpg","contentUrl":"http:\/\/www.newslettercreator.com\/wp-content\/uploads\/2014\/02\/email-layout-best-practices.jpg"},{"@type":"BreadcrumbList","@id":"https:\/\/www.newslettercreator.com\/it\/layout-newsletter-email\/#breadcrumb","itemListElement":[{"@type":"ListItem","position":1,"name":"Home","item":"https:\/\/www.newslettercreator.com\/it\/"},{"@type":"ListItem","position":2,"name":"Il layout della newsletter"}]},{"@type":"WebSite","@id":"https:\/\/www.newslettercreator.com\/#website","url":"https:\/\/www.newslettercreator.com\/","name":"Newsletter Creator","description":"Pay off","potentialAction":[{"@type":"SearchAction","target":{"@type":"EntryPoint","urlTemplate":"https:\/\/www.newslettercreator.com\/?s={search_term_string}"},"query-input":{"@type":"PropertyValueSpecification","valueRequired":true,"valueName":"search_term_string"}}],"inLanguage":"it-IT"}]}},"_links":{"self":[{"href":"https:\/\/www.newslettercreator.com\/it\/wp-json\/wp\/v2\/pages\/3742","targetHints":{"allow":["GET"]}}],"collection":[{"href":"https:\/\/www.newslettercreator.com\/it\/wp-json\/wp\/v2\/pages"}],"about":[{"href":"https:\/\/www.newslettercreator.com\/it\/wp-json\/wp\/v2\/types\/page"}],"author":[{"embeddable":true,"href":"https:\/\/www.newslettercreator.com\/it\/wp-json\/wp\/v2\/users\/1"}],"replies":[{"embeddable":true,"href":"https:\/\/www.newslettercreator.com\/it\/wp-json\/wp\/v2\/comments?post=3742"}],"version-history":[{"count":1,"href":"https:\/\/www.newslettercreator.com\/it\/wp-json\/wp\/v2\/pages\/3742\/revisions"}],"predecessor-version":[{"id":3743,"href":"https:\/\/www.newslettercreator.com\/it\/wp-json\/wp\/v2\/pages\/3742\/revisions\/3743"}],"wp:attachment":[{"href":"https:\/\/www.newslettercreator.com\/it\/wp-json\/wp\/v2\/media?parent=3742"}],"curies":[{"name":"wp","href":"https:\/\/api.w.org\/{rel}","templated":true}]}}