{"id":3758,"date":"2015-07-21T08:04:23","date_gmt":"2015-07-21T08:04:23","guid":{"rendered":"http:\/\/www.newslettercreator.com\/?page_id=3758"},"modified":"2021-02-11T11:01:00","modified_gmt":"2021-02-11T10:01:00","slug":"template-html-email","status":"publish","type":"page","link":"https:\/\/www.newslettercreator.com\/it\/template-html-email\/","title":{"rendered":"Cos&#8217;\u00e8 un template HTML per le email"},"content":{"rendered":"<p><img decoding=\"async\" class=\"alignnone size-full wp-image-237\" src=\"http:\/\/www.newslettercreator.com\/wp-content\/uploads\/2014\/02\/email-layout-best-practices.jpg\" alt=\"Cos'\u00e8 un template HTML per le email\" width=\"649\" height=\"423\" \/><\/p>\n<p>Un <strong>template in HTML<\/strong> \u00e8 sicuramente lo strumento migliore per qualsiasi campagna di <strong>email marketing professionale<\/strong>. Non solo assicura una leggibilit\u00e0 migliore e un flusso di informazioni molto pi\u00f9 elegante rispetto al banale &#8220;solo testo&#8221;: un layout in HTML permette anche di tracciare le reazioni dei destinatari (monitorando il tasso di aperture, di click, eccetera).<\/p>\n<p>Tuttavia, <strong>creare da zero un buon template<\/strong> pu\u00f2 essere difficile, soprattutto se non si dispone di una conoscenza approfondita dell&#8217;HTML: una newsletter in codice scritto male pu\u00f2 infatti portare a problemi di <strong>visualizzazione<\/strong> con i client di posta pi\u00f9 popolari (Gmail , Hotmail, Outlook, Thunderbird ecc.) e anche <strong>problemi di consegna<\/strong> dell&#8217;email stessa.<\/p>\n<p>La buona notizia \u00e8 che con MailStyler \u00e8 possibile comporre il proprio template senza scrivere <strong>nemmeno una riga di HTML<\/strong>, e ottenere un risultato eccezionale \u2014 la migliore struttura per il vostro contenuto. MailStyler rende semplicissimo l&#8217;intero processo di creazione ed editing di una newsletter: \u00e8 sufficiente scegliere fra degli elementi gi\u00e0 pronti (colonne, cornici, pulsanti, caselle di testo&#8230;) e rilasciarli sull&#8217;editor in modo da <strong>costruire passo passo l&#8217;intero template<\/strong>.<\/p>\n<p>E dato che tutti i blocchi sono stati programmati da un team di web designer esperti, il template HTML risultante sar\u00e0 perfettamente compatibile con qualsiasi client di posta: in altri termini, <strong>la vostra newsletter verr\u00e0 visualizzata sempre alla perfezione<\/strong>.<\/p>\n<p>&nbsp;<\/p>\n<p style=\"text-align: center;\"><a class=\"button large orange\" style=\"margin-top: 20px; width: 157px; margin-right: 30px;\" title=\"Scarica la Demo\" href=\"http:\/\/www.newslettercreator.com\/it\/scarica-gratis\/\" target=\"_self\" rel=\"noopener noreferrer\">SCARICA LA DEMO<\/a><a class=\"button large darkgray\" style=\"margin-top: 20px; width: 157px;\" title=\"Acquista Mailstyler Pro\" href=\"http:\/\/www.newslettercreator.com\/it\/prezzi\/\" target=\"_self\" rel=\"noopener noreferrer\">MAILSTYLER PRO<\/a><\/p>\n<p style=\"text-align: center; font-size: 11px; margin-bottom: 30px;\">Ultima versione: 2.24.01.17 | Data di rilascio: 17\/01\/2024 | Dimensioni: 114.9 MB<br \/>\n<a href=\"http:\/\/www.newslettercreator.com\/it\/accordo-di-licenza-per-mailstyler\/\" target=\"_blank\" rel=\"noopener noreferrer\">Contratto di licenza<\/a> | <a href=\"http:\/\/www.newslettercreator.com\/it\/come-disinstallare-mailstyler\/\" target=\"_blank\" rel=\"noopener noreferrer\">Come disinstallare<\/a><\/p>\n","protected":false},"excerpt":{"rendered":"<p>Un template in HTML \u00e8 sicuramente lo strumento migliore per qualsiasi campagna di email marketing professionale. Non solo assicura una leggibilit\u00e0 migliore e un flusso di informazioni molto pi\u00f9 elegante rispetto al banale &#8220;solo testo&#8221;: un layout in HTML permette anche di tracciare le reazioni dei destinatari (monitorando il tasso di aperture, di click, eccetera). [&hellip;]<\/p>\n","protected":false},"author":1,"featured_media":0,"parent":0,"menu_order":0,"comment_status":"closed","ping_status":"closed","template":"g1_template_page_sidebar_right.php","meta":{"inline_featured_image":false,"_monsterinsights_skip_tracking":false,"_monsterinsights_sitenote_active":false,"_monsterinsights_sitenote_note":"","_monsterinsights_sitenote_category":0,"footnotes":""},"class_list":["post-3758","page","type-page","status-publish"],"yoast_head":"<!-- This site is optimized with the Yoast SEO plugin v25.2 - https:\/\/yoast.com\/wordpress\/plugins\/seo\/ -->\n<title>Cos\u2019\u00e8 un template HTML per le email e perch\u00e8 \u00e8 importante<\/title>\n<meta name=\"description\" content=\"Una newsletter HTML \u00e8 la soluzione migliore per la tua campagna di email marketing. Scopri come realizzarne una con l&#039;editor a blocchi di MailStyler\" \/>\n<meta name=\"robots\" content=\"index, follow, max-snippet:-1, max-image-preview:large, max-video-preview:-1\" \/>\n<link rel=\"canonical\" href=\"https:\/\/www.newslettercreator.com\/it\/template-html-email\/\" \/>\n<meta property=\"og:locale\" content=\"it_IT\" \/>\n<meta property=\"og:type\" content=\"article\" \/>\n<meta property=\"og:title\" content=\"Cos\u2019\u00e8 un template HTML per le email e perch\u00e8 \u00e8 importante\" \/>\n<meta property=\"og:description\" content=\"Una newsletter HTML \u00e8 la soluzione migliore per la tua campagna di email marketing. Scopri come realizzarne una con l&#039;editor a blocchi di MailStyler\" \/>\n<meta property=\"og:url\" content=\"https:\/\/www.newslettercreator.com\/it\/template-html-email\/\" \/>\n<meta property=\"og:site_name\" content=\"Newsletter Creator\" \/>\n<meta property=\"article:modified_time\" content=\"2021-02-11T10:01:00+00:00\" \/>\n<meta property=\"og:image\" content=\"http:\/\/www.newslettercreator.com\/wp-content\/uploads\/2014\/02\/email-layout-best-practices.jpg\" \/>\n<meta name=\"twitter:label1\" content=\"Tempo di lettura stimato\" \/>\n\t<meta name=\"twitter:data1\" content=\"1 minuto\" \/>\n<script type=\"application\/ld+json\" class=\"yoast-schema-graph\">{\"@context\":\"https:\/\/schema.org\",\"@graph\":[{\"@type\":\"WebPage\",\"@id\":\"https:\/\/www.newslettercreator.com\/it\/template-html-email\/\",\"url\":\"https:\/\/www.newslettercreator.com\/it\/template-html-email\/\",\"name\":\"Cos\u2019\u00e8 un template HTML per le email e perch\u00e8 \u00e8 importante\",\"isPartOf\":{\"@id\":\"https:\/\/www.newslettercreator.com\/#website\"},\"primaryImageOfPage\":{\"@id\":\"https:\/\/www.newslettercreator.com\/it\/template-html-email\/#primaryimage\"},\"image\":{\"@id\":\"https:\/\/www.newslettercreator.com\/it\/template-html-email\/#primaryimage\"},\"thumbnailUrl\":\"http:\/\/www.newslettercreator.com\/wp-content\/uploads\/2014\/02\/email-layout-best-practices.jpg\",\"datePublished\":\"2015-07-21T08:04:23+00:00\",\"dateModified\":\"2021-02-11T10:01:00+00:00\",\"description\":\"Una newsletter HTML \u00e8 la soluzione migliore per la tua campagna di email marketing. Scopri come realizzarne una con l'editor a blocchi di MailStyler\",\"breadcrumb\":{\"@id\":\"https:\/\/www.newslettercreator.com\/it\/template-html-email\/#breadcrumb\"},\"inLanguage\":\"it-IT\",\"potentialAction\":[{\"@type\":\"ReadAction\",\"target\":[\"https:\/\/www.newslettercreator.com\/it\/template-html-email\/\"]}]},{\"@type\":\"ImageObject\",\"inLanguage\":\"it-IT\",\"@id\":\"https:\/\/www.newslettercreator.com\/it\/template-html-email\/#primaryimage\",\"url\":\"http:\/\/www.newslettercreator.com\/wp-content\/uploads\/2014\/02\/email-layout-best-practices.jpg\",\"contentUrl\":\"http:\/\/www.newslettercreator.com\/wp-content\/uploads\/2014\/02\/email-layout-best-practices.jpg\"},{\"@type\":\"BreadcrumbList\",\"@id\":\"https:\/\/www.newslettercreator.com\/it\/template-html-email\/#breadcrumb\",\"itemListElement\":[{\"@type\":\"ListItem\",\"position\":1,\"name\":\"Home\",\"item\":\"https:\/\/www.newslettercreator.com\/it\/\"},{\"@type\":\"ListItem\",\"position\":2,\"name\":\"Cos&#8217;\u00e8 un template HTML per le email\"}]},{\"@type\":\"WebSite\",\"@id\":\"https:\/\/www.newslettercreator.com\/#website\",\"url\":\"https:\/\/www.newslettercreator.com\/\",\"name\":\"Newsletter Creator\",\"description\":\"Pay off\",\"potentialAction\":[{\"@type\":\"SearchAction\",\"target\":{\"@type\":\"EntryPoint\",\"urlTemplate\":\"https:\/\/www.newslettercreator.com\/?s={search_term_string}\"},\"query-input\":{\"@type\":\"PropertyValueSpecification\",\"valueRequired\":true,\"valueName\":\"search_term_string\"}}],\"inLanguage\":\"it-IT\"}]}<\/script>\n<!-- \/ Yoast SEO plugin. -->","yoast_head_json":{"title":"Cos\u2019\u00e8 un template HTML per le email e perch\u00e8 \u00e8 importante","description":"Una newsletter HTML \u00e8 la soluzione migliore per la tua campagna di email marketing. Scopri come realizzarne una con l'editor a blocchi di MailStyler","robots":{"index":"index","follow":"follow","max-snippet":"max-snippet:-1","max-image-preview":"max-image-preview:large","max-video-preview":"max-video-preview:-1"},"canonical":"https:\/\/www.newslettercreator.com\/it\/template-html-email\/","og_locale":"it_IT","og_type":"article","og_title":"Cos\u2019\u00e8 un template HTML per le email e perch\u00e8 \u00e8 importante","og_description":"Una newsletter HTML \u00e8 la soluzione migliore per la tua campagna di email marketing. Scopri come realizzarne una con l'editor a blocchi di MailStyler","og_url":"https:\/\/www.newslettercreator.com\/it\/template-html-email\/","og_site_name":"Newsletter Creator","article_modified_time":"2021-02-11T10:01:00+00:00","og_image":[{"url":"http:\/\/www.newslettercreator.com\/wp-content\/uploads\/2014\/02\/email-layout-best-practices.jpg","type":"","width":"","height":""}],"twitter_misc":{"Tempo di lettura stimato":"1 minuto"},"schema":{"@context":"https:\/\/schema.org","@graph":[{"@type":"WebPage","@id":"https:\/\/www.newslettercreator.com\/it\/template-html-email\/","url":"https:\/\/www.newslettercreator.com\/it\/template-html-email\/","name":"Cos\u2019\u00e8 un template HTML per le email e perch\u00e8 \u00e8 importante","isPartOf":{"@id":"https:\/\/www.newslettercreator.com\/#website"},"primaryImageOfPage":{"@id":"https:\/\/www.newslettercreator.com\/it\/template-html-email\/#primaryimage"},"image":{"@id":"https:\/\/www.newslettercreator.com\/it\/template-html-email\/#primaryimage"},"thumbnailUrl":"http:\/\/www.newslettercreator.com\/wp-content\/uploads\/2014\/02\/email-layout-best-practices.jpg","datePublished":"2015-07-21T08:04:23+00:00","dateModified":"2021-02-11T10:01:00+00:00","description":"Una newsletter HTML \u00e8 la soluzione migliore per la tua campagna di email marketing. Scopri come realizzarne una con l'editor a blocchi di MailStyler","breadcrumb":{"@id":"https:\/\/www.newslettercreator.com\/it\/template-html-email\/#breadcrumb"},"inLanguage":"it-IT","potentialAction":[{"@type":"ReadAction","target":["https:\/\/www.newslettercreator.com\/it\/template-html-email\/"]}]},{"@type":"ImageObject","inLanguage":"it-IT","@id":"https:\/\/www.newslettercreator.com\/it\/template-html-email\/#primaryimage","url":"http:\/\/www.newslettercreator.com\/wp-content\/uploads\/2014\/02\/email-layout-best-practices.jpg","contentUrl":"http:\/\/www.newslettercreator.com\/wp-content\/uploads\/2014\/02\/email-layout-best-practices.jpg"},{"@type":"BreadcrumbList","@id":"https:\/\/www.newslettercreator.com\/it\/template-html-email\/#breadcrumb","itemListElement":[{"@type":"ListItem","position":1,"name":"Home","item":"https:\/\/www.newslettercreator.com\/it\/"},{"@type":"ListItem","position":2,"name":"Cos&#8217;\u00e8 un template HTML per le email"}]},{"@type":"WebSite","@id":"https:\/\/www.newslettercreator.com\/#website","url":"https:\/\/www.newslettercreator.com\/","name":"Newsletter Creator","description":"Pay off","potentialAction":[{"@type":"SearchAction","target":{"@type":"EntryPoint","urlTemplate":"https:\/\/www.newslettercreator.com\/?s={search_term_string}"},"query-input":{"@type":"PropertyValueSpecification","valueRequired":true,"valueName":"search_term_string"}}],"inLanguage":"it-IT"}]}},"_links":{"self":[{"href":"https:\/\/www.newslettercreator.com\/it\/wp-json\/wp\/v2\/pages\/3758","targetHints":{"allow":["GET"]}}],"collection":[{"href":"https:\/\/www.newslettercreator.com\/it\/wp-json\/wp\/v2\/pages"}],"about":[{"href":"https:\/\/www.newslettercreator.com\/it\/wp-json\/wp\/v2\/types\/page"}],"author":[{"embeddable":true,"href":"https:\/\/www.newslettercreator.com\/it\/wp-json\/wp\/v2\/users\/1"}],"replies":[{"embeddable":true,"href":"https:\/\/www.newslettercreator.com\/it\/wp-json\/wp\/v2\/comments?post=3758"}],"version-history":[{"count":2,"href":"https:\/\/www.newslettercreator.com\/it\/wp-json\/wp\/v2\/pages\/3758\/revisions"}],"predecessor-version":[{"id":10072,"href":"https:\/\/www.newslettercreator.com\/it\/wp-json\/wp\/v2\/pages\/3758\/revisions\/10072"}],"wp:attachment":[{"href":"https:\/\/www.newslettercreator.com\/it\/wp-json\/wp\/v2\/media?parent=3758"}],"curies":[{"name":"wp","href":"https:\/\/api.w.org\/{rel}","templated":true}]}}