{"id":3996,"date":"2015-12-07T09:37:06","date_gmt":"2015-12-07T09:37:06","guid":{"rendered":"http:\/\/www.newslettercreator.com\/it\/?page_id=3996"},"modified":"2015-12-23T15:26:27","modified_gmt":"2015-12-23T15:26:27","slug":"html-css-inline-email-newsletter-perfette-in-ogni-email-client","status":"publish","type":"page","link":"https:\/\/www.newslettercreator.com\/it\/html-css-inline-email-newsletter-perfette-in-ogni-email-client\/","title":{"rendered":"HTML\/CSS Inline Email: Newsletter Perfette in ogni Email Client"},"content":{"rendered":"<p>Spesso accade che alcuni Client di posta elettronica cancellino i tag &lt;head&gt; e &lt;style&gt; tag dalle vostre newsletter. Non serve essere un webmaster esperto per capire che questo scombina il rendering e la resa grafica, vanificando tutto il vostro lavoro.<\/p>\n<p>E non bisogna pensare che sia una cosa che accade raramente: Gmail, uno dei servizi di Email Client pi\u00f9 utilizzati nel mondo, \u00e8 il primo ad eliminare il CSS nel tag &lt;style&gt;.<\/p>\n<p>Esitono 3 alternative per risolvere questo problema:<\/p>\n<ol>\n<li>Potete riscrivere da soli l&#8217;e-mail con il <strong>codice HTML\/CSS inline<\/strong>, sistemando ogni singolo elemento correttamente ed in maniera che rispetti tutte le regole dei vari Email Client Services.<br \/>&nbsp;<\/li>\n<li>Potete utilizzare un software esterno che faccia il &#8220;lavoro sporco&#8221; al posto vostro: questo significa che dovrete esportare il codice html della vostra newsletter su un servizio esterno, aspettare che venga tradotto correttamente <strong>nella forma CSS inline<\/strong> e successivamente riportarlo sull\u2019area di lavoro del vostro editor. Tuttavia, anche in questo modo non avete la sicurezza che l\u2019email verr\u00e0 visualizzata correttamente da tutti: dovreste comunque effettuare una verifica di lettura con sistemi di testing come quelli di <a title=\"Litmus\" href=\"http:\/\/www.newslettercreator.com\/litmus-email-testing\/\">Litmus<\/a> o <a title=\"EmailOnAcid\" href=\"http:\/\/www.newslettercreator.com\/wp-content\/uploads\/2015\/02\/email-on-acid-tested.jpg\">EmailOnAcid<\/a> per essere certi che il codice sia ben ottimizzato e leggibile.<br \/>&nbsp;\n<li><strong>Oppure potete utilizzare MS e dimenticarvi di tutto il resto<\/strong>.<\/li>\n<\/ol>\n<p><img decoding=\"async\" class=\"alignnone size-full wp-image-237\" src=\"http:\/\/www.newslettercreator.com\/wp-content\/uploads\/2015\/09\/inline-css-for-email-editor.jpg\" alt=\"MailStyler the only inline css for email editor\" width=\"649\" height=\"423\" \/><\/p>\n<p>Proprio cos\u00ec! MailStyler \u00e8 nato per <strong>rispondere a tutte le esigenze dell\u2019 Email Marketing<\/strong>.<\/p>\n<p>Conosciamo bene tutti i problemi che ogni singola Email pu\u00f2 incontrare quando viene creata e spedita ed \u00e8 per questo che abbiamo studiato il modo per rendere il suo viaggio il pi\u00f9 semplice ed agevole possibile.<\/p>\n<p>MailStyler \u00e8 <strong>l&#8217;unico editor per newsletter con la funzione inline html\/css gi\u00e0 integrata<\/strong>. Questo vuol dire che ogni email viene automaticamente scritta con il codice inline nel momento stesso in cui viene generata e senza che voi nemmeno ve ne accorgiate. Le vostre newsletter verranno visualizzate sempre in maniera perfetta su qualsiasi Email Client, perch\u00e9 il CSS \u00e8 stato creato in modo ordinato ed ottimizzato.<br \/>\nAnche in questo caso, non c&#8217;\u00e8 bisogno di essere un webmaster esperto per comprendere i benefici che ne trarrete in termini di tempo e di risorse risparmiate.<\/p>\n<p>Provate subito l\u2019efficienza di MailStyler! <strong><a title=\"Scarica MailStyler\" href=\"http:\/\/www.newslettercreator.com\/utils\/download\/pre-download.php\">Scaricate la versione gratuita<\/a><\/strong> e iniziate a creare la vostra prima newsletter in soli 2 minuti.<\/p>\n<p>Buon Divertimento!<\/p>\n<p>&nbsp;<\/p>\n<p>&nbsp;<\/p>\n","protected":false},"excerpt":{"rendered":"<p>Spesso accade che alcuni Client di posta elettronica cancellino i tag &lt;head&gt; e &lt;style&gt; tag dalle vostre newsletter. Non serve essere un webmaster esperto per capire che questo scombina il rendering e la resa grafica, vanificando tutto il vostro lavoro. E non bisogna pensare che sia una cosa che accade raramente: Gmail, uno dei servizi [&hellip;]<\/p>\n","protected":false},"author":4723,"featured_media":0,"parent":0,"menu_order":0,"comment_status":"closed","ping_status":"closed","template":"g1_template_page_sidebar_right.php","meta":{"inline_featured_image":false,"_monsterinsights_skip_tracking":false,"_monsterinsights_sitenote_active":false,"_monsterinsights_sitenote_note":"","_monsterinsights_sitenote_category":0,"footnotes":""},"class_list":["post-3996","page","type-page","status-publish"],"yoast_head":"<!-- This site is optimized with the Yoast SEO plugin v25.2 - https:\/\/yoast.com\/wordpress\/plugins\/seo\/ -->\n<title>HTML\/CSS Inline Email: Newsletter Perfette in ogni Email Client<\/title>\n<meta name=\"description\" content=\"Il Nostro Editor \u00e8 l&#039;unico a scrivere il CSS della tua Newsletter direttamente in formato Inline,per assicurarti Email sempre in ordine su ogni Email Client\" \/>\n<meta name=\"robots\" content=\"index, follow, max-snippet:-1, max-image-preview:large, max-video-preview:-1\" \/>\n<link rel=\"canonical\" href=\"https:\/\/www.newslettercreator.com\/it\/html-css-inline-email-newsletter-perfette-in-ogni-email-client\/\" \/>\n<meta property=\"og:locale\" content=\"it_IT\" \/>\n<meta property=\"og:type\" content=\"article\" \/>\n<meta property=\"og:title\" content=\"HTML\/CSS Inline Email: Newsletter Perfette in ogni Email Client\" \/>\n<meta property=\"og:description\" content=\"Il Nostro Editor \u00e8 l&#039;unico a scrivere il CSS della tua Newsletter direttamente in formato Inline,per assicurarti Email sempre in ordine su ogni Email Client\" \/>\n<meta property=\"og:url\" content=\"https:\/\/www.newslettercreator.com\/it\/html-css-inline-email-newsletter-perfette-in-ogni-email-client\/\" \/>\n<meta property=\"og:site_name\" content=\"Newsletter Creator\" \/>\n<meta property=\"article:modified_time\" content=\"2015-12-23T15:26:27+00:00\" \/>\n<meta property=\"og:image\" content=\"http:\/\/www.newslettercreator.com\/wp-content\/uploads\/2015\/09\/inline-css-for-email-editor.jpg\" \/>\n<meta name=\"twitter:label1\" content=\"Tempo di lettura stimato\" \/>\n\t<meta name=\"twitter:data1\" content=\"2 minuti\" \/>\n<script type=\"application\/ld+json\" class=\"yoast-schema-graph\">{\"@context\":\"https:\/\/schema.org\",\"@graph\":[{\"@type\":\"WebPage\",\"@id\":\"https:\/\/www.newslettercreator.com\/it\/html-css-inline-email-newsletter-perfette-in-ogni-email-client\/\",\"url\":\"https:\/\/www.newslettercreator.com\/it\/html-css-inline-email-newsletter-perfette-in-ogni-email-client\/\",\"name\":\"HTML\/CSS Inline Email: Newsletter Perfette in ogni Email Client\",\"isPartOf\":{\"@id\":\"https:\/\/www.newslettercreator.com\/#website\"},\"primaryImageOfPage\":{\"@id\":\"https:\/\/www.newslettercreator.com\/it\/html-css-inline-email-newsletter-perfette-in-ogni-email-client\/#primaryimage\"},\"image\":{\"@id\":\"https:\/\/www.newslettercreator.com\/it\/html-css-inline-email-newsletter-perfette-in-ogni-email-client\/#primaryimage\"},\"thumbnailUrl\":\"http:\/\/www.newslettercreator.com\/wp-content\/uploads\/2015\/09\/inline-css-for-email-editor.jpg\",\"datePublished\":\"2015-12-07T09:37:06+00:00\",\"dateModified\":\"2015-12-23T15:26:27+00:00\",\"description\":\"Il Nostro Editor \u00e8 l'unico a scrivere il CSS della tua Newsletter direttamente in formato Inline,per assicurarti Email sempre in ordine su ogni Email Client\",\"breadcrumb\":{\"@id\":\"https:\/\/www.newslettercreator.com\/it\/html-css-inline-email-newsletter-perfette-in-ogni-email-client\/#breadcrumb\"},\"inLanguage\":\"it-IT\",\"potentialAction\":[{\"@type\":\"ReadAction\",\"target\":[\"https:\/\/www.newslettercreator.com\/it\/html-css-inline-email-newsletter-perfette-in-ogni-email-client\/\"]}]},{\"@type\":\"ImageObject\",\"inLanguage\":\"it-IT\",\"@id\":\"https:\/\/www.newslettercreator.com\/it\/html-css-inline-email-newsletter-perfette-in-ogni-email-client\/#primaryimage\",\"url\":\"http:\/\/www.newslettercreator.com\/wp-content\/uploads\/2015\/09\/inline-css-for-email-editor.jpg\",\"contentUrl\":\"http:\/\/www.newslettercreator.com\/wp-content\/uploads\/2015\/09\/inline-css-for-email-editor.jpg\"},{\"@type\":\"BreadcrumbList\",\"@id\":\"https:\/\/www.newslettercreator.com\/it\/html-css-inline-email-newsletter-perfette-in-ogni-email-client\/#breadcrumb\",\"itemListElement\":[{\"@type\":\"ListItem\",\"position\":1,\"name\":\"Home\",\"item\":\"https:\/\/www.newslettercreator.com\/it\/\"},{\"@type\":\"ListItem\",\"position\":2,\"name\":\"HTML\/CSS Inline Email: Newsletter Perfette in ogni Email Client\"}]},{\"@type\":\"WebSite\",\"@id\":\"https:\/\/www.newslettercreator.com\/#website\",\"url\":\"https:\/\/www.newslettercreator.com\/\",\"name\":\"Newsletter Creator\",\"description\":\"Pay off\",\"potentialAction\":[{\"@type\":\"SearchAction\",\"target\":{\"@type\":\"EntryPoint\",\"urlTemplate\":\"https:\/\/www.newslettercreator.com\/?s={search_term_string}\"},\"query-input\":{\"@type\":\"PropertyValueSpecification\",\"valueRequired\":true,\"valueName\":\"search_term_string\"}}],\"inLanguage\":\"it-IT\"}]}<\/script>\n<!-- \/ Yoast SEO plugin. -->","yoast_head_json":{"title":"HTML\/CSS Inline Email: Newsletter Perfette in ogni Email Client","description":"Il Nostro Editor \u00e8 l'unico a scrivere il CSS della tua Newsletter direttamente in formato Inline,per assicurarti Email sempre in ordine su ogni Email Client","robots":{"index":"index","follow":"follow","max-snippet":"max-snippet:-1","max-image-preview":"max-image-preview:large","max-video-preview":"max-video-preview:-1"},"canonical":"https:\/\/www.newslettercreator.com\/it\/html-css-inline-email-newsletter-perfette-in-ogni-email-client\/","og_locale":"it_IT","og_type":"article","og_title":"HTML\/CSS Inline Email: Newsletter Perfette in ogni Email Client","og_description":"Il Nostro Editor \u00e8 l'unico a scrivere il CSS della tua Newsletter direttamente in formato Inline,per assicurarti Email sempre in ordine su ogni Email Client","og_url":"https:\/\/www.newslettercreator.com\/it\/html-css-inline-email-newsletter-perfette-in-ogni-email-client\/","og_site_name":"Newsletter Creator","article_modified_time":"2015-12-23T15:26:27+00:00","og_image":[{"url":"http:\/\/www.newslettercreator.com\/wp-content\/uploads\/2015\/09\/inline-css-for-email-editor.jpg","type":"","width":"","height":""}],"twitter_misc":{"Tempo di lettura stimato":"2 minuti"},"schema":{"@context":"https:\/\/schema.org","@graph":[{"@type":"WebPage","@id":"https:\/\/www.newslettercreator.com\/it\/html-css-inline-email-newsletter-perfette-in-ogni-email-client\/","url":"https:\/\/www.newslettercreator.com\/it\/html-css-inline-email-newsletter-perfette-in-ogni-email-client\/","name":"HTML\/CSS Inline Email: Newsletter Perfette in ogni Email Client","isPartOf":{"@id":"https:\/\/www.newslettercreator.com\/#website"},"primaryImageOfPage":{"@id":"https:\/\/www.newslettercreator.com\/it\/html-css-inline-email-newsletter-perfette-in-ogni-email-client\/#primaryimage"},"image":{"@id":"https:\/\/www.newslettercreator.com\/it\/html-css-inline-email-newsletter-perfette-in-ogni-email-client\/#primaryimage"},"thumbnailUrl":"http:\/\/www.newslettercreator.com\/wp-content\/uploads\/2015\/09\/inline-css-for-email-editor.jpg","datePublished":"2015-12-07T09:37:06+00:00","dateModified":"2015-12-23T15:26:27+00:00","description":"Il Nostro Editor \u00e8 l'unico a scrivere il CSS della tua Newsletter direttamente in formato Inline,per assicurarti Email sempre in ordine su ogni Email Client","breadcrumb":{"@id":"https:\/\/www.newslettercreator.com\/it\/html-css-inline-email-newsletter-perfette-in-ogni-email-client\/#breadcrumb"},"inLanguage":"it-IT","potentialAction":[{"@type":"ReadAction","target":["https:\/\/www.newslettercreator.com\/it\/html-css-inline-email-newsletter-perfette-in-ogni-email-client\/"]}]},{"@type":"ImageObject","inLanguage":"it-IT","@id":"https:\/\/www.newslettercreator.com\/it\/html-css-inline-email-newsletter-perfette-in-ogni-email-client\/#primaryimage","url":"http:\/\/www.newslettercreator.com\/wp-content\/uploads\/2015\/09\/inline-css-for-email-editor.jpg","contentUrl":"http:\/\/www.newslettercreator.com\/wp-content\/uploads\/2015\/09\/inline-css-for-email-editor.jpg"},{"@type":"BreadcrumbList","@id":"https:\/\/www.newslettercreator.com\/it\/html-css-inline-email-newsletter-perfette-in-ogni-email-client\/#breadcrumb","itemListElement":[{"@type":"ListItem","position":1,"name":"Home","item":"https:\/\/www.newslettercreator.com\/it\/"},{"@type":"ListItem","position":2,"name":"HTML\/CSS Inline Email: Newsletter Perfette in ogni Email Client"}]},{"@type":"WebSite","@id":"https:\/\/www.newslettercreator.com\/#website","url":"https:\/\/www.newslettercreator.com\/","name":"Newsletter Creator","description":"Pay off","potentialAction":[{"@type":"SearchAction","target":{"@type":"EntryPoint","urlTemplate":"https:\/\/www.newslettercreator.com\/?s={search_term_string}"},"query-input":{"@type":"PropertyValueSpecification","valueRequired":true,"valueName":"search_term_string"}}],"inLanguage":"it-IT"}]}},"_links":{"self":[{"href":"https:\/\/www.newslettercreator.com\/it\/wp-json\/wp\/v2\/pages\/3996","targetHints":{"allow":["GET"]}}],"collection":[{"href":"https:\/\/www.newslettercreator.com\/it\/wp-json\/wp\/v2\/pages"}],"about":[{"href":"https:\/\/www.newslettercreator.com\/it\/wp-json\/wp\/v2\/types\/page"}],"author":[{"embeddable":true,"href":"https:\/\/www.newslettercreator.com\/it\/wp-json\/wp\/v2\/users\/4723"}],"replies":[{"embeddable":true,"href":"https:\/\/www.newslettercreator.com\/it\/wp-json\/wp\/v2\/comments?post=3996"}],"version-history":[{"count":9,"href":"https:\/\/www.newslettercreator.com\/it\/wp-json\/wp\/v2\/pages\/3996\/revisions"}],"predecessor-version":[{"id":4212,"href":"https:\/\/www.newslettercreator.com\/it\/wp-json\/wp\/v2\/pages\/3996\/revisions\/4212"}],"wp:attachment":[{"href":"https:\/\/www.newslettercreator.com\/it\/wp-json\/wp\/v2\/media?parent=3996"}],"curies":[{"name":"wp","href":"https:\/\/api.w.org\/{rel}","templated":true}]}}