{"id":4843,"date":"2017-03-06T13:20:59","date_gmt":"2017-03-06T13:20:59","guid":{"rendered":"http:\/\/www.newslettercreator.com\/?page_id=4843\/"},"modified":"2020-03-27T17:18:50","modified_gmt":"2020-03-27T16:18:50","slug":"verifica-licenza","status":"publish","type":"page","link":"https:\/\/www.newslettercreator.com\/it\/aiuto-mailstyler2\/verifica-licenza\/","title":{"rendered":"Verifica licenza"},"content":{"rendered":"<div id=\"help-guide\">\n<p>MailStyler esegue periodicamente una verifica sulla validit\u00e0 della licenza utilizzata. Affinch\u00e9 il controllo avvenga correttamente \u00e8 necessario che il computer in cui \u00e8 installato MailStyler sia connesso ad Internet.<\/p>\n<p>Qualora la connessione non fosse attiva durante la verifica visualizzerai una finestra in cui ti verr\u00e0 richiesto di connettere il computer ad Internet.<\/p>\n<table border=\"0\" align=\"center\" cellpadding=\"0\" cellspacing=\"0\">\n<tr>\n<td align=\"center\">\n<a title=\"Verifica licenza\" href=\"http:\/\/www.newslettercreator.com\/user-guide-files-MS2\/it\/images\/registration_check_01.png\" rel=\"prettyPhoto\"><img decoding=\"async\" src=\"http:\/\/www.newslettercreator.com\/user-guide-files-MS2\/it\/images\/registration_check_01.png\" alt=\"Verifica licenza\"><\/a>\n<\/td>\n<\/tr>\n<tr>\n<td align=\"center\">\n<span class=\"image-zoom\">Clicca per allargare<\/span>\n<\/td>\n<\/tr>\n<\/table>\n<p>Comparir\u00e0 quindi una finestra di attivazione che ti proporr\u00e0 tre opzioni.<\/p>\n<table border=\"0\" align=\"center\" cellpadding=\"0\" cellspacing=\"0\">\n<tr>\n<td align=\"center\">\n<a title=\"Verifica licenza\" href=\"http:\/\/www.newslettercreator.com\/user-guide-files-MS2\/it\/images\/registration_check_02.png\" rel=\"prettyPhoto\"><img decoding=\"async\" src=\"http:\/\/www.newslettercreator.com\/user-guide-files-MS2\/it\/images\/registration_check_02.png\" alt=\"Verifica licenza\"><\/a>\n<\/td>\n<\/tr>\n<tr>\n<td align=\"center\">\n<span class=\"image-zoom\">Clicca per allargare<\/span>\n<\/td>\n<\/tr>\n<\/table>\n<p>\n<ol>\n<li>Se desideri che MailStyler rimanga attivo nel computer in cui attualmente \u00e8 installato, assicurati che il Pc sia connesso alla rete Internet e fai click sul pulsante <strong>Verifica<\/strong>. MailStyler verificher\u00e0 la validit\u00e0 della licenza utilizzata e permetter\u00e0 di proseguire nell'utilizzo del programma.<\/li>\n<li>Selezionando <strong>Torna in modalit\u00e0 Demo<\/strong> la tua copia di MailStyler continuer\u00e0 a funzionare solamente con le caratteristiche della versione Demo.<\/li>\n<li>Seleziona il pulsante <strong>Esci<\/strong> se non desideri procedere con la verifica della validit\u00e0 della licenza. Non sar\u00e0 possibile procedere con l'utilizzo del programma fino a quando la licenza non sar\u00e0 verificata.<\/li>\n<\/ol>\n<\/p>\n<p>Per una descrizione dettagliata delle opzioni disponibili nelle diverse barre degli strumenti vedi<br>\n\t    <a href=\"http:\/\/www.newslettercreator.com\/it\/help-mailstyler2\/trial-mode\/\">Versione Demo<\/a><br>\n\t\t<a href=\"http:\/\/www.newslettercreator.com\/it\/help-mailstyler2\/software-activation\/\">Attivazione software<\/a><\/p>\n\n<\/div>\n","protected":false},"excerpt":{"rendered":"","protected":false},"author":1,"featured_media":0,"parent":4814,"menu_order":0,"comment_status":"closed","ping_status":"closed","template":"g1_template_page_sidebar_left.php","meta":{"inline_featured_image":false,"_monsterinsights_skip_tracking":false,"_monsterinsights_sitenote_active":false,"_monsterinsights_sitenote_note":"","_monsterinsights_sitenote_category":0,"footnotes":""},"class_list":["post-4843","page","type-page","status-publish"],"yoast_head":"<!-- This site is optimized with the Yoast SEO plugin v25.2 - https:\/\/yoast.com\/wordpress\/plugins\/seo\/ -->\n<title>Verifica licenza - Newsletter Creator<\/title>\n<meta name=\"robots\" content=\"index, follow, max-snippet:-1, max-image-preview:large, max-video-preview:-1\" \/>\n<link rel=\"canonical\" href=\"https:\/\/www.newslettercreator.com\/it\/aiuto-mailstyler2\/verifica-licenza\/\" \/>\n<meta property=\"og:locale\" content=\"it_IT\" \/>\n<meta property=\"og:type\" content=\"article\" \/>\n<meta property=\"og:title\" content=\"Verifica licenza - Newsletter Creator\" \/>\n<meta property=\"og:url\" content=\"https:\/\/www.newslettercreator.com\/it\/aiuto-mailstyler2\/verifica-licenza\/\" \/>\n<meta property=\"og:site_name\" content=\"Newsletter Creator\" \/>\n<meta property=\"article:modified_time\" content=\"2020-03-27T16:18:50+00:00\" \/>\n<script type=\"application\/ld+json\" class=\"yoast-schema-graph\">{\"@context\":\"https:\/\/schema.org\",\"@graph\":[{\"@type\":\"WebPage\",\"@id\":\"https:\/\/www.newslettercreator.com\/it\/aiuto-mailstyler2\/verifica-licenza\/\",\"url\":\"https:\/\/www.newslettercreator.com\/it\/aiuto-mailstyler2\/verifica-licenza\/\",\"name\":\"Verifica licenza - Newsletter Creator\",\"isPartOf\":{\"@id\":\"https:\/\/www.newslettercreator.com\/#website\"},\"datePublished\":\"2017-03-06T13:20:59+00:00\",\"dateModified\":\"2020-03-27T16:18:50+00:00\",\"breadcrumb\":{\"@id\":\"https:\/\/www.newslettercreator.com\/it\/aiuto-mailstyler2\/verifica-licenza\/#breadcrumb\"},\"inLanguage\":\"it-IT\",\"potentialAction\":[{\"@type\":\"ReadAction\",\"target\":[\"https:\/\/www.newslettercreator.com\/it\/aiuto-mailstyler2\/verifica-licenza\/\"]}]},{\"@type\":\"BreadcrumbList\",\"@id\":\"https:\/\/www.newslettercreator.com\/it\/aiuto-mailstyler2\/verifica-licenza\/#breadcrumb\",\"itemListElement\":[{\"@type\":\"ListItem\",\"position\":1,\"name\":\"Home\",\"item\":\"https:\/\/www.newslettercreator.com\/it\/\"},{\"@type\":\"ListItem\",\"position\":2,\"name\":\"Guida utente MailStyler 2\",\"item\":\"https:\/\/www.newslettercreator.com\/it\/aiuto-mailstyler2\/\"},{\"@type\":\"ListItem\",\"position\":3,\"name\":\"Verifica licenza\"}]},{\"@type\":\"WebSite\",\"@id\":\"https:\/\/www.newslettercreator.com\/#website\",\"url\":\"https:\/\/www.newslettercreator.com\/\",\"name\":\"Newsletter Creator\",\"description\":\"Pay off\",\"potentialAction\":[{\"@type\":\"SearchAction\",\"target\":{\"@type\":\"EntryPoint\",\"urlTemplate\":\"https:\/\/www.newslettercreator.com\/?s={search_term_string}\"},\"query-input\":{\"@type\":\"PropertyValueSpecification\",\"valueRequired\":true,\"valueName\":\"search_term_string\"}}],\"inLanguage\":\"it-IT\"}]}<\/script>\n<!-- \/ Yoast SEO plugin. -->","yoast_head_json":{"title":"Verifica licenza - Newsletter Creator","robots":{"index":"index","follow":"follow","max-snippet":"max-snippet:-1","max-image-preview":"max-image-preview:large","max-video-preview":"max-video-preview:-1"},"canonical":"https:\/\/www.newslettercreator.com\/it\/aiuto-mailstyler2\/verifica-licenza\/","og_locale":"it_IT","og_type":"article","og_title":"Verifica licenza - Newsletter Creator","og_url":"https:\/\/www.newslettercreator.com\/it\/aiuto-mailstyler2\/verifica-licenza\/","og_site_name":"Newsletter Creator","article_modified_time":"2020-03-27T16:18:50+00:00","schema":{"@context":"https:\/\/schema.org","@graph":[{"@type":"WebPage","@id":"https:\/\/www.newslettercreator.com\/it\/aiuto-mailstyler2\/verifica-licenza\/","url":"https:\/\/www.newslettercreator.com\/it\/aiuto-mailstyler2\/verifica-licenza\/","name":"Verifica licenza - Newsletter Creator","isPartOf":{"@id":"https:\/\/www.newslettercreator.com\/#website"},"datePublished":"2017-03-06T13:20:59+00:00","dateModified":"2020-03-27T16:18:50+00:00","breadcrumb":{"@id":"https:\/\/www.newslettercreator.com\/it\/aiuto-mailstyler2\/verifica-licenza\/#breadcrumb"},"inLanguage":"it-IT","potentialAction":[{"@type":"ReadAction","target":["https:\/\/www.newslettercreator.com\/it\/aiuto-mailstyler2\/verifica-licenza\/"]}]},{"@type":"BreadcrumbList","@id":"https:\/\/www.newslettercreator.com\/it\/aiuto-mailstyler2\/verifica-licenza\/#breadcrumb","itemListElement":[{"@type":"ListItem","position":1,"name":"Home","item":"https:\/\/www.newslettercreator.com\/it\/"},{"@type":"ListItem","position":2,"name":"Guida utente MailStyler 2","item":"https:\/\/www.newslettercreator.com\/it\/aiuto-mailstyler2\/"},{"@type":"ListItem","position":3,"name":"Verifica licenza"}]},{"@type":"WebSite","@id":"https:\/\/www.newslettercreator.com\/#website","url":"https:\/\/www.newslettercreator.com\/","name":"Newsletter Creator","description":"Pay off","potentialAction":[{"@type":"SearchAction","target":{"@type":"EntryPoint","urlTemplate":"https:\/\/www.newslettercreator.com\/?s={search_term_string}"},"query-input":{"@type":"PropertyValueSpecification","valueRequired":true,"valueName":"search_term_string"}}],"inLanguage":"it-IT"}]}},"_links":{"self":[{"href":"https:\/\/www.newslettercreator.com\/it\/wp-json\/wp\/v2\/pages\/4843","targetHints":{"allow":["GET"]}}],"collection":[{"href":"https:\/\/www.newslettercreator.com\/it\/wp-json\/wp\/v2\/pages"}],"about":[{"href":"https:\/\/www.newslettercreator.com\/it\/wp-json\/wp\/v2\/types\/page"}],"author":[{"embeddable":true,"href":"https:\/\/www.newslettercreator.com\/it\/wp-json\/wp\/v2\/users\/1"}],"replies":[{"embeddable":true,"href":"https:\/\/www.newslettercreator.com\/it\/wp-json\/wp\/v2\/comments?post=4843"}],"version-history":[{"count":5,"href":"https:\/\/www.newslettercreator.com\/it\/wp-json\/wp\/v2\/pages\/4843\/revisions"}],"predecessor-version":[{"id":9449,"href":"https:\/\/www.newslettercreator.com\/it\/wp-json\/wp\/v2\/pages\/4843\/revisions\/9449"}],"up":[{"embeddable":true,"href":"https:\/\/www.newslettercreator.com\/it\/wp-json\/wp\/v2\/pages\/4814"}],"wp:attachment":[{"href":"https:\/\/www.newslettercreator.com\/it\/wp-json\/wp\/v2\/media?parent=4843"}],"curies":[{"name":"wp","href":"https:\/\/api.w.org\/{rel}","templated":true}]}}