{"id":4859,"date":"2017-03-06T13:36:14","date_gmt":"2017-03-06T13:36:14","guid":{"rendered":"http:\/\/www.newslettercreator.com\/?page_id=4859\/"},"modified":"2020-03-27T17:14:19","modified_gmt":"2020-03-27T16:14:19","slug":"modifica-blocco-social","status":"publish","type":"page","link":"https:\/\/www.newslettercreator.com\/it\/aiuto-mailstyler2\/modifica-blocco-social\/","title":{"rendered":"Modifica blocco social"},"content":{"rendered":"<div id=\"help-guide\">\n<p><strong>Clicca due volte<\/strong> su un set social per modificarne lo stile. Si aprir\u00e0 la finestra <strong>Propriet\u00e0 set social<\/strong>.\n<\/p>\n<table border=\"0\" align=\"center\" cellpadding=\"0\" cellspacing=\"0\">\n<tr>\n<td align=\"center\">\n<span class=\"image-title\">Propriet\u00e0 set social<\/span>\n<\/td>\n<\/tr>\n<tr>\n<td align=\"center\">\n<a title=\"Propriet\u00e0 set social\" href=\"http:\/\/www.newslettercreator.com\/user-guide-files-MS2\/it\/images\/select_set_social.png\" rel=\"prettyPhoto\"><img decoding=\"async\" src=\"http:\/\/www.newslettercreator.com\/user-guide-files-MS2\/it\/images\/select_set_social.png\" alt=\"Propriet\u00e0 set social\" ><\/a>\n<\/td>\n<\/tr>\n<tr>\n<td align=\"center\">\n<span class=\"image-zoom\">Clicca per allargare<\/span>\n<\/td>\n<\/tr>\n<\/table>\n<p>La sezione in alto a sinistra denominata <strong>Impostazioni icone<\/strong> ti consente di definire le principali caratteristiche delle icone che fanno parte del set social.<\/p>\n<p>Il risultato di ogni modifica apportata al set social viene immediatamente visualizzata all'interno del riquadro di <strong>anteprima<\/strong>:\n<ul>\n<li><strong>Dimensione<\/strong>: \u00e8 la grandezza dell'icona espressa in pixel. La stessa dimensione viene applicata sia in larghezza che in altezza<\/li>\n<li><strong>Spaziatura<\/strong>: \u00e8 la distanza in pixel che separa le icone tra loro<\/li>\n<li><strong>Stile<\/strong>: le icone incluse nel set social possono mantenere il proprio colore originario selezionando l'opzione \u201c<strong>A colori<\/strong>\u201d. Selezionando \u201c<strong>Monocromatiche<\/strong>\u201d tutte le icone assumono invece lo stesso colore. Puoi sceglierlo tu dalla palette di colori utilizzata al momento, personalizzarlo, o ancora selezionarlo tra quelli utilizzati recentemente. E se la scelta non ti convince, puoi tornare a quello predefinito.<\/li>\n<li><strong>Arrotondamento<\/strong>: il valore indica il grado di arrotondamento degli angoli. Spostando il cursore verso destra otterrai angoli via via pi\u00f9 smussati, fino ad ottenere un'icona rotonda.<\/li>\n<\/ul>\n<p>Cliccando con il tasto destro del mouse su una delle icone in elenco \u00e8 inoltre possibile caricarne una da utilizzare al posto di quella standard.<\/p>\n<p>La sezione <strong>Margini esterni<\/strong> ti consente di stabilire gli spazi tra il set social e gli elementi che lo circondano (ad esempio il testo, i pulsanti o le immagini).<\/p>\n<p>L'opzione <strong>Uguale per tutti i margini<\/strong> modifica in modo identico il valore in pixel dei margini a destra, a sinistra, sopra o sotto il pulsante.<\/p>\n<p>La sezione <strong>Link<\/strong> \u00e8 suddivisa in due schede: <strong>Link<\/strong> e <strong>Titoli<\/strong>.\n<ul>\n<li>La <strong>scheda Link<\/strong> mostra un elenco dei siti social pi\u00f9 popolari ed il relativo URL. Seleziona le caselle dei social che desideri vengano inclusi nel set. Puoi quindi modificare l'ordine in cui le icone dei social verranno visualizzate nella newsletter attraverso le frecce Su e Gi\u00f9 presenti alla destra degli URL.<\/li>\n<li>La <strong>scheda Titoli<\/strong> permette invece di modificare il nome del social che viene visualizzato al passaggio del mouse sopra l'icona.<\/li>\n<\/ul> \n<p>Spuntando la casella <strong>Apri link in una nuova finestra<\/strong> farai s\u00ec che, cliccando sull'icona, il relativo social si apra in un\u00ec'altra finesta del browser, evitando cos\u00ec la chiusura della finestra contenente il testo della mail.<\/p>\n<p><strong>Salva sempre le immagini come risorsa locale<\/strong> consente di salvare le icone dei set social localmente, anche nel caso che le opzioni di esportazione prevedano il salvataggio delle immagini nel cloud.<\/p>\n\n<p>Vedi anche<br>\n<a href=\"http:\/\/www.newslettercreator.com\/it\/help-mailstyler2\/main-window\/\">Finestra principale<br>\n<\/a><a href=\"http:\/\/www.newslettercreator.com\/it\/help-mailstyler2\/edit-image\/\">Modifica immagine<br>\n<\/a><a href=\"http:\/\/www.newslettercreator.com\/it\/help-mailstyler2\/edit-button\/\">Modifica pulsante<\/a><\/p>\n\n<\/div>\n","protected":false},"excerpt":{"rendered":"","protected":false},"author":1,"featured_media":0,"parent":4814,"menu_order":0,"comment_status":"closed","ping_status":"closed","template":"g1_template_page_sidebar_left.php","meta":{"inline_featured_image":false,"_monsterinsights_skip_tracking":false,"_monsterinsights_sitenote_active":false,"_monsterinsights_sitenote_note":"","_monsterinsights_sitenote_category":0,"footnotes":""},"class_list":["post-4859","page","type-page","status-publish"],"yoast_head":"<!-- This site is optimized with the Yoast SEO plugin v25.2 - https:\/\/yoast.com\/wordpress\/plugins\/seo\/ -->\n<title>Modifica blocco social - Newsletter Creator<\/title>\n<meta name=\"robots\" content=\"index, follow, max-snippet:-1, max-image-preview:large, max-video-preview:-1\" \/>\n<link rel=\"canonical\" href=\"https:\/\/www.newslettercreator.com\/it\/aiuto-mailstyler2\/modifica-blocco-social\/\" \/>\n<meta property=\"og:locale\" content=\"it_IT\" \/>\n<meta property=\"og:type\" content=\"article\" \/>\n<meta property=\"og:title\" content=\"Modifica blocco social - Newsletter Creator\" \/>\n<meta property=\"og:url\" content=\"https:\/\/www.newslettercreator.com\/it\/aiuto-mailstyler2\/modifica-blocco-social\/\" \/>\n<meta property=\"og:site_name\" content=\"Newsletter Creator\" \/>\n<meta property=\"article:modified_time\" content=\"2020-03-27T16:14:19+00:00\" \/>\n<script type=\"application\/ld+json\" class=\"yoast-schema-graph\">{\"@context\":\"https:\/\/schema.org\",\"@graph\":[{\"@type\":\"WebPage\",\"@id\":\"https:\/\/www.newslettercreator.com\/it\/aiuto-mailstyler2\/modifica-blocco-social\/\",\"url\":\"https:\/\/www.newslettercreator.com\/it\/aiuto-mailstyler2\/modifica-blocco-social\/\",\"name\":\"Modifica blocco social - Newsletter Creator\",\"isPartOf\":{\"@id\":\"https:\/\/www.newslettercreator.com\/#website\"},\"datePublished\":\"2017-03-06T13:36:14+00:00\",\"dateModified\":\"2020-03-27T16:14:19+00:00\",\"breadcrumb\":{\"@id\":\"https:\/\/www.newslettercreator.com\/it\/aiuto-mailstyler2\/modifica-blocco-social\/#breadcrumb\"},\"inLanguage\":\"it-IT\",\"potentialAction\":[{\"@type\":\"ReadAction\",\"target\":[\"https:\/\/www.newslettercreator.com\/it\/aiuto-mailstyler2\/modifica-blocco-social\/\"]}]},{\"@type\":\"BreadcrumbList\",\"@id\":\"https:\/\/www.newslettercreator.com\/it\/aiuto-mailstyler2\/modifica-blocco-social\/#breadcrumb\",\"itemListElement\":[{\"@type\":\"ListItem\",\"position\":1,\"name\":\"Home\",\"item\":\"https:\/\/www.newslettercreator.com\/it\/\"},{\"@type\":\"ListItem\",\"position\":2,\"name\":\"Guida utente MailStyler 2\",\"item\":\"https:\/\/www.newslettercreator.com\/it\/aiuto-mailstyler2\/\"},{\"@type\":\"ListItem\",\"position\":3,\"name\":\"Modifica blocco social\"}]},{\"@type\":\"WebSite\",\"@id\":\"https:\/\/www.newslettercreator.com\/#website\",\"url\":\"https:\/\/www.newslettercreator.com\/\",\"name\":\"Newsletter Creator\",\"description\":\"Pay off\",\"potentialAction\":[{\"@type\":\"SearchAction\",\"target\":{\"@type\":\"EntryPoint\",\"urlTemplate\":\"https:\/\/www.newslettercreator.com\/?s={search_term_string}\"},\"query-input\":{\"@type\":\"PropertyValueSpecification\",\"valueRequired\":true,\"valueName\":\"search_term_string\"}}],\"inLanguage\":\"it-IT\"}]}<\/script>\n<!-- \/ Yoast SEO plugin. -->","yoast_head_json":{"title":"Modifica blocco social - Newsletter Creator","robots":{"index":"index","follow":"follow","max-snippet":"max-snippet:-1","max-image-preview":"max-image-preview:large","max-video-preview":"max-video-preview:-1"},"canonical":"https:\/\/www.newslettercreator.com\/it\/aiuto-mailstyler2\/modifica-blocco-social\/","og_locale":"it_IT","og_type":"article","og_title":"Modifica blocco social - Newsletter Creator","og_url":"https:\/\/www.newslettercreator.com\/it\/aiuto-mailstyler2\/modifica-blocco-social\/","og_site_name":"Newsletter Creator","article_modified_time":"2020-03-27T16:14:19+00:00","schema":{"@context":"https:\/\/schema.org","@graph":[{"@type":"WebPage","@id":"https:\/\/www.newslettercreator.com\/it\/aiuto-mailstyler2\/modifica-blocco-social\/","url":"https:\/\/www.newslettercreator.com\/it\/aiuto-mailstyler2\/modifica-blocco-social\/","name":"Modifica blocco social - Newsletter Creator","isPartOf":{"@id":"https:\/\/www.newslettercreator.com\/#website"},"datePublished":"2017-03-06T13:36:14+00:00","dateModified":"2020-03-27T16:14:19+00:00","breadcrumb":{"@id":"https:\/\/www.newslettercreator.com\/it\/aiuto-mailstyler2\/modifica-blocco-social\/#breadcrumb"},"inLanguage":"it-IT","potentialAction":[{"@type":"ReadAction","target":["https:\/\/www.newslettercreator.com\/it\/aiuto-mailstyler2\/modifica-blocco-social\/"]}]},{"@type":"BreadcrumbList","@id":"https:\/\/www.newslettercreator.com\/it\/aiuto-mailstyler2\/modifica-blocco-social\/#breadcrumb","itemListElement":[{"@type":"ListItem","position":1,"name":"Home","item":"https:\/\/www.newslettercreator.com\/it\/"},{"@type":"ListItem","position":2,"name":"Guida utente MailStyler 2","item":"https:\/\/www.newslettercreator.com\/it\/aiuto-mailstyler2\/"},{"@type":"ListItem","position":3,"name":"Modifica blocco social"}]},{"@type":"WebSite","@id":"https:\/\/www.newslettercreator.com\/#website","url":"https:\/\/www.newslettercreator.com\/","name":"Newsletter Creator","description":"Pay off","potentialAction":[{"@type":"SearchAction","target":{"@type":"EntryPoint","urlTemplate":"https:\/\/www.newslettercreator.com\/?s={search_term_string}"},"query-input":{"@type":"PropertyValueSpecification","valueRequired":true,"valueName":"search_term_string"}}],"inLanguage":"it-IT"}]}},"_links":{"self":[{"href":"https:\/\/www.newslettercreator.com\/it\/wp-json\/wp\/v2\/pages\/4859","targetHints":{"allow":["GET"]}}],"collection":[{"href":"https:\/\/www.newslettercreator.com\/it\/wp-json\/wp\/v2\/pages"}],"about":[{"href":"https:\/\/www.newslettercreator.com\/it\/wp-json\/wp\/v2\/types\/page"}],"author":[{"embeddable":true,"href":"https:\/\/www.newslettercreator.com\/it\/wp-json\/wp\/v2\/users\/1"}],"replies":[{"embeddable":true,"href":"https:\/\/www.newslettercreator.com\/it\/wp-json\/wp\/v2\/comments?post=4859"}],"version-history":[{"count":3,"href":"https:\/\/www.newslettercreator.com\/it\/wp-json\/wp\/v2\/pages\/4859\/revisions"}],"predecessor-version":[{"id":9421,"href":"https:\/\/www.newslettercreator.com\/it\/wp-json\/wp\/v2\/pages\/4859\/revisions\/9421"}],"up":[{"embeddable":true,"href":"https:\/\/www.newslettercreator.com\/it\/wp-json\/wp\/v2\/pages\/4814"}],"wp:attachment":[{"href":"https:\/\/www.newslettercreator.com\/it\/wp-json\/wp\/v2\/media?parent=4859"}],"curies":[{"name":"wp","href":"https:\/\/api.w.org\/{rel}","templated":true}]}}