{"id":4910,"date":"2017-03-06T13:58:16","date_gmt":"2017-03-06T13:58:16","guid":{"rendered":"http:\/\/www.newslettercreator.com\/?page_id=4910\/"},"modified":"2021-02-11T10:56:41","modified_gmt":"2021-02-11T09:56:41","slug":"esportazione","status":"publish","type":"page","link":"https:\/\/www.newslettercreator.com\/it\/aiuto-mailstyler2\/esportazione\/","title":{"rendered":"Esportazione"},"content":{"rendered":"<div id=\"help-guide\">\n<p>Attraverso il menu che si apre dal comando Esporta puoi <strong>salvare la newsletter sul disco fisso<\/strong> in un formato che ne permetta l\u2019apertura nel programma che utilizzerai per inviarla oppure in formato PDF.<\/p>\n<p>I file esportati da MailStyler possono essere caricati nei <strong>servizi di email marketing<\/strong> come <a href=\"http:\/\/emailchef.com\" target=\"_blank\">eMailChef<\/a>, nei <strong>software d\u2019invio email<\/strong> (ad esempio <a href=\"http:\/\/www.sendblaster.com\" target=\"_blank\">SendBlaster<\/a>) ed essere ulteriormente modificati prima dell\u2019invio. Possono inoltre essere caricati nel tuo client di posta elettronica.<\/p>\n<p><strong>SCEGLIERE IL FORMATO D\u2019ESPORTAZIONE<\/strong><br>\nLa sezione in alto ti consente di scegliere in quale formato esportare il file.<br>\nPuoi selezionare <strong>EML<\/strong> (consigliato per l\u2019importazione della newsletter sui client di posta elettronica come Mozilla Thunderbird o Microsoft Outlook) o <strong>HTML<\/strong> (consigliato se in seguito devi caricare la newsletter su un servizio o software per l\u2019email marketing).<\/p>\n<table align=\"center\" border=\"0\" cellpadding=\"0\" cellspacing=\"0\">\n<tbody>\n<tr>\n<td align=\"center\">\n<span class=\"image-title\">Scegliere il formato d'esportazione<\/span>\n<\/td>\n<\/tr>\n<tr>\n<td align=\"center\">\n<a title=\"Scegliere il formato d'esportazione\" href=\"http:\/\/www.newslettercreator.com\/user-guide-files-MS2\/it\/images\/export_01.png\" rel=\"prettyPhoto\"><img decoding=\"async\" src=\"http:\/\/www.newslettercreator.com\/user-guide-files-MS2\/it\/images\/export_01.png\" alt=\"Scegliere il formato d'esportazione\" width=\"200\"><\/a><\/td>\n<\/tr>\n<tr>\n<td align=\"center\">\n<span class=\"image-zoom\">Clicca per allargare<\/span>\n<\/td>\n<\/tr>\n<\/tbody>\n<\/table>\n<p><strong>SCEGLIERE LA DESTINAZIONE IMMAGINI<\/strong><br>\nLa sezione in basso ti consente di scegliere la destinazione delle immagini presenti nella tua newsletter.<br>\nSeleziona <strong>Cloud<\/strong> (disponibile solo nella versione Pro) per caricare le immagini sul cloud gratuito di MailStyler 2, cos\u00ec da non doverti preoccupare di tutti i dettagli fastidiosi relativi al caricamento delle immagini su un tuo spazio web. Seleziona <strong>Risorsa locale<\/strong> per esportare le immagini in una cartella apposita, che verr\u00e0 creata nella stessa directory dove sei solito salvare i file esportati.<\/p>\n<p class=\"note\">Se decidi di esportare le immagini come risorsa locale, <strong>MailStyler provveder\u00e0 a creare una cartella apposita<\/strong> che prender\u00e0 lo stesso nome del file esportato, con l\u2019aggiunta dell\u2019estensione <strong>_files<\/strong>. Per esempio se esporti un file che si chiama <strong>My newsletter.htm<\/strong>, tutte le immagini verranno indirizzate in una cartella rinominata <strong>My newsletter_files<\/strong>.<br>\nSe invece scegli il formato <strong>EML<\/strong> le immagini saranno incorporate nel messaggio.<br>\n<\/p>\n<table align=\"center\" border=\"0\" cellpadding=\"0\" cellspacing=\"0\">\n<tbody>\n<tr>\n<td align=\"center\">\n<span class=\"image-title\">Scegliere la destinazione immagine<\/span>\n<\/td>\n<\/tr>\n<tr>\n<td align=\"center\">\n<a title=\"Scegliere la destinazione immagine\" href=\"http:\/\/www.newslettercreator.com\/user-guide-files-MS2\/it\/images\/export_02.png\" rel=\"prettyPhoto\"><img decoding=\"async\" src=\"http:\/\/www.newslettercreator.com\/user-guide-files-MS2\/it\/images\/export_02.png\" alt=\"Scegliere la destinazione immagine\" width=\"200\"><\/a><\/td>\n<\/tr>\n<tr>\n<td align=\"center\">\n<span class=\"image-zoom\">Clicca per allargare<\/span>\n<\/td>\n<\/tr>\n<\/tbody>\n<\/table>\n<p class=\"note\">Puoi anche decidere di incorporare ogni immagine nella newsletter in maniera indipendente, invece di esportarla come file locale o sul cloud. Vedi <a href=\"http:\/\/www.newslettercreator.com\/it\/help-mailstyler2\/edit-image\/\">Modificare immagini<\/a> per ulteriori informazioni.<\/p>\n<p class=\"note\">Attraverso il cursore <strong>Qualit\u00e0 Jpeg<\/strong> puoi selezionare il livello di compressione delle immagini esportate in formato jpeg. Ricorda che a livelli di compressione minori corrisponde una qualit\u00e0 migliore dell\u2019immagine ma un peso maggiore.<\/p>\n<p class=\"note\">Il men\u00f9 <strong>Qualit\u00e0 PNG<\/strong> permette invece di esportare le immagini PNG in formato standard oppure ottimizzato, che permette di ottenere il miglior compromesso tra qualit\u00e0 dell'immagine e dimensioni finali del template.<\/p>\n<p class=\"note\">Il pulsante <strong>Calcola peso<\/strong> fornisce un rapporto dettagliato sul peso totale del template, nonch\u00e9 su quello specifico del file HTML e delle immagini incorporate o caricate nel Cloud. Il peso pu\u00f2 essere ricalcolato in seguito alla modifica delle impostazioni di qualit\u00e0 delle immagini, permettendo cos\u00ec di trovare il giusto compromesso tra qualit\u00e0 dei file grafici e peso del template. Ricorda che il peso del template influisce sul tempo necessario per inviarlo. Un file di grandi dimensioni impiega pi\u00f9 tempo per essere spedito rispetto a un file di dimensioni inferiori.<\/p>\n<p>Infine, puoi spuntare la casella <strong>Apri percorso file al termine dell\u2019esportazione<\/strong> per aprire una nuova finestra e localizzare il nuovo file, oppure spuntare la casella <strong>Anteprima file dopo l\u2019esportazione<\/strong> per aprire il file appena esportato nel programma corrispondente all\u2019estensione del file scelta nel primo passaggio (eml o html).<\/p>\n<p><strong>CARICARE FILE ED ESPORTARE REPORT<br>\n<\/strong>Se l\u2019esportazione richiede che le immagini vengano caricate sul web (opzione Cloud), <strong>l\u2019ultima fase dell\u2019operazione ti mostrer\u00e0 una barra di avanzamento del caricamento<\/strong>.<br>\n<\/p>\n<table align=\"center\" border=\"0\" cellpadding=\"0\" cellspacing=\"0\">\n<tbody>\n<tr>\n<td align=\"center\"><span class=\"image-title\">Caricare file<\/span> <\/td>\n<td align=\"center\"><span class=\"image-title\">Esportare report<\/span> <\/td>\n<\/tr>\n<tr>\n<td align=\"center\"><a title=\"Caricare file\" href=\"http:\/\/www.newslettercreator.com\/user-guide-files-MS2\/it\/images\/export_07.png\" rel=\"prettyPhoto\"><img decoding=\"async\" src=\"http:\/\/www.newslettercreator.com\/user-guide-files-MS2\/it\/images\/export_07.png\" alt=\"Caricare file\" width=\"200\"><\/a> <\/td>\n<td align=\"center\"><a title=\"Esportare report\" href=\"http:\/\/www.newslettercreator.com\/user-guide-files-MS2\/it\/images\/export_08.png\" rel=\"prettyPhoto\"><img decoding=\"async\" src=\"http:\/\/www.newslettercreator.com\/user-guide-files-MS2\/it\/images\/export_08.png\" alt=\"Esportare report\" width=\"180\"><\/a> <\/td>\n<\/tr>\n<tr>\n<td colspan=\"2\" align=\"center\"><span class=\"image-zoom\">Clicca per allargare<\/span> <\/td>\n<\/tr>\n<\/tbody>\n<\/table>\n<p><strong>Esporta PDF<\/strong> genera un file PDF con il contenuto del template. Consente di creare un\u2019anteprima da sottoporre a chi deve valutare, approvare o correggere la newsletter.<\/p>\n<p>Puoi modificare le seguenti opzioni di esportazione:\n<\/p>\n<ul>\n<li><strong>Dimensione pagina<\/strong>: stabilisce il formato del file PDF (A4 \u00e8 il formato di pagina standard)<\/li>\n<li><strong>Orientamento<\/strong>: determina se orientare orizzontalmente o verticalmente le pagine del file PDF<\/li>\n<li><strong>Incorpora caratteri<\/strong>: l'incorporazione assicura che il file PDF utilizzi gli stessi font del documento originale, indipendentemente da dove viene aperto il PDF o dai font installati sul sistema in cui viene visualizzato.<\/li>\n<\/ul>\n<p>Sono inoltre previste alcune opzioni di <strong>sicurezza<\/strong>:<br>\n<strong>Proteggi con password<\/strong>: il PDF sar\u00e0 visualizzabile solamente se si conosce la password da te inserita. Il PDF protetto da password pu\u00f2 inoltre consentire o meno a chi lo visualizza di essere copiato, modificato oppure stampato attraverso le rispettive opzioni <strong>Permetti la copia<\/strong>, <strong>Permetti la modifica<\/strong> e <strong>Permetti la stampa<\/strong>.\n<\/p>\n<p><strong>Anteprima file dopo l'esportazione<\/strong> aprir\u00e0 il PDF al termine del processo di esportazione.<\/p>\n<p><strong>ESPORTA SU SENDBLASTER 4<\/strong><br>\nQuesta funzione permette di esportare pi\u00f9 rapidamente i template realizzati con MailStyler nel programma per l'invio di email SendBlaster 4.<\/p>\n<p>In modo analogo a quanto descritto sopra, potrai scegliere se caricare le immagini nello spazio Cloud di MailStyler (solo versione Pro) oppure salvarle localmente. La qualit\u00e0 delle immagini esportate nei formati Jpeg e PNG \u00e8 regolabile per ottimizzare il peso complessivo della newsletter, che pu\u00f2 essere calcolato attraverso il pulsante <strong>Calcola peso<\/strong>.<\/p>\n<p>Facendo click sul pulsante <strong>Esporta<\/strong> il template appena realizzato viene caricato automaticamente nella schermata di composizione del messaggio di SendBlaster 4.<\/p>\n<p><strong>CARICA SU EMAILCHEF<\/strong><br>\nSe possiedi un account <strong><a href=\"http:\/\/emailchef.com\" target=\"_blank\">eMailChef<\/a><\/strong>, potrai caricare direttamente il template nella piattaforma utilizzando le tue credenziali (username e password).<\/p>\n<p>Vedi anche<br>\n<a href=\"http:\/\/www.newslettercreator.com\/it\/help-mailstyler2\/new\/\">Nuova<br>\n<\/a><a href=\"http:\/\/www.newslettercreator.com\/it\/help-mailstyler2\/open\/\">Apri<br>\n<\/a><a href=\"http:\/\/www.newslettercreator.com\/it\/help-mailstyler2\/save\/\">Salva<\/a><a href=\"http:\/\/www.newslettercreator.com\/it\/help-mailstyler2\/export\/\"><br>\n<\/a><a href=\"http:\/\/www.newslettercreator.com\/it\/help-mailstyler2\/preview\/\">Anteprima<\/a><br>\n<a href=\"http:\/\/www.newslettercreator.com\/it\/help-mailstyler2\/help-menu\/\">Aiuto<\/a><\/p>\n<\/div>\n","protected":false},"excerpt":{"rendered":"","protected":false},"author":1,"featured_media":0,"parent":4814,"menu_order":0,"comment_status":"closed","ping_status":"closed","template":"g1_template_page_sidebar_left.php","meta":{"inline_featured_image":false,"_monsterinsights_skip_tracking":false,"_monsterinsights_sitenote_active":false,"_monsterinsights_sitenote_note":"","_monsterinsights_sitenote_category":0,"footnotes":""},"class_list":["post-4910","page","type-page","status-publish"],"yoast_head":"<!-- This site is optimized with the Yoast SEO plugin v25.2 - https:\/\/yoast.com\/wordpress\/plugins\/seo\/ -->\n<title>Esportazione template newsletter in formato EML, HTML o PDF<\/title>\n<meta name=\"description\" content=\"Hai appena creato un fantastico template per la tua newsletter? Scopri come \u00e8 semplice esportarlo per l&#039;invio della tua campagna email.\" \/>\n<meta name=\"robots\" content=\"index, follow, max-snippet:-1, max-image-preview:large, max-video-preview:-1\" \/>\n<link rel=\"canonical\" href=\"https:\/\/www.newslettercreator.com\/it\/aiuto-mailstyler2\/esportazione\/\" \/>\n<meta property=\"og:locale\" content=\"it_IT\" \/>\n<meta property=\"og:type\" content=\"article\" \/>\n<meta property=\"og:title\" content=\"Esportazione template newsletter in formato EML, HTML o PDF\" \/>\n<meta property=\"og:description\" content=\"Hai appena creato un fantastico template per la tua newsletter? Scopri come \u00e8 semplice esportarlo per l&#039;invio della tua campagna email.\" \/>\n<meta property=\"og:url\" content=\"https:\/\/www.newslettercreator.com\/it\/aiuto-mailstyler2\/esportazione\/\" \/>\n<meta property=\"og:site_name\" content=\"Newsletter Creator\" \/>\n<meta property=\"article:modified_time\" content=\"2021-02-11T09:56:41+00:00\" \/>\n<script type=\"application\/ld+json\" class=\"yoast-schema-graph\">{\"@context\":\"https:\/\/schema.org\",\"@graph\":[{\"@type\":\"WebPage\",\"@id\":\"https:\/\/www.newslettercreator.com\/it\/aiuto-mailstyler2\/esportazione\/\",\"url\":\"https:\/\/www.newslettercreator.com\/it\/aiuto-mailstyler2\/esportazione\/\",\"name\":\"Esportazione template newsletter in formato EML, HTML o PDF\",\"isPartOf\":{\"@id\":\"https:\/\/www.newslettercreator.com\/#website\"},\"datePublished\":\"2017-03-06T13:58:16+00:00\",\"dateModified\":\"2021-02-11T09:56:41+00:00\",\"description\":\"Hai appena creato un fantastico template per la tua newsletter? Scopri come \u00e8 semplice esportarlo per l'invio della tua campagna email.\",\"breadcrumb\":{\"@id\":\"https:\/\/www.newslettercreator.com\/it\/aiuto-mailstyler2\/esportazione\/#breadcrumb\"},\"inLanguage\":\"it-IT\",\"potentialAction\":[{\"@type\":\"ReadAction\",\"target\":[\"https:\/\/www.newslettercreator.com\/it\/aiuto-mailstyler2\/esportazione\/\"]}]},{\"@type\":\"BreadcrumbList\",\"@id\":\"https:\/\/www.newslettercreator.com\/it\/aiuto-mailstyler2\/esportazione\/#breadcrumb\",\"itemListElement\":[{\"@type\":\"ListItem\",\"position\":1,\"name\":\"Home\",\"item\":\"https:\/\/www.newslettercreator.com\/it\/\"},{\"@type\":\"ListItem\",\"position\":2,\"name\":\"Guida utente MailStyler 2\",\"item\":\"https:\/\/www.newslettercreator.com\/it\/aiuto-mailstyler2\/\"},{\"@type\":\"ListItem\",\"position\":3,\"name\":\"Esportazione\"}]},{\"@type\":\"WebSite\",\"@id\":\"https:\/\/www.newslettercreator.com\/#website\",\"url\":\"https:\/\/www.newslettercreator.com\/\",\"name\":\"Newsletter Creator\",\"description\":\"Pay off\",\"potentialAction\":[{\"@type\":\"SearchAction\",\"target\":{\"@type\":\"EntryPoint\",\"urlTemplate\":\"https:\/\/www.newslettercreator.com\/?s={search_term_string}\"},\"query-input\":{\"@type\":\"PropertyValueSpecification\",\"valueRequired\":true,\"valueName\":\"search_term_string\"}}],\"inLanguage\":\"it-IT\"}]}<\/script>\n<!-- \/ Yoast SEO plugin. -->","yoast_head_json":{"title":"Esportazione template newsletter in formato EML, HTML o PDF","description":"Hai appena creato un fantastico template per la tua newsletter? Scopri come \u00e8 semplice esportarlo per l'invio della tua campagna email.","robots":{"index":"index","follow":"follow","max-snippet":"max-snippet:-1","max-image-preview":"max-image-preview:large","max-video-preview":"max-video-preview:-1"},"canonical":"https:\/\/www.newslettercreator.com\/it\/aiuto-mailstyler2\/esportazione\/","og_locale":"it_IT","og_type":"article","og_title":"Esportazione template newsletter in formato EML, HTML o PDF","og_description":"Hai appena creato un fantastico template per la tua newsletter? Scopri come \u00e8 semplice esportarlo per l'invio della tua campagna email.","og_url":"https:\/\/www.newslettercreator.com\/it\/aiuto-mailstyler2\/esportazione\/","og_site_name":"Newsletter Creator","article_modified_time":"2021-02-11T09:56:41+00:00","schema":{"@context":"https:\/\/schema.org","@graph":[{"@type":"WebPage","@id":"https:\/\/www.newslettercreator.com\/it\/aiuto-mailstyler2\/esportazione\/","url":"https:\/\/www.newslettercreator.com\/it\/aiuto-mailstyler2\/esportazione\/","name":"Esportazione template newsletter in formato EML, HTML o PDF","isPartOf":{"@id":"https:\/\/www.newslettercreator.com\/#website"},"datePublished":"2017-03-06T13:58:16+00:00","dateModified":"2021-02-11T09:56:41+00:00","description":"Hai appena creato un fantastico template per la tua newsletter? Scopri come \u00e8 semplice esportarlo per l'invio della tua campagna email.","breadcrumb":{"@id":"https:\/\/www.newslettercreator.com\/it\/aiuto-mailstyler2\/esportazione\/#breadcrumb"},"inLanguage":"it-IT","potentialAction":[{"@type":"ReadAction","target":["https:\/\/www.newslettercreator.com\/it\/aiuto-mailstyler2\/esportazione\/"]}]},{"@type":"BreadcrumbList","@id":"https:\/\/www.newslettercreator.com\/it\/aiuto-mailstyler2\/esportazione\/#breadcrumb","itemListElement":[{"@type":"ListItem","position":1,"name":"Home","item":"https:\/\/www.newslettercreator.com\/it\/"},{"@type":"ListItem","position":2,"name":"Guida utente MailStyler 2","item":"https:\/\/www.newslettercreator.com\/it\/aiuto-mailstyler2\/"},{"@type":"ListItem","position":3,"name":"Esportazione"}]},{"@type":"WebSite","@id":"https:\/\/www.newslettercreator.com\/#website","url":"https:\/\/www.newslettercreator.com\/","name":"Newsletter Creator","description":"Pay off","potentialAction":[{"@type":"SearchAction","target":{"@type":"EntryPoint","urlTemplate":"https:\/\/www.newslettercreator.com\/?s={search_term_string}"},"query-input":{"@type":"PropertyValueSpecification","valueRequired":true,"valueName":"search_term_string"}}],"inLanguage":"it-IT"}]}},"_links":{"self":[{"href":"https:\/\/www.newslettercreator.com\/it\/wp-json\/wp\/v2\/pages\/4910","targetHints":{"allow":["GET"]}}],"collection":[{"href":"https:\/\/www.newslettercreator.com\/it\/wp-json\/wp\/v2\/pages"}],"about":[{"href":"https:\/\/www.newslettercreator.com\/it\/wp-json\/wp\/v2\/types\/page"}],"author":[{"embeddable":true,"href":"https:\/\/www.newslettercreator.com\/it\/wp-json\/wp\/v2\/users\/1"}],"replies":[{"embeddable":true,"href":"https:\/\/www.newslettercreator.com\/it\/wp-json\/wp\/v2\/comments?post=4910"}],"version-history":[{"count":3,"href":"https:\/\/www.newslettercreator.com\/it\/wp-json\/wp\/v2\/pages\/4910\/revisions"}],"predecessor-version":[{"id":9415,"href":"https:\/\/www.newslettercreator.com\/it\/wp-json\/wp\/v2\/pages\/4910\/revisions\/9415"}],"up":[{"embeddable":true,"href":"https:\/\/www.newslettercreator.com\/it\/wp-json\/wp\/v2\/pages\/4814"}],"wp:attachment":[{"href":"https:\/\/www.newslettercreator.com\/it\/wp-json\/wp\/v2\/media?parent=4910"}],"curies":[{"name":"wp","href":"https:\/\/api.w.org\/{rel}","templated":true}]}}